{"id":2190,"date":"2023-01-13T11:56:28","date_gmt":"2023-01-13T11:56:28","guid":{"rendered":"https:\/\/www.helemeu.org\/gazi-university\/"},"modified":"2023-10-12T07:10:24","modified_gmt":"2023-10-12T07:10:24","slug":"universidad-gazi","status":"publish","type":"page","link":"https:\/\/www.helemeu.org\/es\/universidad-gazi\/","title":{"rendered":"Universidad Gazi"},"content":{"rendered":"\t\t<div data-elementor-type=\"wp-page\" data-elementor-id=\"2190\" class=\"elementor elementor-2190 elementor-437\" data-elementor-post-type=\"page\">\n\t\t\t\t\t\t<section class=\"elementor-section elementor-top-section elementor-element elementor-element-166798c7 elementor-section-boxed elementor-section-height-default elementor-section-height-default\" data-id=\"166798c7\" data-element_type=\"section\" data-e-type=\"section\" data-settings=\"{&quot;background_background&quot;:&quot;classic&quot;}\">\n\t\t\t\t\t\t<div class=\"elementor-container elementor-column-gap-default\">\n\t\t\t\t\t<div class=\"elementor-column elementor-col-100 elementor-top-column elementor-element elementor-element-3f748fa7\" data-id=\"3f748fa7\" data-element_type=\"column\" data-e-type=\"column\">\n\t\t\t<div class=\"elementor-widget-wrap elementor-element-populated\">\n\t\t\t\t\t\t<div class=\"elementor-element elementor-element-7fdf2021 elementor-widget elementor-widget-heading\" data-id=\"7fdf2021\" data-element_type=\"widget\" data-e-type=\"widget\" data-widget_type=\"heading.default\">\n\t\t\t\t<div class=\"elementor-widget-container\">\n\t\t\t\t\t<h2 class=\"elementor-heading-title elementor-size-default\">Universidad Gazi<\/h2>\t\t\t\t<\/div>\n\t\t\t\t<\/div>\n\t\t\t\t\t<\/div>\n\t\t<\/div>\n\t\t\t\t\t<\/div>\n\t\t<\/section>\n\t\t\t\t<section class=\"elementor-section elementor-top-section elementor-element elementor-element-effb1ba elementor-section-boxed elementor-section-height-default elementor-section-height-default\" data-id=\"effb1ba\" data-element_type=\"section\" data-e-type=\"section\">\n\t\t\t\t\t\t<div class=\"elementor-container elementor-column-gap-default\">\n\t\t\t\t\t<div class=\"elementor-column elementor-col-100 elementor-top-column elementor-element elementor-element-8be207a\" data-id=\"8be207a\" data-element_type=\"column\" data-e-type=\"column\">\n\t\t\t<div class=\"elementor-widget-wrap elementor-element-populated\">\n\t\t\t\t\t\t<div class=\"elementor-element elementor-element-5ba63f6 elementor-widget elementor-widget-image\" data-id=\"5ba63f6\" data-element_type=\"widget\" data-e-type=\"widget\" data-widget_type=\"image.default\">\n\t\t\t\t<div class=\"elementor-widget-container\">\n\t\t\t\t\t\t\t\t\t\t\t\t\t\t\t<img fetchpriority=\"high\" decoding=\"async\" width=\"300\" height=\"300\" src=\"https:\/\/www.helemeu.org\/wp-content\/uploads\/2023\/01\/gazi-logo.png\" class=\"attachment-full size-full wp-image-142\" alt=\"\" srcset=\"https:\/\/www.helemeu.org\/wp-content\/uploads\/2023\/01\/gazi-logo.png 300w, https:\/\/www.helemeu.org\/wp-content\/uploads\/2023\/01\/gazi-logo-150x150.png 150w\" sizes=\"(max-width: 300px) 100vw, 300px\" \/>\t\t\t\t\t\t\t\t\t\t\t\t\t\t\t<\/div>\n\t\t\t\t<\/div>\n\t\t\t\t<div class=\"elementor-element elementor-element-090cc35 elementor-widget elementor-widget-text-editor\" data-id=\"090cc35\" data-element_type=\"widget\" data-e-type=\"widget\" data-widget_type=\"text-editor.default\">\n\t\t\t\t<div class=\"elementor-widget-container\">\n\t\t\t\t\t\t\t\t\t<p>En la Universidad de Gazi, la Facultad de Medicina, el Departamento de Salud P\u00fablica, la Asociaci\u00f3n Europea de Estudiantes de Medicina (organizaci\u00f3n miembro de Gazi) y la Federaci\u00f3n Internacional de Asociaciones de Estudiantes de Medicina (la representaci\u00f3n local de Gazi en Turqu\u00eda) trabajar\u00e1n activamente en el proyecto.<\/p><p>1- Nuestra facultad de medicina tiene programas de Medicina Inglesa y Medicina Turca. Ambos programas est\u00e1n acreditados por el organismo nacional acreditado por la WFME, TEPDAD. La Prof. Dra. Sevil \u0130lhan, vicedecana de educaci\u00f3n y farmac\u00f3loga, participar\u00e1 activamente en la implementaci\u00f3n del proceso, ya que es la presidenta del Consejo de Desarrollo Curricular, el Consejo de Evaluaci\u00f3n y Evaluaci\u00f3n, el Consejo de Coordinadores de la Fase, as\u00ed como la coordinadora de la Fase III. Tambi\u00e9n trabaja en el Consejo de Educaci\u00f3n Superior.<\/p><p>2- Facultad de Medicina de la Universidad de Gazi, Departamento de Salud P\u00fablica tiene 20 residentes, 6 acad\u00e9micos y ha participado activamente en muchos procedimientos de desarrollo de programas educativos, como aprendizaje basado en problemas, aprendizaje de habilidades cl\u00ednicas, medicina basada en evidencia y estudios de campo. Prof. Dra. Secil Ozkan del Departamento de Salud P\u00fablica, ya que tiene un t\u00edtulo de m\u00e9dico y una maestr\u00eda en gesti\u00f3n y supervisi\u00f3n educativa. Ha trabajado como Presidenta del Ministerio de Salud de la Rep\u00fablica de Turqu\u00eda, Instituci\u00f3n de Salud P\u00fablica, fue responsable del empleo de 10.000 m\u00e9dicos en toda Turqu\u00eda, por lo que ha tenido la oportunidad de examinar cuestiones de campo\/rurales tanto en el \u00e1mbito de la salud como en el \u00e1mbito m\u00e9dico. aspectos. Tambi\u00e9n desde 2015 participa en el Consejo de Pol\u00edticas de Salud del Ministerio de Salud, Consejo Educativo tanto para la educaci\u00f3n de pregrado como de posgrado. Las \u00e1reas de enfoque de sus estudios est\u00e1n involucradas en el desarrollo de la salud; aplicaci\u00f3n de la informaci\u00f3n sanitaria y sostenibilidad de la asistencia sanitaria. Tambi\u00e9n ha trabajado en estudios de sensibilizaci\u00f3n para la alfabetizaci\u00f3n en salud en cursos de pregrado y posgrado en alfabetizaci\u00f3n en salud, as\u00ed como en cursos p\u00fablicos. Ella es un personal acad\u00e9mico exitoso en colaboraci\u00f3n con las partes interesadas; gesti\u00f3n de proyectos e investigaci\u00f3n en proyectos internacionales. Actualmente trabaja en el Consejo de Desarrollo Curricular de la Facultad de Medicina. Estar\u00e1 involucrada en el proyecto para la gesti\u00f3n y colaboraci\u00f3n con las partes interesadas.<\/p><p>3- Asociaci\u00f3n Europea de Estudiantes de Medicina &#8211; Organizaci\u00f3n miembro de Gazi, Federaci\u00f3n Internacional de Asociaciones de Estudiantes de Medicina (IFMSA) &#8211; Representaci\u00f3n local de Gazi en Turqu\u00eda, que son clubes de estudiantes de medicina que trabajan activamente para una mayor promoci\u00f3n del desarrollo de la salud. Ihsan Selcuk Yurttas de la Asociaci\u00f3n Europea de Estudiantes de Medicina (EMSA), organizaci\u00f3n miembro de Gazi, es un formador juvenil de educaci\u00f3n m\u00e9dica certificado por IFMSA. Est\u00e1 impartiendo activamente sesiones de formaci\u00f3n sobre desarrollo curricular y promoci\u00f3n en toda Europa. Es miembro del Consejo de Autoevaluaci\u00f3n, del Consejo de Aplicaciones de Educaci\u00f3n M\u00e9dica Digital y del Consejo de Representantes Estudiantiles de la Facultad de Medicina. Es un usuario de computadoras altamente calificado, especialmente en el desarrollo de contenido visual como animaciones y videos. Ha sido uno de los contribuyentes al documento de pol\u00edtica adoptado por la EMSA, Alfabetizaci\u00f3n en salud en la educaci\u00f3n m\u00e9dica, que tambi\u00e9n ha sido aceptado por la OMS en Europa. Es editor jefe de la revista oficial de EMSA, EuroMeds, miembro de la junta ejecutiva del cap\u00edtulo turco de EMSA y fundador de la ONG de EMSA Turqu\u00eda. Ser\u00e1 responsable de la sensibilizaci\u00f3n, el desarrollo de TI para plataformas de e-learning y REA y la difusi\u00f3n internacional mediante el uso de los canales EMSA e IFMSA.<\/p>\t\t\t\t\t\t\t\t<\/div>\n\t\t\t\t<\/div>\n\t\t\t\t\t<\/div>\n\t\t<\/div>\n\t\t\t\t\t<\/div>\n\t\t<\/section>\n\t\t\t\t<\/div>\n\t\t","protected":false},"excerpt":{"rendered":"<p>Universidad Gazi En la Universidad de Gazi, la Facultad de Medicina, el Departamento de Salud P\u00fablica, la Asociaci\u00f3n Europea de Estudiantes de Medicina (organizaci\u00f3n miembro de Gazi) y la Federaci\u00f3n Internacional de Asociaciones de Estudiantes de Medicina (la representaci\u00f3n local de Gazi en Turqu\u00eda) trabajar\u00e1n activamente en el proyecto. 1- Nuestra facultad de medicina tiene [&hellip;]<\/p>\n","protected":false},"author":1,"featured_media":0,"parent":0,"menu_order":0,"comment_status":"closed","ping_status":"closed","template":"","meta":{"inline_featured_image":false,"footnotes":""},"class_list":["post-2190","page","type-page","status-publish","hentry"],"_links":{"self":[{"href":"https:\/\/www.helemeu.org\/es\/wp-json\/wp\/v2\/pages\/2190","targetHints":{"allow":["GET"]}}],"collection":[{"href":"https:\/\/www.helemeu.org\/es\/wp-json\/wp\/v2\/pages"}],"about":[{"href":"https:\/\/www.helemeu.org\/es\/wp-json\/wp\/v2\/types\/page"}],"author":[{"embeddable":true,"href":"https:\/\/www.helemeu.org\/es\/wp-json\/wp\/v2\/users\/1"}],"replies":[{"embeddable":true,"href":"https:\/\/www.helemeu.org\/es\/wp-json\/wp\/v2\/comments?post=2190"}],"version-history":[{"count":0,"href":"https:\/\/www.helemeu.org\/es\/wp-json\/wp\/v2\/pages\/2190\/revisions"}],"wp:attachment":[{"href":"https:\/\/www.helemeu.org\/es\/wp-json\/wp\/v2\/media?parent=2190"}],"curies":[{"name":"wp","href":"https:\/\/api.w.org\/{rel}","templated":true}]}}