{"id":2209,"date":"2023-01-13T11:59:14","date_gmt":"2023-01-13T11:59:14","guid":{"rendered":"https:\/\/www.helemeu.org\/hacettepe-university\/"},"modified":"2023-10-12T07:15:35","modified_gmt":"2023-10-12T07:15:35","slug":"universidad-hacettepe","status":"publish","type":"page","link":"https:\/\/www.helemeu.org\/es\/universidad-hacettepe\/","title":{"rendered":"Universidad Hacettepe"},"content":{"rendered":"\t\t<div data-elementor-type=\"wp-page\" data-elementor-id=\"2209\" class=\"elementor elementor-2209 elementor-442\" data-elementor-post-type=\"page\">\n\t\t\t\t\t\t<section class=\"elementor-section elementor-top-section elementor-element elementor-element-1c08b0ca elementor-section-boxed elementor-section-height-default elementor-section-height-default\" data-id=\"1c08b0ca\" data-element_type=\"section\" data-e-type=\"section\" data-settings=\"{&quot;background_background&quot;:&quot;classic&quot;}\">\n\t\t\t\t\t\t<div class=\"elementor-container elementor-column-gap-default\">\n\t\t\t\t\t<div class=\"elementor-column elementor-col-100 elementor-top-column elementor-element elementor-element-16217045\" data-id=\"16217045\" data-element_type=\"column\" data-e-type=\"column\">\n\t\t\t<div class=\"elementor-widget-wrap elementor-element-populated\">\n\t\t\t\t\t\t<div class=\"elementor-element elementor-element-e131448 elementor-widget elementor-widget-heading\" data-id=\"e131448\" data-element_type=\"widget\" data-e-type=\"widget\" data-widget_type=\"heading.default\">\n\t\t\t\t<div class=\"elementor-widget-container\">\n\t\t\t\t\t<h2 class=\"elementor-heading-title elementor-size-default\">Universidad Hacettepe<\/h2>\t\t\t\t<\/div>\n\t\t\t\t<\/div>\n\t\t\t\t\t<\/div>\n\t\t<\/div>\n\t\t\t\t\t<\/div>\n\t\t<\/section>\n\t\t\t\t<section class=\"elementor-section elementor-top-section elementor-element elementor-element-abbf0d8 elementor-section-boxed elementor-section-height-default elementor-section-height-default\" data-id=\"abbf0d8\" data-element_type=\"section\" data-e-type=\"section\">\n\t\t\t\t\t\t<div class=\"elementor-container elementor-column-gap-default\">\n\t\t\t\t\t<div class=\"elementor-column elementor-col-100 elementor-top-column elementor-element elementor-element-8bdefcb\" data-id=\"8bdefcb\" data-element_type=\"column\" data-e-type=\"column\">\n\t\t\t<div class=\"elementor-widget-wrap elementor-element-populated\">\n\t\t\t\t\t\t<div class=\"elementor-element elementor-element-9f6c3c6 elementor-widget elementor-widget-image\" data-id=\"9f6c3c6\" data-element_type=\"widget\" data-e-type=\"widget\" data-widget_type=\"image.default\">\n\t\t\t\t<div class=\"elementor-widget-container\">\n\t\t\t\t\t\t\t\t\t\t\t\t\t\t\t<img fetchpriority=\"high\" decoding=\"async\" width=\"300\" height=\"300\" src=\"https:\/\/www.helemeu.org\/wp-content\/uploads\/2023\/01\/hacettepe-logo.png\" class=\"attachment-full size-full wp-image-145\" alt=\"\" srcset=\"https:\/\/www.helemeu.org\/wp-content\/uploads\/2023\/01\/hacettepe-logo.png 300w, https:\/\/www.helemeu.org\/wp-content\/uploads\/2023\/01\/hacettepe-logo-150x150.png 150w\" sizes=\"(max-width: 300px) 100vw, 300px\" \/>\t\t\t\t\t\t\t\t\t\t\t\t\t\t\t<\/div>\n\t\t\t\t<\/div>\n\t\t\t\t<div class=\"elementor-element elementor-element-e3ae43d elementor-widget elementor-widget-text-editor\" data-id=\"e3ae43d\" data-element_type=\"widget\" data-e-type=\"widget\" data-widget_type=\"text-editor.default\">\n\t\t\t\t<div class=\"elementor-widget-container\">\n\t\t\t\t\t\t\t\t\t<p>La Universidad Hacettepe lleva a cabo el Programa Erasmus desde 2004 en estrecha colaboraci\u00f3n con todas las unidades acad\u00e9micas y administrativas. En el marco del Programa, la Oficina de Apoyo a Proyectos brinda apoyo a todos los departamentos, estudiantes y personal acad\u00e9mico y se les anima a crear y unirse a los proyectos. Creemos en el potencial de cada uno de ellos, independientemente de sus or\u00edgenes. Cualquier proyecto es una oportunidad ideal para abrir la mente, conocer y comprender el significado de la colaboraci\u00f3n cultural involucr\u00e1ndose en diferentes aspectos.<\/p><p>La Universidad Hacettepe, la Facultad de Medicina y el Instituto de Salud P\u00fablica tienen numerosas actividades y una amplia experiencia en la realizaci\u00f3n de proyectos. El Instituto tiene experiencia en la realizaci\u00f3n de investigaciones cuantitativas y cualitativas entre diferentes grupos de poblaci\u00f3n, as\u00ed como en profesionales de la salud, y en el desarrollo de materiales de informaci\u00f3n, educaci\u00f3n y comunicaci\u00f3n tanto para el p\u00fablico como para los profesionales de la salud sobre diversos temas de salud p\u00fablica.<\/p><p>El Departamento de Educaci\u00f3n M\u00e9dica e Inform\u00e1tica es un departamento pionero en Turqu\u00eda en el desarrollo e implementaci\u00f3n de programas innovadores en diferentes partes del plan de estudios m\u00e9dico, como habilidades de comunicaci\u00f3n, simulaci\u00f3n, aprendizaje interprofesional y educaci\u00f3n cl\u00ednica.<\/p><p>Algunas de las habilidades y experiencia de las personas clave son las siguientes:<\/p><p>El Prof. Dr. Sarp Uner es m\u00e9dico y tiene un doctorado en salud p\u00fablica\/administraci\u00f3n sanitaria. Las principales \u00e1reas de inter\u00e9s del Dr. Uner son la planificaci\u00f3n y prestaci\u00f3n de servicios de salud, los recursos humanos de salud y la investigaci\u00f3n en atenci\u00f3n primaria de salud. Ha trabajado como investigador y consultor en diferentes proyectos financiados por diferentes agencias nacionales as\u00ed como proyectos financiados por la OMS, UNFPA, Banco Mundial y PNUD desde el a\u00f1o 2000. Tiene diversas publicaciones cient\u00edficas sobre una variedad de salud p\u00fablica y administraci\u00f3n de la salud y ha experiencia en el desarrollo de materiales IEC para el p\u00fablico y el personal de salud.<\/p><p>El Prof. Dr. Sevgi Turan tiene una maestr\u00eda en educaci\u00f3n para la salud y un doctorado en desarrollo e instrucci\u00f3n curricular. Sus intereses de investigaci\u00f3n son la educaci\u00f3n para la salud, las habilidades de aprendizaje, el aprendizaje autorregulado, el desarrollo curricular y la evaluaci\u00f3n y medici\u00f3n en la educaci\u00f3n m\u00e9dica. Tiene diversas publicaciones cient\u00edficas sobre educaci\u00f3n y aprendizaje para la salud, desarrollo curricular, evaluaci\u00f3n en educaci\u00f3n m\u00e9dica. Tambi\u00e9n trabaja activamente en la Asociaci\u00f3n para la Evaluaci\u00f3n y Acreditaci\u00f3n de Programas de Educaci\u00f3n M\u00e9dica y la Asociaci\u00f3n para el Desarrollo de la Educaci\u00f3n M\u00e9dica de Turqu\u00eda.<\/p><p>El Prof. Dr. Hilal Ozcebe es m\u00e9dico y especialista en salud p\u00fablica, y tiene un doctorado en Salud Familiar. Su inter\u00e9s son los programas de promoci\u00f3n de la salud, la investigaci\u00f3n en atenci\u00f3n primaria de salud, la salud de ni\u00f1os y adolescentes, los programas de prevenci\u00f3n de lesiones y violencia. El Prof. Ozcebe particip\u00f3 en proyectos nacionales e internacionales sobre servicios de atenci\u00f3n primaria de salud y programas de promoci\u00f3n de la salud. Particip\u00f3 en varios programas de capacitaci\u00f3n como coordinadora y tambi\u00e9n consultora nacional de diferentes programas de capacitaci\u00f3n del Ministerio de Salud.<\/p>\t\t\t\t\t\t\t\t<\/div>\n\t\t\t\t<\/div>\n\t\t\t\t\t<\/div>\n\t\t<\/div>\n\t\t\t\t\t<\/div>\n\t\t<\/section>\n\t\t\t\t<\/div>\n\t\t","protected":false},"excerpt":{"rendered":"<p>Universidad Hacettepe La Universidad Hacettepe lleva a cabo el Programa Erasmus desde 2004 en estrecha colaboraci\u00f3n con todas las unidades acad\u00e9micas y administrativas. En el marco del Programa, la Oficina de Apoyo a Proyectos brinda apoyo a todos los departamentos, estudiantes y personal acad\u00e9mico y se les anima a crear y unirse a los proyectos. [&hellip;]<\/p>\n","protected":false},"author":1,"featured_media":0,"parent":0,"menu_order":0,"comment_status":"closed","ping_status":"closed","template":"","meta":{"inline_featured_image":false,"footnotes":""},"class_list":["post-2209","page","type-page","status-publish","hentry"],"_links":{"self":[{"href":"https:\/\/www.helemeu.org\/es\/wp-json\/wp\/v2\/pages\/2209","targetHints":{"allow":["GET"]}}],"collection":[{"href":"https:\/\/www.helemeu.org\/es\/wp-json\/wp\/v2\/pages"}],"about":[{"href":"https:\/\/www.helemeu.org\/es\/wp-json\/wp\/v2\/types\/page"}],"author":[{"embeddable":true,"href":"https:\/\/www.helemeu.org\/es\/wp-json\/wp\/v2\/users\/1"}],"replies":[{"embeddable":true,"href":"https:\/\/www.helemeu.org\/es\/wp-json\/wp\/v2\/comments?post=2209"}],"version-history":[{"count":0,"href":"https:\/\/www.helemeu.org\/es\/wp-json\/wp\/v2\/pages\/2209\/revisions"}],"wp:attachment":[{"href":"https:\/\/www.helemeu.org\/es\/wp-json\/wp\/v2\/media?parent=2209"}],"curies":[{"name":"wp","href":"https:\/\/api.w.org\/{rel}","templated":true}]}}