{"id":2228,"date":"2023-01-13T12:02:22","date_gmt":"2023-01-13T12:02:22","guid":{"rendered":"https:\/\/www.helemeu.org\/maastricht-university-um\/"},"modified":"2023-10-12T07:21:10","modified_gmt":"2023-10-12T07:21:10","slug":"universidad-de-maastricht","status":"publish","type":"page","link":"https:\/\/www.helemeu.org\/es\/universidad-de-maastricht\/","title":{"rendered":"Universidad de Maastricht"},"content":{"rendered":"\t\t<div data-elementor-type=\"wp-page\" data-elementor-id=\"2228\" class=\"elementor elementor-2228 elementor-450\" data-elementor-post-type=\"page\">\n\t\t\t\t\t\t<section class=\"elementor-section elementor-top-section elementor-element elementor-element-4660a239 elementor-section-boxed elementor-section-height-default elementor-section-height-default\" data-id=\"4660a239\" data-element_type=\"section\" data-e-type=\"section\" data-settings=\"{&quot;background_background&quot;:&quot;classic&quot;}\">\n\t\t\t\t\t\t<div class=\"elementor-container elementor-column-gap-default\">\n\t\t\t\t\t<div class=\"elementor-column elementor-col-100 elementor-top-column elementor-element elementor-element-3ec6e145\" data-id=\"3ec6e145\" data-element_type=\"column\" data-e-type=\"column\">\n\t\t\t<div class=\"elementor-widget-wrap elementor-element-populated\">\n\t\t\t\t\t\t<div class=\"elementor-element elementor-element-57aef5a6 elementor-widget elementor-widget-heading\" data-id=\"57aef5a6\" data-element_type=\"widget\" data-e-type=\"widget\" data-widget_type=\"heading.default\">\n\t\t\t\t<div class=\"elementor-widget-container\">\n\t\t\t\t\t<h2 class=\"elementor-heading-title elementor-size-default\">Universidad de Maastricht<\/h2>\t\t\t\t<\/div>\n\t\t\t\t<\/div>\n\t\t\t\t\t<\/div>\n\t\t<\/div>\n\t\t\t\t\t<\/div>\n\t\t<\/section>\n\t\t\t\t<section class=\"elementor-section elementor-top-section elementor-element elementor-element-c20e516 elementor-section-boxed elementor-section-height-default elementor-section-height-default\" data-id=\"c20e516\" data-element_type=\"section\" data-e-type=\"section\">\n\t\t\t\t\t\t<div class=\"elementor-container elementor-column-gap-default\">\n\t\t\t\t\t<div class=\"elementor-column elementor-col-100 elementor-top-column elementor-element elementor-element-2fc12cd\" data-id=\"2fc12cd\" data-element_type=\"column\" data-e-type=\"column\">\n\t\t\t<div class=\"elementor-widget-wrap elementor-element-populated\">\n\t\t\t\t\t\t<div class=\"elementor-element elementor-element-aa439eb elementor-widget elementor-widget-image\" data-id=\"aa439eb\" data-element_type=\"widget\" data-e-type=\"widget\" data-widget_type=\"image.default\">\n\t\t\t\t<div class=\"elementor-widget-container\">\n\t\t\t\t\t\t\t\t\t\t\t\t\t\t\t<img fetchpriority=\"high\" decoding=\"async\" width=\"300\" height=\"300\" src=\"https:\/\/www.helemeu.org\/wp-content\/uploads\/2023\/01\/maastricht-logo.png\" class=\"attachment-full size-full wp-image-154\" alt=\"\" srcset=\"https:\/\/www.helemeu.org\/wp-content\/uploads\/2023\/01\/maastricht-logo.png 300w, https:\/\/www.helemeu.org\/wp-content\/uploads\/2023\/01\/maastricht-logo-150x150.png 150w\" sizes=\"(max-width: 300px) 100vw, 300px\" \/>\t\t\t\t\t\t\t\t\t\t\t\t\t\t\t<\/div>\n\t\t\t\t<\/div>\n\t\t\t\t<div class=\"elementor-element elementor-element-1f7cdf7 elementor-widget elementor-widget-text-editor\" data-id=\"1f7cdf7\" data-element_type=\"widget\" data-e-type=\"widget\" data-widget_type=\"text-editor.default\">\n\t\t\t\t<div class=\"elementor-widget-container\">\n\t\t\t\t\t\t\t\t\t<p>La Universidad de Maastricht (UM) se fund\u00f3 en 1976, lo que la convierte en la universidad holandesa m\u00e1s joven. La UM est\u00e1 situada en el extremo sur de los Pa\u00edses Bajos, con fronteras cercanas con B\u00e9lgica y Alemania y en una posici\u00f3n geogr\u00e1ficamente central en Europa occidental. Las actividades educativas y de investigaci\u00f3n de la Universidad de Maastricht se centran en cuestiones relacionadas con el desarrollo de la sociedad: Ciencias de la Vida, Innovaci\u00f3n y Gobernanza. La investigaci\u00f3n en la UM suele ser realizada por equipos multidisciplinarios que trabajan en temas sociales relevantes, en estrecha colaboraci\u00f3n con institutos, empresas e industrias internacionales. La UM obtiene una puntuaci\u00f3n de 88 en el ranking Mundial de Universidades y 14 en internacionalizaci\u00f3n.<\/p><p>La Facultad de Salud, Medicina y Ciencias de la Vida (FHML) tiene como objetivo la investigaci\u00f3n y la educaci\u00f3n multidisciplinarias de alta calidad en salud p\u00fablica, ciencias de la salud, ciencias de la vida y medicina europeas. Todos los programas educativos de FHML se basan en programas de investigaci\u00f3n reconocidos externamente.<\/p><p>La Universidad de Maastricht destaca por su enfoque innovador del aprendizaje utilizando la metodolog\u00eda basada en problemas y su visi\u00f3n internacional. Con 13.100 estudiantes y 3.500 empleados, la UM ofrece programas \u00fanicos de orientaci\u00f3n internacional impartidos en ingl\u00e9s. Casi el 44% de los estudiantes y el 30% del personal docente proceden del extranjero, y los temas europeos e internacionales est\u00e1n profundamente arraigados en la investigaci\u00f3n y la educaci\u00f3n.<\/p><p>El Instituto de Educaci\u00f3n de la Facultad de Medicina de la Salud y Ciencias de la Vida ser\u00e1 responsable de la gesti\u00f3n financiera del proyecto. Es responsable del contenido (calidad e innovaci\u00f3n) de la educaci\u00f3n impartida por toda la Facultad, as\u00ed como de la dotaci\u00f3n de personal, log\u00edstica, gesti\u00f3n y planificaci\u00f3n. El director cient\u00edfico del instituto tiene la responsabilidad integral de su funcionamiento. La direcci\u00f3n es responsable de todos los asuntos que tienen que ver con los programas de estudio, el aseguramiento de la calidad dentro de los distintos programas; y la coherencia y sincronizaci\u00f3n entre los distintos programas de licenciatura y entre los programas de licenciatura y maestr\u00eda.<\/p>\t\t\t\t\t\t\t\t<\/div>\n\t\t\t\t<\/div>\n\t\t\t\t\t<\/div>\n\t\t<\/div>\n\t\t\t\t\t<\/div>\n\t\t<\/section>\n\t\t\t\t<\/div>\n\t\t","protected":false},"excerpt":{"rendered":"<p>Universidad de Maastricht La Universidad de Maastricht (UM) se fund\u00f3 en 1976, lo que la convierte en la universidad holandesa m\u00e1s joven. La UM est\u00e1 situada en el extremo sur de los Pa\u00edses Bajos, con fronteras cercanas con B\u00e9lgica y Alemania y en una posici\u00f3n geogr\u00e1ficamente central en Europa occidental. Las actividades educativas y de [&hellip;]<\/p>\n","protected":false},"author":1,"featured_media":0,"parent":0,"menu_order":0,"comment_status":"closed","ping_status":"closed","template":"","meta":{"inline_featured_image":false,"footnotes":""},"class_list":["post-2228","page","type-page","status-publish","hentry"],"_links":{"self":[{"href":"https:\/\/www.helemeu.org\/es\/wp-json\/wp\/v2\/pages\/2228","targetHints":{"allow":["GET"]}}],"collection":[{"href":"https:\/\/www.helemeu.org\/es\/wp-json\/wp\/v2\/pages"}],"about":[{"href":"https:\/\/www.helemeu.org\/es\/wp-json\/wp\/v2\/types\/page"}],"author":[{"embeddable":true,"href":"https:\/\/www.helemeu.org\/es\/wp-json\/wp\/v2\/users\/1"}],"replies":[{"embeddable":true,"href":"https:\/\/www.helemeu.org\/es\/wp-json\/wp\/v2\/comments?post=2228"}],"version-history":[{"count":0,"href":"https:\/\/www.helemeu.org\/es\/wp-json\/wp\/v2\/pages\/2228\/revisions"}],"wp:attachment":[{"href":"https:\/\/www.helemeu.org\/es\/wp-json\/wp\/v2\/media?parent=2228"}],"curies":[{"name":"wp","href":"https:\/\/api.w.org\/{rel}","templated":true}]}}