{"id":2247,"date":"2023-01-13T12:05:25","date_gmt":"2023-01-13T12:05:25","guid":{"rendered":"https:\/\/www.helemeu.org\/interdisciplinary-association-for-population-health-science-iaphs-italy\/"},"modified":"2023-10-12T07:30:04","modified_gmt":"2023-10-12T07:30:04","slug":"asociacion-interdisciplinaria-de-ciencias-de-la-salud-de-la-poblacion-iaphs-italia","status":"publish","type":"page","link":"https:\/\/www.helemeu.org\/es\/asociacion-interdisciplinaria-de-ciencias-de-la-salud-de-la-poblacion-iaphs-italia\/","title":{"rendered":"ASOCIACI\u00d3N INTERDISCIPLINARIA DE CIENCIAS DE LA SALUD DE LA POBLACI\u00d3N (IAPHS) \/ ITALIA"},"content":{"rendered":"\t\t<div data-elementor-type=\"wp-page\" data-elementor-id=\"2247\" class=\"elementor elementor-2247 elementor-460\" data-elementor-post-type=\"page\">\n\t\t\t\t\t\t<section class=\"elementor-section elementor-top-section elementor-element elementor-element-1eacd0f3 elementor-section-boxed elementor-section-height-default elementor-section-height-default\" data-id=\"1eacd0f3\" data-element_type=\"section\" data-e-type=\"section\" data-settings=\"{&quot;background_background&quot;:&quot;classic&quot;}\">\n\t\t\t\t\t\t<div class=\"elementor-container elementor-column-gap-default\">\n\t\t\t\t\t<div class=\"elementor-column elementor-col-100 elementor-top-column elementor-element elementor-element-7d43e38\" data-id=\"7d43e38\" data-element_type=\"column\" data-e-type=\"column\">\n\t\t\t<div class=\"elementor-widget-wrap elementor-element-populated\">\n\t\t\t\t\t\t<div class=\"elementor-element elementor-element-6c6ae2ba elementor-widget elementor-widget-heading\" data-id=\"6c6ae2ba\" data-element_type=\"widget\" data-e-type=\"widget\" data-widget_type=\"heading.default\">\n\t\t\t\t<div class=\"elementor-widget-container\">\n\t\t\t\t\t<h2 class=\"elementor-heading-title elementor-size-default\">ASOCIACI\u00d3N INTERDISCIPLINARIA DE CIENCIAS DE LA SALUD DE LA POBLACI\u00d3N (IAPHS) \/ ITALIA<\/h2>\t\t\t\t<\/div>\n\t\t\t\t<\/div>\n\t\t\t\t\t<\/div>\n\t\t<\/div>\n\t\t\t\t\t<\/div>\n\t\t<\/section>\n\t\t\t\t<section class=\"elementor-section elementor-top-section elementor-element elementor-element-c301426 elementor-section-boxed elementor-section-height-default elementor-section-height-default\" data-id=\"c301426\" data-element_type=\"section\" data-e-type=\"section\">\n\t\t\t\t\t\t<div class=\"elementor-container elementor-column-gap-default\">\n\t\t\t\t\t<div class=\"elementor-column elementor-col-100 elementor-top-column elementor-element elementor-element-6abce73\" data-id=\"6abce73\" data-element_type=\"column\" data-e-type=\"column\">\n\t\t\t<div class=\"elementor-widget-wrap elementor-element-populated\">\n\t\t\t\t\t\t<div class=\"elementor-element elementor-element-2d7198d elementor-widget elementor-widget-image\" data-id=\"2d7198d\" data-element_type=\"widget\" data-e-type=\"widget\" data-widget_type=\"image.default\">\n\t\t\t\t<div class=\"elementor-widget-container\">\n\t\t\t\t\t\t\t\t\t\t\t\t\t\t\t<img fetchpriority=\"high\" decoding=\"async\" width=\"300\" height=\"300\" src=\"https:\/\/www.helemeu.org\/wp-content\/uploads\/2023\/01\/iaphs-logo.png\" class=\"attachment-full size-full wp-image-148\" alt=\"\" srcset=\"https:\/\/www.helemeu.org\/wp-content\/uploads\/2023\/01\/iaphs-logo.png 300w, https:\/\/www.helemeu.org\/wp-content\/uploads\/2023\/01\/iaphs-logo-150x150.png 150w\" sizes=\"(max-width: 300px) 100vw, 300px\" \/>\t\t\t\t\t\t\t\t\t\t\t\t\t\t\t<\/div>\n\t\t\t\t<\/div>\n\t\t\t\t<div class=\"elementor-element elementor-element-5c29f99 elementor-widget elementor-widget-text-editor\" data-id=\"5c29f99\" data-element_type=\"widget\" data-e-type=\"widget\" data-widget_type=\"text-editor.default\">\n\t\t\t\t<div class=\"elementor-widget-container\">\n\t\t\t\t\t\t\t\t\t<p>EL INSTITUTO INTERNACIONAL DE PSICOLOG\u00cdA APLICADA Y CIENCIAS HUMANAS ES UNA ASOCIACI\u00d3N CULTURAL Y CIENT\u00cdFICA UBICADA EN ITALIA. SUS METAS SON<\/p><ol><li>FOMENTAR LA INVESTIGACI\u00d3N CIENT\u00cdFICA EN EL \u00c1MBITO DE LA PSICOLOG\u00cdA, TAMBI\u00c9N EN COOPERACI\u00d3N CON ENTIDADES Y ORGANIZACIONES CIENT\u00cdFICAS TAN P\u00daBLICAS COMO PRIVADAS, NACIONALES E INTERNACIONALES<\/li><li>RECOPILAR Y ELABORAR DATOS, ESTRUCTURAR E IMPLEMENTAR LA INTERVENCI\u00d3N PSICOL\u00d3GICA Y DIFUNDIR INFORMACI\u00d3N SOBRE PSICOLOG\u00cdA APLICADA Y CIENCIAS HUMANAS<\/li><li>DIVULGAR LA METODOLOG\u00cdA DE LA INVESTIGACI\u00d3N CIENT\u00cdFICA, PSICOLOG\u00cdA Y CIENCIAS HUMANAS<\/li><li>FACILITAR EL CONOCIMIENTO Y APRENDIZAJE CR\u00cdTICO DE LA PSICOLOG\u00cdA APLICADA<\/li><li>PROMOVER Y ORGANIZAR CURSOS DE FORMACI\u00d3N, SEMINARIOS, CONGRESOS, TALLERES, JORNADAS SOBRE PSICOLOG\u00cdA APLICADA Y CIENCIAS HUMANAS;<\/li><li>FOMENTAR EL CONOCIMIENTO PSICOL\u00d3GICO EN OTRAS PROFESIONES, FACILITAR LA MULTIDISCIPLINARIDAD<\/li><li>GESTIONAR E IMPLEMENTAR PROYECTOS EUROPEOS<\/li><\/ol><p>EN 2019 IIAPHS TEN\u00cdA M\u00c1S DE 1000 ASOCIADOS Y TRABAJ\u00d3 ESPECIALMENTE EN LOS CAMPOS DE<\/p><p>1. LA ORGANIZACI\u00d3N E IMPLEMENTACI\u00d3N DE LOS CURSOS DE FORMACI\u00d3N DE PSICOLOG\u00cdA APLICADA: IIAPHS IMPLEMENTADOS EN TUR\u00cdN, MIL\u00c1N, PADUA Y ROMA LOS SIGUIENTES CURSOS: NO VERBALES<\/p><p>COMUNICACI\u00d3N Y DETECCI\u00d3N DE MENTIRAS. IAPHS TAMBI\u00c9N PARTICIPA EN CURSOS GRATUITOS CON CURSOS GRATUITOS ORIENTADOS A DIVULGAR LA PSICOLOG\u00cdA APLICADA COMO \u201cC\u00d3MO USAR LA MENTE PARA CAMBIAR\u201d Y \u201cPERSUASI\u00d3N\u201d.<\/p><p>2. ORGANIZACI\u00d3N E IMPLEMENTACI\u00d3N DE CONFERENCIAS INTERNACIONALES DE PSICOLOG\u00cdA<\/p><p>3. LA ASOCIACI\u00d3N PARTICIP\u00d3 EN 14 PROYECTOS DE LA UE ERASMUS+ KA1 Y KA2, AUMENTANDO SUS CONOCIMIENTOS EN LOS \u00c1MBITOS DE EDUCACI\u00d3N, FORMACI\u00d3N, ELABORACI\u00d3N DE PLANES DE DIFUSI\u00d3N, PRODUCCI\u00d3N DE PLATAFORMAS DE E-LEARNING Y CAMPA\u00d1AS EN REDES SOCIALES. LOS PROYECTOS ANTERIORES SE HA IMPLEMENTADO SOBRE UNA AMPLIA GAMA DE ASPECTOS RELACIONADOS CON LA PSICOLOG\u00cdA: PSICOLOG\u00cdA DEL TRABAJO Y ORGANIZACIONAL.<\/p><p>PSICOLOG\u00cdA CL\u00cdNICA, PSICOLOG\u00cdA DEL TURISMO, PSICOLOG\u00cdA DE LA DISCAPACIDAD, PSICOMETR\u00cdA. IAPHS ES SOCIO DE UN PROYECTO COMPLEMENTARIO LLAMADO \u201cJ\u00d3VENES L\u00cdDERES \u00c9TICOS\u201d, DISE\u00d1ADO PARA PROMOVER EL LIDERAZGO \u00c9TICO EN LOS J\u00d3VENES.<\/p><p>IIAPHS INCLUYE EXPERTOS EN PSICOLOG\u00cdA Y CIENCIAS SOCIALES: PSICOLOG\u00cdA SOCIAL. PSICOMETR\u00cdA, PSICOLOG\u00cdA PENAL. PSICOLOG\u00cdA DEL MARKETING. PSICOLOG\u00cdA FORENSE, PSICOLOG\u00cdA CULTURAL.<\/p><p>NUESTRA RED INCLUYE PROFESIONALES DE VARIOS PA\u00cdSES DE LA UE. LA GRAN MAYOR\u00cdA DE LOS ASOCIADOS SON APRENDICES, CREEMOS QUE ESTAS CARACTER\u00cdSTICAS NOS FACILITAR\u00c1N EN IMPLEMENTAR UN ADECUADO PLAN DE DIFUSI\u00d3N. ADEM\u00c1S, LOS EXPERTOS DEL IIAPHS EST\u00c1N TOTALMENTE DISPONIBLES PARA COMPARTIR SU RED DE CONTACTOS EN L\u00cdNEA A TRAV\u00c9S DE ESTRATEGIAS DE DIFUSI\u00d3N EN INTERNET QUE INCLUYEN SITIOS WEB CON UN RESULTADO TOTAL DE 1 MILL\u00d3N DE VISUALIZACIONES\/A\u00d1O Y 40.000 SUSCRIPTORES AL NEWSLETTER.<\/p>\t\t\t\t\t\t\t\t<\/div>\n\t\t\t\t<\/div>\n\t\t\t\t\t<\/div>\n\t\t<\/div>\n\t\t\t\t\t<\/div>\n\t\t<\/section>\n\t\t\t\t<\/div>\n\t\t","protected":false},"excerpt":{"rendered":"<p>ASOCIACI\u00d3N INTERDISCIPLINARIA DE CIENCIAS DE LA SALUD DE LA POBLACI\u00d3N (IAPHS) \/ ITALIA EL INSTITUTO INTERNACIONAL DE PSICOLOG\u00cdA APLICADA Y CIENCIAS HUMANAS ES UNA ASOCIACI\u00d3N CULTURAL Y CIENT\u00cdFICA UBICADA EN ITALIA. SUS METAS SON FOMENTAR LA INVESTIGACI\u00d3N CIENT\u00cdFICA EN EL \u00c1MBITO DE LA PSICOLOG\u00cdA, TAMBI\u00c9N EN COOPERACI\u00d3N CON ENTIDADES Y ORGANIZACIONES CIENT\u00cdFICAS TAN P\u00daBLICAS COMO [&hellip;]<\/p>\n","protected":false},"author":1,"featured_media":0,"parent":0,"menu_order":0,"comment_status":"closed","ping_status":"closed","template":"","meta":{"inline_featured_image":false,"footnotes":""},"class_list":["post-2247","page","type-page","status-publish","hentry"],"_links":{"self":[{"href":"https:\/\/www.helemeu.org\/es\/wp-json\/wp\/v2\/pages\/2247","targetHints":{"allow":["GET"]}}],"collection":[{"href":"https:\/\/www.helemeu.org\/es\/wp-json\/wp\/v2\/pages"}],"about":[{"href":"https:\/\/www.helemeu.org\/es\/wp-json\/wp\/v2\/types\/page"}],"author":[{"embeddable":true,"href":"https:\/\/www.helemeu.org\/es\/wp-json\/wp\/v2\/users\/1"}],"replies":[{"embeddable":true,"href":"https:\/\/www.helemeu.org\/es\/wp-json\/wp\/v2\/comments?post=2247"}],"version-history":[{"count":0,"href":"https:\/\/www.helemeu.org\/es\/wp-json\/wp\/v2\/pages\/2247\/revisions"}],"wp:attachment":[{"href":"https:\/\/www.helemeu.org\/es\/wp-json\/wp\/v2\/media?parent=2247"}],"curies":[{"name":"wp","href":"https:\/\/api.w.org\/{rel}","templated":true}]}}