{"id":2299,"date":"2023-01-13T12:10:57","date_gmt":"2023-01-13T12:10:57","guid":{"rendered":"https:\/\/www.helemeu.org\/the-university-of-health-sciences\/"},"modified":"2023-10-12T07:43:00","modified_gmt":"2023-10-12T07:43:00","slug":"la-universidad-de-ciencias-de-la-salud","status":"publish","type":"page","link":"https:\/\/www.helemeu.org\/es\/la-universidad-de-ciencias-de-la-salud\/","title":{"rendered":"La Universidad de Ciencias de la Salud"},"content":{"rendered":"\t\t<div data-elementor-type=\"wp-page\" data-elementor-id=\"2299\" class=\"elementor elementor-2299 elementor-470\" data-elementor-post-type=\"page\">\n\t\t\t\t\t\t<section class=\"elementor-section elementor-top-section elementor-element elementor-element-46778ff6 elementor-section-boxed elementor-section-height-default elementor-section-height-default\" data-id=\"46778ff6\" data-element_type=\"section\" data-e-type=\"section\" data-settings=\"{&quot;background_background&quot;:&quot;classic&quot;}\">\n\t\t\t\t\t\t<div class=\"elementor-container elementor-column-gap-default\">\n\t\t\t\t\t<div class=\"elementor-column elementor-col-100 elementor-top-column elementor-element elementor-element-3c2581dc\" data-id=\"3c2581dc\" data-element_type=\"column\" data-e-type=\"column\">\n\t\t\t<div class=\"elementor-widget-wrap elementor-element-populated\">\n\t\t\t\t\t\t<div class=\"elementor-element elementor-element-6a4430fe elementor-widget elementor-widget-heading\" data-id=\"6a4430fe\" data-element_type=\"widget\" data-e-type=\"widget\" data-widget_type=\"heading.default\">\n\t\t\t\t<div class=\"elementor-widget-container\">\n\t\t\t\t\t<h2 class=\"elementor-heading-title elementor-size-default\">La Universidad de Ciencias de la Salud<\/h2>\t\t\t\t<\/div>\n\t\t\t\t<\/div>\n\t\t\t\t\t<\/div>\n\t\t<\/div>\n\t\t\t\t\t<\/div>\n\t\t<\/section>\n\t\t\t\t<section class=\"elementor-section elementor-top-section elementor-element elementor-element-89be79f elementor-section-boxed elementor-section-height-default elementor-section-height-default\" data-id=\"89be79f\" data-element_type=\"section\" data-e-type=\"section\">\n\t\t\t\t\t\t<div class=\"elementor-container elementor-column-gap-default\">\n\t\t\t\t\t<div class=\"elementor-column elementor-col-100 elementor-top-column elementor-element elementor-element-52cd776\" data-id=\"52cd776\" data-element_type=\"column\" data-e-type=\"column\">\n\t\t\t<div class=\"elementor-widget-wrap elementor-element-populated\">\n\t\t\t\t\t\t<div class=\"elementor-element elementor-element-29002ef elementor-widget elementor-widget-image\" data-id=\"29002ef\" data-element_type=\"widget\" data-e-type=\"widget\" data-widget_type=\"image.default\">\n\t\t\t\t<div class=\"elementor-widget-container\">\n\t\t\t\t\t\t\t\t\t\t\t\t\t\t\t\t<a href=\"https:\/\/www.uhs.edu.tr\/\" target=\"_blank\">\n\t\t\t\t\t\t\t<img fetchpriority=\"high\" decoding=\"async\" width=\"300\" height=\"300\" src=\"https:\/\/www.helemeu.org\/wp-content\/uploads\/2023\/01\/saglik-bilimleri-logo-en.png\" class=\"attachment-full size-full wp-image-475\" alt=\"\" srcset=\"https:\/\/www.helemeu.org\/wp-content\/uploads\/2023\/01\/saglik-bilimleri-logo-en.png 300w, https:\/\/www.helemeu.org\/wp-content\/uploads\/2023\/01\/saglik-bilimleri-logo-en-150x150.png 150w\" sizes=\"(max-width: 300px) 100vw, 300px\" \/>\t\t\t\t\t\t\t\t<\/a>\n\t\t\t\t\t\t\t\t\t\t\t\t\t\t\t<\/div>\n\t\t\t\t<\/div>\n\t\t\t\t<div class=\"elementor-element elementor-element-097a426 elementor-widget elementor-widget-text-editor\" data-id=\"097a426\" data-element_type=\"widget\" data-e-type=\"widget\" data-widget_type=\"text-editor.default\">\n\t\t\t\t<div class=\"elementor-widget-container\">\n\t\t\t\t\t\t\t\t\t<p>La Universidad de Ciencias de la Salud (UoHS) es la primera y \u00fanica universidad estatal establecida el 15 de abril de 2015 con el tema de la salud en Turqu\u00eda. Adem\u00e1s, con 58 hospitales afiliados, es f\u00e1cil encontrar aplicaciones en todas las \u00e1reas de la salud. Con esta ventaja, cumplir su misi\u00f3n de brindar todo tipo de apoyo sanitario a los pa\u00edses en desarrollo en la estrategia de la universidad. La Universidad de Ciencias de la Salud intenta lograr compromisos mutuamente beneficiosos en el mundo. Estos compromisos permiten el acceso a talento, colaboraciones, ideas, instalaciones y\/o financiaci\u00f3n. Permiten una mejor preparaci\u00f3n de nuestro personal y estudiantes para comprender el mundo, competir globalmente y convertirse en l\u00edderes mundiales en el \u00e1rea de la salud. Nuestra universidad intenta encontrar colaboradores con los que quieran trabajar, instalaciones de laboratorio a las que quieran acceder, oportunidades de investigaci\u00f3n y educaci\u00f3n que les resulten atractivas. Al involucrarnos a nivel internacional, podemos monitorear el progreso de los esfuerzos mundiales, aprender de otros al mismo tiempo que ampliamos nuestra propia experiencia y brindar oportunidades de redes globales para estudiantes y profesores. Adem\u00e1s, permitimos a nuestros profesores y estudiantes conectarse con empresas globales y nuestros socios en todo el mundo. Es importante para nosotros integrarnos globalmente en la investigaci\u00f3n y la educaci\u00f3n, comprometernos con un socio que valore la ciencia y la tecnolog\u00eda, la creaci\u00f3n y las aplicaciones del conocimiento.<\/p><p>La educaci\u00f3n universitaria est\u00e1 disponible en dos ciudades; Estambul y Ankara. En Estambul; Facultad de Medicina, Facultad de Odontolog\u00eda, Facultad de Farmacia, Facultad de Enfermer\u00eda, Facultad de Ciencias de la Salud, Facultad de Ciencias de la Vida e Instituto de Ciencias de la Salud. Complejo Gulhane en Ankara; Facultad de Medicina de Gulhane, Facultad de Farmacia de Gulhane, Facultad de Medicina de Gulhane, Facultad de Ciencias de la Salud de Gulhane, Facultad de Ciencias de la Salud de Gulhane, Instituto de Ciencias de la Salud de Gulhane y Instituto de Ciencias de la Salud de Defensa. El Complejo Gulhane fue trasladado a la Universidad de Ciencias de la Salud en 2016.<\/p><p>La Universidad de Ciencias de la Salud es una universidad de reciente creaci\u00f3n y la \u00fanica tem\u00e1tica de salud establecida en Turqu\u00eda. La afiliaci\u00f3n con 58 hospitales hace que la Universidad de Ciencias de la Salud sea fuerte y activa en la pol\u00edtica de salud p\u00fablica. Con 58 hospitales afiliados, es f\u00e1cil encontrar aplicaciones en todas las \u00e1reas de salud del pa\u00eds. Con esta ventaja, cumplir su misi\u00f3n de brindar todo tipo de apoyo sanitario a los pa\u00edses en desarrollo en la estrategia de la universidad. Asimismo, la cooperaci\u00f3n internacional como campo de especial inter\u00e9s para el desarrollo y afirmaci\u00f3n de la Universidad. En los Lineamientos Estrat\u00e9gicos de la Universidad de Ciencias de la Salud tambi\u00e9n se se\u00f1ala que el desarrollo de la cooperaci\u00f3n internacional es una de las prioridades de la Universidad. La Universidad desarroll\u00f3 recientemente varias acciones sobre internalizaci\u00f3n, incluido un objetivo institucional para aumentar el n\u00famero de estudiantes internacionales.<\/p><p>\u00a0<\/p><p>Departamento de Salud P\u00fablica, Facultad de Medicina de Gulhane parece establecida en 2016. Pero la Facultad de Medicina de Gulhane anteriormente serv\u00eda como academia m\u00e9dica militar (Academia M\u00e9dica Militar de Gulhane) desde 1898 y en 2016 la facultad de medicina militar se cerr\u00f3 y pas\u00f3 a llamarse Facultad de Medicina de Gulhane. . Desde entonces, el departamento de salud p\u00fablica tiene una fuerte experiencia y arraigo en las \u00e1reas de salud p\u00fablica. Actualmente el personal acad\u00e9mico es de 17 personas. Hoy en d\u00eda se grad\u00faan en la facultad de medicina 300 m\u00e9dicos. Adem\u00e1s, el departamento imparte conferencias en la escuela de farmacia, diet\u00e9tica y enfermer\u00eda. Los posgrados se realizan en el departamento.<\/p><p>La Facultad de Odontolog\u00eda Gulhane de la Universidad de Ciencias de la Salud ha ido avanzando hasta convertirse en una facultad cient\u00edficamente pionera y de referencia desde su creaci\u00f3n. Actualmente, el n\u00famero de personal acad\u00e9mico es de 58. El edificio dental en el campus de Gulhane se inaugur\u00f3 por primera vez en 1946 como Instituto de Odontolog\u00eda (Dental) de la Academia M\u00e9dica Militar de Gulhane. Con la Ley GATA de 17 de noviembre de 1983, se cre\u00f3 el Instituto de Ciencias de la Salud y se reorganiz\u00f3 la estructura acad\u00e9mica del Instituto de Odontolog\u00eda como Centro de Ciencias Odontol\u00f3gicas de esta unidad. Despu\u00e9s de la transferencia de la Academia M\u00e9dica Militar de Gulhane al Ministerio de Salud, en febrero de 2017 se estableci\u00f3 la Facultad de Odontolog\u00eda de la Universidad de Gulhane. Los primeros estudiantes de pregrado comenzaron sus estudios en el a\u00f1o acad\u00e9mico 2017-2018.<\/p><p>La coordinadora del proyecto, Hulya Sirin, es m\u00e9dica, especialista en salud p\u00fablica y profesora asistente en el Departamento de Salud P\u00fablica de la Facultad de Medicina de Gulhane de la Universidad de Ciencias de la Salud. Imparte conferencias de pregrado y posgrado en la facultad de medicina, farmacia, ciencias de la salud y parter\u00eda. Sus intereses son la salud de los migrantes, la salud mental comunitaria, la educaci\u00f3n sanitaria, la alfabetizaci\u00f3n sanitaria, la promoci\u00f3n de la salud y las habilidades de comunicaci\u00f3n. Ha trabajado como asesora del presidente de la Instituci\u00f3n de Salud P\u00fablica de Turqu\u00eda y directora general de Salud P\u00fablica en el Ministerio de Salud de Turqu\u00eda entre 2013 y 2019. Durante estos a\u00f1os, ha supervisado numerosos proyectos en salud p\u00fablica (educaci\u00f3n sanitaria, cribado neonatal, atenci\u00f3n primaria, pol\u00edticas, salud de los inmigrantes, etc.). Y tambi\u00e9n ha trabajado en gesti\u00f3n de recursos humanos en atenci\u00f3n sanitaria con el jefe de departamento del Ministerio de Salud y ha adquirido una gran experiencia en pol\u00edticas sobre educaci\u00f3n de m\u00e9dicos y cuestiones de salud p\u00fablica en Turqu\u00eda.<\/p><p>Derya Camur es m\u00e9dico, especialista en salud p\u00fablica y profesora asistente en el Departamento de Salud P\u00fablica de la Facultad de Medicina Gulhane de la Universidad de Ciencias de la Salud. Ha trabajado en el Departamento de Salud Ambiental del Ministerio de Salud y ha dirigido muchos proyectos sobre salud ambiental y responsabilidad sanitaria multisectorial.<\/p><p>Metin Hasde es m\u00e9dico, especialista en salud p\u00fablica y profesor titular del Departamento de Salud P\u00fablica de la Facultad de Medicina Gulhane de la Universidad de Ciencias de la Salud. Est\u00e1 interesado en la seguridad y salud en el trabajo. Tiene una gran experiencia dirigiendo muchos proyectos. (especialmente promoci\u00f3n de la salud, educaci\u00f3n en salud p\u00fablica, etc.). Es director del departamento de Salud P\u00fablica.<\/p>\t\t\t\t\t\t\t\t<\/div>\n\t\t\t\t<\/div>\n\t\t\t\t\t<\/div>\n\t\t<\/div>\n\t\t\t\t\t<\/div>\n\t\t<\/section>\n\t\t\t\t<\/div>\n\t\t","protected":false},"excerpt":{"rendered":"<p>La Universidad de Ciencias de la Salud La Universidad de Ciencias de la Salud (UoHS) es la primera y \u00fanica universidad estatal establecida el 15 de abril de 2015 con el tema de la salud en Turqu\u00eda. Adem\u00e1s, con 58 hospitales afiliados, es f\u00e1cil encontrar aplicaciones en todas las \u00e1reas de la salud. Con esta [&hellip;]<\/p>\n","protected":false},"author":1,"featured_media":0,"parent":0,"menu_order":0,"comment_status":"closed","ping_status":"closed","template":"","meta":{"inline_featured_image":false,"footnotes":""},"class_list":["post-2299","page","type-page","status-publish","hentry"],"_links":{"self":[{"href":"https:\/\/www.helemeu.org\/es\/wp-json\/wp\/v2\/pages\/2299","targetHints":{"allow":["GET"]}}],"collection":[{"href":"https:\/\/www.helemeu.org\/es\/wp-json\/wp\/v2\/pages"}],"about":[{"href":"https:\/\/www.helemeu.org\/es\/wp-json\/wp\/v2\/types\/page"}],"author":[{"embeddable":true,"href":"https:\/\/www.helemeu.org\/es\/wp-json\/wp\/v2\/users\/1"}],"replies":[{"embeddable":true,"href":"https:\/\/www.helemeu.org\/es\/wp-json\/wp\/v2\/comments?post=2299"}],"version-history":[{"count":0,"href":"https:\/\/www.helemeu.org\/es\/wp-json\/wp\/v2\/pages\/2299\/revisions"}],"wp:attachment":[{"href":"https:\/\/www.helemeu.org\/es\/wp-json\/wp\/v2\/media?parent=2299"}],"curies":[{"name":"wp","href":"https:\/\/api.w.org\/{rel}","templated":true}]}}