{"id":2318,"date":"2023-01-13T12:16:29","date_gmt":"2023-01-13T12:16:29","guid":{"rendered":"https:\/\/www.helemeu.org\/lokman-hekim-university\/"},"modified":"2023-10-12T07:47:54","modified_gmt":"2023-10-12T07:47:54","slug":"universidad-lokman-hekim","status":"publish","type":"page","link":"https:\/\/www.helemeu.org\/es\/universidad-lokman-hekim\/","title":{"rendered":"Universidad Lokman Hekim"},"content":{"rendered":"\t\t<div data-elementor-type=\"wp-page\" data-elementor-id=\"2318\" class=\"elementor elementor-2318 elementor-483\" data-elementor-post-type=\"page\">\n\t\t\t\t\t\t<section class=\"elementor-section elementor-top-section elementor-element elementor-element-76bfa9b elementor-section-boxed elementor-section-height-default elementor-section-height-default\" data-id=\"76bfa9b\" data-element_type=\"section\" data-e-type=\"section\" data-settings=\"{&quot;background_background&quot;:&quot;classic&quot;}\">\n\t\t\t\t\t\t<div class=\"elementor-container elementor-column-gap-default\">\n\t\t\t\t\t<div class=\"elementor-column elementor-col-100 elementor-top-column elementor-element elementor-element-20d9e47f\" data-id=\"20d9e47f\" data-element_type=\"column\" data-e-type=\"column\">\n\t\t\t<div class=\"elementor-widget-wrap elementor-element-populated\">\n\t\t\t\t\t\t<div class=\"elementor-element elementor-element-3b3b29ee elementor-widget elementor-widget-heading\" data-id=\"3b3b29ee\" data-element_type=\"widget\" data-e-type=\"widget\" data-widget_type=\"heading.default\">\n\t\t\t\t<div class=\"elementor-widget-container\">\n\t\t\t\t\t<h2 class=\"elementor-heading-title elementor-size-default\">Universidad Lokman Hekim<\/h2>\t\t\t\t<\/div>\n\t\t\t\t<\/div>\n\t\t\t\t\t<\/div>\n\t\t<\/div>\n\t\t\t\t\t<\/div>\n\t\t<\/section>\n\t\t\t\t<section class=\"elementor-section elementor-top-section elementor-element elementor-element-da4a35d elementor-section-boxed elementor-section-height-default elementor-section-height-default\" data-id=\"da4a35d\" data-element_type=\"section\" data-e-type=\"section\">\n\t\t\t\t\t\t<div class=\"elementor-container elementor-column-gap-default\">\n\t\t\t\t\t<div class=\"elementor-column elementor-col-100 elementor-top-column elementor-element elementor-element-934669e\" data-id=\"934669e\" data-element_type=\"column\" data-e-type=\"column\">\n\t\t\t<div class=\"elementor-widget-wrap elementor-element-populated\">\n\t\t\t\t\t\t<div class=\"elementor-element elementor-element-625959c elementor-widget elementor-widget-image\" data-id=\"625959c\" data-element_type=\"widget\" data-e-type=\"widget\" data-widget_type=\"image.default\">\n\t\t\t\t<div class=\"elementor-widget-container\">\n\t\t\t\t\t\t\t\t\t\t\t\t\t\t\t<img fetchpriority=\"high\" decoding=\"async\" width=\"300\" height=\"300\" src=\"https:\/\/www.helemeu.org\/wp-content\/uploads\/2023\/01\/lokman-hekim-logo.png\" class=\"attachment-full size-full wp-image-151\" alt=\"\" srcset=\"https:\/\/www.helemeu.org\/wp-content\/uploads\/2023\/01\/lokman-hekim-logo.png 300w, https:\/\/www.helemeu.org\/wp-content\/uploads\/2023\/01\/lokman-hekim-logo-150x150.png 150w\" sizes=\"(max-width: 300px) 100vw, 300px\" \/>\t\t\t\t\t\t\t\t\t\t\t\t\t\t\t<\/div>\n\t\t\t\t<\/div>\n\t\t\t\t<div class=\"elementor-element elementor-element-73bfb46 elementor-widget elementor-widget-text-editor\" data-id=\"73bfb46\" data-element_type=\"widget\" data-e-type=\"widget\" data-widget_type=\"text-editor.default\">\n\t\t\t\t<div class=\"elementor-widget-container\">\n\t\t\t\t\t\t\t\t\t<p>La Universidad Lokman Hekim inici\u00f3 sus actividades acad\u00e9micas en el a\u00f1o acad\u00e9mico 2018-2019. Nuestra universidad contin\u00faa educaci\u00f3n y capacitaci\u00f3n con 2377 estudiantes en 11 programas de pregrado en 5 facultades, incluyendo Facultad de Medicina, Facultad de Odontolog\u00eda, Facultad de Farmacia, Facultad de Ciencias de la Salud, Facultad de Ciencias del Deporte y Escuela Vocacional de Servicios de Salud, y 11 grados asociados. programas en 1 escuela. Adem\u00e1s, nuestro Instituto de Ciencias de la Salud contin\u00faa su formaci\u00f3n con 18 Programas de Maestr\u00eda con Tesis, 1 Maestr\u00eda sin Tesis y 9 Programas de Doctorado. Hay 13 Centros de Investigaci\u00f3n y Aplicaci\u00f3n dentro del Centro de Investigaci\u00f3n y Aplicaci\u00f3n de nuestra universidad.<\/p><p>Nuestra universidad entreg\u00f3 sus primeros egresados el 12 de agosto de 2020 en los Programas de T\u00e9cnico de Primeros Auxilios y Emergencias y T\u00e9cnico en Anestesia dentro de la Escuela Vocacional de Servicios de Salud.<\/p><p>Nuestra universidad, como pionera en educaci\u00f3n para la salud y con una cultura corporativa orientada a la investigaci\u00f3n y el desarrollo; Nuestra misi\u00f3n es formar personas que tengan la competencia para realizar su potencial en todo el mundo, que tengan conocimiento de la informaci\u00f3n y las tecnolog\u00edas de la \u00e9poca, que produzcan a la luz del conocimiento cient\u00edfico, que tomen iniciativas para contribuir al desarrollo local, econom\u00eda regional y nacional, que consideren y desarrollen la vida saludable a nivel individual y social, y que se adhieran a valores \u00e9ticos.<\/p><p>La experiencia de Lokman Hekim Health Group de casi un cuarto de siglo en la prestaci\u00f3n de servicios de salud, nuestro s\u00f3lido y multidisciplinario personal acad\u00e9mico y el hecho de ser una de las pocas universidades con un hospital universitario entre las universidades de la Fundaci\u00f3n brindan a nuestros estudiantes la oportunidad de realizar una rica pr\u00e1ctica. , investigaci\u00f3n y pr\u00e1cticas, y constituyen uno de los aspectos m\u00e1s fuertes de nuestra educaci\u00f3n.<\/p><p>Nuestro campus universitario est\u00e1 ubicado en Ankara, el coraz\u00f3n de Turqu\u00eda.<\/p>\t\t\t\t\t\t\t\t<\/div>\n\t\t\t\t<\/div>\n\t\t\t\t\t<\/div>\n\t\t<\/div>\n\t\t\t\t\t<\/div>\n\t\t<\/section>\n\t\t\t\t<\/div>\n\t\t","protected":false},"excerpt":{"rendered":"<p>Universidad Lokman Hekim La Universidad Lokman Hekim inici\u00f3 sus actividades acad\u00e9micas en el a\u00f1o acad\u00e9mico 2018-2019. Nuestra universidad contin\u00faa educaci\u00f3n y capacitaci\u00f3n con 2377 estudiantes en 11 programas de pregrado en 5 facultades, incluyendo Facultad de Medicina, Facultad de Odontolog\u00eda, Facultad de Farmacia, Facultad de Ciencias de la Salud, Facultad de Ciencias del Deporte y [&hellip;]<\/p>\n","protected":false},"author":1,"featured_media":0,"parent":0,"menu_order":0,"comment_status":"closed","ping_status":"closed","template":"","meta":{"inline_featured_image":false,"footnotes":""},"class_list":["post-2318","page","type-page","status-publish","hentry"],"_links":{"self":[{"href":"https:\/\/www.helemeu.org\/es\/wp-json\/wp\/v2\/pages\/2318","targetHints":{"allow":["GET"]}}],"collection":[{"href":"https:\/\/www.helemeu.org\/es\/wp-json\/wp\/v2\/pages"}],"about":[{"href":"https:\/\/www.helemeu.org\/es\/wp-json\/wp\/v2\/types\/page"}],"author":[{"embeddable":true,"href":"https:\/\/www.helemeu.org\/es\/wp-json\/wp\/v2\/users\/1"}],"replies":[{"embeddable":true,"href":"https:\/\/www.helemeu.org\/es\/wp-json\/wp\/v2\/comments?post=2318"}],"version-history":[{"count":0,"href":"https:\/\/www.helemeu.org\/es\/wp-json\/wp\/v2\/pages\/2318\/revisions"}],"wp:attachment":[{"href":"https:\/\/www.helemeu.org\/es\/wp-json\/wp\/v2\/media?parent=2318"}],"curies":[{"name":"wp","href":"https:\/\/api.w.org\/{rel}","templated":true}]}}