{"id":2759,"date":"2023-01-13T11:41:23","date_gmt":"2023-01-13T11:41:23","guid":{"rendered":"https:\/\/www.helemeu.org\/o3-guideline-for-trainers\/"},"modified":"2023-11-29T06:18:55","modified_gmt":"2023-11-29T06:18:55","slug":"o3-guia-para-entrenadores","status":"publish","type":"page","link":"https:\/\/www.helemeu.org\/es\/o3-guia-para-entrenadores\/","title":{"rendered":"O3-GU\u00cdA PARA ENTRENADORES"},"content":{"rendered":"\t\t<div data-elementor-type=\"wp-page\" data-elementor-id=\"2759\" class=\"elementor elementor-2759 elementor-384\" data-elementor-post-type=\"page\">\n\t\t\t\t\t\t<section class=\"elementor-section elementor-top-section elementor-element elementor-element-6ff4dec6 elementor-section-boxed elementor-section-height-default elementor-section-height-default\" data-id=\"6ff4dec6\" data-element_type=\"section\" data-e-type=\"section\" data-settings=\"{&quot;background_background&quot;:&quot;classic&quot;}\">\n\t\t\t\t\t\t<div class=\"elementor-container elementor-column-gap-default\">\n\t\t\t\t\t<div class=\"elementor-column elementor-col-100 elementor-top-column elementor-element elementor-element-1798b85e\" data-id=\"1798b85e\" data-element_type=\"column\" data-e-type=\"column\">\n\t\t\t<div class=\"elementor-widget-wrap elementor-element-populated\">\n\t\t\t\t\t\t<div class=\"elementor-element elementor-element-65c84670 elementor-widget elementor-widget-heading\" data-id=\"65c84670\" data-element_type=\"widget\" data-e-type=\"widget\" data-widget_type=\"heading.default\">\n\t\t\t\t<div class=\"elementor-widget-container\">\n\t\t\t\t\t<h2 class=\"elementor-heading-title elementor-size-default\">O3-GU\u00cdA PARA ENTRENADORES<\/h2>\t\t\t\t<\/div>\n\t\t\t\t<\/div>\n\t\t\t\t\t<\/div>\n\t\t<\/div>\n\t\t\t\t\t<\/div>\n\t\t<\/section>\n\t\t\t\t<section class=\"elementor-section elementor-top-section elementor-element elementor-element-15343b67 elementor-section-boxed elementor-section-height-default elementor-section-height-default\" data-id=\"15343b67\" data-element_type=\"section\" data-e-type=\"section\">\n\t\t\t\t\t\t<div class=\"elementor-container elementor-column-gap-default\">\n\t\t\t\t\t<div class=\"elementor-column elementor-col-50 elementor-top-column elementor-element elementor-element-68e87b49\" data-id=\"68e87b49\" data-element_type=\"column\" data-e-type=\"column\" data-settings=\"{&quot;background_background&quot;:&quot;classic&quot;}\">\n\t\t\t<div class=\"elementor-widget-wrap elementor-element-populated\">\n\t\t\t\t\t<div class=\"elementor-background-overlay\"><\/div>\n\t\t\t\t\t\t<div class=\"elementor-element elementor-element-36cd8aea elementor-widget elementor-widget-heading\" data-id=\"36cd8aea\" data-element_type=\"widget\" data-e-type=\"widget\" data-widget_type=\"heading.default\">\n\t\t\t\t<div class=\"elementor-widget-container\">\n\t\t\t\t\t<h2 class=\"elementor-heading-title elementor-size-default\">Desarrollo e integraci\u00f3n de la alfabetizaci\u00f3n sanitaria con m\u00e9todos innovadores en los planes de estudios m\u00e9dicos de toda Europa<\/h2>\t\t\t\t<\/div>\n\t\t\t\t<\/div>\n\t\t\t\t<div class=\"elementor-element elementor-element-7c359783 elementor-widget elementor-widget-heading\" data-id=\"7c359783\" data-element_type=\"widget\" data-e-type=\"widget\" data-widget_type=\"heading.default\">\n\t\t\t\t<div class=\"elementor-widget-container\">\n\t\t\t\t\t<h4 class=\"elementor-heading-title elementor-size-default\">FORMACI\u00d3N DE FORMADORES EN ALFABETIZACI\u00d3N SANITARIA<\/h4>\t\t\t\t<\/div>\n\t\t\t\t<\/div>\n\t\t\t\t<div class=\"elementor-element elementor-element-7b95a82f elementor-align-center elementor-widget elementor-widget-button\" data-id=\"7b95a82f\" data-element_type=\"widget\" data-e-type=\"widget\" data-widget_type=\"button.default\">\n\t\t\t\t<div class=\"elementor-widget-container\">\n\t\t\t\t\t\t\t\t\t<div class=\"elementor-button-wrapper\">\n\t\t\t\t\t<a class=\"elementor-button elementor-button-link elementor-size-md\" href=\"https:\/\/www.helemeu.org\/wp-content\/uploads\/2023\/11\/formacion-de-formadores-en-alfabetizacion-sanitaria.pdf\" target=\"_blank\">\n\t\t\t\t\t\t<span class=\"elementor-button-content-wrapper\">\n\t\t\t\t\t\t<span class=\"elementor-button-icon\">\n\t\t\t\t<i aria-hidden=\"true\" class=\"fas fa-download\"><\/i>\t\t\t<\/span>\n\t\t\t\t\t\t\t\t\t<span class=\"elementor-button-text\">Descargar<\/span>\n\t\t\t\t\t<\/span>\n\t\t\t\t\t<\/a>\n\t\t\t\t<\/div>\n\t\t\t\t\t\t\t\t<\/div>\n\t\t\t\t<\/div>\n\t\t\t\t\t<\/div>\n\t\t<\/div>\n\t\t\t\t<div class=\"elementor-column elementor-col-50 elementor-top-column elementor-element elementor-element-3d2acb1b\" data-id=\"3d2acb1b\" data-element_type=\"column\" data-e-type=\"column\">\n\t\t\t<div class=\"elementor-widget-wrap elementor-element-populated\">\n\t\t\t\t\t\t<div class=\"elementor-element elementor-element-4dacc59c elementor-widget elementor-widget-image\" data-id=\"4dacc59c\" data-element_type=\"widget\" data-e-type=\"widget\" data-widget_type=\"image.default\">\n\t\t\t\t<div class=\"elementor-widget-container\">\n\t\t\t\t\t\t\t\t\t\t\t\t\t\t\t\t<a href=\"https:\/\/www.helemeu.org\/wp-content\/uploads\/2023\/11\/formacion-de-formadores-en-alfabetizacion-sanitaria.pdf\" target=\"_blank\">\n\t\t\t\t\t\t\t<img fetchpriority=\"high\" decoding=\"async\" width=\"1000\" height=\"1350\" src=\"https:\/\/www.helemeu.org\/wp-content\/uploads\/2023\/11\/guia-para-entrenadores-cover.jpg\" class=\"attachment-full size-full wp-image-3242\" alt=\"\" srcset=\"https:\/\/www.helemeu.org\/wp-content\/uploads\/2023\/11\/guia-para-entrenadores-cover.jpg 1000w, https:\/\/www.helemeu.org\/wp-content\/uploads\/2023\/11\/guia-para-entrenadores-cover-222x300.jpg 222w, https:\/\/www.helemeu.org\/wp-content\/uploads\/2023\/11\/guia-para-entrenadores-cover-759x1024.jpg 759w, https:\/\/www.helemeu.org\/wp-content\/uploads\/2023\/11\/guia-para-entrenadores-cover-768x1037.jpg 768w\" sizes=\"(max-width: 1000px) 100vw, 1000px\" \/>\t\t\t\t\t\t\t\t<\/a>\n\t\t\t\t\t\t\t\t\t\t\t\t\t\t\t<\/div>\n\t\t\t\t<\/div>\n\t\t\t\t\t<\/div>\n\t\t<\/div>\n\t\t\t\t\t<\/div>\n\t\t<\/section>\n\t\t\t\t<\/div>\n\t\t","protected":false},"excerpt":{"rendered":"<p>O3-GU\u00cdA PARA ENTRENADORES Desarrollo e integraci\u00f3n de la alfabetizaci\u00f3n sanitaria con m\u00e9todos innovadores en los planes de estudios m\u00e9dicos de toda Europa FORMACI\u00d3N DE FORMADORES EN ALFABETIZACI\u00d3N SANITARIA Descargar<\/p>\n","protected":false},"author":1,"featured_media":0,"parent":0,"menu_order":0,"comment_status":"closed","ping_status":"closed","template":"","meta":{"inline_featured_image":false,"footnotes":""},"class_list":["post-2759","page","type-page","status-publish","hentry"],"_links":{"self":[{"href":"https:\/\/www.helemeu.org\/es\/wp-json\/wp\/v2\/pages\/2759","targetHints":{"allow":["GET"]}}],"collection":[{"href":"https:\/\/www.helemeu.org\/es\/wp-json\/wp\/v2\/pages"}],"about":[{"href":"https:\/\/www.helemeu.org\/es\/wp-json\/wp\/v2\/types\/page"}],"author":[{"embeddable":true,"href":"https:\/\/www.helemeu.org\/es\/wp-json\/wp\/v2\/users\/1"}],"replies":[{"embeddable":true,"href":"https:\/\/www.helemeu.org\/es\/wp-json\/wp\/v2\/comments?post=2759"}],"version-history":[{"count":3,"href":"https:\/\/www.helemeu.org\/es\/wp-json\/wp\/v2\/pages\/2759\/revisions"}],"predecessor-version":[{"id":3252,"href":"https:\/\/www.helemeu.org\/es\/wp-json\/wp\/v2\/pages\/2759\/revisions\/3252"}],"wp:attachment":[{"href":"https:\/\/www.helemeu.org\/es\/wp-json\/wp\/v2\/media?parent=2759"}],"curies":[{"name":"wp","href":"https:\/\/api.w.org\/{rel}","templated":true}]}}