{"id":968,"date":"2023-01-13T12:08:57","date_gmt":"2023-01-13T12:08:57","guid":{"rendered":"https:\/\/www.helemeu.org\/the-university-of-murcia-umu\/"},"modified":"2023-10-12T07:37:34","modified_gmt":"2023-10-12T07:37:34","slug":"universidad-de-murcia","status":"publish","type":"page","link":"https:\/\/www.helemeu.org\/es\/universidad-de-murcia\/","title":{"rendered":"Universidad de Murcia"},"content":{"rendered":"\t\t<div data-elementor-type=\"wp-page\" data-elementor-id=\"968\" class=\"elementor elementor-968 elementor-465\" data-elementor-post-type=\"page\">\n\t\t\t\t\t\t<section class=\"elementor-section elementor-top-section elementor-element elementor-element-71f3c80c elementor-section-boxed elementor-section-height-default elementor-section-height-default\" data-id=\"71f3c80c\" data-element_type=\"section\" data-e-type=\"section\" data-settings=\"{&quot;background_background&quot;:&quot;classic&quot;}\">\n\t\t\t\t\t\t<div class=\"elementor-container elementor-column-gap-default\">\n\t\t\t\t\t<div class=\"elementor-column elementor-col-100 elementor-top-column elementor-element elementor-element-2392e48c\" data-id=\"2392e48c\" data-element_type=\"column\" data-e-type=\"column\">\n\t\t\t<div class=\"elementor-widget-wrap elementor-element-populated\">\n\t\t\t\t\t\t<div class=\"elementor-element elementor-element-c7ad37e elementor-widget elementor-widget-heading\" data-id=\"c7ad37e\" data-element_type=\"widget\" data-e-type=\"widget\" data-widget_type=\"heading.default\">\n\t\t\t\t<div class=\"elementor-widget-container\">\n\t\t\t\t\t<h2 class=\"elementor-heading-title elementor-size-default\">Universidad de Murcia<\/h2>\t\t\t\t<\/div>\n\t\t\t\t<\/div>\n\t\t\t\t\t<\/div>\n\t\t<\/div>\n\t\t\t\t\t<\/div>\n\t\t<\/section>\n\t\t\t\t<section class=\"elementor-section elementor-top-section elementor-element elementor-element-1236f8c elementor-section-boxed elementor-section-height-default elementor-section-height-default\" data-id=\"1236f8c\" data-element_type=\"section\" data-e-type=\"section\">\n\t\t\t\t\t\t<div class=\"elementor-container elementor-column-gap-default\">\n\t\t\t\t\t<div class=\"elementor-column elementor-col-100 elementor-top-column elementor-element elementor-element-96c8842\" data-id=\"96c8842\" data-element_type=\"column\" data-e-type=\"column\">\n\t\t\t<div class=\"elementor-widget-wrap elementor-element-populated\">\n\t\t\t\t\t\t<div class=\"elementor-element elementor-element-14c13bf elementor-widget elementor-widget-image\" data-id=\"14c13bf\" data-element_type=\"widget\" data-e-type=\"widget\" data-widget_type=\"image.default\">\n\t\t\t\t<div class=\"elementor-widget-container\">\n\t\t\t\t\t\t\t\t\t\t\t\t\t\t\t<img fetchpriority=\"high\" decoding=\"async\" width=\"300\" height=\"300\" src=\"https:\/\/www.helemeu.org\/wp-content\/uploads\/2023\/01\/murcia-logo.png\" class=\"attachment-full size-full wp-image-157\" alt=\"\" srcset=\"https:\/\/www.helemeu.org\/wp-content\/uploads\/2023\/01\/murcia-logo.png 300w, https:\/\/www.helemeu.org\/wp-content\/uploads\/2023\/01\/murcia-logo-150x150.png 150w\" sizes=\"(max-width: 300px) 100vw, 300px\" \/>\t\t\t\t\t\t\t\t\t\t\t\t\t\t\t<\/div>\n\t\t\t\t<\/div>\n\t\t\t\t<div class=\"elementor-element elementor-element-af08d8c elementor-widget elementor-widget-text-editor\" data-id=\"af08d8c\" data-element_type=\"widget\" data-e-type=\"widget\" data-widget_type=\"text-editor.default\">\n\t\t\t\t<div class=\"elementor-widget-container\">\n\t\t\t\t\t\t\t\t\t<p>La Universidad de Murcia (UMU) es una instituci\u00f3n internacional con m\u00e1s de cien a\u00f1os a sus espaldas, aunque sus or\u00edgenes se remontan al siglo XII. En la actualidad, acoge a m\u00e1s de 30.000 estudiantes (2.000 de ellos extranjeros), 3.000 investigadores y profesores, y un cuerpo administrativo de 1.200 personas. La UMU es un referente de la ense\u00f1anza superior en el sureste espa\u00f1ol. Al mismo tiempo, es un motor de la sociedad de la cuenca mediterr\u00e1nea gracias a su Campus de Excelencia Internacional Mare Nostrum (CMN).<\/p><p>OFERTA ACAD\u00c9MICA. La UMU es una universidad p\u00fablica integral que ofrece 60 titulaciones de grado -cinco de ellas dobles-, 72 m\u00e1steres y 36 t\u00edtulos de doctorado en Bellas Artes y Humanidades, Ingenier\u00eda, Ciencias de la Salud, Ciencias, Ciencias Sociales y Derecho. La UMU cuenta con 21 centros universitarios en 5 campus. Adem\u00e1s, la Universidad Internacional del Mar (UNIMAR) ofrece un centenar de cursos de verano en diversas \u00e1reas de conocimiento.<\/p><p>LA INVESTIGACI\u00d3N EN LA UMU. La Universidad de Murcia est\u00e1 orientada a la excelencia acad\u00e9mica y es un actor clave en el mundo de la investigaci\u00f3n con sus 350 grupos de investigaci\u00f3n, 4 centros e instituciones de investigaci\u00f3n, la Oficina de Proyectos Internacionales de Investigaci\u00f3n OPERUM y la estrecha colaboraci\u00f3n con la industria nacional e internacional. La UMU cuenta con el reconocimiento internacional y su calidad ha sido probada por las certificaciones m\u00e1s importantes: como ejemplo, la Facultad de Educaci\u00f3n es la \u00fanica de su tipo en Europa que cuenta con el Certificado ECA de Calidad en Internacionalizaci\u00f3n (2016); y Ciencias de la Computaci\u00f3n, Biolog\u00eda y Ciencias Veterinarias han recibido las acreditaciones nacionales e internacionales. Por otra parte, nuestra Oficina Internacional cuenta con el sello EFQM de Sistemas de Gesti\u00f3n de la Calidad.<\/p><p>INTERNACIONALIZACI\u00d3N. La UMU ha firmado acuerdos con m\u00e1s de 900 universidades de todo el mundo. Con m\u00e1s de 20 a\u00f1os de experiencia, tanto la Oficina Internacional como la Oficina de Investigaci\u00f3n OPERUM son muy activas y tienen una amplia experiencia en la acogida de proyectos de cooperaci\u00f3n e investigaci\u00f3n europeos e internacionales y en la promoci\u00f3n de la excelencia investigadora. Cada a\u00f1o 2.000 personas participan en nuestros programas de movilidad, lo que convierte a la UMU en el l\u00edder regional en internacionalizaci\u00f3n y en un actor clave en el \u00e1rea mediterr\u00e1nea. La UMU cuenta con estudiantes de m\u00e1s de 50 nacionalidades gracias al Programa Erasmus+ y a convenios y programas espec\u00edficos con universidades de Am\u00e9rica Latina, Am\u00e9rica del Norte, \u00c1frica y Asia. Nuestra universidad ofrece 4 grados en ingl\u00e9s (Derecho, Administraci\u00f3n y Direcci\u00f3n de Empresas, Educaci\u00f3n Primaria y Estudios Ingleses) y 3 programas de postgrado (Biolog\u00eda y Tecnolog\u00eda de la Reproducci\u00f3n de Mam\u00edferos, Nuevas Tecnolog\u00edas Inform\u00e1ticas y F\u00edsica).<\/p><p>UNIVERSIDAD DIGITAL. La UMU es una universidad pionera y l\u00edder en el Sistema Universitario Espa\u00f1ol en la implantaci\u00f3n de la e-administraci\u00f3n ofreciendo un amplio abanico de servicios digitales y con estrategias bien definidas para convertirse en una universidad digital, tal y como se desprende de nuestro Plan de Transformaci\u00f3n Digital.<\/p><p>CONEXI\u00d3N CON EL MERCADO LABORAL. Los estudiantes de la UMU contin\u00faan con su formaci\u00f3n acad\u00e9mica y desarrollan sus competencias profesionales a trav\u00e9s de la oferta de programas de pr\u00e1cticas. La oficina de emprendimiento \u00abUMUemprende\u00bb favorece la creaci\u00f3n de empresas basadas en aplicaciones de resultados de investigaci\u00f3n y conocimiento cient\u00edfico o tecnol\u00f3gico (spinoffs) as\u00ed como el desarrollo de proyectos innovadores, favoreciendo la conexi\u00f3n de la Universidad con la sociedad.<\/p><p>ATENCI\u00d3N A LA DIVERSIDAD. La UMU es la segunda universidad de Espa\u00f1a con mayor n\u00famero de estudiantes con discapacidad. A trav\u00e9s de su Servicio de Atenci\u00f3n a la Diversidad y Voluntariado, la Universidad participa en el Programa &#8216;Campus Inclusivo&#8217; financiado por el Gobierno de Espa\u00f1a, la ONCE y la Fundaci\u00f3n REPSOL, y ha sido reconocida como la Mejor Organizaci\u00f3n del Sector P\u00fablico Telef\u00f3nica Ability Awards, el principal galard\u00f3n en materia de accesibilidad e integraci\u00f3n de personas con discapacidad.<\/p><p>DESARROLLO SOSTENIBLE. La UMU est\u00e1 fuertemente comprometida con el desarrollo sostenible a trav\u00e9s de la iniciativa \u00abODSesiones\u00bb, un proyecto de promoci\u00f3n y sensibilizaci\u00f3n sobre los 17 Objetivos de Desarrollo Sostenible de la ONU, y a trav\u00e9s de su \u00abCampus Sostenible\u00bb que incorpora las nuevas tecnolog\u00edas en el desarrollo de las energ\u00edas renovables para fomentar el ahorro, reducir las emisiones, ser m\u00e1s eficientes y proteger mejor el medio ambiente.<\/p><p>MURCIA, UNA CIUDAD DE ESTUDIANTES Situada en el sureste de Espa\u00f1a, la ciudad de Murcia es la s\u00e9ptima m\u00e1s grande de Espa\u00f1a. El coste de la vida no es caro y la ciudad tiene mucho que ofrecer en cultura y turismo. La UMU tiene una fuerte presencia en la comunidad local y regional y juega un papel muy importante no s\u00f3lo en la investigaci\u00f3n y la docencia, sino tambi\u00e9n en la propia sociedad, actuando como motor social esencial y como puente estrat\u00e9gico para toda actividad docente e investigadora, as\u00ed como para cualquier inversi\u00f3n que se realice en la costa mediterr\u00e1nea.<\/p>\t\t\t\t\t\t\t\t<\/div>\n\t\t\t\t<\/div>\n\t\t\t\t\t<\/div>\n\t\t<\/div>\n\t\t\t\t\t<\/div>\n\t\t<\/section>\n\t\t\t\t<\/div>\n\t\t","protected":false},"excerpt":{"rendered":"<p>Universidad de Murcia La Universidad de Murcia (UMU) es una instituci\u00f3n internacional con m\u00e1s de cien a\u00f1os a sus espaldas, aunque sus or\u00edgenes se remontan al siglo XII. En la actualidad, acoge a m\u00e1s de 30.000 estudiantes (2.000 de ellos extranjeros), 3.000 investigadores y profesores, y un cuerpo administrativo de 1.200 personas. La UMU es [&hellip;]<\/p>\n","protected":false},"author":1,"featured_media":0,"parent":0,"menu_order":0,"comment_status":"closed","ping_status":"closed","template":"","meta":{"inline_featured_image":false,"footnotes":""},"class_list":["post-968","page","type-page","status-publish","hentry"],"_links":{"self":[{"href":"https:\/\/www.helemeu.org\/es\/wp-json\/wp\/v2\/pages\/968","targetHints":{"allow":["GET"]}}],"collection":[{"href":"https:\/\/www.helemeu.org\/es\/wp-json\/wp\/v2\/pages"}],"about":[{"href":"https:\/\/www.helemeu.org\/es\/wp-json\/wp\/v2\/types\/page"}],"author":[{"embeddable":true,"href":"https:\/\/www.helemeu.org\/es\/wp-json\/wp\/v2\/users\/1"}],"replies":[{"embeddable":true,"href":"https:\/\/www.helemeu.org\/es\/wp-json\/wp\/v2\/comments?post=968"}],"version-history":[{"count":0,"href":"https:\/\/www.helemeu.org\/es\/wp-json\/wp\/v2\/pages\/968\/revisions"}],"wp:attachment":[{"href":"https:\/\/www.helemeu.org\/es\/wp-json\/wp\/v2\/media?parent=968"}],"curies":[{"name":"wp","href":"https:\/\/api.w.org\/{rel}","templated":true}]}}