{"id":2150,"date":"2023-01-11T10:11:32","date_gmt":"2023-01-11T10:11:32","guid":{"rendered":"https:\/\/www.helemeu.org\/about-project\/"},"modified":"2023-10-12T07:34:19","modified_gmt":"2023-10-12T07:34:19","slug":"sul-progetto","status":"publish","type":"page","link":"https:\/\/www.helemeu.org\/it\/sul-progetto\/","title":{"rendered":"SUL PROGETTO"},"content":{"rendered":"\t\t<div data-elementor-type=\"wp-page\" data-elementor-id=\"2150\" class=\"elementor elementor-2150 elementor-46\" data-elementor-post-type=\"page\">\n\t\t\t\t\t\t<section class=\"elementor-section elementor-top-section elementor-element elementor-element-8c80f57 elementor-section-boxed elementor-section-height-default elementor-section-height-default\" data-id=\"8c80f57\" data-element_type=\"section\" data-e-type=\"section\">\n\t\t\t\t\t\t<div class=\"elementor-container elementor-column-gap-default\">\n\t\t\t\t\t<div class=\"elementor-column elementor-col-50 elementor-top-column elementor-element elementor-element-8d0283d\" data-id=\"8d0283d\" data-element_type=\"column\" data-e-type=\"column\">\n\t\t\t<div class=\"elementor-widget-wrap elementor-element-populated\">\n\t\t\t\t\t\t<div class=\"elementor-element elementor-element-489ac44 elementor-widget elementor-widget-ucaddon_dual_color_heading\" data-id=\"489ac44\" data-element_type=\"widget\" data-e-type=\"widget\" data-widget_type=\"ucaddon_dual_color_heading.default\">\n\t\t\t\t<div class=\"elementor-widget-container\">\n\t\t\t\t\t\n<!-- start Dual Color Heading -->\n\n<div style=\"text-align:left;\">\n  <div>\n    <span class=\"ue-title-one\">SUL<\/span> <span class=\"ue-title-two\">PROGETTO<\/span>\n  <\/div>\n<\/div>\n<!-- end Dual Color Heading -->\t\t\t\t<\/div>\n\t\t\t\t<\/div>\n\t\t\t\t<div class=\"elementor-element elementor-element-a428975 elementor-align-center elementor-widget elementor-widget-lottie\" data-id=\"a428975\" data-element_type=\"widget\" data-e-type=\"widget\" data-settings=\"{&quot;source_json&quot;:{&quot;url&quot;:&quot;https:\\\/\\\/www.helemeu.org\\\/wp-content\\\/uploads\\\/2023\\\/01\\\/about-project-lottie.json&quot;,&quot;id&quot;:336,&quot;size&quot;:&quot;&quot;,&quot;alt&quot;:&quot;&quot;,&quot;source&quot;:&quot;library&quot;},&quot;loop&quot;:&quot;yes&quot;,&quot;source&quot;:&quot;media_file&quot;,&quot;caption_source&quot;:&quot;none&quot;,&quot;link_to&quot;:&quot;none&quot;,&quot;trigger&quot;:&quot;arriving_to_viewport&quot;,&quot;viewport&quot;:{&quot;unit&quot;:&quot;%&quot;,&quot;size&quot;:&quot;&quot;,&quot;sizes&quot;:{&quot;start&quot;:0,&quot;end&quot;:100}},&quot;play_speed&quot;:{&quot;unit&quot;:&quot;px&quot;,&quot;size&quot;:1,&quot;sizes&quot;:[]},&quot;start_point&quot;:{&quot;unit&quot;:&quot;%&quot;,&quot;size&quot;:0,&quot;sizes&quot;:[]},&quot;end_point&quot;:{&quot;unit&quot;:&quot;%&quot;,&quot;size&quot;:100,&quot;sizes&quot;:[]},&quot;renderer&quot;:&quot;svg&quot;}\" data-widget_type=\"lottie.default\">\n\t\t\t\t<div class=\"elementor-widget-container\">\n\t\t\t\t\t<div class=\"e-lottie__container\"><div class=\"e-lottie__animation\"><\/div><\/div>\t\t\t\t<\/div>\n\t\t\t\t<\/div>\n\t\t\t\t\t<\/div>\n\t\t<\/div>\n\t\t\t\t<div class=\"elementor-column elementor-col-50 elementor-top-column elementor-element elementor-element-6589117\" data-id=\"6589117\" data-element_type=\"column\" data-e-type=\"column\">\n\t\t\t<div class=\"elementor-widget-wrap elementor-element-populated\">\n\t\t\t\t\t\t<div class=\"elementor-element elementor-element-a4c4dee elementor-widget elementor-widget-text-editor\" data-id=\"a4c4dee\" data-element_type=\"widget\" data-e-type=\"widget\" data-widget_type=\"text-editor.default\">\n\t\t\t\t<div class=\"elementor-widget-container\">\n\t\t\t\t\t\t\t\t\t<p>L\u2019Health Literacy \u00e8 il grado in cui gli individui hanno la capacit\u00e0 di ottenere, elaborare e comprendere le informazioni e i servizi sanitari di base necessari per prendere decisioni sanitarie appropriate (Ratzan e Parker, 2000). L\u2019alfabetizzazione sanitaria \u00e8 una questione importante nella nostra epoca. Il modello integrato di alfabetizzazione sanitaria sviluppato dal consorzio degli studi europei sull\u2019alfabetizzazione sanitaria viene utilizzato come quadro concettuale. 8 paesi diversi, Austria, Bulgaria, Grecia, Irlanda, Paesi Bassi, Polonia, Spagna, sono stati sviluppati come strumento di misurazione (indagine europea sull&#8217;alfabetizzazione sanitaria, HLS-EU). Il livello di alfabetizzazione sanitaria nella societ\u00e0 europea \u00e8 risultato inadeguato-problematico per il 47,6%. Uno studio condotto in Germania mostra che il 54,3% della popolazione ha un\u2019alfabetizzazione sanitaria limitata (Schaeffer, Berens e Vogt, 2017). Ci\u00f2 significa che circa 1 persona su 2 in Germania ha una conoscenza limitata della salute e qualifiche limitate per applicare le informazioni sanitarie. L\u2019alfabetizzazione sanitaria \u00e8 una funzione condivisa di fattori sociali e individuali. Le competenze e le capacit\u00e0 di alfabetizzazione sanitaria degli individui sono mediate dalla loro istruzione, cultura e lingua (Nielsen-Bohlman, 2004). Soprattutto l&#8217;istruzione \u00e8 l&#8217;aspetto pi\u00f9 importante di questo problema perch\u00e9 essere informati e applicare la conoscenza passa dal processo educativo. Sebbene in questo processo siano coinvolte molte parti interessate, la prima parte inizia sempre con un insegnante e uno studente. Mentre portiamo questo esempio alla realt\u00e0; gli studenti equivalgono al gruppo di candidatura, che sono persone, e gli insegnanti equivalgono agli operatori sanitari. Anche ogni formatore o insegnante \u00e8\/\u00e8 stato formato in qualche modo. Come medici, siamo un sottogruppo di professionisti sanitari e la nostra formazione inizia nelle facolt\u00e0\/scuole di medicina. Implementando l\u2019educazione all\u2019alfabetizzazione sanitaria nei programmi di studio medici, aumenteranno le nostre possibilit\u00e0 di migliorare la situazione attuale, facendo diplomare studenti di medicina pi\u00f9 attrezzati da programmi universitari. Fondamentalmente, dobbiamo considerare la capacit\u00e0 di un operatore sanitario di usare parole comuni e di percepire se un paziente capisce o meno una discussione (Nielsen-Bohlman, 2004). L\u2019educazione tra pari \u00e8 uno dei temi caldi dell\u2019educazione medica. Gli studi dimostrano che i benefici della peer education non possono essere sottovalutati nei processi di apprendimento (Cate e Durning, 2007).<\/p>\t\t\t\t\t\t\t\t<\/div>\n\t\t\t\t<\/div>\n\t\t\t\t\t<\/div>\n\t\t<\/div>\n\t\t\t\t\t<\/div>\n\t\t<\/section>\n\t\t\t\t<section class=\"elementor-section elementor-top-section elementor-element elementor-element-dba3efd elementor-section-boxed elementor-section-height-default elementor-section-height-default\" data-id=\"dba3efd\" data-element_type=\"section\" data-e-type=\"section\">\n\t\t\t\t\t\t<div class=\"elementor-container elementor-column-gap-default\">\n\t\t\t\t\t<div class=\"elementor-column elementor-col-50 elementor-top-column elementor-element elementor-element-595c510\" data-id=\"595c510\" data-element_type=\"column\" data-e-type=\"column\">\n\t\t\t<div class=\"elementor-widget-wrap elementor-element-populated\">\n\t\t\t\t\t\t<div class=\"elementor-element elementor-element-041af42 elementor-widget elementor-widget-ucaddon_dual_color_heading\" data-id=\"041af42\" data-element_type=\"widget\" data-e-type=\"widget\" data-widget_type=\"ucaddon_dual_color_heading.default\">\n\t\t\t\t<div class=\"elementor-widget-container\">\n\t\t\t\t\t\n<!-- start Dual Color Heading -->\n\n<div style=\"text-align:left;\">\n  <div>\n    <span class=\"ue-title-one\">OBIETTIVI DI<\/span> <span class=\"ue-title-two\">PROGETTO<\/span>\n  <\/div>\n<\/div>\n<!-- end Dual Color Heading -->\t\t\t\t<\/div>\n\t\t\t\t<\/div>\n\t\t\t\t<div class=\"elementor-element elementor-element-73990cc elementor-align-center elementor-widget elementor-widget-lottie\" data-id=\"73990cc\" data-element_type=\"widget\" data-e-type=\"widget\" data-settings=\"{&quot;source_json&quot;:{&quot;url&quot;:&quot;https:\\\/\\\/www.helemeu.org\\\/wp-content\\\/uploads\\\/2023\\\/01\\\/objectives-lottie.json&quot;,&quot;id&quot;:347,&quot;size&quot;:&quot;&quot;,&quot;alt&quot;:&quot;&quot;,&quot;source&quot;:&quot;library&quot;},&quot;loop&quot;:&quot;yes&quot;,&quot;source&quot;:&quot;media_file&quot;,&quot;caption_source&quot;:&quot;none&quot;,&quot;link_to&quot;:&quot;none&quot;,&quot;trigger&quot;:&quot;arriving_to_viewport&quot;,&quot;viewport&quot;:{&quot;unit&quot;:&quot;%&quot;,&quot;size&quot;:&quot;&quot;,&quot;sizes&quot;:{&quot;start&quot;:0,&quot;end&quot;:100}},&quot;play_speed&quot;:{&quot;unit&quot;:&quot;px&quot;,&quot;size&quot;:1,&quot;sizes&quot;:[]},&quot;start_point&quot;:{&quot;unit&quot;:&quot;%&quot;,&quot;size&quot;:0,&quot;sizes&quot;:[]},&quot;end_point&quot;:{&quot;unit&quot;:&quot;%&quot;,&quot;size&quot;:100,&quot;sizes&quot;:[]},&quot;renderer&quot;:&quot;svg&quot;}\" data-widget_type=\"lottie.default\">\n\t\t\t\t<div class=\"elementor-widget-container\">\n\t\t\t\t\t<div class=\"e-lottie__container\"><div class=\"e-lottie__animation\"><\/div><\/div>\t\t\t\t<\/div>\n\t\t\t\t<\/div>\n\t\t\t\t\t<\/div>\n\t\t<\/div>\n\t\t\t\t<div class=\"elementor-column elementor-col-50 elementor-top-column elementor-element elementor-element-1316c4d\" data-id=\"1316c4d\" data-element_type=\"column\" data-e-type=\"column\">\n\t\t\t<div class=\"elementor-widget-wrap elementor-element-populated\">\n\t\t\t\t\t\t<div class=\"elementor-element elementor-element-dd13149 elementor-widget elementor-widget-text-editor\" data-id=\"dd13149\" data-element_type=\"widget\" data-e-type=\"widget\" data-widget_type=\"text-editor.default\">\n\t\t\t\t<div class=\"elementor-widget-container\">\n\t\t\t\t\t\t\t\t\t<p>Il nostro obiettivo \u00e8 sviluppare e utilizzare metodi di peer education per ottenere risultati migliori dal nostro programma educativo.<\/p><p><strong>Obiettivi e risultati<\/strong><\/p><p>Il nostro obiettivo principale \u00e8 sviluppare, applicare e valutare un nuovo programma di educazione all\u2019alfabetizzazione sanitaria con il metodo della peer education e integrare questo programma nei curriculum medici, con l\u2019obiettivo di aumentare le capacit\u00e0 dei medici attraverso l\u2019istruzione universitaria di base. Grazie a questo progetto, i nostri risultati sono: sviluppo di un programma di educazione all\u2019alfabetizzazione sanitaria, sviluppo di metodi specifici di peer education per il programma, trasferimento di tecniche educative efficaci e partecipative agli studenti di medicina, aumento delle capacit\u00e0 degli studenti di medicina, integrazione del programma nei curricoli di medicina, potenziamento delle istituzioni sanitarie europee e i risultati sanitari dei sistemi.<\/p>\t\t\t\t\t\t\t\t<\/div>\n\t\t\t\t<\/div>\n\t\t\t\t\t<\/div>\n\t\t<\/div>\n\t\t\t\t\t<\/div>\n\t\t<\/section>\n\t\t\t\t<\/div>\n\t\t","protected":false},"excerpt":{"rendered":"<p>SUL PROGETTO L\u2019Health Literacy \u00e8 il grado in cui gli individui hanno la capacit\u00e0 di ottenere, elaborare e comprendere le informazioni e i servizi sanitari di base necessari per prendere decisioni sanitarie appropriate (Ratzan e Parker, 2000). L\u2019alfabetizzazione sanitaria \u00e8 una questione importante nella nostra epoca. Il modello integrato di alfabetizzazione sanitaria sviluppato dal consorzio [&hellip;]<\/p>\n","protected":false},"author":1,"featured_media":0,"parent":0,"menu_order":0,"comment_status":"closed","ping_status":"closed","template":"","meta":{"inline_featured_image":false,"footnotes":""},"class_list":["post-2150","page","type-page","status-publish","hentry"],"_links":{"self":[{"href":"https:\/\/www.helemeu.org\/it\/wp-json\/wp\/v2\/pages\/2150","targetHints":{"allow":["GET"]}}],"collection":[{"href":"https:\/\/www.helemeu.org\/it\/wp-json\/wp\/v2\/pages"}],"about":[{"href":"https:\/\/www.helemeu.org\/it\/wp-json\/wp\/v2\/types\/page"}],"author":[{"embeddable":true,"href":"https:\/\/www.helemeu.org\/it\/wp-json\/wp\/v2\/users\/1"}],"replies":[{"embeddable":true,"href":"https:\/\/www.helemeu.org\/it\/wp-json\/wp\/v2\/comments?post=2150"}],"version-history":[{"count":0,"href":"https:\/\/www.helemeu.org\/it\/wp-json\/wp\/v2\/pages\/2150\/revisions"}],"wp:attachment":[{"href":"https:\/\/www.helemeu.org\/it\/wp-json\/wp\/v2\/media?parent=2150"}],"curies":[{"name":"wp","href":"https:\/\/api.w.org\/{rel}","templated":true}]}}