{"id":2189,"date":"2023-01-13T11:56:28","date_gmt":"2023-01-13T11:56:28","guid":{"rendered":"https:\/\/www.helemeu.org\/gazi-university\/"},"modified":"2023-10-12T07:12:00","modified_gmt":"2023-10-12T07:12:00","slug":"universita-gazi","status":"publish","type":"page","link":"https:\/\/www.helemeu.org\/it\/universita-gazi\/","title":{"rendered":"Universit\u00e0 Gazi"},"content":{"rendered":"\t\t<div data-elementor-type=\"wp-page\" data-elementor-id=\"2189\" class=\"elementor elementor-2189 elementor-437\" data-elementor-post-type=\"page\">\n\t\t\t\t\t\t<section class=\"elementor-section elementor-top-section elementor-element elementor-element-166798c7 elementor-section-boxed elementor-section-height-default elementor-section-height-default\" data-id=\"166798c7\" data-element_type=\"section\" data-e-type=\"section\" data-settings=\"{&quot;background_background&quot;:&quot;classic&quot;}\">\n\t\t\t\t\t\t<div class=\"elementor-container elementor-column-gap-default\">\n\t\t\t\t\t<div class=\"elementor-column elementor-col-100 elementor-top-column elementor-element elementor-element-3f748fa7\" data-id=\"3f748fa7\" data-element_type=\"column\" data-e-type=\"column\">\n\t\t\t<div class=\"elementor-widget-wrap elementor-element-populated\">\n\t\t\t\t\t\t<div class=\"elementor-element elementor-element-7fdf2021 elementor-widget elementor-widget-heading\" data-id=\"7fdf2021\" data-element_type=\"widget\" data-e-type=\"widget\" data-widget_type=\"heading.default\">\n\t\t\t\t<div class=\"elementor-widget-container\">\n\t\t\t\t\t<h2 class=\"elementor-heading-title elementor-size-default\">Universit\u00e0 Gazi<\/h2>\t\t\t\t<\/div>\n\t\t\t\t<\/div>\n\t\t\t\t\t<\/div>\n\t\t<\/div>\n\t\t\t\t\t<\/div>\n\t\t<\/section>\n\t\t\t\t<section class=\"elementor-section elementor-top-section elementor-element elementor-element-effb1ba elementor-section-boxed elementor-section-height-default elementor-section-height-default\" data-id=\"effb1ba\" data-element_type=\"section\" data-e-type=\"section\">\n\t\t\t\t\t\t<div class=\"elementor-container elementor-column-gap-default\">\n\t\t\t\t\t<div class=\"elementor-column elementor-col-100 elementor-top-column elementor-element elementor-element-8be207a\" data-id=\"8be207a\" data-element_type=\"column\" data-e-type=\"column\">\n\t\t\t<div class=\"elementor-widget-wrap elementor-element-populated\">\n\t\t\t\t\t\t<div class=\"elementor-element elementor-element-5ba63f6 elementor-widget elementor-widget-image\" data-id=\"5ba63f6\" data-element_type=\"widget\" data-e-type=\"widget\" data-widget_type=\"image.default\">\n\t\t\t\t<div class=\"elementor-widget-container\">\n\t\t\t\t\t\t\t\t\t\t\t\t\t\t\t<img fetchpriority=\"high\" decoding=\"async\" width=\"300\" height=\"300\" src=\"https:\/\/www.helemeu.org\/wp-content\/uploads\/2023\/01\/gazi-logo.png\" class=\"attachment-full size-full wp-image-211\" alt=\"\" srcset=\"https:\/\/www.helemeu.org\/wp-content\/uploads\/2023\/01\/gazi-logo.png 300w, https:\/\/www.helemeu.org\/wp-content\/uploads\/2023\/01\/gazi-logo-150x150.png 150w\" sizes=\"(max-width: 300px) 100vw, 300px\" \/>\t\t\t\t\t\t\t\t\t\t\t\t\t\t\t<\/div>\n\t\t\t\t<\/div>\n\t\t\t\t<div class=\"elementor-element elementor-element-090cc35 elementor-widget elementor-widget-text-editor\" data-id=\"090cc35\" data-element_type=\"widget\" data-e-type=\"widget\" data-widget_type=\"text-editor.default\">\n\t\t\t\t<div class=\"elementor-widget-container\">\n\t\t\t\t\t\t\t\t\t<p>Presso l\u2019Universit\u00e0 Gazi, la Facolt\u00e0 di Medicina, il Dipartimento di Sanit\u00e0 Pubblica, l\u2019Associazione Europea degli Studenti di Medicina \u2013 Organizzazione Membro di Gazi, la Federazione Internazionale delle Associazione degli Studenti di Medicina \u2013 la Rappresentanza Locale di Gazi in Turchia lavoreranno attivamente al progetto.<\/p><p>1- La nostra facolt\u00e0 di medicina ha sia programmi di medicina inglese che di medicina turca. Entrambi i programmi sono accreditati dall&#8217;ente nazionale accreditato WFME, TEPDAD. La Prof.ssa Dr. Sevil \u0130lhan, vicepreside per l&#8217;istruzione e farmacologa, sar\u00e0 coinvolta attivamente nell&#8217;attuazione del processo in quanto \u00e8 presidente del Consiglio per lo sviluppo del curriculum, del Consiglio di valutazione e valutazione, del Consiglio dei coordinatori di fase, nonch\u00e9 coordinatrice della Fase III. Inoltre sta lavorando al Consiglio dell&#8217;Istruzione Superiore<\/p><p>2- La Facolt\u00e0 di Medicina dell&#8217;Universit\u00e0 di Gazi, Dipartimento di Sanit\u00e0 Pubblica, ha 20 residenti, 6 accademici ed \u00e8 stata coinvolta attivamente in molte procedure di sviluppo di programmi educativi come l&#8217;apprendimento basato sui problemi, l&#8217;apprendimento di competenze cliniche, la medicina basata sull&#8217;evidenza e studi sul campo. Prof. Dr. Secil Ozkan del Dipartimento di sanit\u00e0 pubblica, poich\u00e9 ha sia la laurea in medicina che il master in gestione e supervisione dell&#8217;istruzione. Ha lavorato come Presidente del Ministero della Salute della Repubblica di Turchia, Istituto di sanit\u00e0 pubblica, \u00e8 stata responsabile dell&#8217;assunzione di 10.000 medici in tutta la Turchia, cos\u00ec ha avuto l&#8217;opportunit\u00e0 di esaminare questioni sul campo\/rurali sia in ambito sanitario che medico aspetti. Sempre dal 2015 \u00e8 coinvolta nel Consiglio per le Politiche Sanitarie del Ministero della Salute, Consiglio Didattico sia per la formazione universitaria che post-universitaria. Le aree centrali dei suoi studi riguardano lo sviluppo della salute; Applicazione delle informazioni sanitarie e sostenibilit\u00e0 dell\u2019assistenza sanitaria. Ha anche lavorato in studi di sensibilizzazione sull&#8217;alfabetizzazione sanitaria nei corsi universitari e post-laurea di alfabetizzazione sanitaria, nonch\u00e9 nei corsi pubblici. \u00c8 uno staff accademico di successo in collaborazione con le parti interessate; project management e ricerca in progetti internazionali. Attualmente lavora nel Curriculum Development Council della facolt\u00e0 di medicina. Sar\u00e0 coinvolta nel progetto per la gestione e la collaborazione con gli stakeholder.<\/p><p>3- Associazione europea degli studenti di medicina &#8211; Organizzazione membro di Gazi, Federazione internazionale delle associazioni degli studenti di medicina (IFMSA) &#8211; Rappresentanza locale di Gazi in Turchia, che sono club di studenti di medicina che lavorano attivamente per un&#8217;ulteriore difesa dello sviluppo della salute. Ihsan Selcuk Yurttas dell&#8217;Associazione europea degli studenti di medicina (EMSA) &#8211; Organizzazione membro Gazi, \u00e8 un formatore per giovani di educazione medica certificato IFMSA. Tiene attivamente sessioni di formazione sullo sviluppo dei programmi di studio e sul patrocinio in tutta Europa. \u00c8 membro del Consiglio di autovalutazione, del Consiglio per le applicazioni della didattica medica digitale e del Consiglio dei rappresentanti degli studenti nella facolt\u00e0 di medicina. \u00c8 un utente di computer molto esperto, soprattutto nello sviluppo di contenuti visivi come animazioni e video. \u00c8 stato uno dei contributori del documento politico adottato dall&#8217;EMSA, Health Literacy in Medical Education, accettato anche dall&#8217;OMS Europa. \u00c8 caporedattore della rivista ufficiale dell\u2019EMSA, EuroMeds, membro del comitato esecutivo del capitolo turco dell\u2019EMSA, fondatore della ONG EMSA Turchia. Sar\u00e0 responsabile della sensibilizzazione, dello sviluppo IT per le piattaforme di e-learning e OER e della diffusione internazionale utilizzando i canali EMSA e IFMSA.<\/p>\t\t\t\t\t\t\t\t<\/div>\n\t\t\t\t<\/div>\n\t\t\t\t\t<\/div>\n\t\t<\/div>\n\t\t\t\t\t<\/div>\n\t\t<\/section>\n\t\t\t\t<\/div>\n\t\t","protected":false},"excerpt":{"rendered":"<p>Universit\u00e0 Gazi Presso l\u2019Universit\u00e0 Gazi, la Facolt\u00e0 di Medicina, il Dipartimento di Sanit\u00e0 Pubblica, l\u2019Associazione Europea degli Studenti di Medicina \u2013 Organizzazione Membro di Gazi, la Federazione Internazionale delle Associazione degli Studenti di Medicina \u2013 la Rappresentanza Locale di Gazi in Turchia lavoreranno attivamente al progetto. 1- La nostra facolt\u00e0 di medicina ha sia programmi [&hellip;]<\/p>\n","protected":false},"author":1,"featured_media":0,"parent":0,"menu_order":0,"comment_status":"closed","ping_status":"closed","template":"","meta":{"inline_featured_image":false,"footnotes":""},"class_list":["post-2189","page","type-page","status-publish","hentry"],"_links":{"self":[{"href":"https:\/\/www.helemeu.org\/it\/wp-json\/wp\/v2\/pages\/2189","targetHints":{"allow":["GET"]}}],"collection":[{"href":"https:\/\/www.helemeu.org\/it\/wp-json\/wp\/v2\/pages"}],"about":[{"href":"https:\/\/www.helemeu.org\/it\/wp-json\/wp\/v2\/types\/page"}],"author":[{"embeddable":true,"href":"https:\/\/www.helemeu.org\/it\/wp-json\/wp\/v2\/users\/1"}],"replies":[{"embeddable":true,"href":"https:\/\/www.helemeu.org\/it\/wp-json\/wp\/v2\/comments?post=2189"}],"version-history":[{"count":0,"href":"https:\/\/www.helemeu.org\/it\/wp-json\/wp\/v2\/pages\/2189\/revisions"}],"wp:attachment":[{"href":"https:\/\/www.helemeu.org\/it\/wp-json\/wp\/v2\/media?parent=2189"}],"curies":[{"name":"wp","href":"https:\/\/api.w.org\/{rel}","templated":true}]}}