{"id":2208,"date":"2023-01-13T11:59:14","date_gmt":"2023-01-13T11:59:14","guid":{"rendered":"https:\/\/www.helemeu.org\/hacettepe-university\/"},"modified":"2023-10-12T07:17:04","modified_gmt":"2023-10-12T07:17:04","slug":"universita-hacettepe","status":"publish","type":"page","link":"https:\/\/www.helemeu.org\/it\/universita-hacettepe\/","title":{"rendered":"Universit\u00e0 Hacettepe"},"content":{"rendered":"\t\t<div data-elementor-type=\"wp-page\" data-elementor-id=\"2208\" class=\"elementor elementor-2208 elementor-442\" data-elementor-post-type=\"page\">\n\t\t\t\t\t\t<section class=\"elementor-section elementor-top-section elementor-element elementor-element-1c08b0ca elementor-section-boxed elementor-section-height-default elementor-section-height-default\" data-id=\"1c08b0ca\" data-element_type=\"section\" data-e-type=\"section\" data-settings=\"{&quot;background_background&quot;:&quot;classic&quot;}\">\n\t\t\t\t\t\t<div class=\"elementor-container elementor-column-gap-default\">\n\t\t\t\t\t<div class=\"elementor-column elementor-col-100 elementor-top-column elementor-element elementor-element-16217045\" data-id=\"16217045\" data-element_type=\"column\" data-e-type=\"column\">\n\t\t\t<div class=\"elementor-widget-wrap elementor-element-populated\">\n\t\t\t\t\t\t<div class=\"elementor-element elementor-element-e131448 elementor-widget elementor-widget-heading\" data-id=\"e131448\" data-element_type=\"widget\" data-e-type=\"widget\" data-widget_type=\"heading.default\">\n\t\t\t\t<div class=\"elementor-widget-container\">\n\t\t\t\t\t<h2 class=\"elementor-heading-title elementor-size-default\">Universit\u00e0 Hacettepe<\/h2>\t\t\t\t<\/div>\n\t\t\t\t<\/div>\n\t\t\t\t\t<\/div>\n\t\t<\/div>\n\t\t\t\t\t<\/div>\n\t\t<\/section>\n\t\t\t\t<section class=\"elementor-section elementor-top-section elementor-element elementor-element-abbf0d8 elementor-section-boxed elementor-section-height-default elementor-section-height-default\" data-id=\"abbf0d8\" data-element_type=\"section\" data-e-type=\"section\">\n\t\t\t\t\t\t<div class=\"elementor-container elementor-column-gap-default\">\n\t\t\t\t\t<div class=\"elementor-column elementor-col-100 elementor-top-column elementor-element elementor-element-8bdefcb\" data-id=\"8bdefcb\" data-element_type=\"column\" data-e-type=\"column\">\n\t\t\t<div class=\"elementor-widget-wrap elementor-element-populated\">\n\t\t\t\t\t\t<div class=\"elementor-element elementor-element-9f6c3c6 elementor-widget elementor-widget-image\" data-id=\"9f6c3c6\" data-element_type=\"widget\" data-e-type=\"widget\" data-widget_type=\"image.default\">\n\t\t\t\t<div class=\"elementor-widget-container\">\n\t\t\t\t\t\t\t\t\t\t\t\t\t\t\t<img fetchpriority=\"high\" decoding=\"async\" width=\"300\" height=\"300\" src=\"https:\/\/www.helemeu.org\/wp-content\/uploads\/2023\/01\/hacettepe-logo.png\" class=\"attachment-full size-full wp-image-212\" alt=\"\" srcset=\"https:\/\/www.helemeu.org\/wp-content\/uploads\/2023\/01\/hacettepe-logo.png 300w, https:\/\/www.helemeu.org\/wp-content\/uploads\/2023\/01\/hacettepe-logo-150x150.png 150w\" sizes=\"(max-width: 300px) 100vw, 300px\" \/>\t\t\t\t\t\t\t\t\t\t\t\t\t\t\t<\/div>\n\t\t\t\t<\/div>\n\t\t\t\t<div class=\"elementor-element elementor-element-e3ae43d elementor-widget elementor-widget-text-editor\" data-id=\"e3ae43d\" data-element_type=\"widget\" data-e-type=\"widget\" data-widget_type=\"text-editor.default\">\n\t\t\t\t<div class=\"elementor-widget-container\">\n\t\t\t\t\t\t\t\t\t<p>L&#8217;Universit\u00e0 Hacettepe realizza il Programma Erasmus dal 2004 attraverso una stretta collaborazione con tutte le unit\u00e0 accademiche e amministrative. Nell&#8217;ambito del Programma, il sostegno al progetto viene fornito a tutti i dipartimenti, agli studenti e al personale accademico dal Project Support Office e questi sono incoraggiati a creare e partecipare ai progetti. Crediamo nel potenziale di ciascuno di loro, indipendentemente dal loro background. Ogni progetto \u00e8 un&#8217;opportunit\u00e0 ideale per aprire la propria mente, conoscere e comprendere il significato della collaborazione culturale coinvolgendosi in diversi tipi di aspetti.<\/p><p>L&#8217;Universit\u00e0 di Hacettepe, la Facolt\u00e0 di Medicina e l&#8217;Istituto di Sanit\u00e0 Pubblica hanno numerose attivit\u00e0 e una vasta gamma di esperienze nella conduzione di progetti. L&#8217;Istituto ha esperienza nella conduzione di ricerche quantitative e qualitative tra diversi gruppi di popolazione e tra professionisti sanitari e nello sviluppo di materiali informativi, educativi e comunicativi sia per il pubblico che per gli operatori sanitari su vari argomenti di sanit\u00e0 pubblica.<\/p><p>Il Dipartimento di Educazione Medica e Informatica \u00e8 un dipartimento pionieristico in Turchia per lo sviluppo e l&#8217;implementazione di programmi innovativi in diverse parti del curriculum medico come capacit\u00e0 di comunicazione, simulazione, apprendimento interprofessionale e formazione clinica.<\/p><p>Alcune delle competenze e competenze delle persone chiave sono le seguenti:<\/p><p>Il Prof. Dr. Sarp Uner \u00e8 un medico con un dottorato in sanit\u00e0 pubblica\/amministrazione sanitaria. Le principali aree di interesse del Dr.Uner sono la pianificazione sanitaria e l&#8217;erogazione dei servizi, le risorse umane sanitarie, la ricerca sull&#8217;assistenza sanitaria di base. Dal 2000 ha lavorato come ricercatore e consulente in diversi progetti finanziati da diverse agenzie nazionali, nonch\u00e9 in progetti finanziati dall&#8217;OMS, dall&#8217;UNFPA, dalla Banca Mondiale e dall&#8217;UNDP. Ha all&#8217;attivo diverse pubblicazioni scientifiche su una vasta gamma di questioni relative alla sanit\u00e0 pubblica e all&#8217;amministrazione sanitaria. esperienza nello sviluppo di materiali IEC per il pubblico e il personale sanitario.<\/p><p>Il Prof. Dr. Sevgi Turan ha un Master in educazione sanitaria e un dottorato di ricerca in sviluppo e istruzione del curriculum. I suoi interessi di ricerca riguardano l&#8217;educazione sanitaria, le capacit\u00e0 di apprendimento, l&#8217;apprendimento autoregolato, lo sviluppo del curriculum, la valutazione e la misurazione nell&#8217;educazione medica. Ha all&#8217;attivo diverse pubblicazioni scientifiche in materia di educazione e apprendimento sanitario, sviluppo del curriculum, valutazione nella formazione medica. Lavora attivamente anche nell&#8217;Associazione per la valutazione e l&#8217;accreditamento dei programmi di formazione medica e nell&#8217;Associazione per lo sviluppo della formazione medica, Turchia.<\/p><p>Il Prof. Dr. Hilal Ozcebe \u00e8 un medico e specialista in sanit\u00e0 pubblica e ha un dottorato di ricerca in Salute della famiglia. Il suo interesse riguarda i programmi di promozione della salute, la ricerca sull&#8217;assistenza sanitaria di base, la salute dei bambini e degli adolescenti, i programmi di prevenzione degli infortuni e della violenza. Il Prof. Ozcebe ha partecipato a progetti nazionali e internazionali sui servizi sanitari primari e sui programmi di promozione della salute. \u00c8 stata coinvolta in diversi programmi di formazione in qualit\u00e0 di coordinatore e anche consulente nazionale per diversi programmi di formazione del Ministero della Salute.<\/p>\t\t\t\t\t\t\t\t<\/div>\n\t\t\t\t<\/div>\n\t\t\t\t\t<\/div>\n\t\t<\/div>\n\t\t\t\t\t<\/div>\n\t\t<\/section>\n\t\t\t\t<\/div>\n\t\t","protected":false},"excerpt":{"rendered":"<p>Universit\u00e0 Hacettepe L&#8217;Universit\u00e0 Hacettepe realizza il Programma Erasmus dal 2004 attraverso una stretta collaborazione con tutte le unit\u00e0 accademiche e amministrative. Nell&#8217;ambito del Programma, il sostegno al progetto viene fornito a tutti i dipartimenti, agli studenti e al personale accademico dal Project Support Office e questi sono incoraggiati a creare e partecipare ai progetti. Crediamo [&hellip;]<\/p>\n","protected":false},"author":1,"featured_media":0,"parent":0,"menu_order":0,"comment_status":"closed","ping_status":"closed","template":"","meta":{"inline_featured_image":false,"footnotes":""},"class_list":["post-2208","page","type-page","status-publish","hentry"],"_links":{"self":[{"href":"https:\/\/www.helemeu.org\/it\/wp-json\/wp\/v2\/pages\/2208","targetHints":{"allow":["GET"]}}],"collection":[{"href":"https:\/\/www.helemeu.org\/it\/wp-json\/wp\/v2\/pages"}],"about":[{"href":"https:\/\/www.helemeu.org\/it\/wp-json\/wp\/v2\/types\/page"}],"author":[{"embeddable":true,"href":"https:\/\/www.helemeu.org\/it\/wp-json\/wp\/v2\/users\/1"}],"replies":[{"embeddable":true,"href":"https:\/\/www.helemeu.org\/it\/wp-json\/wp\/v2\/comments?post=2208"}],"version-history":[{"count":0,"href":"https:\/\/www.helemeu.org\/it\/wp-json\/wp\/v2\/pages\/2208\/revisions"}],"wp:attachment":[{"href":"https:\/\/www.helemeu.org\/it\/wp-json\/wp\/v2\/media?parent=2208"}],"curies":[{"name":"wp","href":"https:\/\/api.w.org\/{rel}","templated":true}]}}