{"id":2227,"date":"2023-01-13T12:02:22","date_gmt":"2023-01-13T12:02:22","guid":{"rendered":"https:\/\/www.helemeu.org\/maastricht-university-um\/"},"modified":"2023-10-12T07:22:38","modified_gmt":"2023-10-12T07:22:38","slug":"universita-di-maastricht","status":"publish","type":"page","link":"https:\/\/www.helemeu.org\/it\/universita-di-maastricht\/","title":{"rendered":"Universit\u00e0 di Maastricht"},"content":{"rendered":"\t\t<div data-elementor-type=\"wp-page\" data-elementor-id=\"2227\" class=\"elementor elementor-2227 elementor-450\" data-elementor-post-type=\"page\">\n\t\t\t\t\t\t<section class=\"elementor-section elementor-top-section elementor-element elementor-element-4660a239 elementor-section-boxed elementor-section-height-default elementor-section-height-default\" data-id=\"4660a239\" data-element_type=\"section\" data-e-type=\"section\" data-settings=\"{&quot;background_background&quot;:&quot;classic&quot;}\">\n\t\t\t\t\t\t<div class=\"elementor-container elementor-column-gap-default\">\n\t\t\t\t\t<div class=\"elementor-column elementor-col-100 elementor-top-column elementor-element elementor-element-3ec6e145\" data-id=\"3ec6e145\" data-element_type=\"column\" data-e-type=\"column\">\n\t\t\t<div class=\"elementor-widget-wrap elementor-element-populated\">\n\t\t\t\t\t\t<div class=\"elementor-element elementor-element-57aef5a6 elementor-widget elementor-widget-heading\" data-id=\"57aef5a6\" data-element_type=\"widget\" data-e-type=\"widget\" data-widget_type=\"heading.default\">\n\t\t\t\t<div class=\"elementor-widget-container\">\n\t\t\t\t\t<h2 class=\"elementor-heading-title elementor-size-default\">Universit\u00e0 di Maastricht<\/h2>\t\t\t\t<\/div>\n\t\t\t\t<\/div>\n\t\t\t\t\t<\/div>\n\t\t<\/div>\n\t\t\t\t\t<\/div>\n\t\t<\/section>\n\t\t\t\t<section class=\"elementor-section elementor-top-section elementor-element elementor-element-c20e516 elementor-section-boxed elementor-section-height-default elementor-section-height-default\" data-id=\"c20e516\" data-element_type=\"section\" data-e-type=\"section\">\n\t\t\t\t\t\t<div class=\"elementor-container elementor-column-gap-default\">\n\t\t\t\t\t<div class=\"elementor-column elementor-col-100 elementor-top-column elementor-element elementor-element-2fc12cd\" data-id=\"2fc12cd\" data-element_type=\"column\" data-e-type=\"column\">\n\t\t\t<div class=\"elementor-widget-wrap elementor-element-populated\">\n\t\t\t\t\t\t<div class=\"elementor-element elementor-element-aa439eb elementor-widget elementor-widget-image\" data-id=\"aa439eb\" data-element_type=\"widget\" data-e-type=\"widget\" data-widget_type=\"image.default\">\n\t\t\t\t<div class=\"elementor-widget-container\">\n\t\t\t\t\t\t\t\t\t\t\t\t\t\t\t<img fetchpriority=\"high\" decoding=\"async\" width=\"300\" height=\"300\" src=\"https:\/\/www.helemeu.org\/wp-content\/uploads\/2023\/01\/maastricht-logo.png\" class=\"attachment-full size-full wp-image-215\" alt=\"\" srcset=\"https:\/\/www.helemeu.org\/wp-content\/uploads\/2023\/01\/maastricht-logo.png 300w, https:\/\/www.helemeu.org\/wp-content\/uploads\/2023\/01\/maastricht-logo-150x150.png 150w\" sizes=\"(max-width: 300px) 100vw, 300px\" \/>\t\t\t\t\t\t\t\t\t\t\t\t\t\t\t<\/div>\n\t\t\t\t<\/div>\n\t\t\t\t<div class=\"elementor-element elementor-element-1f7cdf7 elementor-widget elementor-widget-text-editor\" data-id=\"1f7cdf7\" data-element_type=\"widget\" data-e-type=\"widget\" data-widget_type=\"text-editor.default\">\n\t\t\t\t<div class=\"elementor-widget-container\">\n\t\t\t\t\t\t\t\t\t<p>L&#8217;Universit\u00e0 di Maastricht (UM) \u00e8 stata fondata nel 1976, il che la rende la pi\u00f9 giovane universit\u00e0 olandese. L&#8217;UM \u00e8 situata nell&#8217;estremo sud dei Paesi Bassi, confina con Belgio e Germania e in una posizione geograficamente centrale nell&#8217;Europa occidentale. Le attivit\u00e0 di ricerca e formazione dell\u2019Universit\u00e0 di Maastricht si concentrano su questioni legate allo sviluppo della societ\u00e0: scienze della vita, innovazione e governance. La ricerca presso l&#8217;UM \u00e8 spesso intrapresa da team multidisciplinari che lavorano su temi sociali rilevanti, in stretta collaborazione con istituti, imprese e industrie internazionali. L&#8217;UM ottiene 88 punti nella classifica delle universit\u00e0 mondiali e 14 per l&#8217;internazionalizzazione.<\/p><p>La Facolt\u00e0 di Salute, Medicina e Scienze della Vita (FHML) mira alla ricerca e all&#8217;istruzione multidisciplinare di alta qualit\u00e0 nel campo della sanit\u00e0 pubblica europea, delle scienze della salute, delle scienze della vita e della medicina. Tutti i programmi educativi della FHML sono radicati in programmi di ricerca riconosciuti esternamente.<\/p><p>L&#8217;Universit\u00e0 di Maastricht si distingue per il suo approccio innovativo all&#8217;apprendimento utilizzando la metodologia basata sui problemi e la prospettiva internazionale. Con 13.100 studenti e 3.500 dipendenti, l&#8217;UM offre programmi unici di orientamento internazionale tenuti in inglese. Quasi il 44% degli studenti e il 30% del personale docente provengono dall&#8217;estero e le tematiche europee e internazionali sono profondamente radicate nella ricerca e nell&#8217;istruzione.<\/p><p>L&#8217;Istituto di Formazione della Facolt\u00e0 di Medicina Sanitaria e Scienze della Vita che sar\u00e0 responsabile della gestione finanziaria del progetto. \u00c8 responsabile del contenuto (qualit\u00e0 e innovazione) dell&#8217;offerta formativa erogata dall&#8217;intera Facolt\u00e0, nonch\u00e9 del personale, della logistica, della gestione e della pianificazione. Il direttore scientifico dell\u2019istituto \u00e8 integralmente responsabile del suo funzionamento. La direzione \u00e8 responsabile di tutte le questioni che hanno a che fare con i programmi di studio, la garanzia della qualit\u00e0 all&#8217;interno dei vari programmi; e la coerenza e la sincronizzazione tra i vari programmi di laurea e tra i programmi di laurea e master.<\/p>\t\t\t\t\t\t\t\t<\/div>\n\t\t\t\t<\/div>\n\t\t\t\t\t<\/div>\n\t\t<\/div>\n\t\t\t\t\t<\/div>\n\t\t<\/section>\n\t\t\t\t<\/div>\n\t\t","protected":false},"excerpt":{"rendered":"<p>Universit\u00e0 di Maastricht L&#8217;Universit\u00e0 di Maastricht (UM) \u00e8 stata fondata nel 1976, il che la rende la pi\u00f9 giovane universit\u00e0 olandese. L&#8217;UM \u00e8 situata nell&#8217;estremo sud dei Paesi Bassi, confina con Belgio e Germania e in una posizione geograficamente centrale nell&#8217;Europa occidentale. Le attivit\u00e0 di ricerca e formazione dell\u2019Universit\u00e0 di Maastricht si concentrano su questioni [&hellip;]<\/p>\n","protected":false},"author":1,"featured_media":0,"parent":0,"menu_order":0,"comment_status":"closed","ping_status":"closed","template":"","meta":{"inline_featured_image":false,"footnotes":""},"class_list":["post-2227","page","type-page","status-publish","hentry"],"_links":{"self":[{"href":"https:\/\/www.helemeu.org\/it\/wp-json\/wp\/v2\/pages\/2227","targetHints":{"allow":["GET"]}}],"collection":[{"href":"https:\/\/www.helemeu.org\/it\/wp-json\/wp\/v2\/pages"}],"about":[{"href":"https:\/\/www.helemeu.org\/it\/wp-json\/wp\/v2\/types\/page"}],"author":[{"embeddable":true,"href":"https:\/\/www.helemeu.org\/it\/wp-json\/wp\/v2\/users\/1"}],"replies":[{"embeddable":true,"href":"https:\/\/www.helemeu.org\/it\/wp-json\/wp\/v2\/comments?post=2227"}],"version-history":[{"count":0,"href":"https:\/\/www.helemeu.org\/it\/wp-json\/wp\/v2\/pages\/2227\/revisions"}],"wp:attachment":[{"href":"https:\/\/www.helemeu.org\/it\/wp-json\/wp\/v2\/media?parent=2227"}],"curies":[{"name":"wp","href":"https:\/\/api.w.org\/{rel}","templated":true}]}}