{"id":2283,"date":"2023-01-13T12:08:57","date_gmt":"2023-01-13T12:08:57","guid":{"rendered":"https:\/\/www.helemeu.org\/the-university-of-murcia-umu\/"},"modified":"2023-10-12T07:39:20","modified_gmt":"2023-10-12T07:39:20","slug":"luniversita-di-murcia","status":"publish","type":"page","link":"https:\/\/www.helemeu.org\/it\/luniversita-di-murcia\/","title":{"rendered":"L&#8217;Universit\u00e0 di Murcia"},"content":{"rendered":"\t\t<div data-elementor-type=\"wp-page\" data-elementor-id=\"2283\" class=\"elementor elementor-2283 elementor-465\" data-elementor-post-type=\"page\">\n\t\t\t\t\t\t<section class=\"elementor-section elementor-top-section elementor-element elementor-element-71f3c80c elementor-section-boxed elementor-section-height-default elementor-section-height-default\" data-id=\"71f3c80c\" data-element_type=\"section\" data-e-type=\"section\" data-settings=\"{&quot;background_background&quot;:&quot;classic&quot;}\">\n\t\t\t\t\t\t<div class=\"elementor-container elementor-column-gap-default\">\n\t\t\t\t\t<div class=\"elementor-column elementor-col-100 elementor-top-column elementor-element elementor-element-2392e48c\" data-id=\"2392e48c\" data-element_type=\"column\" data-e-type=\"column\">\n\t\t\t<div class=\"elementor-widget-wrap elementor-element-populated\">\n\t\t\t\t\t\t<div class=\"elementor-element elementor-element-c7ad37e elementor-widget elementor-widget-heading\" data-id=\"c7ad37e\" data-element_type=\"widget\" data-e-type=\"widget\" data-widget_type=\"heading.default\">\n\t\t\t\t<div class=\"elementor-widget-container\">\n\t\t\t\t\t<h2 class=\"elementor-heading-title elementor-size-default\">L'Universit\u00e0 di Murcia<\/h2>\t\t\t\t<\/div>\n\t\t\t\t<\/div>\n\t\t\t\t\t<\/div>\n\t\t<\/div>\n\t\t\t\t\t<\/div>\n\t\t<\/section>\n\t\t\t\t<section class=\"elementor-section elementor-top-section elementor-element elementor-element-1236f8c elementor-section-boxed elementor-section-height-default elementor-section-height-default\" data-id=\"1236f8c\" data-element_type=\"section\" data-e-type=\"section\">\n\t\t\t\t\t\t<div class=\"elementor-container elementor-column-gap-default\">\n\t\t\t\t\t<div class=\"elementor-column elementor-col-100 elementor-top-column elementor-element elementor-element-96c8842\" data-id=\"96c8842\" data-element_type=\"column\" data-e-type=\"column\">\n\t\t\t<div class=\"elementor-widget-wrap elementor-element-populated\">\n\t\t\t\t\t\t<div class=\"elementor-element elementor-element-14c13bf elementor-widget elementor-widget-image\" data-id=\"14c13bf\" data-element_type=\"widget\" data-e-type=\"widget\" data-widget_type=\"image.default\">\n\t\t\t\t<div class=\"elementor-widget-container\">\n\t\t\t\t\t\t\t\t\t\t\t\t\t\t\t<img fetchpriority=\"high\" decoding=\"async\" width=\"300\" height=\"300\" src=\"https:\/\/www.helemeu.org\/wp-content\/uploads\/2023\/01\/murcia-logo.png\" class=\"attachment-full size-full wp-image-216\" alt=\"\" srcset=\"https:\/\/www.helemeu.org\/wp-content\/uploads\/2023\/01\/murcia-logo.png 300w, https:\/\/www.helemeu.org\/wp-content\/uploads\/2023\/01\/murcia-logo-150x150.png 150w\" sizes=\"(max-width: 300px) 100vw, 300px\" \/>\t\t\t\t\t\t\t\t\t\t\t\t\t\t\t<\/div>\n\t\t\t\t<\/div>\n\t\t\t\t<div class=\"elementor-element elementor-element-af08d8c elementor-widget elementor-widget-text-editor\" data-id=\"af08d8c\" data-element_type=\"widget\" data-e-type=\"widget\" data-widget_type=\"text-editor.default\">\n\t\t\t\t<div class=\"elementor-widget-container\">\n\t\t\t\t\t\t\t\t\t<p>L&#8217;Universit\u00e0 di Murcia (UMU) \u00e8 un&#8217;istituzione internazionale con oltre cento anni alle spalle, anche se le sue origini risalgono al XII secolo. Oggi ospita pi\u00f9 di 30.000 studenti (di cui 2.000 stranieri), 3.000 ricercatori e docenti e un personale amministrativo di 1.200 persone. L&#8217;UMU \u00e8 un punto di riferimento per l&#8217;istruzione superiore nel sud-est della Spagna. Allo stesso tempo \u00e8 un volano nella societ\u00e0 del bacino del Mediterraneo grazie al suo Campus de Excelencia Internacional Mare Nostrum (CMN).<\/p><p>OFFERTA ACCADEMICA. L&#8217;UMU \u00e8 un&#8217;universit\u00e0 statale all-inclusive che offre 60 titoli di studio \u2013 cinque dei quali doppi gradi \u2013 72 master e 36 dottorati di ricerca in belle arti e studi umanistici, ingegneria, scienze della salute, scienze, scienze sociali e diritto. L&#8217;UMU vanta 21 centri universitari in 5 campus. Inoltre, l&#8217;Universidad Internacional del Mar (UNIMAR) offre un centinaio di corsi estivi in diversi ambiti del sapere.<\/p><p>RICERCA ALL&#8217;UMU. L&#8217;Universit\u00e0 di Murcia \u00e8 orientata all&#8217;eccellenza accademica ed \u00e8 un attore chiave nel mondo della ricerca con i suoi 350 gruppi di ricerca, 4 centri e istituzioni di ricerca, l&#8217;Ufficio per progetti di ricerca internazionali OPERUM e una stretta collaborazione con l&#8217;industria nazionale e internazionale. L&#8217;UMU vanta riconoscimenti a livello internazionale mentre la sua qualit\u00e0 \u00e8 comprovata dalle pi\u00f9 importanti certificazioni: ad esempio, la Facolt\u00e0 di Scienze della Formazione \u00e8 l&#8217;unica in Europa a possedere il Certificato ECA per la Qualit\u00e0 nell&#8217;Internazionalizzazione (2016); e Scienze informatiche, Biologia e Scienze veterinarie hanno tutti ricevuto accreditamenti nazionali e internazionali. Altrove, il nostro ufficio internazionale detiene il sigillo EFQM per i sistemi di gestione della qualit\u00e0.<\/p><p>INTERNAZIONALIZZAZIONE. L&#8217;UMU ha firmato accordi con oltre 900 universit\u00e0 in tutto il mondo. Con oltre 20 anni di esperienza, sia l&#8217;Ufficio Internazionale che l&#8217;Ufficio di Ricerca OPERUM sono molto attivi e hanno una vasta esperienza nell&#8217;ospitare progetti di cooperazione e ricerca europei e internazionali e nella promozione dell&#8217;eccellenza della ricerca. Ogni anno 2.000 persone partecipano ai nostri programmi di mobilit\u00e0, rendendo l&#8217;UMU leader regionale nell&#8217;internazionalizzazione e attore chiave nell&#8217;area del Mediterraneo. L&#8217;UMU accoglie studenti di pi\u00f9 di 50 nazionalit\u00e0 grazie al Programma Erasmus+ e ad accordi e programmi specifici con universit\u00e0 dell&#8217;America Latina, del Nord America, dell&#8217;Africa e dell&#8217;Asia. La nostra universit\u00e0 offre 4 corsi di laurea in inglese (Giurisprudenza, Gestione e amministrazione aziendale, Educazione scolastica primaria e Studi inglesi) e 3 programmi post-laurea (Biologia e tecnologia della riproduzione dei mammiferi, Nuove tecnologie informatiche e Fisica).<\/p><p>UNIVERSIT\u00c0 DIGITALE. L&#8217;UMU \u00e8 un&#8217;universit\u00e0 pioniera e leader nel sistema universitario spagnolo nell&#8217;implementazione dell&#8217;amministrazione elettronica, offrendo un&#8217;ampia gamma di servizi digitali e con strategie ben definite per diventare un&#8217;universit\u00e0 digitale, come confermato dal nostro Piano di trasformazione digitale.<\/p><p>CONNESSIONE CON IL MERCATO DEL LAVORO. Gli studenti dell&#8217;UMU continuano a perseguire la propria formazione accademica e sviluppare le proprie competenze professionali attraverso l&#8217;offerta di programmi di stage. L\u2019ufficio per l\u2019imprenditorialit\u00e0 \u201cUMUemprende\u201d favorisce la creazione di imprese basate sull\u2019applicazione della ricerca scientifica o tecnologica e dei risultati della conoscenza (spinoff), nonch\u00e9 lo sviluppo di progetti innovativi, favorendo il collegamento dell\u2019Universit\u00e0 con la societ\u00e0.<\/p><p>ATTENZIONE ALLA DIVERSIT\u00c0. L&#8217;UMU \u00e8 l&#8217;universit\u00e0 spagnola con il secondo maggior numero di studenti con disabilit\u00e0. Attraverso il suo servizio di diversit\u00e0 e volontariato, l&#8217;Universit\u00e0 partecipa al programma &#8220;Campus inclusivo&#8221; finanziato dal governo spagnolo, dall&#8217;ONCE e dalla Fundaci\u00f3n REPSOL, ed \u00e8 stata riconosciuta come la migliore organizzazione del settore pubblico Telef\u00f3nica Ability Awards, il principale premio nel settore dell\u2019accessibilit\u00e0 e dell\u2019integrazione delle persone con disabilit\u00e0.<\/p><p>SVILUPPO SOSTENIBILE. L\u2019UMU \u00e8 fortemente impegnata nello sviluppo sostenibile attraverso l\u2019iniziativa \u201cODSesiones\u201d, un progetto di promozione e sensibilizzazione sui 17 Obiettivi di Sviluppo Sostenibile delle Nazioni Unite, e attraverso il suo \u201cCampus Sostenible\u201d che incorpora nuove tecnologie nello sviluppo delle energie rinnovabili per favorire il risparmio, ridurre emissioni, essere pi\u00f9 efficienti e proteggere meglio l\u2019ambiente.<\/p><p>MURCIA, UNA CITT\u00c0 PER STUDENTI. Situata nel sud-est della Spagna, la citt\u00e0 di Murcia \u00e8 la settima citt\u00e0 pi\u00f9 grande della Spagna. Il costo della vita non \u00e8 elevato e la citt\u00e0 ha molto da offrire in termini di cultura e turismo. L&#8217;UMU ha una forte presenza nella comunit\u00e0 locale e regionale e svolge un ruolo molto importante non solo nella ricerca e nell&#8217;insegnamento, ma anche nella societ\u00e0 stessa, agendo come motore sociale essenziale e come ponte strategico per ogni attivit\u00e0 di insegnamento e ricerca, nonch\u00e9 per eventuali investimenti da realizzare nella costa mediterranea.<\/p>\t\t\t\t\t\t\t\t<\/div>\n\t\t\t\t<\/div>\n\t\t\t\t\t<\/div>\n\t\t<\/div>\n\t\t\t\t\t<\/div>\n\t\t<\/section>\n\t\t\t\t<\/div>\n\t\t","protected":false},"excerpt":{"rendered":"<p>L&#8217;Universit\u00e0 di Murcia L&#8217;Universit\u00e0 di Murcia (UMU) \u00e8 un&#8217;istituzione internazionale con oltre cento anni alle spalle, anche se le sue origini risalgono al XII secolo. Oggi ospita pi\u00f9 di 30.000 studenti (di cui 2.000 stranieri), 3.000 ricercatori e docenti e un personale amministrativo di 1.200 persone. L&#8217;UMU \u00e8 un punto di riferimento per l&#8217;istruzione superiore [&hellip;]<\/p>\n","protected":false},"author":1,"featured_media":0,"parent":0,"menu_order":0,"comment_status":"closed","ping_status":"closed","template":"","meta":{"inline_featured_image":false,"footnotes":""},"class_list":["post-2283","page","type-page","status-publish","hentry"],"_links":{"self":[{"href":"https:\/\/www.helemeu.org\/it\/wp-json\/wp\/v2\/pages\/2283","targetHints":{"allow":["GET"]}}],"collection":[{"href":"https:\/\/www.helemeu.org\/it\/wp-json\/wp\/v2\/pages"}],"about":[{"href":"https:\/\/www.helemeu.org\/it\/wp-json\/wp\/v2\/types\/page"}],"author":[{"embeddable":true,"href":"https:\/\/www.helemeu.org\/it\/wp-json\/wp\/v2\/users\/1"}],"replies":[{"embeddable":true,"href":"https:\/\/www.helemeu.org\/it\/wp-json\/wp\/v2\/comments?post=2283"}],"version-history":[{"count":0,"href":"https:\/\/www.helemeu.org\/it\/wp-json\/wp\/v2\/pages\/2283\/revisions"}],"wp:attachment":[{"href":"https:\/\/www.helemeu.org\/it\/wp-json\/wp\/v2\/media?parent=2283"}],"curies":[{"name":"wp","href":"https:\/\/api.w.org\/{rel}","templated":true}]}}