{"id":2298,"date":"2023-01-13T12:10:57","date_gmt":"2023-01-13T12:10:57","guid":{"rendered":"https:\/\/www.helemeu.org\/the-university-of-health-sciences\/"},"modified":"2023-10-12T07:44:31","modified_gmt":"2023-10-12T07:44:31","slug":"luniversita-di-scienze-della-salute","status":"publish","type":"page","link":"https:\/\/www.helemeu.org\/it\/luniversita-di-scienze-della-salute\/","title":{"rendered":"L&#8217;Universit\u00e0 di Scienze della Salute"},"content":{"rendered":"\t\t<div data-elementor-type=\"wp-page\" data-elementor-id=\"2298\" class=\"elementor elementor-2298 elementor-470\" data-elementor-post-type=\"page\">\n\t\t\t\t\t\t<section class=\"elementor-section elementor-top-section elementor-element elementor-element-46778ff6 elementor-section-boxed elementor-section-height-default elementor-section-height-default\" data-id=\"46778ff6\" data-element_type=\"section\" data-e-type=\"section\" data-settings=\"{&quot;background_background&quot;:&quot;classic&quot;}\">\n\t\t\t\t\t\t<div class=\"elementor-container elementor-column-gap-default\">\n\t\t\t\t\t<div class=\"elementor-column elementor-col-100 elementor-top-column elementor-element elementor-element-3c2581dc\" data-id=\"3c2581dc\" data-element_type=\"column\" data-e-type=\"column\">\n\t\t\t<div class=\"elementor-widget-wrap elementor-element-populated\">\n\t\t\t\t\t\t<div class=\"elementor-element elementor-element-6a4430fe elementor-widget elementor-widget-heading\" data-id=\"6a4430fe\" data-element_type=\"widget\" data-e-type=\"widget\" data-widget_type=\"heading.default\">\n\t\t\t\t<div class=\"elementor-widget-container\">\n\t\t\t\t\t<h2 class=\"elementor-heading-title elementor-size-default\">L'Universit\u00e0 di Scienze della Salute<\/h2>\t\t\t\t<\/div>\n\t\t\t\t<\/div>\n\t\t\t\t\t<\/div>\n\t\t<\/div>\n\t\t\t\t\t<\/div>\n\t\t<\/section>\n\t\t\t\t<section class=\"elementor-section elementor-top-section elementor-element elementor-element-89be79f elementor-section-boxed elementor-section-height-default elementor-section-height-default\" data-id=\"89be79f\" data-element_type=\"section\" data-e-type=\"section\">\n\t\t\t\t\t\t<div class=\"elementor-container elementor-column-gap-default\">\n\t\t\t\t\t<div class=\"elementor-column elementor-col-100 elementor-top-column elementor-element elementor-element-52cd776\" data-id=\"52cd776\" data-element_type=\"column\" data-e-type=\"column\">\n\t\t\t<div class=\"elementor-widget-wrap elementor-element-populated\">\n\t\t\t\t\t\t<div class=\"elementor-element elementor-element-29002ef elementor-widget elementor-widget-image\" data-id=\"29002ef\" data-element_type=\"widget\" data-e-type=\"widget\" data-widget_type=\"image.default\">\n\t\t\t\t<div class=\"elementor-widget-container\">\n\t\t\t\t\t\t\t\t\t\t\t\t\t\t\t\t<a href=\"https:\/\/www.uhs.edu.tr\/\" target=\"_blank\">\n\t\t\t\t\t\t\t<img fetchpriority=\"high\" decoding=\"async\" width=\"300\" height=\"300\" src=\"https:\/\/www.helemeu.org\/wp-content\/uploads\/2023\/01\/saglik-bilimleri-logo-en.png\" class=\"attachment-full size-full wp-image-474\" alt=\"\" srcset=\"https:\/\/www.helemeu.org\/wp-content\/uploads\/2023\/01\/saglik-bilimleri-logo-en.png 300w, https:\/\/www.helemeu.org\/wp-content\/uploads\/2023\/01\/saglik-bilimleri-logo-en-150x150.png 150w\" sizes=\"(max-width: 300px) 100vw, 300px\" \/>\t\t\t\t\t\t\t\t<\/a>\n\t\t\t\t\t\t\t\t\t\t\t\t\t\t\t<\/div>\n\t\t\t\t<\/div>\n\t\t\t\t<div class=\"elementor-element elementor-element-097a426 elementor-widget elementor-widget-text-editor\" data-id=\"097a426\" data-element_type=\"widget\" data-e-type=\"widget\" data-widget_type=\"text-editor.default\">\n\t\t\t\t<div class=\"elementor-widget-container\">\n\t\t\t\t\t\t\t\t\t<p>L&#8217;Universit\u00e0 di Scienze della Salute (UoHS) \u00e8 la prima e unica universit\u00e0 statale fondata il 15 aprile 2015 con il tema della salute in Turchia. Inoltre, con 58 ospedali affiliati, \u00e8 facile trovare applicazione in tutte le aree sanitarie. Con questo vantaggio, realizzare la propria missione di fornire tutti i tipi di sostegno sanitario ai paesi in via di sviluppo nella strategia dell&#8217;universit\u00e0. L&#8217;Universit\u00e0 di Scienze della Salute cerca di perseguire impegni reciprocamente vantaggiosi nel mondo. Questi impegni consentono l&#8217;accesso a talenti, collaborazioni, idee, strutture e\/o finanziamenti. Consentono una migliore preparazione del nostro personale e degli studenti per comprendere il mondo, competere a livello globale e diventare leader globali nel settore sanitario. La nostra universit\u00e0 cerca di trovare collaboratori con cui vogliono lavorare, strutture di laboratorio a cui vogliono accedere, opportunit\u00e0 di ricerca e formazione che trovano attraenti. Impegnandoci a livello internazionale, possiamo monitorare i progressi degli sforzi a livello mondiale, imparare dagli altri e allo stesso tempo ampliare la nostra esperienza, fornire opportunit\u00e0 di rete globale a studenti e docenti. Inoltre, consentiamo ai nostri docenti e studenti di connettersi con aziende globali e con i nostri partner in tutto il mondo. Per noi \u00e8 importante integrarci a livello globale nella ricerca e nell\u2019istruzione e impegnarci con un partner che valorizzi la scienza e la tecnologia, la creazione e le applicazioni della conoscenza.<\/p><p>L&#8217;istruzione universitaria \u00e8 disponibile in due citt\u00e0; Istanbul e Ankara. Ad Istanbul; Facolt\u00e0 di Medicina, Facolt\u00e0 di Odontoiatria, Facolt\u00e0 di Farmacia, Facolt\u00e0 di Infermieristica, Facolt\u00e0 di Scienze della Salute, Facolt\u00e0 di Scienze della Vita e Istituto di Scienze della Salute. Complesso Gulhane ad Ankara; Facolt\u00e0 di Medicina di Gulhane, Facolt\u00e0 di Farmacia di Gulhane, Facolt\u00e0 di Medicina di Gulhane, Facolt\u00e0 di Scienze della Salute di Gulhane, Scuola di Scienze della Salute di Gulhane, Istituto di Scienze della Salute di Gulhane e Istituto di Scienze della Salute della Difesa. Il complesso Gulhane \u00e8 stato portato all&#8217;Universit\u00e0 di Scienze della Salute nel 2016.<\/p><p>L&#8217;Universit\u00e0 delle Scienze della Salute \u00e8 un&#8217;universit\u00e0 di nuova costituzione e l&#8217;unica universit\u00e0 a tema sanitario istituita in Turchia. L&#8217;affiliazione con 58 ospedali rende l&#8217;Universit\u00e0 di Scienze della Salute forte e attiva nella politica della sanit\u00e0 pubblica. Con 58 ospedali affiliati, \u00e8 facile trovare applicazione in tutte le aree sanitarie del Paese. Con questo vantaggio, realizzare la propria missione di fornire tutti i tipi di sostegno sanitario ai paesi in via di sviluppo nella strategia dell&#8217;universit\u00e0. Inoltre, la cooperazione internazionale come ambito di particolare interesse per lo sviluppo e l&#8217;affermazione dell&#8217;Universit\u00e0. Nelle Linee Guida Strategiche dell&#8217;Universit\u00e0 degli Studi di Scienze della Salute si afferma inoltre che lo sviluppo della cooperazione internazionale \u00e8 una delle priorit\u00e0 dell&#8217;Ateneo. L&#8217;Universit\u00e0 ha recentemente sviluppato diverse iniziative sull&#8217;internazionalizzazione, compreso l&#8217;obiettivo istituzionale di aumentare il numero di studenti internazionali.<\/p><p>Dipartimento di sanit\u00e0 pubblica, la Gulhane School of Medicine sembra fondata nel 2016. Ma la Gulhane School of Medicine in precedenza fungeva da accademia medica militare (Gulhane Military Medical Academy) dal 1898 e nel 2016 la facolt\u00e0 di medicina militare \u00e8 stata chiusa e ribattezzata Gulhane School of Medicine . Da allora, il dipartimento della sanit\u00e0 pubblica ha forti esperienze e radici nelle aree della sanit\u00e0 pubblica. Ora il personale accademico \u00e8 composto da 17 persone. Oggi 300 medici si laureano alla facolt\u00e0 di medicina. Inoltre, la farmacia, la dietetica e la scuola per infermieri ricevono una conferenza dal dipartimento. Presso il dipartimento si svolgono i corsi di specializzazione.<\/p><p>La Facolt\u00e0 di Odontoiatria dell&#8217;Universit\u00e0 di Scienze della Salute Gulhane si \u00e8 avanzata fino a diventare una facolt\u00e0 scientificamente pionieristica e di riferimento sin dalla sua istituzione. Ora, il numero del personale accademico \u00e8 58. L&#8217;edificio dentistico nel campus di Gulhane \u00e8 stato aperto per la prima volta nel 1946 come Istituto di odontoiatria (dentale) dell&#8217;Accademia medica militare di Gulhane. Con la Legge GATA del 17 novembre 1983 \u00e8 stato istituito l&#8217;Istituto di Scienze della Salute ed \u00e8 stato riorganizzato l&#8217;ordinamento accademico dell&#8217;Istituto di Odontoiatria come Centro di Scienze Odontoiatriche di tale unit\u00e0. Dopo il trasferimento dell&#8217;Accademia medica militare di Gulhane al Ministero della salute, nel febbraio 2017 \u00e8 stata istituita la Facolt\u00e0 di odontoiatria dell&#8217;Universit\u00e0 di Gulhane. I primi studenti universitari hanno iniziato l&#8217;istruzione nell&#8217;anno accademico 2017-2018.<\/p><p>La coordinatrice del progetto Hulya Sirin \u00e8 un medico, specialista in sanit\u00e0 pubblica e professore assistente presso il Dipartimento di sanit\u00e0 pubblica, Facolt\u00e0 di medicina di Gulhane, Universit\u00e0 di scienze della salute. Tiene lezioni universitarie e post-laurea presso le facolt\u00e0 di medicina, farmacia, scienze della salute e ostetricia. I suoi interessi riguardano la salute dei migranti, la salute mentale della comunit\u00e0, l\u2019educazione sanitaria, l\u2019alfabetizzazione sanitaria, la promozione della salute e le capacit\u00e0 di comunicazione. Ha lavorato come consigliere del presidente dell&#8217;Istituto sanitario pubblico turco e direttore generale della sanit\u00e0 pubblica presso il Ministero della sanit\u00e0 turco tra il 2013 e il 2019. Durante questi anni, ha supervisionato numerosi progetti nel campo della sanit\u00e0 pubblica (educazione sanitaria, screening neonatale, cure primarie, politiche, salute dei migranti, ecc.). Inoltre ha lavorato nella gestione delle risorse umane nel settore sanitario con il capo del dipartimento del Ministero della Salute e ha acquisito una grande esperienza nelle politiche sulla formazione dei medici e sulle questioni di salute pubblica in Turchia.<\/p><p>Derya Camur \u00e8 un medico, specialista in sanit\u00e0 pubblica e professore assistente presso il Dipartimento di sanit\u00e0 pubblica, Gulhane School of Medicine, University of Health Sciences. Ha lavorato presso il Dipartimento di Salute Ambientale, Ministero della Salute, e ha condotto numerosi progetti sulla salute ambientale e sulla responsabilit\u00e0 sanitaria multisettoriale.<\/p><p>Metin Hasde \u00e8 un medico, specialista in sanit\u00e0 pubblica e professore senior presso il Dipartimento di sanit\u00e0 pubblica, Gulhane School of Medicine, University of Health Sciences. Si interessa di salute e sicurezza sul lavoro. Ha una grande esperienza nella conduzione di molti progetti. (specialmente promozione della salute, educazione sanitaria pubblica, ecc.). \u00c8 direttore del dipartimento di sanit\u00e0 pubblica.<\/p>\t\t\t\t\t\t\t\t<\/div>\n\t\t\t\t<\/div>\n\t\t\t\t\t<\/div>\n\t\t<\/div>\n\t\t\t\t\t<\/div>\n\t\t<\/section>\n\t\t\t\t<\/div>\n\t\t","protected":false},"excerpt":{"rendered":"<p>L&#8217;Universit\u00e0 di Scienze della Salute L&#8217;Universit\u00e0 di Scienze della Salute (UoHS) \u00e8 la prima e unica universit\u00e0 statale fondata il 15 aprile 2015 con il tema della salute in Turchia. Inoltre, con 58 ospedali affiliati, \u00e8 facile trovare applicazione in tutte le aree sanitarie. Con questo vantaggio, realizzare la propria missione di fornire tutti i [&hellip;]<\/p>\n","protected":false},"author":1,"featured_media":0,"parent":0,"menu_order":0,"comment_status":"closed","ping_status":"closed","template":"","meta":{"inline_featured_image":false,"footnotes":""},"class_list":["post-2298","page","type-page","status-publish","hentry"],"_links":{"self":[{"href":"https:\/\/www.helemeu.org\/it\/wp-json\/wp\/v2\/pages\/2298","targetHints":{"allow":["GET"]}}],"collection":[{"href":"https:\/\/www.helemeu.org\/it\/wp-json\/wp\/v2\/pages"}],"about":[{"href":"https:\/\/www.helemeu.org\/it\/wp-json\/wp\/v2\/types\/page"}],"author":[{"embeddable":true,"href":"https:\/\/www.helemeu.org\/it\/wp-json\/wp\/v2\/users\/1"}],"replies":[{"embeddable":true,"href":"https:\/\/www.helemeu.org\/it\/wp-json\/wp\/v2\/comments?post=2298"}],"version-history":[{"count":0,"href":"https:\/\/www.helemeu.org\/it\/wp-json\/wp\/v2\/pages\/2298\/revisions"}],"wp:attachment":[{"href":"https:\/\/www.helemeu.org\/it\/wp-json\/wp\/v2\/media?parent=2298"}],"curies":[{"name":"wp","href":"https:\/\/api.w.org\/{rel}","templated":true}]}}