{"id":2317,"date":"2023-01-13T12:16:29","date_gmt":"2023-01-13T12:16:29","guid":{"rendered":"https:\/\/www.helemeu.org\/lokman-hekim-university\/"},"modified":"2023-10-12T07:49:22","modified_gmt":"2023-10-12T07:49:22","slug":"universita-lokman-hekim","status":"publish","type":"page","link":"https:\/\/www.helemeu.org\/it\/universita-lokman-hekim\/","title":{"rendered":"Universit\u00e0 Lokman Hekim"},"content":{"rendered":"\t\t<div data-elementor-type=\"wp-page\" data-elementor-id=\"2317\" class=\"elementor elementor-2317 elementor-483\" data-elementor-post-type=\"page\">\n\t\t\t\t\t\t<section class=\"elementor-section elementor-top-section elementor-element elementor-element-76bfa9b elementor-section-boxed elementor-section-height-default elementor-section-height-default\" data-id=\"76bfa9b\" data-element_type=\"section\" data-e-type=\"section\" data-settings=\"{&quot;background_background&quot;:&quot;classic&quot;}\">\n\t\t\t\t\t\t<div class=\"elementor-container elementor-column-gap-default\">\n\t\t\t\t\t<div class=\"elementor-column elementor-col-100 elementor-top-column elementor-element elementor-element-20d9e47f\" data-id=\"20d9e47f\" data-element_type=\"column\" data-e-type=\"column\">\n\t\t\t<div class=\"elementor-widget-wrap elementor-element-populated\">\n\t\t\t\t\t\t<div class=\"elementor-element elementor-element-3b3b29ee elementor-widget elementor-widget-heading\" data-id=\"3b3b29ee\" data-element_type=\"widget\" data-e-type=\"widget\" data-widget_type=\"heading.default\">\n\t\t\t\t<div class=\"elementor-widget-container\">\n\t\t\t\t\t<h2 class=\"elementor-heading-title elementor-size-default\">Universit\u00e0 Lokman Hekim<\/h2>\t\t\t\t<\/div>\n\t\t\t\t<\/div>\n\t\t\t\t\t<\/div>\n\t\t<\/div>\n\t\t\t\t\t<\/div>\n\t\t<\/section>\n\t\t\t\t<section class=\"elementor-section elementor-top-section elementor-element elementor-element-da4a35d elementor-section-boxed elementor-section-height-default elementor-section-height-default\" data-id=\"da4a35d\" data-element_type=\"section\" data-e-type=\"section\">\n\t\t\t\t\t\t<div class=\"elementor-container elementor-column-gap-default\">\n\t\t\t\t\t<div class=\"elementor-column elementor-col-100 elementor-top-column elementor-element elementor-element-934669e\" data-id=\"934669e\" data-element_type=\"column\" data-e-type=\"column\">\n\t\t\t<div class=\"elementor-widget-wrap elementor-element-populated\">\n\t\t\t\t\t\t<div class=\"elementor-element elementor-element-625959c elementor-widget elementor-widget-image\" data-id=\"625959c\" data-element_type=\"widget\" data-e-type=\"widget\" data-widget_type=\"image.default\">\n\t\t\t\t<div class=\"elementor-widget-container\">\n\t\t\t\t\t\t\t\t\t\t\t\t\t\t\t<img fetchpriority=\"high\" decoding=\"async\" width=\"300\" height=\"300\" src=\"https:\/\/www.helemeu.org\/wp-content\/uploads\/2023\/01\/lokman-hekim-logo.png\" class=\"attachment-full size-full wp-image-214\" alt=\"\" srcset=\"https:\/\/www.helemeu.org\/wp-content\/uploads\/2023\/01\/lokman-hekim-logo.png 300w, https:\/\/www.helemeu.org\/wp-content\/uploads\/2023\/01\/lokman-hekim-logo-150x150.png 150w\" sizes=\"(max-width: 300px) 100vw, 300px\" \/>\t\t\t\t\t\t\t\t\t\t\t\t\t\t\t<\/div>\n\t\t\t\t<\/div>\n\t\t\t\t<div class=\"elementor-element elementor-element-73bfb46 elementor-widget elementor-widget-text-editor\" data-id=\"73bfb46\" data-element_type=\"widget\" data-e-type=\"widget\" data-widget_type=\"text-editor.default\">\n\t\t\t\t<div class=\"elementor-widget-container\">\n\t\t\t\t\t\t\t\t\t<p>La Lokman Hekim University ha iniziato le sue attivit\u00e0 accademiche nell&#8217;anno accademico 2018-2019. La nostra universit\u00e0 continua l&#8217;istruzione e la formazione con 2377 studenti in 11 corsi di laurea in 5 facolt\u00e0, tra cui Facolt\u00e0 di Medicina, Facolt\u00e0 di Odontoiatria, Facolt\u00e0 di Farmacia, Facolt\u00e0 di Scienze della Salute, Facolt\u00e0 di Scienze dello Sport e Scuola Professionale di Servizi Sanitari e 11 gradi associati programmi in 1 scuola. Inoltre, il nostro Istituto di Scienze della Salute continua la sua formazione con 18 Master con tesi, 1 Master senza tesi e 9 programmi di dottorato. Ci sono 13 centri di applicazione e ricerca all&#8217;interno del Centro di applicazione e ricerca della nostra universit\u00e0.<\/p><p>Il 12 agosto 2020 la nostra Universit\u00e0 ha rilasciato i suoi primi diplomati nei programmi di Tecnico di primo soccorso e di pronto soccorso e di Tecnico di anestesia all&#8217;interno della Scuola professionale dei servizi sanitari.<\/p><p>La nostra universit\u00e0, pioniera nell&#8217;educazione sanitaria e con una cultura aziendale orientata alla ricerca e allo sviluppo; La nostra missione \u00e8 formare individui che abbiano la competenza per realizzare il proprio potenziale in tutto il mondo, che abbiano conoscenza delle informazioni e delle tecnologie dell&#8217;epoca, che producano alla luce della conoscenza scientifica, che intraprendano iniziative per contribuire al benessere locale, dell\u2019economia regionale e nazionale, che considerano e sviluppano una vita sana a livello individuale e sociale e che aderiscono ai valori etici.<\/p><p>L&#8217;esperienza di quasi un quarto di secolo del Lokman Hekim Health Group nella fornitura di servizi sanitari, il nostro personale accademico forte e multidisciplinare e il nostro essere una delle poche universit\u00e0 con un ospedale universitario tra le universit\u00e0 della Fondazione offrono ai nostri studenti la possibilit\u00e0 di fare una pratica ricca , ricerca e tirocinio, e costituiscono uno degli aspetti pi\u00f9 forti della nostra formazione.<\/p><p>Il nostro campus universitario si trova ad Ankara, nel cuore della Turchia<\/p>\t\t\t\t\t\t\t\t<\/div>\n\t\t\t\t<\/div>\n\t\t\t\t\t<\/div>\n\t\t<\/div>\n\t\t\t\t\t<\/div>\n\t\t<\/section>\n\t\t\t\t<\/div>\n\t\t","protected":false},"excerpt":{"rendered":"<p>Universit\u00e0 Lokman Hekim La Lokman Hekim University ha iniziato le sue attivit\u00e0 accademiche nell&#8217;anno accademico 2018-2019. La nostra universit\u00e0 continua l&#8217;istruzione e la formazione con 2377 studenti in 11 corsi di laurea in 5 facolt\u00e0, tra cui Facolt\u00e0 di Medicina, Facolt\u00e0 di Odontoiatria, Facolt\u00e0 di Farmacia, Facolt\u00e0 di Scienze della Salute, Facolt\u00e0 di Scienze dello [&hellip;]<\/p>\n","protected":false},"author":1,"featured_media":0,"parent":0,"menu_order":0,"comment_status":"closed","ping_status":"closed","template":"","meta":{"inline_featured_image":false,"footnotes":""},"class_list":["post-2317","page","type-page","status-publish","hentry"],"_links":{"self":[{"href":"https:\/\/www.helemeu.org\/it\/wp-json\/wp\/v2\/pages\/2317","targetHints":{"allow":["GET"]}}],"collection":[{"href":"https:\/\/www.helemeu.org\/it\/wp-json\/wp\/v2\/pages"}],"about":[{"href":"https:\/\/www.helemeu.org\/it\/wp-json\/wp\/v2\/types\/page"}],"author":[{"embeddable":true,"href":"https:\/\/www.helemeu.org\/it\/wp-json\/wp\/v2\/users\/1"}],"replies":[{"embeddable":true,"href":"https:\/\/www.helemeu.org\/it\/wp-json\/wp\/v2\/comments?post=2317"}],"version-history":[{"count":0,"href":"https:\/\/www.helemeu.org\/it\/wp-json\/wp\/v2\/pages\/2317\/revisions"}],"wp:attachment":[{"href":"https:\/\/www.helemeu.org\/it\/wp-json\/wp\/v2\/media?parent=2317"}],"curies":[{"name":"wp","href":"https:\/\/api.w.org\/{rel}","templated":true}]}}