{"id":2893,"date":"2023-01-13T13:52:50","date_gmt":"2023-01-13T13:52:50","guid":{"rendered":"https:\/\/www.helemeu.org\/contact\/"},"modified":"2023-10-12T11:59:19","modified_gmt":"2023-10-12T11:59:19","slug":"contatto","status":"publish","type":"page","link":"https:\/\/www.helemeu.org\/it\/contatto\/","title":{"rendered":"Contatto"},"content":{"rendered":"\t\t<div data-elementor-type=\"wp-page\" data-elementor-id=\"2893\" class=\"elementor elementor-2893 elementor-802\" data-elementor-post-type=\"page\">\n\t\t\t\t\t\t<section class=\"elementor-section elementor-top-section elementor-element elementor-element-407e01bf elementor-section-boxed elementor-section-height-default elementor-section-height-default\" data-id=\"407e01bf\" data-element_type=\"section\" data-e-type=\"section\" data-settings=\"{&quot;background_background&quot;:&quot;classic&quot;}\">\n\t\t\t\t\t\t<div class=\"elementor-container elementor-column-gap-default\">\n\t\t\t\t\t<div class=\"elementor-column elementor-col-100 elementor-top-column elementor-element elementor-element-50b0bfcd\" data-id=\"50b0bfcd\" data-element_type=\"column\" data-e-type=\"column\">\n\t\t\t<div class=\"elementor-widget-wrap elementor-element-populated\">\n\t\t\t\t\t\t<div class=\"elementor-element elementor-element-4824eca6 elementor-widget elementor-widget-heading\" data-id=\"4824eca6\" data-element_type=\"widget\" data-e-type=\"widget\" data-widget_type=\"heading.default\">\n\t\t\t\t<div class=\"elementor-widget-container\">\n\t\t\t\t\t<h2 class=\"elementor-heading-title elementor-size-default\">Team di progetto<\/h2>\t\t\t\t<\/div>\n\t\t\t\t<\/div>\n\t\t\t\t\t<\/div>\n\t\t<\/div>\n\t\t\t\t\t<\/div>\n\t\t<\/section>\n\t\t\t\t<section class=\"elementor-section elementor-top-section elementor-element elementor-element-395174b elementor-section-boxed elementor-section-height-default elementor-section-height-default\" data-id=\"395174b\" data-element_type=\"section\" data-e-type=\"section\">\n\t\t\t\t\t\t<div class=\"elementor-container elementor-column-gap-default\">\n\t\t\t\t\t<div class=\"elementor-column elementor-col-100 elementor-top-column elementor-element elementor-element-275b884\" data-id=\"275b884\" data-element_type=\"column\" data-e-type=\"column\">\n\t\t\t<div class=\"elementor-widget-wrap elementor-element-populated\">\n\t\t\t\t\t\t<div class=\"elementor-element elementor-element-ab637d5 elementor-widget elementor-widget-ucaddon_team_member_grid\" data-id=\"ab637d5\" data-element_type=\"widget\" data-e-type=\"widget\" data-widget_type=\"ucaddon_team_member_grid.default\">\n\t\t\t\t<div class=\"elementor-widget-container\">\n\t\t\t\t\t\n<!-- start Team Member Grid -->\n\t\t<link id='font-awesome-css' href='https:\/\/www.helemeu.org\/wp-content\/plugins\/unlimited-elements-for-elementor\/assets_libraries\/font-awesome6\/fontawesome-all.min.css' type='text\/css' rel='stylesheet' >\n\t\t<link id='font-awesome-4-shim-css' href='https:\/\/www.helemeu.org\/wp-content\/plugins\/unlimited-elements-for-elementor\/assets_libraries\/font-awesome6\/fontawesome-v4-shims.min.css' type='text\/css' rel='stylesheet' >\n\n<style>\/* widget: Team Member Grid *\/\n\n#uc_team_member_grid_elementor_ab637d5 *{\n  box-sizing:border-box;\n}\n#uc_team_member_grid_elementor_ab637d5\n{\n  position:relative;\n  display:grid;\n}\n\n\n#uc_team_member_grid_elementor_ab637d5 .team_member_grid_image_container\n{\n  display:inline-block;\n  overflow:hidden;\n  position:relative;\n  vertical-align:bottom;\n}\n\n\n#uc_team_member_grid_elementor_ab637d5 .team_member_grid_image\n{\n  vertical-align:bottom;\n}\n\n#uc_team_member_grid_elementor_ab637d5 .team_member_grid_image img\n{\n  object-fit:cover;\n  width:100%;\n  display:block;\n  transition:0.5s;\n  vertical-align:bottom;\n}\n#uc_team_member_grid_elementor_ab637d5 .ue_grid_item\n{\n  overflow:hidden;\n  display:flex;\n  flex-direction:column;\n\n}\n.team_member_grid_title\n{\n  font-size:18px;\n}\n\n#uc_team_member_grid_elementor_ab637d5 .team_member_grid_icons a\n{\n  display:inline-flex;\n  text-decoration:none;\n  align-items:center;\n  justify-content:center;\n  line-height:1em;\n  transition:0.3s;\n}\n\n#uc_team_member_grid_elementor_ab637d5 .team_member_grid_icons a svg\n{\n  width:1em;\n  height:1em;\n}\n\n#uc_team_member_grid_elementor_ab637d5 .uc_more_btn\n{\n  transition:0.3s;\n  text-align:center;\n  text-decoration:none;\n}\n\n#uc_team_member_grid_elementor_ab637d5 .team_member_grid_image_overlay\n{\n  position:absolute;\n  top:0;\n  left:0;\n  transition:0.3s;\n  display:flex;\n  flex-direction:column;\n  justify-content:center;\n  align-items:center;\n}\n\n#uc_team_member_grid_elementor_ab637d5 .team_member_grid_content\n{\n  display:flex;\n  flex-direction:column;\n  flex-grow: 1;\n}\n\n\n#uc_team_member_grid_elementor_ab637d5 .team_member_grid_content .team_member_grid_text\n{\nflex-grow: 1;\n}\n\n#uc_team_member_grid_elementor_ab637d5 .team_member_grid_content .team_member_grid_icons\n{\n  margin-top:auto;\n}\n\n#uc_team_member_grid_elementor_ab637d5 .ue-company-logo img\n{\n  width:100%;\n}\n\n<\/style>\n\n<div id=\"uc_team_member_grid_elementor_ab637d5\" class=\"team_member_grid\">\n   \t\t<div class=\"ue_grid_item\">\n  <div class=\"team_member_grid_header\">\n    <div class=\"team_member_grid_image\">\n     <div class=\"team_member_grid_image_container\">\n       <img fetchpriority=\"high\" decoding=\"async\" src=\"https:\/\/www.helemeu.org\/wp-content\/uploads\/2023\/01\/secil-ozkan.png\" alt=\"Se\u00e7il \u00d6ZKAN\"  src=\"https:\/\/www.helemeu.org\/wp-content\/uploads\/2023\/01\/secil-ozkan.png\" alt=\"Se\u00e7il \u00d6ZKAN\" width=\"267\" height=\"267\">\n       <div class=\"team_member_grid_image_overlay\">\n         \t\n         \t\n    \n                <\/div>\n     <\/div>\n    <\/div>\n    \t\n  \t\n    \n    \n    \n  <\/div>\n  \n  <div class=\"team_member_grid_content\">\n        \n    <div class=\"team_member_grid_title\">Se\u00e7il \u00d6ZKAN<\/div>\t\n    <div class=\"team_member_grid_subtitle\">Gazi University Faculty of Medicine<\/div>        \n    \n    <div class=\"team_member_grid_text\"><\/div>\t\n        <div class=\"team_member_grid_icons\">\n      <a class=\"\" href=\"mailto:secilozkan70@gmail.com\" ><i class='fas fa-mail-bulk'><\/i><\/a>\t\n      \t\n      \t\n      \t\n    <\/div>\n        \n      <\/div>\n<\/div>\n<div class=\"ue_grid_item\">\n  <div class=\"team_member_grid_header\">\n    <div class=\"team_member_grid_image\">\n     <div class=\"team_member_grid_image_container\">\n       <img decoding=\"async\" src=\"https:\/\/www.helemeu.org\/wp-content\/uploads\/2023\/01\/hilal-ozcebe.png\" alt=\"Hilal \u00d6ZCEBE\"  src=\"https:\/\/www.helemeu.org\/wp-content\/uploads\/2023\/01\/hilal-ozcebe.png\" alt=\"Hilal \u00d6ZCEBE\" width=\"267\" height=\"267\">\n       <div class=\"team_member_grid_image_overlay\">\n         \t\n         \t\n    \n                <\/div>\n     <\/div>\n    <\/div>\n    \t\n  \t\n    \n    \n    \n  <\/div>\n  \n  <div class=\"team_member_grid_content\">\n        \n    <div class=\"team_member_grid_title\">Hilal \u00d6ZCEBE<\/div>\t\n    <div class=\"team_member_grid_subtitle\">Hacettepe University Faculty of Medicine<\/div>        \n    \n    <div class=\"team_member_grid_text\"><\/div>\t\n        <div class=\"team_member_grid_icons\">\n      <a class=\"\" href=\"mailto:hilalozcebe@gmail.com\" ><i class='fas fa-mail-bulk'><\/i><\/a>\t\n      \t\n      \t\n      \t\n    <\/div>\n        \n      <\/div>\n<\/div>\n<div class=\"ue_grid_item\">\n  <div class=\"team_member_grid_header\">\n    <div class=\"team_member_grid_image\">\n     <div class=\"team_member_grid_image_container\">\n       <img decoding=\"async\" src=\"https:\/\/www.helemeu.org\/wp-content\/uploads\/2023\/01\/sevgi-turan.png\" alt=\"Sevgi TURAN\"  src=\"https:\/\/www.helemeu.org\/wp-content\/uploads\/2023\/01\/sevgi-turan.png\" alt=\"Sevgi TURAN\" width=\"267\" height=\"267\">\n       <div class=\"team_member_grid_image_overlay\">\n         \t\n         \t\n    \n                <\/div>\n     <\/div>\n    <\/div>\n    \t\n  \t\n    \n    \n    \n  <\/div>\n  \n  <div class=\"team_member_grid_content\">\n        \n    <div class=\"team_member_grid_title\">Sevgi TURAN<\/div>\t\n    <div class=\"team_member_grid_subtitle\">Hacettepe University Faculty of Medicine<\/div>        \n    \n    <div class=\"team_member_grid_text\"><\/div>\t\n        <div class=\"team_member_grid_icons\">\n      <a class=\"\" href=\"mailto:sevgigunalturan@gmail.com\" ><i class='fas fa-mail-bulk'><\/i><\/a>\t\n      \t\n      \t\n      \t\n    <\/div>\n        \n      <\/div>\n<\/div>\n<div class=\"ue_grid_item\">\n  <div class=\"team_member_grid_header\">\n    <div class=\"team_member_grid_image\">\n     <div class=\"team_member_grid_image_container\">\n       <img loading=\"lazy\" decoding=\"async\" src=\"https:\/\/www.helemeu.org\/wp-content\/uploads\/2023\/01\/sarp-uner.png\" alt=\"Sarp \u00dcNER\"  src=\"https:\/\/www.helemeu.org\/wp-content\/uploads\/2023\/01\/sarp-uner.png\" alt=\"Sarp \u00dcNER\" width=\"267\" height=\"267\">\n       <div class=\"team_member_grid_image_overlay\">\n         \t\n         \t\n    \n                <\/div>\n     <\/div>\n    <\/div>\n    \t\n  \t\n    \n    \n    \n  <\/div>\n  \n  <div class=\"team_member_grid_content\">\n        \n    <div class=\"team_member_grid_title\">Sarp \u00dcNER<\/div>\t\n    <div class=\"team_member_grid_subtitle\">Lokman Hekim University Faculty of Medicine<\/div>        \n    \n    <div class=\"team_member_grid_text\"><\/div>\t\n        <div class=\"team_member_grid_icons\">\n      <a class=\"\" href=\"mailto:sarpuner@gmail.com\" ><i class='fas fa-mail-bulk'><\/i><\/a>\t\n      \t\n      \t\n      \t\n    <\/div>\n        \n      <\/div>\n<\/div>\n<div class=\"ue_grid_item\">\n  <div class=\"team_member_grid_header\">\n    <div class=\"team_member_grid_image\">\n     <div class=\"team_member_grid_image_container\">\n       <img loading=\"lazy\" decoding=\"async\" src=\"https:\/\/www.helemeu.org\/wp-content\/uploads\/2023\/01\/hulya-sirin.png\" alt=\"H\u00fclya \u015e\u0130R\u0130N\"  src=\"https:\/\/www.helemeu.org\/wp-content\/uploads\/2023\/01\/hulya-sirin.png\" alt=\"H\u00fclya \u015e\u0130R\u0130N\" width=\"267\" height=\"267\">\n       <div class=\"team_member_grid_image_overlay\">\n         \t\n         \t\n    \n                <\/div>\n     <\/div>\n    <\/div>\n    \t\n  \t\n    \n    \n    \n  <\/div>\n  \n  <div class=\"team_member_grid_content\">\n        \n    <div class=\"team_member_grid_title\">H\u00fclya \u015e\u0130R\u0130N<\/div>\t\n    <div class=\"team_member_grid_subtitle\">Health Sciences University Faculty of Medicine<\/div>        \n    \n    <div class=\"team_member_grid_text\"><\/div>\t\n        <div class=\"team_member_grid_icons\">\n      <a class=\"\" href=\"mailto:hulyasirin@yahoo.com\" ><i class='fas fa-mail-bulk'><\/i><\/a>\t\n      \t\n      \t\n      \t\n    <\/div>\n        \n      <\/div>\n<\/div>\n<div class=\"ue_grid_item\">\n  <div class=\"team_member_grid_header\">\n    <div class=\"team_member_grid_image\">\n     <div class=\"team_member_grid_image_container\">\n       <img loading=\"lazy\" decoding=\"async\" src=\"https:\/\/www.helemeu.org\/wp-content\/uploads\/2023\/01\/igor-vitale-photo.png\" alt=\"Igor-Vitale-photo\"  src=\"https:\/\/www.helemeu.org\/wp-content\/uploads\/2023\/01\/igor-vitale-photo.png\" alt=\"Igor-Vitale-photo\" width=\"267\" height=\"267\">\n       <div class=\"team_member_grid_image_overlay\">\n         \t\n         \t\n    \n                <\/div>\n     <\/div>\n    <\/div>\n    \t\n  \t\n    \n    \n    \n  <\/div>\n  \n  <div class=\"team_member_grid_content\">\n        \n    <div class=\"team_member_grid_title\">Igor Vitale<\/div>\t\n    <div class=\"team_member_grid_subtitle\">IIAPHS-\u0130talya<\/div>        \n    \n    <div class=\"team_member_grid_text\"><\/div>\t\n        <div class=\"team_member_grid_icons\">\n      <a class=\"\" href=\"mailto:iiaphs.associazione@gmail.com\" ><i class='fas fa-mail-bulk'><\/i><\/a>\t\n      \t\n      \t\n      \t\n    <\/div>\n        \n      <\/div>\n<\/div>\n<div class=\"ue_grid_item\">\n  <div class=\"team_member_grid_header\">\n    <div class=\"team_member_grid_image\">\n     <div class=\"team_member_grid_image_container\">\n       <img loading=\"lazy\" decoding=\"async\" src=\"https:\/\/www.helemeu.org\/wp-content\/uploads\/2023\/01\/gershuni-olga-photo.png\" alt=\"Gershuni-Olga-photo\"  src=\"https:\/\/www.helemeu.org\/wp-content\/uploads\/2023\/01\/gershuni-olga-photo.png\" alt=\"Gershuni-Olga-photo\" width=\"267\" height=\"267\">\n       <div class=\"team_member_grid_image_overlay\">\n         \t\n         \t\n    \n                <\/div>\n     <\/div>\n    <\/div>\n    \t\n  \t\n    \n    \n    \n  <\/div>\n  \n  <div class=\"team_member_grid_content\">\n        \n    <div class=\"team_member_grid_title\">Gershuni Olga<\/div>\t\n    <div class=\"team_member_grid_subtitle\">Maastricht University-Hollanda<\/div>        \n    \n    <div class=\"team_member_grid_text\"><\/div>\t\n        <div class=\"team_member_grid_icons\">\n      <a class=\"\" href=\"mailto:o.gershuni@maastrichtuniversity.nl\" ><i class='fas fa-mail-bulk'><\/i><\/a>\t\n      \t\n      \t\n      \t\n    <\/div>\n        \n      <\/div>\n<\/div>\n<div class=\"ue_grid_item\">\n  <div class=\"team_member_grid_header\">\n    <div class=\"team_member_grid_image\">\n     <div class=\"team_member_grid_image_container\">\n       <img loading=\"lazy\" decoding=\"async\" src=\"https:\/\/www.helemeu.org\/wp-content\/uploads\/2023\/01\/joaquin-garcia-estan-lopez-photo.png\" alt=\"Joaqu\u00edn-Garc\u00eda-Esta\u00f1-L\u00f3pez-photo\"  src=\"https:\/\/www.helemeu.org\/wp-content\/uploads\/2023\/01\/joaquin-garcia-estan-lopez-photo.png\" alt=\"Joaqu\u00edn-Garc\u00eda-Esta\u00f1-L\u00f3pez-photo\" width=\"267\" height=\"267\">\n       <div class=\"team_member_grid_image_overlay\">\n         \t\n         \t\n    \n                <\/div>\n     <\/div>\n    <\/div>\n    \t\n  \t\n    \n    \n    \n  <\/div>\n  \n  <div class=\"team_member_grid_content\">\n        \n    <div class=\"team_member_grid_title\">Joaqu\u00edn Garc\u00eda-Esta\u00f1 L\u00f3pez<\/div>\t\n    <div class=\"team_member_grid_subtitle\">Murcia University-Spain<\/div>        \n    \n    <div class=\"team_member_grid_text\"><\/div>\t\n        <div class=\"team_member_grid_icons\">\n      <a class=\"\" href=\"mailto:jgestan@um.es\" ><i class='fas fa-mail-bulk'><\/i><\/a>\t\n      \t\n      \t\n      \t\n    <\/div>\n        \n      <\/div>\n<\/div>\n\n<\/div>\n<!-- end Team Member Grid -->\t\t\t\t<\/div>\n\t\t\t\t<\/div>\n\t\t\t\t\t<\/div>\n\t\t<\/div>\n\t\t\t\t\t<\/div>\n\t\t<\/section>\n\t\t\t\t<\/div>\n\t\t","protected":false},"excerpt":{"rendered":"<p>Team di progetto Se\u00e7il \u00d6ZKAN Gazi University Faculty of Medicine Hilal \u00d6ZCEBE Hacettepe University Faculty of Medicine Sevgi TURAN Hacettepe University Faculty of Medicine Sarp \u00dcNER Lokman Hekim University Faculty of Medicine H\u00fclya \u015e\u0130R\u0130N Health Sciences University Faculty of Medicine Igor Vitale IIAPHS-\u0130talya Gershuni Olga Maastricht University-Hollanda Joaqu\u00edn Garc\u00eda-Esta\u00f1 L\u00f3pez Murcia University-Spain<\/p>\n","protected":false},"author":1,"featured_media":0,"parent":0,"menu_order":0,"comment_status":"closed","ping_status":"closed","template":"","meta":{"inline_featured_image":false,"footnotes":""},"class_list":["post-2893","page","type-page","status-publish","hentry"],"_links":{"self":[{"href":"https:\/\/www.helemeu.org\/it\/wp-json\/wp\/v2\/pages\/2893","targetHints":{"allow":["GET"]}}],"collection":[{"href":"https:\/\/www.helemeu.org\/it\/wp-json\/wp\/v2\/pages"}],"about":[{"href":"https:\/\/www.helemeu.org\/it\/wp-json\/wp\/v2\/types\/page"}],"author":[{"embeddable":true,"href":"https:\/\/www.helemeu.org\/it\/wp-json\/wp\/v2\/users\/1"}],"replies":[{"embeddable":true,"href":"https:\/\/www.helemeu.org\/it\/wp-json\/wp\/v2\/comments?post=2893"}],"version-history":[{"count":0,"href":"https:\/\/www.helemeu.org\/it\/wp-json\/wp\/v2\/pages\/2893\/revisions"}],"wp:attachment":[{"href":"https:\/\/www.helemeu.org\/it\/wp-json\/wp\/v2\/media?parent=2893"}],"curies":[{"name":"wp","href":"https:\/\/api.w.org\/{rel}","templated":true}]}}