{"id":2981,"date":"2023-10-12T11:51:03","date_gmt":"2023-10-12T11:51:03","guid":{"rendered":"https:\/\/www.helemeu.org\/resources\/"},"modified":"2023-11-07T07:46:49","modified_gmt":"2023-11-07T07:46:49","slug":"risorse","status":"publish","type":"page","link":"https:\/\/www.helemeu.org\/it\/risorse\/","title":{"rendered":"Risorse"},"content":{"rendered":"\t\t<div data-elementor-type=\"wp-page\" data-elementor-id=\"2981\" class=\"elementor elementor-2981 elementor-2973\" data-elementor-post-type=\"page\">\n\t\t\t\t\t\t<section class=\"elementor-section elementor-top-section elementor-element elementor-element-16c51732 elementor-section-boxed elementor-section-height-default elementor-section-height-default\" data-id=\"16c51732\" data-element_type=\"section\" data-e-type=\"section\" data-settings=\"{&quot;background_background&quot;:&quot;classic&quot;}\">\n\t\t\t\t\t\t<div class=\"elementor-container elementor-column-gap-default\">\n\t\t\t\t\t<div class=\"elementor-column elementor-col-100 elementor-top-column elementor-element elementor-element-256a76cc\" data-id=\"256a76cc\" data-element_type=\"column\" data-e-type=\"column\">\n\t\t\t<div class=\"elementor-widget-wrap elementor-element-populated\">\n\t\t\t\t\t\t<div class=\"elementor-element elementor-element-2ab9805b elementor-widget elementor-widget-heading\" data-id=\"2ab9805b\" data-element_type=\"widget\" data-e-type=\"widget\" data-widget_type=\"heading.default\">\n\t\t\t\t<div class=\"elementor-widget-container\">\n\t\t\t\t\t<h2 class=\"elementor-heading-title elementor-size-default\">Risorse<\/h2>\t\t\t\t<\/div>\n\t\t\t\t<\/div>\n\t\t\t\t\t<\/div>\n\t\t<\/div>\n\t\t\t\t\t<\/div>\n\t\t<\/section>\n\t\t\t\t<section class=\"elementor-section elementor-top-section elementor-element elementor-element-2ca7ede elementor-section-boxed elementor-section-height-default elementor-section-height-default\" data-id=\"2ca7ede\" data-element_type=\"section\" data-e-type=\"section\">\n\t\t\t\t\t\t<div class=\"elementor-container elementor-column-gap-default\">\n\t\t\t\t\t<div class=\"elementor-column elementor-col-100 elementor-top-column elementor-element elementor-element-1fcdb26\" data-id=\"1fcdb26\" data-element_type=\"column\" data-e-type=\"column\">\n\t\t\t<div class=\"elementor-widget-wrap elementor-element-populated\">\n\t\t\t\t\t\t<div class=\"elementor-element elementor-element-22c9e3e elementor-widget elementor-widget-text-editor\" data-id=\"22c9e3e\" data-element_type=\"widget\" data-e-type=\"widget\" data-widget_type=\"text-editor.default\">\n\t\t\t\t<div class=\"elementor-widget-container\">\n\t\t\t\t\t\t\t\t\t<ol><li>C. Sag\u0306l\u0131k Bakanl\u0131g\u0306\u0131. Temel Sag\u0306l\u0131k Hizmetleri Genel Mu\u0308du\u0308rlu\u0308g\u0306u\u0308. Sag\u0306l\u0131g\u0306\u0131n Tes\u0327viki ve Gelis\u0327tirilmesine Yo\u0308nelik Do\u0308nu\u0308m Noktalar\u0131 Global Konferanslardan Bildiriler. Ankara, 2011.<\/li><li>Health Literacy. In: Kickbusch I, Pelikan LM, Apfel F, Tsouros AD, editors. World Health Organization, Regional Office for Europe, 2013.<\/li><li>Simonds, S Health education as social policy. Health Education Monograph 1974;2:1-25.<\/li><li>Okan O, Bauer U, Levin-Zamir D, Pinheiro P, S\u00f8rensen K. International Handbook of Health Literacy: Research, practice and policy across the lifespan. Policy Press, 2019.<\/li><li>Liu YB, Liu L, Li YF, Chen YL, Yong-Bing L, et al. Relationship between Health Literacy, Health-Related Behaviors and Health Status: A Survey of Elderly Chinese International Journal of Environmental Research and Public Health 2015;12(8):9714-25.<\/li><li>Weiss BD. Health literacy research: Isn\u2019t there something better we could be doing? Health Communication 2015;30(12):1173-1175.<\/li><li>Adkins RN, Corus C. Health literacy for improved health outcomes: Effective capital in the marketplace. Journal of Consumer Affairs 2009;43(2):199-222.<\/li><li>S\u00f8rensen K, den Broucke SV, Fullam J, et al. Health literacy and public health: A systematic review and integration of definitions and models. BMC Public Health 2012;12:80.<\/li><li>Promoting health in the SDGs. Report on the 9th Global conference for health promotion, Shanghai, China, 21\u201324 November 2016: all for health, health for all. Geneva: World Health Organization; 2017<\/li><li>Rootman I, Gordon-El-Bihbety D. A vision for a health literate Canada: Report of the Expert Panel on Health Literacy, Ottawa, ON: Canadian Public Health Association, 2008.<\/li><li>S\u00f8rensen K, Pleasant A. Understanding the conceptual importance of the differences among health literacy definitions.\u00a0Stud Health Technol Inform 2017;240:3-14.<\/li><li>Rudd RE. Health literacy: Insights and issues. Studies in Health Technology and Informatics 2017;240:60-78.<\/li><li>Freedman DA, Bess KD, Tucker HA, Boyd DL, Tuchman AM, Wallston KA. Public health literacy defined. American Journal of Preventive Medicine 2009;36(5):446-51.<\/li><li>S\u00f8rensen K, Pelikan JM, R\u00f6thlin F, Ganahl K, Slonska Z, Doyle G, Fullam J, Kondilis B, Agrafiotis D, Uiters E, Falcon M, Mensing M, Tchamov K, van den Broucke S, Brand H; HLS-EU Consortium. Health literacy in Europe: comparative results of the European health literacy survey (HLS-EU). Eur J Public Health 2015;25(6):1053-8.<\/li><li>Bilir N. Sa\u011fl\u0131k okur-yazarl\u0131\u011f\u0131. Turk J Public Health 2014;12(1):61-68.<\/li><li>Nutbeam D. The evolving concept of health literacy. Sos Sci Med 2008; 67:2072\u20132078.<\/li><li>Australian Commission on Safety and Quality in Health Care. Consumers, the health system and health literacy: Taking action to improve safety and quality, Consultation Paper, 2013. Available at <a href=\"https:\/\/www.safetyandquality.gov.au\/publications-and-resources\/resource-library\/consumers-health-system-and-health-literacy-taking-action-improve-safety-and-quality-consultation-paper-2013\" target=\"_blank\" rel=\"noopener\">https:\/\/www.safetyandquality.gov.au\/publications-and-resources\/resource-library\/consumers-health-system-and-health-literacy-taking-action-improve-safety-and-quality-consultation-paper-2013<\/a> (Access date: 07.12.2021)<\/li><li>Wu AD, Begoray DL, Macdonald M, Wharf Higgins J, Frankish J, Kwan B, et al. Developing and evaluating a relevant and feasible instrument for measuring health literacy of Canadian high school students. Health Promotion International 2010;25(4):444-52.<\/li><li>Paakkari L, Paakkari O. Health literacy as a learning outcome in schools, edited by V. Simovska, Health Education 2012;112(2):133-52.<\/li><li>Massey PM, Prelip M, Calimlim BM, Quiter ES, Glik DC. Contextualizing an expanded definition of health literacy among adolescents in the health care setting. Health Education Research 2012;27(6):961-74.<\/li><li>Dodson S, Good S, Osborne R. Health literacy toolkit for low and of middle-income countries: A series of information sheets to empower communities and strenghten health systems, New Delhi: World Health Organization, 2015.<\/li><li>Okan O, Pinheiro P, Zamora P, Bauer U. Health literacy in childhood and adolescence: An overview and current state of research.\u00a0Bundesgesundheitsblatt, Gesundheitsforschung, Gesundheitsschutz 2015;58(9):930-941.<\/li><li>Br\u00f6der J, Chang P, Kickbusch I, et al. IUHPE position statement on health literacy: a practical vision for a health literate world, 2018.<\/li><li>Hawkins M, Elsworth GR, Osborne RH. Questionnaire validation practice: a protocol for a systematic descriptive literature review of health literacy assessments.\u00a0BMJ open 2019;9(10):e030753.<\/li><li>Kutner M, Greenberg E, Jin Y, Paulsen C. The Health Literacy of America&#8217;s Adults: Results From the 2003 National Assessment of Adult Literacy (NCES 2006-483). U.S.Department of Education. Washington, DC: National Center for Education Statistics, 2006.<\/li><li>Sar\u0131yar S, K\u0131l\u0131\u00e7 HF. Sa\u011fl\u0131k Okuryazarl\u0131\u011f\u0131n\u0131n De\u011ferlendirilmesinde Kullan\u0131lan Ara\u00e7lar.\u00a0Hacettepe \u00dcniversitesi Hem\u015firelik Fak\u00fcltesi Dergisi 2019;6(2), 126-131.<\/li><li>Ceylan O. Sa\u011fl\u0131k okuryazarl\u0131\u011f\u0131n\u0131n de\u011ferlendirilmesinde kullan\u0131lan T\u00fcrk\u00e7e \u00f6l\u00e7ekler.\u00a0Turkey Health Literacy Journal 2020;1(2):39-45.<\/li><li>Davis TC, Crouch MA, Long SW, et al. Rapid assessment of literacy levels of adult primary care patients.\u00a0Family medicine 1991;23(6):433-435.<\/li><li>\u00d6zdemir H,\u00a0 Alper\u00a0 Z,\u00a0 Uncu\u00a0 Y,\u00a0 Bilgel\u00a0 \u00a0 Yeti\u015fkinler\u00a0 aras\u0131ndaki\u00a0 sa\u011fl\u0131k\u00a0 okuryazarl\u0131\u011f\u0131: T\u00fcrkiye\u2019den\u00a0 bir ara\u015ft\u0131rma. Sa\u011fl\u0131k E\u011fitimi Ara\u015ft\u0131rmas\u0131. 2010; 25 (3): 464-474.<\/li><li>Parker RM, Baker DW, Williams MV, Nurss JR. The test of functional health literacy in adults.\u00a0Journal of general internal medicine 1995;10(10):537-541.<\/li><li>\u00dc\u00e7punar E, Piyal B. Yeti\u015fkinlerde i\u015flevsel sa\u011fl\u0131k okuryazarl\u0131\u011f\u0131 uyarlama \u00e7al\u0131\u015fmas\u0131.\u00a0Halk Sa\u011fl\u0131\u011f\u0131 Anabilim Dal\u0131 Y\u00fcksek Lisans Tezi, Ankara \u00dcniversitesi Sa\u011fl\u0131k Bilimleri Enstit\u00fcs\u00fc 2014, Ankara, T\u00fcrkiye.<\/li><li>Rudd R, Kirsch I, Yamamoto K. Literacy and health in America. Policy information report.\u00a0Educational Testing Service, 2004.<\/li><li>Weiss BD, Mays MZ, Martz W, et al. Quick assessment of literacy in primary care: the newest vital sign.\u00a0The Annals of Family Medicine 2005;3(6):514-522.<\/li><li>Morris NS, MacLean CD, Chew LD, Littenberg B. The Single Item Literacy Screener: evaluation of a brief instrument to identify limited reading ability.\u00a0BMC Family Practice 2006;7(1):1-7.<\/li><li>Norman CD, Skinner HA. eHEALS: the eHealth literacy scale.\u00a0Journal of Medical Internet Research 2006;8(4):e27.<\/li><li>Cos\u0327kun S, Bebis\u0327 H. Adolesanlarda e-sag\u0306l\u0131k okuryazarl\u0131g\u0306\u0131 o\u0308lc\u0327eg\u0306i: Tu\u0308rkc\u0327e Gec\u0327erlik ve gu\u0308venirlik c\u0327al\u0131s\u0327mas\u0131 Gu\u0308lhane T\u0131p Derg 2015;57: 378-384<\/li><li>To\u00e7i E, Burazeri G, S\u00f8rensen K, Kamberi, H, Brand H. Concurrent validation of two key health literacy instruments in a South Eastern European population.\u00a0The European Journal of Public Health 2015;25(3):482-486.<\/li><li>Aras Z, Bay\u0131k Temel A. Sag\u0306l\u0131k Okuryazarl\u0131g\u0306\u0131 O\u0308lc\u0327eg\u0306i\u2019nin Tu\u0308rkc\u0327e Formunun Gec\u0327erlik ve Gu\u0308venirlig\u0306inin Deg\u0306erlendirilmesi F.N. Hem. Derg 2017;25(2):85-94.<\/li><li>Sezer A, Kad\u0131o\u011flu H. Yeti\u015fkin Sa\u011fl\u0131k Okuryazarl\u0131\u011f\u0131 \u00d6l\u00e7e\u011fi\u2019nin Geli\u015ftirilmesi.\u00a0Anadolu Hem\u015firelik ve Sa\u011fl\u0131k Bilimleri Dergisi 2014;17(3).<\/li><li>S\u00f8rensen K, Van den Broucke S, Pelikan JM, Fullam J, Doyle G, Slonska Z et al. Measuring health literacy in populations: illuminating the design and development process of the European Health Literacy Survey Questionnaire (HLS-EU-Q). BMC Public Health. 2013; 13: 948.<\/li><li>\u00c7imen Z, Bay\u0131k Temel A. Kronik hastal\u0131\u011f\u0131 olan ya\u015fl\u0131 bireylerde sa\u011fl\u0131k okuryazarl\u0131\u011f\u0131 ve sa\u011fl\u0131k alg\u0131s\u0131 ili\u015fkisi.\u00a0Halk Sa\u011fl\u0131\u011f\u0131 Hem\u015fireli\u011fi Yay\u0131nlanmam\u0131\u015f Y\u00fcksek lisans Tezi, Ege \u00dcniversitesi Sa\u011fl\u0131k Bilimleri Enstit\u00fcs\u00fc 2015, \u0130zmir, T\u00fcrkiye.<\/li><li>Okyay P, Abac\u0131gil F. T\u00fcrkiye Sa\u011fl\u0131k Okuryazarl\u0131\u011f\u0131 \u00d6l\u00e7ekleri G\u00fcvenilirlik ve Ge\u00e7erlilik \u00c7al\u0131\u015fmas\u0131. An\u0131l Matbaa. Ankara 2016; 1-104.<\/li><li>Emiral GO, Aygar H, Isiktekin B, G\u00f6ktas S, Dagtekin G, Arslantas D, Unsal A. Health Literacy Scale-European Union-Q16: A Validity And Reliability Study in Turkey.\u00a0Int. Res. J. Med. Sci 2018;6: 1-7.<\/li><li>Suka M, Odajima T, Kasai M, et al. The 14-item health literacy scale for Japanese adults (HLS-14).\u00a0Environmental Health and Preventive Medicine 2013;18(5):407-415.<\/li><li>T\u00fcrko\u011flu N, K\u0131l\u0131\u00e7 D. Sa\u011fl\u0131k Okuryazarl\u0131\u011f\u0131 \u00d6l\u00e7e\u011fi\u2019nin T\u00fcrk\u00e7eye Uyarlanmas\u0131: Ge\u00e7erlilik ve G\u00fcvenilirlik \u00c7al\u0131\u015fmas\u0131.\u00a0Anadolu Hem\u015firelik ve Sa\u011fl\u0131k Bilimleri Dergisi 2021;24(1):25-33.<\/li><li>Bahar \u00d6zvar\u0131\u015f \u015e, G\u00fc\u00e7iz Do\u011fan B, Karada\u011f \u00c7aman \u00d6, H\u00dc-SOY T\u00fcrkiye\u2019de Okuryazar Eri\u015fkin Ya\u015f Grubuna \u00d6zg\u00fc Sa\u011fl\u0131k Okuryazarl\u0131\u011f\u0131 \u00d6l\u00e7e\u011fi, 2018.<\/li><li>Liu YB, Liu L, Li YF, Chen YL, Yong-Bing L, et al. Relationship between Health Literacy, Health-Related Behaviors and Health Status: A Survey of Elderly Chinese. International Journal of Environmental Research and Public Health 2015;12(8): 9714-25.<\/li><li>Beauchamp A, Buchbinder R, Dodson S, Batterham RW, Elsworth GR, McPhee C, Sparkes L, Hawkins M, Osborne RH. Distribution of Health Literacy Strengths and Weaknesses across Socio-Demographic Groups: A Cross-Sectional Survey Using the Health Literacy Questionnaire (HLQ), BMC Public Health 2015; 15: 678<\/li><li>Bo A, Friis K, Osborne RH, Maindal HT. National Indicators of Health Literacy: Ability to Understand Health Information and to Engage Actively with Healthcare Providers a Population-Based Survey among Danish Adults, BMC Public Health 2014; 14:1095<\/li><li>\u00d6zkan S, U\u011fra\u015f Dikmen\u00a0 A, Baran Aksakal N, \u00c7al\u0131\u015fkan D, T\u00fcz\u00fcn H, Ta\u015f\u00e7\u0131 \u00d6, Ceylan S\u00dc. T\u00fcrkiye sa\u011fl\u0131k okuryazarl\u0131\u011f\u0131 d\u00fczeyi ve ili\u015fkili fakt\u00f6rleri ara\u015ft\u0131rmas\u0131, 2018<\/li><li>Durusu-Tanr\u0131over M, Y\u0131ld\u0131nm HH, Demiray-Ready FN, \u00c7ak\u0131r B ve Akal\u0131n HE. T\u00fcrkiye Sa\u011fl\u0131k Okuryazarl\u0131\u011f\u0131 Ara\u015ft\u0131rmas\u0131, Birinci Bask\u0131, Sagl\u0131k-Sen Yay\u0131nlar\u0131, Ankara 2014.<\/li><li>\u00d6zdemir S, Ak\u00e7a H\u015e, Alg\u0131n A, Kokulu K. Health literacy in the emergency department: a cross-sectional descriptive study.\u00a0Eurasian J Emerg Med 2020;19(2):94-97.<\/li><li>Palumbo R, Annarumma C, Adinolfi P, Musella M, Piscopo G. The Italian Health Literacy Project: Insights from the assessment of health literacy skills in Italy.\u00a0Health Policy 2016;120(9):1087-1094.<\/li><li>Schiavone S, Attena F. Measuring Health Literacy in Southern Italy: A cross-sectional study.\u00a0PLoS One 2020;15(8):e0236963.<\/li><li>Garcia-Codina O, Juviny\u00e0-Canal D, Amil-Bujan P, et al. Determinants of health literacy in the general population: results of the Catalan health survey.\u00a0BMC Public Health 2019;19(1):1-12.<\/li><li>van der Heide I, Rademakers J, Schipper M, Droomers M, S\u00f8rensen K, Uiters E. Health literacy of Dutch adults: a cross sectional survey.\u00a0BMC Public Health 2013;13(1):1-11.<\/li><li>Levy, H. and A. Janke, <em>Health Literacy and Access to Care.<\/em> J Health Commun, 2016. <strong>21 Suppl 1<\/strong>(Suppl): p. 43-50.<\/li><li>Nutbeam, D., B. McGill, and P. Premkumar, <em>Improving health literacy in community populations: a review of progress.<\/em> Health Promot Int, 2018. <strong>33<\/strong>(5): p. 901-911.<\/li><li>Hersh, L., B. Salzman, and D. Snyderman, <em>Health Literacy in Primary Care Practice.<\/em> Am Fam Physician, 2015. <strong>92<\/strong>(2): p. 118-24.<\/li><li>Allenbaugh, J., et al., <em>Health Literacy and Clear Bedside Communication: A Curricular Intervention for Internal Medicine Physicians and Medicine Nurses.<\/em> MedEdPORTAL, 2019. <strong>15<\/strong>: p. 10795.<\/li><li>Basagoiti I. Alfabetizaci\u00f3n en salud. De la informaci\u00f3n a la acci\u00f3n [Health Literacy. From information to action, pdf]. Valencia: ITACA\/TSB; 2012. ISBN: 978-84-695-5267-4 Disponible en <a href=\"http:\/\/www.salupedia.org\/alfabetizacion\/\" target=\"_blank\" rel=\"noopener\">http:\/\/www.salupedia.org\/alfabetizacion\/<\/a><\/li><li>Cubero-Juanez et al. Cooperative learning for university education in health literacy. FEM 2018; 21 (2): 97-100. <a href=\"http:\/\/doi.org\/10.33588\/fem.212.938\" target=\"_blank\" rel=\"noopener\">http:\/\/doi.org\/10.33588\/fem.212.938<\/a><\/li><li>Gavidia et al. Health literacy through competences. ENSE\u00d1ANZA DE LAS CIENCIAS, 37-2 (2019), 107-126. <a href=\"https:\/\/doi.org\/10.5565\/rev\/ensciencias.2628\" target=\"_blank\" rel=\"noopener\">https:\/\/doi.org\/10.5565\/rev\/ensciencias.2628<\/a><\/li><li>M\u00e1laga et al. Strategies to promote health literacy from primary care: a perspective that considers the realities of low and middle-income countries. An. Fac. Med. 2019; 80 (3), 372-378. <a href=\"http:\/\/dx.doi.org\/10.15381\/anales.803.16864\" target=\"_blank\" rel=\"noopener\">http:\/\/dx.doi.org\/10.15381\/anales.803.16864<\/a><\/li><li>Montero-Delgado et al. Key digital skills for healthcare professionals. Educaci\u00f3n M\u00e9dica 2020; 21(5) 338-344. <a href=\"http:\/\/doi.org\/10.1016\/j.edumed.2019.02.010\" target=\"_blank\" rel=\"noopener\">http:\/\/doi.org\/10.1016\/j.edumed.2019.02.010<\/a><\/li><li>Navarro-Rubio, et al. Health literacy: Implications for the health system. Medicina Cl\u00ednica, 2016; 147(4), 171\u2013175. <a href=\"http:\/\/doi.org\/10.1016\/j.medcli.2016.02.010\" target=\"_blank\" rel=\"noopener\">http:\/\/doi.org\/10.1016\/j.medcli.2016.02.010<\/a><\/li><li>Santesmases-Masana et al. Health Literacy in patients with heart failure in primary care. Atenci\u00f3n Primaria, 2017; 49(1), 28\u201334. <a href=\"https:\/\/doi.org\/10.1016\/J.APRIM.2016.03.003\" target=\"_blank\" rel=\"noopener\">https:\/\/doi.org\/10.1016\/J.APRIM.2016.03.003<\/a><\/li><li>Costa-Requena et al. Health literacy and chronic kidney disease. Nefrologia 2017;37(2):115\u2013117. <a href=\"http:\/\/dx.doi.org\/10.1016\/j.nefro.2016.10.001\" target=\"_blank\" rel=\"noopener\">http:\/\/dx.doi.org\/10.1016\/j.nefro.2016.10.001<\/a><\/li><li>Leon-Gonzalez et al. Health Literacy and Health Outcomes in Very Old Patients With Heart Failure. Rev Esp Cardiol. 2018;71(3):178\u2013184. <a href=\"http:\/\/dx.doi.org\/10.1016\/j.recesp.2017.05.029\" target=\"_blank\" rel=\"noopener\">http:\/\/dx.doi.org\/10.1016\/j.recesp.2017.05.029<\/a><\/li><li>Cabellos-Garc\u00eda et al. Influence of health literacy on oral anticoagulation therapy: A factor yet to be known. Aten Primaria. 2018 Apr;50(4):256-257. Spanish. doi: 10.1016\/j.aprim.2017.03.012.<\/li><li>Fernandez-Silva et al. Health literacy in patients with type 2 diabetes: A cross-sectional study using the HLS-EU-Q47 questionnaire. Semergen. 2019;45(1):30-36. <a href=\"https:\/\/doi.org\/10.1016\/j.semerg.2018.08.003\" target=\"_blank\" rel=\"noopener\">https:\/\/doi.org\/10.1016\/j.semerg.2018.08.003<\/a><\/li><li>Navarro-Rubio et al. Patients\u2019 competences and health literacy assessment questionnaire. Journal of Healthcare Quality Research 2019; 34(4):193-200. <a href=\"https:\/\/doi.org\/10.1016\/j.jhqr.2019.04.005\" target=\"_blank\" rel=\"noopener\">https:\/\/doi.org\/10.1016\/j.jhqr.2019.04.005<\/a><\/li><li>Figueroa-Saavedra et al. Association between health literacy and adherence to medications among older adults. Rev Med Chile 2020; 148: 653-656. <a href=\"http:\/\/dx.doi.org\/10.4067\/S0034-98872020000500653\" target=\"_blank\" rel=\"noopener\">http:\/\/dx.doi.org\/10.4067\/S0034-98872020000500653<\/a><\/li><li>Casa\u00f1as et al. Literacy programs for the promotion of mental health in the school setting. SESPAS Report 2020. Gac Sanit. 2020;34(S1):39\u201347. <a href=\"https:\/\/doi.org\/10.1016\/j.gaceta.2020.06.010\" target=\"_blank\" rel=\"noopener\">https:\/\/doi.org\/10.1016\/j.gaceta.2020.06.010<\/a><\/li><li>Juvinya-Canal et al. Health literacy, more than information. Gac Sanit. 2018;32(1):8\u201310. <a href=\"https:\/\/doi.org\/10.1016\/j.gaceta.2017.07.005\" target=\"_blank\" rel=\"noopener\">https:\/\/doi.org\/10.1016\/j.gaceta.2017.07.005<\/a><\/li><\/ol>\t\t\t\t\t\t\t\t<\/div>\n\t\t\t\t<\/div>\n\t\t\t\t\t<\/div>\n\t\t<\/div>\n\t\t\t\t\t<\/div>\n\t\t<\/section>\n\t\t\t\t<\/div>\n\t\t","protected":false},"excerpt":{"rendered":"<p>C. Sag\u0306l\u0131k Bakanl\u0131g\u0306\u0131. Temel Sag\u0306l\u0131k Hizmetleri Genel Mu\u0308du\u0308rlu\u0308g\u0306u\u0308. Sag\u0306l\u0131g\u0306\u0131n Tes\u0327viki ve Gelis\u0327tirilmesine Yo\u0308nelik Do\u0308nu\u0308m Noktalar\u0131 Global Konferanslardan Bildiriler. Ankara, 2011. Health Literacy. In: Kickbusch I, Pelikan LM, Apfel F, Tsouros AD, editors. World Health Organization, Regional Office for Europe, 2013. Simonds, S Health education as social policy. Health Education Monograph 1974;2:1-25. Okan O, Bauer U, [&hellip;]<\/p>\n","protected":false},"author":1,"featured_media":0,"parent":0,"menu_order":0,"comment_status":"closed","ping_status":"closed","template":"","meta":{"inline_featured_image":false,"footnotes":""},"class_list":["post-2981","page","type-page","status-publish","hentry"],"_links":{"self":[{"href":"https:\/\/www.helemeu.org\/it\/wp-json\/wp\/v2\/pages\/2981","targetHints":{"allow":["GET"]}}],"collection":[{"href":"https:\/\/www.helemeu.org\/it\/wp-json\/wp\/v2\/pages"}],"about":[{"href":"https:\/\/www.helemeu.org\/it\/wp-json\/wp\/v2\/types\/page"}],"author":[{"embeddable":true,"href":"https:\/\/www.helemeu.org\/it\/wp-json\/wp\/v2\/users\/1"}],"replies":[{"embeddable":true,"href":"https:\/\/www.helemeu.org\/it\/wp-json\/wp\/v2\/comments?post=2981"}],"version-history":[{"count":6,"href":"https:\/\/www.helemeu.org\/it\/wp-json\/wp\/v2\/pages\/2981\/revisions"}],"predecessor-version":[{"id":3155,"href":"https:\/\/www.helemeu.org\/it\/wp-json\/wp\/v2\/pages\/2981\/revisions\/3155"}],"wp:attachment":[{"href":"https:\/\/www.helemeu.org\/it\/wp-json\/wp\/v2\/media?parent=2981"}],"curies":[{"name":"wp","href":"https:\/\/api.w.org\/{rel}","templated":true}]}}