{"id":2168,"date":"2023-01-11T10:11:44","date_gmt":"2023-01-11T10:11:44","guid":{"rendered":"https:\/\/www.helemeu.org\/project-activities\/"},"modified":"2023-10-12T11:47:43","modified_gmt":"2023-10-12T11:47:43","slug":"proje-etkinlikleri","status":"publish","type":"page","link":"https:\/\/www.helemeu.org\/tr\/proje-etkinlikleri\/","title":{"rendered":"ETK\u0130NL\u0130KLER"},"content":{"rendered":"\t\t<div data-elementor-type=\"wp-page\" data-elementor-id=\"2168\" class=\"elementor elementor-2168 elementor-48\" data-elementor-post-type=\"page\">\n\t\t\t\t\t\t<section class=\"elementor-section elementor-top-section elementor-element elementor-element-27b2310 elementor-section-boxed elementor-section-height-default elementor-section-height-default\" data-id=\"27b2310\" data-element_type=\"section\" data-e-type=\"section\" data-settings=\"{&quot;background_background&quot;:&quot;classic&quot;}\">\n\t\t\t\t\t\t<div class=\"elementor-container elementor-column-gap-default\">\n\t\t\t\t\t<div class=\"elementor-column elementor-col-100 elementor-top-column elementor-element elementor-element-abb6d50\" data-id=\"abb6d50\" data-element_type=\"column\" data-e-type=\"column\">\n\t\t\t<div class=\"elementor-widget-wrap elementor-element-populated\">\n\t\t\t\t\t\t<div class=\"elementor-element elementor-element-794a622 elementor-widget elementor-widget-heading\" data-id=\"794a622\" data-element_type=\"widget\" data-e-type=\"widget\" data-widget_type=\"heading.default\">\n\t\t\t\t<div class=\"elementor-widget-container\">\n\t\t\t\t\t<h2 class=\"elementor-heading-title elementor-size-default\">PROJE ETK\u0130NL\u0130KLER\u0130<\/h2>\t\t\t\t<\/div>\n\t\t\t\t<\/div>\n\t\t\t\t\t<\/div>\n\t\t<\/div>\n\t\t\t\t\t<\/div>\n\t\t<\/section>\n\t\t\t\t<section class=\"elementor-section elementor-top-section elementor-element elementor-element-79f3300 elementor-section-content-middle elementor-section-boxed elementor-section-height-default elementor-section-height-default\" data-id=\"79f3300\" data-element_type=\"section\" data-e-type=\"section\">\n\t\t\t\t\t\t<div class=\"elementor-container elementor-column-gap-default\">\n\t\t\t\t\t<div class=\"elementor-column elementor-col-50 elementor-top-column elementor-element elementor-element-1ec9b52\" data-id=\"1ec9b52\" data-element_type=\"column\" data-e-type=\"column\">\n\t\t\t<div class=\"elementor-widget-wrap elementor-element-populated\">\n\t\t\t\t\t\t<div class=\"elementor-element elementor-element-5a5b091 elementor-widget elementor-widget-image\" data-id=\"5a5b091\" data-element_type=\"widget\" data-e-type=\"widget\" data-widget_type=\"image.default\">\n\t\t\t\t<div class=\"elementor-widget-container\">\n\t\t\t\t\t\t\t\t\t\t\t\t\t\t\t<img fetchpriority=\"high\" decoding=\"async\" width=\"800\" height=\"522\" src=\"https:\/\/www.helemeu.org\/wp-content\/uploads\/2023\/01\/project-activities-image.jpg\" class=\"attachment-full size-full wp-image-361\" alt=\"\" srcset=\"https:\/\/www.helemeu.org\/wp-content\/uploads\/2023\/01\/project-activities-image.jpg 800w, https:\/\/www.helemeu.org\/wp-content\/uploads\/2023\/01\/project-activities-image-300x196.jpg 300w, https:\/\/www.helemeu.org\/wp-content\/uploads\/2023\/01\/project-activities-image-768x501.jpg 768w\" sizes=\"(max-width: 800px) 100vw, 800px\" \/>\t\t\t\t\t\t\t\t\t\t\t\t\t\t\t<\/div>\n\t\t\t\t<\/div>\n\t\t\t\t\t<\/div>\n\t\t<\/div>\n\t\t\t\t<div class=\"elementor-column elementor-col-50 elementor-top-column elementor-element elementor-element-ce70de1\" data-id=\"ce70de1\" data-element_type=\"column\" data-e-type=\"column\">\n\t\t\t<div class=\"elementor-widget-wrap elementor-element-populated\">\n\t\t\t\t\t\t<div class=\"elementor-element elementor-element-45ae0d4 elementor-icon-list--layout-traditional elementor-list-item-link-full_width elementor-widget elementor-widget-icon-list\" data-id=\"45ae0d4\" data-element_type=\"widget\" data-e-type=\"widget\" data-widget_type=\"icon-list.default\">\n\t\t\t\t<div class=\"elementor-widget-container\">\n\t\t\t\t\t\t\t<ul class=\"elementor-icon-list-items\">\n\t\t\t\t\t\t\t<li class=\"elementor-icon-list-item\">\n\t\t\t\t\t\t\t\t\t\t\t<span class=\"elementor-icon-list-icon\">\n\t\t\t\t\t\t\t<i aria-hidden=\"true\" class=\"fas fa-check-circle\"><\/i>\t\t\t\t\t\t<\/span>\n\t\t\t\t\t\t\t\t\t\t<span class=\"elementor-icon-list-text\">Mevcut durumun tespiti ve ihtiya\u00e7 analizi<\/span>\n\t\t\t\t\t\t\t\t\t<\/li>\n\t\t\t\t\t\t<\/ul>\n\t\t\t\t\t\t<\/div>\n\t\t\t\t<\/div>\n\t\t\t\t<div class=\"elementor-element elementor-element-773e381 elementor-widget elementor-widget-text-editor\" data-id=\"773e381\" data-element_type=\"widget\" data-e-type=\"widget\" data-widget_type=\"text-editor.default\">\n\t\t\t\t<div class=\"elementor-widget-container\">\n\t\t\t\t\t\t\t\t\t<p>Ulusal ve Uluslararas\u0131 Literat\u00fcr Ara\u015ft\u0131rmas\u0131: Ortaklar, literat\u00fcr\u00fc inceleyerek Avrupa t\u0131p okullar\u0131nda\/fak\u00fcltelerinde sa\u011fl\u0131k okuryazarl\u0131\u011f\u0131 e\u011fitim programlar\u0131n\u0131n belirlenmesinden sorumlu olacakt\u0131r.<br \/>\u0130htiya\u00e7lar\u0131n belirlenmesi: Program geli\u015ftirme k\u0131sm\u0131na ba\u015flamadan \u00f6nce ihtiya\u00e7lar\u0131n belirlenmesine y\u00f6nelik 4 hedef grup \u00fczerinde \u00e7al\u0131\u015fmalar yap\u0131lacakt\u0131r. Bu hedef gruplarda her ortak belirli say\u0131da ki\u015fiye eri\u015fecek ve onlarla \u00e7al\u0131\u015facakt\u0131r. Bu \u00e7al\u0131\u015fmalardan veriler al\u0131nd\u0131ktan sonra, derlenen bilgilerin analiz edilmesi ve yeni geli\u015ftirilen m\u00fcfredata entegre edilmesi amac\u0131yla ortaklar bir araya gelecek ve sonu\u00e7lar\u0131 birbirleriyle payla\u015facak. \u0130htiya\u00e7 analizinin tamam\u0131 koordinat\u00f6r taraf\u0131ndan birle\u015ftirilerek raporlanacakt\u0131r.<\/p>\t\t\t\t\t\t\t\t<\/div>\n\t\t\t\t<\/div>\n\t\t\t\t\t<\/div>\n\t\t<\/div>\n\t\t\t\t\t<\/div>\n\t\t<\/section>\n\t\t\t\t<section class=\"elementor-section elementor-top-section elementor-element elementor-element-f98e97e elementor-section-boxed elementor-section-height-default elementor-section-height-default\" data-id=\"f98e97e\" data-element_type=\"section\" data-e-type=\"section\">\n\t\t\t\t\t\t<div class=\"elementor-container elementor-column-gap-default\">\n\t\t\t\t\t<div class=\"elementor-column elementor-col-50 elementor-top-column elementor-element elementor-element-7a678e8\" data-id=\"7a678e8\" data-element_type=\"column\" data-e-type=\"column\">\n\t\t\t<div class=\"elementor-widget-wrap elementor-element-populated\">\n\t\t\t\t\t\t<div class=\"elementor-element elementor-element-54a7ac2 elementor-icon-list--layout-traditional elementor-list-item-link-full_width elementor-widget elementor-widget-icon-list\" data-id=\"54a7ac2\" data-element_type=\"widget\" data-e-type=\"widget\" data-widget_type=\"icon-list.default\">\n\t\t\t\t<div class=\"elementor-widget-container\">\n\t\t\t\t\t\t\t<ul class=\"elementor-icon-list-items\">\n\t\t\t\t\t\t\t<li class=\"elementor-icon-list-item\">\n\t\t\t\t\t\t\t\t\t\t\t<span class=\"elementor-icon-list-icon\">\n\t\t\t\t\t\t\t<i aria-hidden=\"true\" class=\"fas fa-check-circle\"><\/i>\t\t\t\t\t\t<\/span>\n\t\t\t\t\t\t\t\t\t\t<span class=\"elementor-icon-list-text\">Bir web sitesi yay\u0131nlamak ve dijital platformlar olu\u015fturmak: Bunlar tan\u0131t\u0131m ve e-\u00f6\u011frenme i\u00e7in olu\u015fturulacakt\u0131r.<\/span>\n\t\t\t\t\t\t\t\t\t<\/li>\n\t\t\t\t\t\t\t\t<li class=\"elementor-icon-list-item\">\n\t\t\t\t\t\t\t\t\t\t\t<span class=\"elementor-icon-list-icon\">\n\t\t\t\t\t\t\t<i aria-hidden=\"true\" class=\"fas fa-check-circle\"><\/i>\t\t\t\t\t\t<\/span>\n\t\t\t\t\t\t\t\t\t\t<span class=\"elementor-icon-list-text\">Sa\u011fl\u0131k okuryazarl\u0131\u011f\u0131 e\u011fitim program\u0131 ve materyalinin geli\u015ftirilmesi (rehber, e-\u00f6\u011frenme materyali vb.)<\/span>\n\t\t\t\t\t\t\t\t\t<\/li>\n\t\t\t\t\t\t\t\t<li class=\"elementor-icon-list-item\">\n\t\t\t\t\t\t\t\t\t\t\t<span class=\"elementor-icon-list-icon\">\n\t\t\t\t\t\t\t<i aria-hidden=\"true\" class=\"fas fa-check-circle\"><\/i>\t\t\t\t\t\t<\/span>\n\t\t\t\t\t\t\t\t\t\t<span class=\"elementor-icon-list-text\">Yeni E\u011fitmenlerin E\u011fitimi program\u0131: Geli\u015ftirilen programa ba\u015fvuru konusunda aktif olarak \u00e7al\u0131\u015facak yeni e\u011fitmenlerin yeti\u015ftirilmesi.<\/span>\n\t\t\t\t\t\t\t\t\t<\/li>\n\t\t\t\t\t\t<\/ul>\n\t\t\t\t\t\t<\/div>\n\t\t\t\t<\/div>\n\t\t\t\t<div class=\"elementor-element elementor-element-c38937b elementor-widget elementor-widget-text-editor\" data-id=\"c38937b\" data-element_type=\"widget\" data-e-type=\"widget\" data-widget_type=\"text-editor.default\">\n\t\t\t\t<div class=\"elementor-widget-container\">\n\t\t\t\t\t\t\t\t\t<p>Bu ama\u00e7la \u201ckat\u0131l\u0131m ve akran e\u011fitimi y\u00f6ntemleri ile sa\u011fl\u0131k okuryazarl\u0131\u011f\u0131 i\u00e7erikleri\u201d konulu e\u011fitim program\u0131 geli\u015ftirilecek (yakla\u015f\u0131k 5 g\u00fcn) ve di\u011fer ortaklar\u0131n e\u011fitimi i\u00e7in ortak bir \u00fclkede e\u011fitim etkinli\u011fi d\u00fczenlenecektir. E\u011fitim etkinlikleri sonunda her \u00fclkede 3-4 e\u011fitmen bulunacakt\u0131r.<\/p>\t\t\t\t\t\t\t\t<\/div>\n\t\t\t\t<\/div>\n\t\t\t\t\t<\/div>\n\t\t<\/div>\n\t\t\t\t<div class=\"elementor-column elementor-col-50 elementor-top-column elementor-element elementor-element-9d178ab\" data-id=\"9d178ab\" data-element_type=\"column\" data-e-type=\"column\">\n\t\t\t<div class=\"elementor-widget-wrap elementor-element-populated\">\n\t\t\t\t\t\t<div class=\"elementor-element elementor-element-a6d8f8e elementor-icon-list--layout-traditional elementor-list-item-link-full_width elementor-widget elementor-widget-icon-list\" data-id=\"a6d8f8e\" data-element_type=\"widget\" data-e-type=\"widget\" data-widget_type=\"icon-list.default\">\n\t\t\t\t<div class=\"elementor-widget-container\">\n\t\t\t\t\t\t\t<ul class=\"elementor-icon-list-items\">\n\t\t\t\t\t\t\t<li class=\"elementor-icon-list-item\">\n\t\t\t\t\t\t\t\t\t\t\t<span class=\"elementor-icon-list-icon\">\n\t\t\t\t\t\t\t<i aria-hidden=\"true\" class=\"fas fa-check-circle\"><\/i>\t\t\t\t\t\t<\/span>\n\t\t\t\t\t\t\t\t\t\t<span class=\"elementor-icon-list-text\">\u00d6\u011frencilere pilot uygulama ve programdaki materyallerin de\u011ferlendirilmesi ve g\u00fcncellenmesi<\/span>\n\t\t\t\t\t\t\t\t\t<\/li>\n\t\t\t\t\t\t\t\t<li class=\"elementor-icon-list-item\">\n\t\t\t\t\t\t\t\t\t\t\t<span class=\"elementor-icon-list-icon\">\n\t\t\t\t\t\t\t<i aria-hidden=\"true\" class=\"fas fa-check-circle\"><\/i>\t\t\t\t\t\t<\/span>\n\t\t\t\t\t\t\t\t\t\t<span class=\"elementor-icon-list-text\">Program\u0131n proje ortaklar\u0131nda uygulanmas\u0131<\/span>\n\t\t\t\t\t\t\t\t\t<\/li>\n\t\t\t\t\t\t\t\t<li class=\"elementor-icon-list-item\">\n\t\t\t\t\t\t\t\t\t\t\t<span class=\"elementor-icon-list-icon\">\n\t\t\t\t\t\t\t<i aria-hidden=\"true\" class=\"fas fa-check-circle\"><\/i>\t\t\t\t\t\t<\/span>\n\t\t\t\t\t\t\t\t\t\t<span class=\"elementor-icon-list-text\">Uygulama ve \u00f6l\u00e7me de\u011ferlendirme \u00e7al\u0131\u015fmalar\u0131ndan nihai e\u011fitim program\u0131 ve raporlamas\u0131 yap\u0131lacakt\u0131r.<\/span>\n\t\t\t\t\t\t\t\t\t<\/li>\n\t\t\t\t\t\t\t\t<li class=\"elementor-icon-list-item\">\n\t\t\t\t\t\t\t\t\t\t\t<span class=\"elementor-icon-list-icon\">\n\t\t\t\t\t\t\t<i aria-hidden=\"true\" class=\"fas fa-check-circle\"><\/i>\t\t\t\t\t\t<\/span>\n\t\t\t\t\t\t\t\t\t\t<span class=\"elementor-icon-list-text\">Proje De\u011ferlendirme ve Raporlama: Proje, operasyonlar de\u011ferlendirilecektir.<\/span>\n\t\t\t\t\t\t\t\t\t<\/li>\n\t\t\t\t\t\t<\/ul>\n\t\t\t\t\t\t<\/div>\n\t\t\t\t<\/div>\n\t\t\t\t<div class=\"elementor-element elementor-element-11a2d05 elementor-widget elementor-widget-text-editor\" data-id=\"11a2d05\" data-element_type=\"widget\" data-e-type=\"widget\" data-widget_type=\"text-editor.default\">\n\t\t\t\t<div class=\"elementor-widget-container\">\n\t\t\t\t\t\t\t\t\t<p>Bu sayede t\u0131p e\u011fitimine y\u00f6nelik sa\u011fl\u0131k okuryazarl\u0131\u011f\u0131, Avrupa&#8217;da toplum sa\u011fl\u0131\u011f\u0131n\u0131n iyile\u015ftirilmesine katk\u0131da bulunacak \u00f6rnek ve yenilik\u00e7i bir e\u011fitim program\u0131 olacakt\u0131r.<\/p>\t\t\t\t\t\t\t\t<\/div>\n\t\t\t\t<\/div>\n\t\t\t\t\t<\/div>\n\t\t<\/div>\n\t\t\t\t\t<\/div>\n\t\t<\/section>\n\t\t\t\t<\/div>\n\t\t","protected":false},"excerpt":{"rendered":"<p>PROJE ETK\u0130NL\u0130KLER\u0130 Mevcut durumun tespiti ve ihtiya\u00e7 analizi Ulusal ve Uluslararas\u0131 Literat\u00fcr Ara\u015ft\u0131rmas\u0131: Ortaklar, literat\u00fcr\u00fc inceleyerek Avrupa t\u0131p okullar\u0131nda\/fak\u00fcltelerinde sa\u011fl\u0131k okuryazarl\u0131\u011f\u0131 e\u011fitim programlar\u0131n\u0131n belirlenmesinden sorumlu olacakt\u0131r. \u0130htiya\u00e7lar\u0131n belirlenmesi: Program geli\u015ftirme k\u0131sm\u0131na ba\u015flamadan \u00f6nce ihtiya\u00e7lar\u0131n belirlenmesine y\u00f6nelik 4 hedef grup \u00fczerinde \u00e7al\u0131\u015fmalar yap\u0131lacakt\u0131r. Bu hedef gruplarda her ortak belirli say\u0131da ki\u015fiye eri\u015fecek ve onlarla \u00e7al\u0131\u015facakt\u0131r. Bu [&hellip;]<\/p>\n","protected":false},"author":1,"featured_media":0,"parent":0,"menu_order":0,"comment_status":"closed","ping_status":"closed","template":"","meta":{"inline_featured_image":false,"footnotes":""},"class_list":["post-2168","page","type-page","status-publish","hentry"],"_links":{"self":[{"href":"https:\/\/www.helemeu.org\/tr\/wp-json\/wp\/v2\/pages\/2168","targetHints":{"allow":["GET"]}}],"collection":[{"href":"https:\/\/www.helemeu.org\/tr\/wp-json\/wp\/v2\/pages"}],"about":[{"href":"https:\/\/www.helemeu.org\/tr\/wp-json\/wp\/v2\/types\/page"}],"author":[{"embeddable":true,"href":"https:\/\/www.helemeu.org\/tr\/wp-json\/wp\/v2\/users\/1"}],"replies":[{"embeddable":true,"href":"https:\/\/www.helemeu.org\/tr\/wp-json\/wp\/v2\/comments?post=2168"}],"version-history":[{"count":0,"href":"https:\/\/www.helemeu.org\/tr\/wp-json\/wp\/v2\/pages\/2168\/revisions"}],"wp:attachment":[{"href":"https:\/\/www.helemeu.org\/tr\/wp-json\/wp\/v2\/media?parent=2168"}],"curies":[{"name":"wp","href":"https:\/\/api.w.org\/{rel}","templated":true}]}}