{"id":2191,"date":"2023-01-13T11:56:28","date_gmt":"2023-01-13T11:56:28","guid":{"rendered":"https:\/\/www.helemeu.org\/gazi-university\/"},"modified":"2023-10-12T07:08:39","modified_gmt":"2023-10-12T07:08:39","slug":"gazi-universitesi","status":"publish","type":"page","link":"https:\/\/www.helemeu.org\/tr\/gazi-universitesi\/","title":{"rendered":"Gazi \u00dcniversitesi"},"content":{"rendered":"\t\t<div data-elementor-type=\"wp-page\" data-elementor-id=\"2191\" class=\"elementor elementor-2191 elementor-437\" data-elementor-post-type=\"page\">\n\t\t\t\t\t\t<section class=\"elementor-section elementor-top-section elementor-element elementor-element-166798c7 elementor-section-boxed elementor-section-height-default elementor-section-height-default\" data-id=\"166798c7\" data-element_type=\"section\" data-e-type=\"section\" data-settings=\"{&quot;background_background&quot;:&quot;classic&quot;}\">\n\t\t\t\t\t\t<div class=\"elementor-container elementor-column-gap-default\">\n\t\t\t\t\t<div class=\"elementor-column elementor-col-100 elementor-top-column elementor-element elementor-element-3f748fa7\" data-id=\"3f748fa7\" data-element_type=\"column\" data-e-type=\"column\">\n\t\t\t<div class=\"elementor-widget-wrap elementor-element-populated\">\n\t\t\t\t\t\t<div class=\"elementor-element elementor-element-7fdf2021 elementor-widget elementor-widget-heading\" data-id=\"7fdf2021\" data-element_type=\"widget\" data-e-type=\"widget\" data-widget_type=\"heading.default\">\n\t\t\t\t<div class=\"elementor-widget-container\">\n\t\t\t\t\t<h2 class=\"elementor-heading-title elementor-size-default\">Gazi \u00dcniversitesi<\/h2>\t\t\t\t<\/div>\n\t\t\t\t<\/div>\n\t\t\t\t\t<\/div>\n\t\t<\/div>\n\t\t\t\t\t<\/div>\n\t\t<\/section>\n\t\t\t\t<section class=\"elementor-section elementor-top-section elementor-element elementor-element-effb1ba elementor-section-boxed elementor-section-height-default elementor-section-height-default\" data-id=\"effb1ba\" data-element_type=\"section\" data-e-type=\"section\">\n\t\t\t\t\t\t<div class=\"elementor-container elementor-column-gap-default\">\n\t\t\t\t\t<div class=\"elementor-column elementor-col-100 elementor-top-column elementor-element elementor-element-8be207a\" data-id=\"8be207a\" data-element_type=\"column\" data-e-type=\"column\">\n\t\t\t<div class=\"elementor-widget-wrap elementor-element-populated\">\n\t\t\t\t\t\t<div class=\"elementor-element elementor-element-5ba63f6 elementor-widget elementor-widget-image\" data-id=\"5ba63f6\" data-element_type=\"widget\" data-e-type=\"widget\" data-widget_type=\"image.default\">\n\t\t\t\t<div class=\"elementor-widget-container\">\n\t\t\t\t\t\t\t\t\t\t\t\t\t\t\t<img fetchpriority=\"high\" decoding=\"async\" width=\"300\" height=\"300\" src=\"https:\/\/www.helemeu.org\/wp-content\/uploads\/2023\/01\/gazi-logo.png\" class=\"attachment-full size-full wp-image-143\" alt=\"\" srcset=\"https:\/\/www.helemeu.org\/wp-content\/uploads\/2023\/01\/gazi-logo.png 300w, https:\/\/www.helemeu.org\/wp-content\/uploads\/2023\/01\/gazi-logo-150x150.png 150w\" sizes=\"(max-width: 300px) 100vw, 300px\" \/>\t\t\t\t\t\t\t\t\t\t\t\t\t\t\t<\/div>\n\t\t\t\t<\/div>\n\t\t\t\t<div class=\"elementor-element elementor-element-090cc35 elementor-widget elementor-widget-text-editor\" data-id=\"090cc35\" data-element_type=\"widget\" data-e-type=\"widget\" data-widget_type=\"text-editor.default\">\n\t\t\t\t<div class=\"elementor-widget-container\">\n\t\t\t\t\t\t\t\t\t<p>Gazi \u00dcniversitesi T\u0131p Fak\u00fcltesi Halk Sa\u011fl\u0131\u011f\u0131 Anabilim Dal\u0131, Avrupa T\u0131p \u00d6\u011frencileri Birli\u011fi-Gazi \u00dcye Kurulu\u015fu, Uluslararas\u0131 T\u0131p \u00d6\u011frencileri Birli\u011fi Federasyonu-T\u00fcrkiye Gazi Yerel Temsilcili\u011fi projede aktif olarak g\u00f6rev yapacak.<\/p><p>1- T\u0131p fak\u00fcltemizde hem \u0130ngilizce T\u0131p hem de T\u00fcrk\u00e7e T\u0131p programlar\u0131 bulunmaktad\u0131r. Her iki program da WFME taraf\u0131ndan akredite edilen ulusal kurulu\u015f TEPDAD taraf\u0131ndan akredite edilmi\u015ftir. E\u011fitimden sorumlu dekan yard\u0131mc\u0131s\u0131 ve farmakolog Prof. Dr. Sevil \u0130lhan, M\u00fcfredat Geli\u015ftirme Konseyi, \u00d6l\u00e7me ve De\u011ferlendirme Konseyi, A\u015fama Koordinat\u00f6rleri Konseyi ba\u015fkan\u0131 ve III. A\u015fama koordinat\u00f6r\u00fc olarak s\u00fcrecin uygulanmas\u0131nda aktif rol alacak. Ayr\u0131ca Y\u00fcksek\u00f6\u011fretim Kurulu&#8217;nda g\u00f6rev yapmaktad\u0131r.<\/p><p>2- Gazi \u00dcniversitesi T\u0131p Fak\u00fcltesi Halk Sa\u011fl\u0131\u011f\u0131 Anabilim Dal\u0131&#8217;nda 20 asistan, 6 akademisyen bulunmakta olup, probleme dayal\u0131 \u00f6\u011frenme, klinik beceri \u00f6\u011frenimi, kan\u0131ta dayal\u0131 t\u0131p ve saha \u00e7al\u0131\u015fmalar\u0131 gibi bir\u00e7ok e\u011fitim program\u0131 geli\u015ftirme s\u00fcrecinde aktif olarak yer almaktad\u0131r. Hem t\u0131p doktoru diplomas\u0131na hem de e\u011fitim y\u00f6netimi ve denetimi alan\u0131nda y\u00fcksek lisans derecesine sahip olan Halk Sa\u011fl\u0131\u011f\u0131 Anabilim Dal\u0131&#8217;ndan Prof. Dr. Se\u00e7il \u00d6zkan. T\u00fcrkiye Cumhuriyeti Sa\u011fl\u0131k Bakanl\u0131\u011f\u0131 Halk Sa\u011fl\u0131\u011f\u0131 Kurumu Ba\u015fkanl\u0131\u011f\u0131 g\u00f6revlerinde bulunmu\u015f, T\u00fcrkiye \u00e7ap\u0131nda 10.000 t\u0131p doktorunun istihdam\u0131ndan sorumlu olmu\u015f, b\u00f6ylece hem sa\u011fl\u0131k kurulu\u015funda hem de t\u0131p doktorlu\u011funda saha\/k\u0131rsal sorunlar\u0131 inceleme f\u0131rsat\u0131 bulmu\u015ftur. bak\u0131\u015f a\u00e7\u0131lar\u0131. Ayr\u0131ca 2015 y\u0131l\u0131ndan bu yana Sa\u011fl\u0131k Bakanl\u0131\u011f\u0131 Sa\u011fl\u0131k Politikalar\u0131 Kurulu, E\u011fitim Konseyi&#8217;nde hem lisans hem de lisans\u00fcst\u00fc e\u011fitimde g\u00f6rev almaktad\u0131r. \u00c7al\u0131\u015fmalar\u0131n\u0131n odak alanlar\u0131 sa\u011fl\u0131\u011f\u0131n geli\u015ftirilmesiyle ilgilidir; Sa\u011fl\u0131k bilgilerinin uygulanmas\u0131 ve sa\u011fl\u0131k hizmetlerinin s\u00fcrd\u00fcr\u00fclebilirli\u011fi. Sa\u011fl\u0131k okuryazarl\u0131\u011f\u0131 lisans ve lisans\u00fcst\u00fc derslerinin yan\u0131 s\u0131ra halka a\u00e7\u0131k kurslarda da sa\u011fl\u0131k okuryazarl\u0131\u011f\u0131na y\u00f6nelik bilin\u00e7lendirme \u00e7al\u0131\u015fmalar\u0131nda bulunmu\u015ftur. Payda\u015flarla i\u015fbirli\u011fi i\u00e7inde \u00e7al\u0131\u015fan ba\u015far\u0131l\u0131 bir akademik kadrodur; Uluslararas\u0131 projelerde proje y\u00f6netimi ve ara\u015ft\u0131rma. Halen t\u0131p fak\u00fcltesinde M\u00fcfredat Geli\u015ftirme Kurulu&#8217;nda g\u00f6rev yapmaktad\u0131r. Y\u00f6netim ve payda\u015flarla i\u015fbirli\u011fi i\u00e7in projede yer alacak.<\/p><p>3- Avrupa T\u0131p \u00d6\u011frencileri Birli\u011fi- Gazi \u00dcye Organizasyonu, Uluslararas\u0131 T\u0131p \u00d6\u011frencileri Birli\u011fi Federasyonu (IFMSA)- T\u00fcrkiye Gazi Yerel Temsilcili\u011fi, sa\u011fl\u0131\u011f\u0131n geli\u015ftirilmesi i\u00e7in aktif olarak \u00e7al\u0131\u015fan t\u0131p \u00f6\u011frencisi kul\u00fcpleridir. Avrupa T\u0131p \u00d6\u011frencileri Birli\u011fi (EMSA) Gazi \u00dcye Kurulu\u015fu&#8217;ndan \u0130hsan Sel\u00e7uk Yurtta\u015f, IFMSA sertifikal\u0131 T\u0131p E\u011fitimi Gen\u00e7lik E\u011fitmenidir. Avrupa genelinde m\u00fcfredat geli\u015ftirme ve savunuculuk konular\u0131nda aktif olarak e\u011fitim oturumlar\u0131 vermektedir. T\u0131p fak\u00fcltesinde \u00d6z De\u011ferlendirme Konseyi, Dijital T\u0131p E\u011fitimi Uygulama Konseyi ve \u00d6\u011frenci Temsilcileri Konseyi \u00fcyesidir. \u00d6zellikle animasyon ve video gibi g\u00f6rsel i\u00e7erik geli\u015ftirme konusunda y\u00fcksek beceriye sahip bir bilgisayar kullan\u0131c\u0131s\u0131d\u0131r. EMSA&#8217;n\u0131n benimsedi\u011fi ve DS\u00d6 Avrupa taraf\u0131ndan da kabul edilen T\u0131p E\u011fitiminde Sa\u011fl\u0131k Okuryazarl\u0131\u011f\u0131 politika belgesine katk\u0131da bulunanlardan biri olmu\u015ftur. EMSA\u2019n\u0131n resmi dergisi, EuroMeds, Genel Yay\u0131n Y\u00f6netmeni, EMSA T\u00fcrkiye \u015eubesi y\u00f6netim kurulu \u00fcyesi, EMSA T\u00fcrkiye STK\u2019s\u0131n\u0131n kurucusudur. E-\u00f6\u011frenme ve OER platformlar\u0131 i\u00e7in fark\u0131ndal\u0131k yaratma, BT geli\u015ftirme ve EMSA ve IFMSA kanallar\u0131n\u0131 kullanarak uluslararas\u0131 da\u011f\u0131t\u0131mdan sorumlu olacak.<\/p>\t\t\t\t\t\t\t\t<\/div>\n\t\t\t\t<\/div>\n\t\t\t\t\t<\/div>\n\t\t<\/div>\n\t\t\t\t\t<\/div>\n\t\t<\/section>\n\t\t\t\t<\/div>\n\t\t","protected":false},"excerpt":{"rendered":"<p>Gazi \u00dcniversitesi Gazi \u00dcniversitesi T\u0131p Fak\u00fcltesi Halk Sa\u011fl\u0131\u011f\u0131 Anabilim Dal\u0131, Avrupa T\u0131p \u00d6\u011frencileri Birli\u011fi-Gazi \u00dcye Kurulu\u015fu, Uluslararas\u0131 T\u0131p \u00d6\u011frencileri Birli\u011fi Federasyonu-T\u00fcrkiye Gazi Yerel Temsilcili\u011fi projede aktif olarak g\u00f6rev yapacak. 1- T\u0131p fak\u00fcltemizde hem \u0130ngilizce T\u0131p hem de T\u00fcrk\u00e7e T\u0131p programlar\u0131 bulunmaktad\u0131r. Her iki program da WFME taraf\u0131ndan akredite edilen ulusal kurulu\u015f TEPDAD taraf\u0131ndan akredite edilmi\u015ftir. [&hellip;]<\/p>\n","protected":false},"author":1,"featured_media":0,"parent":0,"menu_order":0,"comment_status":"closed","ping_status":"closed","template":"","meta":{"inline_featured_image":false,"footnotes":""},"class_list":["post-2191","page","type-page","status-publish","hentry"],"_links":{"self":[{"href":"https:\/\/www.helemeu.org\/tr\/wp-json\/wp\/v2\/pages\/2191","targetHints":{"allow":["GET"]}}],"collection":[{"href":"https:\/\/www.helemeu.org\/tr\/wp-json\/wp\/v2\/pages"}],"about":[{"href":"https:\/\/www.helemeu.org\/tr\/wp-json\/wp\/v2\/types\/page"}],"author":[{"embeddable":true,"href":"https:\/\/www.helemeu.org\/tr\/wp-json\/wp\/v2\/users\/1"}],"replies":[{"embeddable":true,"href":"https:\/\/www.helemeu.org\/tr\/wp-json\/wp\/v2\/comments?post=2191"}],"version-history":[{"count":0,"href":"https:\/\/www.helemeu.org\/tr\/wp-json\/wp\/v2\/pages\/2191\/revisions"}],"wp:attachment":[{"href":"https:\/\/www.helemeu.org\/tr\/wp-json\/wp\/v2\/media?parent=2191"}],"curies":[{"name":"wp","href":"https:\/\/api.w.org\/{rel}","templated":true}]}}