{"id":2210,"date":"2023-01-13T11:59:14","date_gmt":"2023-01-13T11:59:14","guid":{"rendered":"https:\/\/www.helemeu.org\/hacettepe-university\/"},"modified":"2023-10-12T07:14:13","modified_gmt":"2023-10-12T07:14:13","slug":"hacettepe-universitesi","status":"publish","type":"page","link":"https:\/\/www.helemeu.org\/tr\/hacettepe-universitesi\/","title":{"rendered":"Hacettepe \u00dcniversitesi"},"content":{"rendered":"\t\t<div data-elementor-type=\"wp-page\" data-elementor-id=\"2210\" class=\"elementor elementor-2210 elementor-442\" data-elementor-post-type=\"page\">\n\t\t\t\t\t\t<section class=\"elementor-section elementor-top-section elementor-element elementor-element-1c08b0ca elementor-section-boxed elementor-section-height-default elementor-section-height-default\" data-id=\"1c08b0ca\" data-element_type=\"section\" data-e-type=\"section\" data-settings=\"{&quot;background_background&quot;:&quot;classic&quot;}\">\n\t\t\t\t\t\t<div class=\"elementor-container elementor-column-gap-default\">\n\t\t\t\t\t<div class=\"elementor-column elementor-col-100 elementor-top-column elementor-element elementor-element-16217045\" data-id=\"16217045\" data-element_type=\"column\" data-e-type=\"column\">\n\t\t\t<div class=\"elementor-widget-wrap elementor-element-populated\">\n\t\t\t\t\t\t<div class=\"elementor-element elementor-element-e131448 elementor-widget elementor-widget-heading\" data-id=\"e131448\" data-element_type=\"widget\" data-e-type=\"widget\" data-widget_type=\"heading.default\">\n\t\t\t\t<div class=\"elementor-widget-container\">\n\t\t\t\t\t<h2 class=\"elementor-heading-title elementor-size-default\">Hacettepe \u00dcniversitesi<\/h2>\t\t\t\t<\/div>\n\t\t\t\t<\/div>\n\t\t\t\t\t<\/div>\n\t\t<\/div>\n\t\t\t\t\t<\/div>\n\t\t<\/section>\n\t\t\t\t<section class=\"elementor-section elementor-top-section elementor-element elementor-element-abbf0d8 elementor-section-boxed elementor-section-height-default elementor-section-height-default\" data-id=\"abbf0d8\" data-element_type=\"section\" data-e-type=\"section\">\n\t\t\t\t\t\t<div class=\"elementor-container elementor-column-gap-default\">\n\t\t\t\t\t<div class=\"elementor-column elementor-col-100 elementor-top-column elementor-element elementor-element-8bdefcb\" data-id=\"8bdefcb\" data-element_type=\"column\" data-e-type=\"column\">\n\t\t\t<div class=\"elementor-widget-wrap elementor-element-populated\">\n\t\t\t\t\t\t<div class=\"elementor-element elementor-element-9f6c3c6 elementor-widget elementor-widget-image\" data-id=\"9f6c3c6\" data-element_type=\"widget\" data-e-type=\"widget\" data-widget_type=\"image.default\">\n\t\t\t\t<div class=\"elementor-widget-container\">\n\t\t\t\t\t\t\t\t\t\t\t\t\t\t\t<img fetchpriority=\"high\" decoding=\"async\" width=\"300\" height=\"300\" src=\"https:\/\/www.helemeu.org\/wp-content\/uploads\/2023\/01\/hacettepe-logo.png\" class=\"attachment-full size-full wp-image-146\" alt=\"\" srcset=\"https:\/\/www.helemeu.org\/wp-content\/uploads\/2023\/01\/hacettepe-logo.png 300w, https:\/\/www.helemeu.org\/wp-content\/uploads\/2023\/01\/hacettepe-logo-150x150.png 150w\" sizes=\"(max-width: 300px) 100vw, 300px\" \/>\t\t\t\t\t\t\t\t\t\t\t\t\t\t\t<\/div>\n\t\t\t\t<\/div>\n\t\t\t\t<div class=\"elementor-element elementor-element-e3ae43d elementor-widget elementor-widget-text-editor\" data-id=\"e3ae43d\" data-element_type=\"widget\" data-e-type=\"widget\" data-widget_type=\"text-editor.default\">\n\t\t\t\t<div class=\"elementor-widget-container\">\n\t\t\t\t\t\t\t\t\t<p>Hacettepe \u00dcniversitesi, Erasmus Program\u0131n\u0131 2004 y\u0131l\u0131ndan bu yana t\u00fcm akademik ve idari birimlerle yak\u0131n i\u015fbirli\u011fi i\u00e7inde y\u00fcr\u00fctmektedir. Program kapsam\u0131nda t\u00fcm b\u00f6l\u00fcmlere, \u00f6\u011frencilere ve akademik personele Proje Destek Ofisi taraf\u0131ndan proje deste\u011fi verilmekte ve proje olu\u015fturmalar\u0131 ve kat\u0131lmalar\u0131 te\u015fvik edilmektedir. Ge\u00e7mi\u015fleri ne olursa olsun her birinin potansiyeline inan\u0131yoruz. Herhangi bir proje, farkl\u0131 y\u00f6nlere dahil olarak k\u00fclt\u00fcrel i\u015fbirli\u011finin zihnini a\u00e7mak, tan\u0131mak ve anlam\u0131n\u0131 anlamak i\u00e7in ideal bir f\u0131rsatt\u0131r.<\/p><p>Hacettepe \u00dcniversitesi T\u0131p Fak\u00fcltesi ve Halk Sa\u011fl\u0131\u011f\u0131 Enstit\u00fcs\u00fc&#8217;n\u00fcn \u00e7ok say\u0131da faaliyeti ve proje y\u00fcr\u00fctme konusunda geni\u015f bir deneyimi vard\u0131r. Enstit\u00fc, sa\u011fl\u0131k profesyonellerinin yan\u0131 s\u0131ra farkl\u0131 n\u00fcfus gruplar\u0131 aras\u0131nda niceliksel ve niteliksel ara\u015ft\u0131rmalar y\u00fcr\u00fctme ve hem halk hem de sa\u011fl\u0131k profesyonelleri i\u00e7in \u00e7e\u015fitli halk sa\u011fl\u0131\u011f\u0131 konular\u0131nda bilgi, e\u011fitim ve ileti\u015fim materyalleri geli\u015ftirme konusunda deneyimlidir.<\/p><p>T\u0131p E\u011fitimi ve Bili\u015fimi B\u00f6l\u00fcm\u00fc, ileti\u015fim becerileri, sim\u00fclasyon, meslekleraras\u0131 \u00f6\u011frenme ve klinik e\u011fitim gibi t\u0131p m\u00fcfredat\u0131n\u0131n farkl\u0131 b\u00f6l\u00fcmlerinde yenilik\u00e7i programlar\u0131n geli\u015ftirilmesi ve uygulanmas\u0131 konusunda T\u00fcrkiye&#8217;de \u00f6nc\u00fc bir b\u00f6l\u00fcmd\u00fcr.<\/p><p>Kilit ki\u015filerin beceri ve uzmanl\u0131klar\u0131ndan baz\u0131lar\u0131 \u015funlard\u0131r:<\/p><p>Prof. Dr. Sarp \u00dcner, halk sa\u011fl\u0131\u011f\u0131\/sa\u011fl\u0131k y\u00f6netimi alan\u0131nda doktora derecesine sahip bir t\u0131p doktorudur. Dr.\u00dcner&#8217;in temel ilgi alanlar\u0131 sa\u011fl\u0131k planlamas\u0131 ve hizmet sunumu, sa\u011fl\u0131kta insan kaynaklar\u0131, temel sa\u011fl\u0131k hizmetleri ara\u015ft\u0131rmalar\u0131d\u0131r. 2000 y\u0131l\u0131ndan bu yana farkl\u0131 ulusal ajanslar taraf\u0131ndan finanse edilen farkl\u0131 projelerin yan\u0131 s\u0131ra WHO, UNFPA, D\u00fcnya Bankas\u0131 ve UNDP taraf\u0131ndan finanse edilen projelerde ara\u015ft\u0131rmac\u0131 ve dan\u0131\u015fman olarak \u00e7al\u0131\u015ft\u0131. Halk sa\u011fl\u0131\u011f\u0131 ve sa\u011fl\u0131k y\u00f6netimi konular\u0131nda \u00e7e\u015fitli bilimsel yay\u0131nlar\u0131 bulunmaktad\u0131r ve \u00e7e\u015fitli bilimsel yay\u0131nlar\u0131 bulunmaktad\u0131r. Kamu ve sa\u011fl\u0131k personeli i\u00e7in IEC materyalleri geli\u015ftirme deneyimi.<\/p><p>Prof. Dr. Sevgi Turan&#8217;\u0131n sa\u011fl\u0131k e\u011fitimi alan\u0131nda y\u00fcksek lisans\u0131 ve program geli\u015ftirme ve \u00f6\u011fretim alan\u0131nda doktoras\u0131 bulunmaktad\u0131r. Ara\u015ft\u0131rma alanlar\u0131 sa\u011fl\u0131k e\u011fitimi, \u00f6\u011frenme becerileri, \u00f6z-d\u00fczenleyici \u00f6\u011frenme, m\u00fcfredat geli\u015ftirme ve t\u0131p e\u011fitiminde de\u011ferlendirme ve \u00f6l\u00e7medir. T\u0131p e\u011fitiminde sa\u011fl\u0131k e\u011fitimi ve \u00f6\u011frenimi, m\u00fcfredat geli\u015ftirme, de\u011ferlendirme konular\u0131nda \u00e7e\u015fitli bilimsel yay\u0131nlar\u0131 bulunmaktad\u0131r. Ayr\u0131ca T\u00fcrkiye T\u0131p E\u011fitimi Programlar\u0131n\u0131 De\u011ferlendirme ve Akreditasyon Derne\u011fi ve T\u0131p E\u011fitimini Geli\u015ftirme Derne\u011fi&#8217;nde aktif olarak \u00e7al\u0131\u015fmaktad\u0131r.<\/p><p>Prof. Dr. Hilal \u00d6zcebe t\u0131p doktoru ve halk sa\u011fl\u0131\u011f\u0131 uzman\u0131 olup Aile Sa\u011fl\u0131\u011f\u0131 alan\u0131nda doktora derecesine sahiptir. \u0130lgi alanlar\u0131 sa\u011fl\u0131\u011f\u0131 geli\u015ftirme programlar\u0131, temel sa\u011fl\u0131k hizmetleri ara\u015ft\u0131rmalar\u0131, \u00e7ocuk ve ergen sa\u011fl\u0131\u011f\u0131, yaralanma ve \u015fiddeti \u00f6nleme programlar\u0131d\u0131r. Prof. Dr. \u00d6zcebe, temel sa\u011fl\u0131k hizmetleri ve sa\u011fl\u0131\u011f\u0131n geli\u015ftirilmesi programlar\u0131na ili\u015fkin ulusal ve uluslararas\u0131 projelerde yer ald\u0131. \u00c7e\u015fitli e\u011fitim programlar\u0131nda koordinat\u00f6r olarak yer ald\u0131 ve ayr\u0131ca Sa\u011fl\u0131k Bakanl\u0131\u011f\u0131&#8217;n\u0131n farkl\u0131 e\u011fitim programlar\u0131nda ulusal dan\u0131\u015fman olarak yer ald\u0131.<\/p>\t\t\t\t\t\t\t\t<\/div>\n\t\t\t\t<\/div>\n\t\t\t\t\t<\/div>\n\t\t<\/div>\n\t\t\t\t\t<\/div>\n\t\t<\/section>\n\t\t\t\t<\/div>\n\t\t","protected":false},"excerpt":{"rendered":"<p>Hacettepe \u00dcniversitesi Hacettepe \u00dcniversitesi, Erasmus Program\u0131n\u0131 2004 y\u0131l\u0131ndan bu yana t\u00fcm akademik ve idari birimlerle yak\u0131n i\u015fbirli\u011fi i\u00e7inde y\u00fcr\u00fctmektedir. Program kapsam\u0131nda t\u00fcm b\u00f6l\u00fcmlere, \u00f6\u011frencilere ve akademik personele Proje Destek Ofisi taraf\u0131ndan proje deste\u011fi verilmekte ve proje olu\u015fturmalar\u0131 ve kat\u0131lmalar\u0131 te\u015fvik edilmektedir. Ge\u00e7mi\u015fleri ne olursa olsun her birinin potansiyeline inan\u0131yoruz. Herhangi bir proje, farkl\u0131 y\u00f6nlere dahil [&hellip;]<\/p>\n","protected":false},"author":1,"featured_media":0,"parent":0,"menu_order":0,"comment_status":"closed","ping_status":"closed","template":"","meta":{"inline_featured_image":false,"footnotes":""},"class_list":["post-2210","page","type-page","status-publish","hentry"],"_links":{"self":[{"href":"https:\/\/www.helemeu.org\/tr\/wp-json\/wp\/v2\/pages\/2210","targetHints":{"allow":["GET"]}}],"collection":[{"href":"https:\/\/www.helemeu.org\/tr\/wp-json\/wp\/v2\/pages"}],"about":[{"href":"https:\/\/www.helemeu.org\/tr\/wp-json\/wp\/v2\/types\/page"}],"author":[{"embeddable":true,"href":"https:\/\/www.helemeu.org\/tr\/wp-json\/wp\/v2\/users\/1"}],"replies":[{"embeddable":true,"href":"https:\/\/www.helemeu.org\/tr\/wp-json\/wp\/v2\/comments?post=2210"}],"version-history":[{"count":0,"href":"https:\/\/www.helemeu.org\/tr\/wp-json\/wp\/v2\/pages\/2210\/revisions"}],"wp:attachment":[{"href":"https:\/\/www.helemeu.org\/tr\/wp-json\/wp\/v2\/media?parent=2210"}],"curies":[{"name":"wp","href":"https:\/\/api.w.org\/{rel}","templated":true}]}}