{"id":2229,"date":"2023-01-13T12:02:22","date_gmt":"2023-01-13T12:02:22","guid":{"rendered":"https:\/\/www.helemeu.org\/maastricht-university-um\/"},"modified":"2023-10-12T07:19:45","modified_gmt":"2023-10-12T07:19:45","slug":"maastricht-universitesi","status":"publish","type":"page","link":"https:\/\/www.helemeu.org\/tr\/maastricht-universitesi\/","title":{"rendered":"Maastricht \u00dcniversitesi"},"content":{"rendered":"\t\t<div data-elementor-type=\"wp-page\" data-elementor-id=\"2229\" class=\"elementor elementor-2229 elementor-450\" data-elementor-post-type=\"page\">\n\t\t\t\t\t\t<section class=\"elementor-section elementor-top-section elementor-element elementor-element-4660a239 elementor-section-boxed elementor-section-height-default elementor-section-height-default\" data-id=\"4660a239\" data-element_type=\"section\" data-e-type=\"section\" data-settings=\"{&quot;background_background&quot;:&quot;classic&quot;}\">\n\t\t\t\t\t\t<div class=\"elementor-container elementor-column-gap-default\">\n\t\t\t\t\t<div class=\"elementor-column elementor-col-100 elementor-top-column elementor-element elementor-element-3ec6e145\" data-id=\"3ec6e145\" data-element_type=\"column\" data-e-type=\"column\">\n\t\t\t<div class=\"elementor-widget-wrap elementor-element-populated\">\n\t\t\t\t\t\t<div class=\"elementor-element elementor-element-57aef5a6 elementor-widget elementor-widget-heading\" data-id=\"57aef5a6\" data-element_type=\"widget\" data-e-type=\"widget\" data-widget_type=\"heading.default\">\n\t\t\t\t<div class=\"elementor-widget-container\">\n\t\t\t\t\t<h2 class=\"elementor-heading-title elementor-size-default\">Maastricht \u00dcniversitesi<\/h2>\t\t\t\t<\/div>\n\t\t\t\t<\/div>\n\t\t\t\t\t<\/div>\n\t\t<\/div>\n\t\t\t\t\t<\/div>\n\t\t<\/section>\n\t\t\t\t<section class=\"elementor-section elementor-top-section elementor-element elementor-element-c20e516 elementor-section-boxed elementor-section-height-default elementor-section-height-default\" data-id=\"c20e516\" data-element_type=\"section\" data-e-type=\"section\">\n\t\t\t\t\t\t<div class=\"elementor-container elementor-column-gap-default\">\n\t\t\t\t\t<div class=\"elementor-column elementor-col-100 elementor-top-column elementor-element elementor-element-2fc12cd\" data-id=\"2fc12cd\" data-element_type=\"column\" data-e-type=\"column\">\n\t\t\t<div class=\"elementor-widget-wrap elementor-element-populated\">\n\t\t\t\t\t\t<div class=\"elementor-element elementor-element-aa439eb elementor-widget elementor-widget-image\" data-id=\"aa439eb\" data-element_type=\"widget\" data-e-type=\"widget\" data-widget_type=\"image.default\">\n\t\t\t\t<div class=\"elementor-widget-container\">\n\t\t\t\t\t\t\t\t\t\t\t\t\t\t\t<img fetchpriority=\"high\" decoding=\"async\" width=\"300\" height=\"300\" src=\"https:\/\/www.helemeu.org\/wp-content\/uploads\/2023\/01\/maastricht-logo.png\" class=\"attachment-full size-full wp-image-155\" alt=\"\" srcset=\"https:\/\/www.helemeu.org\/wp-content\/uploads\/2023\/01\/maastricht-logo.png 300w, https:\/\/www.helemeu.org\/wp-content\/uploads\/2023\/01\/maastricht-logo-150x150.png 150w\" sizes=\"(max-width: 300px) 100vw, 300px\" \/>\t\t\t\t\t\t\t\t\t\t\t\t\t\t\t<\/div>\n\t\t\t\t<\/div>\n\t\t\t\t<div class=\"elementor-element elementor-element-1f7cdf7 elementor-widget elementor-widget-text-editor\" data-id=\"1f7cdf7\" data-element_type=\"widget\" data-e-type=\"widget\" data-widget_type=\"text-editor.default\">\n\t\t\t\t<div class=\"elementor-widget-container\">\n\t\t\t\t\t\t\t\t\t<p>Maastricht \u00dcniversitesi (UM) 1976 y\u0131l\u0131nda kuruldu ve bu da onu Hollanda&#8217;n\u0131n en gen\u00e7 \u00fcniversitesi yap\u0131yor. UM, Hollanda&#8217;n\u0131n en g\u00fcneyinde, Bel\u00e7ika ve Almanya ile yak\u0131n s\u0131n\u0131rlar\u0131 olan ve Bat\u0131 Avrupa&#8217;da co\u011frafi olarak merkezi bir konumda yer almaktad\u0131r. Maastricht \u00dcniversitesi&#8217;nin ara\u015ft\u0131rma ve e\u011fitim faaliyetleri toplumun geli\u015fimiyle ilgili konulara odaklanmaktad\u0131r: Ya\u015fam Bilimleri, Yenilik ve Y\u00f6neti\u015fim. M\u00dc&#8217;deki ara\u015ft\u0131rmalar genellikle uluslararas\u0131 enstit\u00fcler, i\u015f d\u00fcnyas\u0131 ve end\u00fcstrilerle yak\u0131n i\u015fbirli\u011fi i\u00e7inde, ilgili sosyal temalar \u00fczerinde \u00e7al\u0131\u015fan \u00e7ok disiplinli ekipler taraf\u0131ndan y\u00fcr\u00fct\u00fcl\u00fcr. UM, D\u00fcnya \u00dcniversiteleri s\u0131ralamas\u0131nda 88, uluslararas\u0131la\u015fma alan\u0131nda ise 14 puan ald\u0131.<\/p><p>Sa\u011fl\u0131k, T\u0131p ve Ya\u015fam Bilimleri Fak\u00fcltesi (FHML), Avrupa Halk Sa\u011fl\u0131\u011f\u0131, Sa\u011fl\u0131k Bilimleri, Ya\u015fam Bilimleri ve T\u0131p alanlar\u0131nda y\u00fcksek kaliteli \u00e7ok disiplinli ara\u015ft\u0131rma ve e\u011fitimi hedeflemektedir. T\u00fcm FHML e\u011fitim programlar\u0131, d\u0131\u015far\u0131dan tan\u0131nan ara\u015ft\u0131rma programlar\u0131na dayanmaktad\u0131r.<\/p><p>Maastricht \u00dcniversitesi, Probleme dayal\u0131 metodoloji ve uluslararas\u0131 bak\u0131\u015f a\u00e7\u0131s\u0131n\u0131 kullanarak \u00f6\u011frenmeye y\u00f6nelik yenilik\u00e7i yakla\u015f\u0131m\u0131yla \u00f6ne \u00e7\u0131k\u0131yor. 13.100 \u00f6\u011frencisi ve 3.500 personeli ile UM, \u0130ngilizce e\u011fitim verilen uluslararas\u0131 odakl\u0131 benzersiz programlar sunmaktad\u0131r. \u00d6\u011frencilerin neredeyse %44&#8217;\u00fc ve \u00f6\u011fretim elemanlar\u0131n\u0131n %30&#8217;u yurt d\u0131\u015f\u0131ndan gelmektedir ve Avrupa ve uluslararas\u0131 temalar, ara\u015ft\u0131rma ve e\u011fitimde derin k\u00f6klere sahiptir.<\/p><p>Projenin mali y\u00f6netiminden sorumlu olacak Sa\u011fl\u0131k T\u0131p ve Ya\u015fam Bilimleri Fak\u00fcltesi E\u011fitim Enstit\u00fcs\u00fc. T\u00fcm Fak\u00fclte taraf\u0131ndan verilen e\u011fitimin i\u00e7eri\u011finden (kalite ve yenilik), personel temininden, lojistikten, y\u00f6netimden ve planlamadan sorumludur. Enstit\u00fcn\u00fcn bilimsel direkt\u00f6r\u00fc, i\u015fleyi\u015finin b\u00fct\u00fcnsel sorumlulu\u011funu ta\u015f\u0131r. Y\u00f6netim, \u00e7al\u0131\u015fma programlar\u0131 ve \u00e7e\u015fitli programlar\u0131n kalite g\u00fcvencesi ile ilgili t\u00fcm i\u015flerden sorumludur ve \u00e7e\u015fitli lisans programlar\u0131 aras\u0131nda ve lisans ve y\u00fcksek lisans programlar\u0131 aras\u0131nda tutarl\u0131l\u0131k ve senkronizasyon sa\u011flar.<\/p>\t\t\t\t\t\t\t\t<\/div>\n\t\t\t\t<\/div>\n\t\t\t\t\t<\/div>\n\t\t<\/div>\n\t\t\t\t\t<\/div>\n\t\t<\/section>\n\t\t\t\t<\/div>\n\t\t","protected":false},"excerpt":{"rendered":"<p>Maastricht \u00dcniversitesi Maastricht \u00dcniversitesi (UM) 1976 y\u0131l\u0131nda kuruldu ve bu da onu Hollanda&#8217;n\u0131n en gen\u00e7 \u00fcniversitesi yap\u0131yor. UM, Hollanda&#8217;n\u0131n en g\u00fcneyinde, Bel\u00e7ika ve Almanya ile yak\u0131n s\u0131n\u0131rlar\u0131 olan ve Bat\u0131 Avrupa&#8217;da co\u011frafi olarak merkezi bir konumda yer almaktad\u0131r. Maastricht \u00dcniversitesi&#8217;nin ara\u015ft\u0131rma ve e\u011fitim faaliyetleri toplumun geli\u015fimiyle ilgili konulara odaklanmaktad\u0131r: Ya\u015fam Bilimleri, Yenilik ve Y\u00f6neti\u015fim. M\u00dc&#8217;deki [&hellip;]<\/p>\n","protected":false},"author":1,"featured_media":0,"parent":0,"menu_order":0,"comment_status":"closed","ping_status":"closed","template":"","meta":{"inline_featured_image":false,"footnotes":""},"class_list":["post-2229","page","type-page","status-publish","hentry"],"_links":{"self":[{"href":"https:\/\/www.helemeu.org\/tr\/wp-json\/wp\/v2\/pages\/2229","targetHints":{"allow":["GET"]}}],"collection":[{"href":"https:\/\/www.helemeu.org\/tr\/wp-json\/wp\/v2\/pages"}],"about":[{"href":"https:\/\/www.helemeu.org\/tr\/wp-json\/wp\/v2\/types\/page"}],"author":[{"embeddable":true,"href":"https:\/\/www.helemeu.org\/tr\/wp-json\/wp\/v2\/users\/1"}],"replies":[{"embeddable":true,"href":"https:\/\/www.helemeu.org\/tr\/wp-json\/wp\/v2\/comments?post=2229"}],"version-history":[{"count":0,"href":"https:\/\/www.helemeu.org\/tr\/wp-json\/wp\/v2\/pages\/2229\/revisions"}],"wp:attachment":[{"href":"https:\/\/www.helemeu.org\/tr\/wp-json\/wp\/v2\/media?parent=2229"}],"curies":[{"name":"wp","href":"https:\/\/api.w.org\/{rel}","templated":true}]}}