{"id":2248,"date":"2023-01-13T12:05:25","date_gmt":"2023-01-13T12:05:25","guid":{"rendered":"https:\/\/www.helemeu.org\/interdisciplinary-association-for-population-health-science-iaphs-italy\/"},"modified":"2023-10-12T07:31:59","modified_gmt":"2023-10-12T07:31:59","slug":"nufus-sagligi-bilimleri-icin-disiplinlerarasi-dernek-iaphs-italya","status":"publish","type":"page","link":"https:\/\/www.helemeu.org\/tr\/nufus-sagligi-bilimleri-icin-disiplinlerarasi-dernek-iaphs-italya\/","title":{"rendered":"N\u00dcFUS SA\u011eLI\u011eI B\u0130L\u0130MLER\u0130 \u0130\u00c7\u0130N D\u0130S\u0130PL\u0130NLERARASI DERNEK (IAPHS) \/ \u0130TALYA"},"content":{"rendered":"\t\t<div data-elementor-type=\"wp-page\" data-elementor-id=\"2248\" class=\"elementor elementor-2248 elementor-460\" data-elementor-post-type=\"page\">\n\t\t\t\t\t\t<section class=\"elementor-section elementor-top-section elementor-element elementor-element-1eacd0f3 elementor-section-boxed elementor-section-height-default elementor-section-height-default\" data-id=\"1eacd0f3\" data-element_type=\"section\" data-e-type=\"section\" data-settings=\"{&quot;background_background&quot;:&quot;classic&quot;}\">\n\t\t\t\t\t\t<div class=\"elementor-container elementor-column-gap-default\">\n\t\t\t\t\t<div class=\"elementor-column elementor-col-100 elementor-top-column elementor-element elementor-element-7d43e38\" data-id=\"7d43e38\" data-element_type=\"column\" data-e-type=\"column\">\n\t\t\t<div class=\"elementor-widget-wrap elementor-element-populated\">\n\t\t\t\t\t\t<div class=\"elementor-element elementor-element-6c6ae2ba elementor-widget elementor-widget-heading\" data-id=\"6c6ae2ba\" data-element_type=\"widget\" data-e-type=\"widget\" data-widget_type=\"heading.default\">\n\t\t\t\t<div class=\"elementor-widget-container\">\n\t\t\t\t\t<h2 class=\"elementor-heading-title elementor-size-default\">N\u00dcFUS SA\u011eLI\u011eI B\u0130L\u0130MLER\u0130 \u0130\u00c7\u0130N D\u0130S\u0130PL\u0130NLERARASI DERNEK (IAPHS) \/ \u0130TALYA<\/h2>\t\t\t\t<\/div>\n\t\t\t\t<\/div>\n\t\t\t\t\t<\/div>\n\t\t<\/div>\n\t\t\t\t\t<\/div>\n\t\t<\/section>\n\t\t\t\t<section class=\"elementor-section elementor-top-section elementor-element elementor-element-c301426 elementor-section-boxed elementor-section-height-default elementor-section-height-default\" data-id=\"c301426\" data-element_type=\"section\" data-e-type=\"section\">\n\t\t\t\t\t\t<div class=\"elementor-container elementor-column-gap-default\">\n\t\t\t\t\t<div class=\"elementor-column elementor-col-100 elementor-top-column elementor-element elementor-element-6abce73\" data-id=\"6abce73\" data-element_type=\"column\" data-e-type=\"column\">\n\t\t\t<div class=\"elementor-widget-wrap elementor-element-populated\">\n\t\t\t\t\t\t<div class=\"elementor-element elementor-element-2d7198d elementor-widget elementor-widget-image\" data-id=\"2d7198d\" data-element_type=\"widget\" data-e-type=\"widget\" data-widget_type=\"image.default\">\n\t\t\t\t<div class=\"elementor-widget-container\">\n\t\t\t\t\t\t\t\t\t\t\t\t\t\t\t<img fetchpriority=\"high\" decoding=\"async\" width=\"300\" height=\"300\" src=\"https:\/\/www.helemeu.org\/wp-content\/uploads\/2023\/01\/iaphs-logo.png\" class=\"attachment-full size-full wp-image-149\" alt=\"\" srcset=\"https:\/\/www.helemeu.org\/wp-content\/uploads\/2023\/01\/iaphs-logo.png 300w, https:\/\/www.helemeu.org\/wp-content\/uploads\/2023\/01\/iaphs-logo-150x150.png 150w\" sizes=\"(max-width: 300px) 100vw, 300px\" \/>\t\t\t\t\t\t\t\t\t\t\t\t\t\t\t<\/div>\n\t\t\t\t<\/div>\n\t\t\t\t<div class=\"elementor-element elementor-element-5c29f99 elementor-widget elementor-widget-text-editor\" data-id=\"5c29f99\" data-element_type=\"widget\" data-e-type=\"widget\" data-widget_type=\"text-editor.default\">\n\t\t\t\t<div class=\"elementor-widget-container\">\n\t\t\t\t\t\t\t\t\t<p>ULUSLARARASI UYGULAMALI PS\u0130KOLOJ\u0130 VE \u0130NSAN B\u0130L\u0130MLER\u0130 ENST\u0130T\u00dcS\u00dc, \u0130TALYA&#8217;DA BULUNAN B\u0130R K\u00dcLT\u00dcREL VE B\u0130L\u0130MSEL DERNEKT\u0130R. HEDEFLER\u0130<\/p><ol><li>PS\u0130KOLOJ\u0130 ALANINDA B\u0130L\u0130MSEL ARA\u015eTIRMALARI DESTEKLEMEK, AYRICA KAMU VE \u00d6ZEL, ULUSAL VE ULUSLARARASI B\u0130L\u0130MSEL KURUM VE KURULU\u015eLARLA \u0130\u015eB\u0130RL\u0130\u011e\u0130 \u0130\u00c7\u0130NDE OLMAK<\/li><li>VER\u0130LER\u0130 TOPLAMAK VE DER\u0130NLEND\u0130RMEK, PS\u0130KOLOJ\u0130K M\u00dcDAHALEY\u0130 YAPILANDIRMAK VE UYGULAMAK VE UYGULAMALI PS\u0130KOLOJ\u0130 VE \u0130NSAN B\u0130L\u0130MLER\u0130NE \u0130L\u0130\u015eK\u0130N B\u0130LG\u0130LER\u0130 YAYGINLA\u015eTIRMAK<\/li><li>B\u0130L\u0130MSEL ARA\u015eTIRMA, PS\u0130KOLOJ\u0130 VE \u0130NSAN B\u0130L\u0130MLER\u0130N\u0130N METODOLOJ\u0130S\u0130N\u0130 A\u00c7IKLAMAK<\/li><li>UYGULAMALI PS\u0130KOLOJ\u0130DE ELE\u015eT\u0130REL B\u0130LG\u0130Y\u0130 VE \u00d6\u011eRENMEY\u0130 KOLAYLA\u015eTIRMAK<\/li><li>UYGULAMALI PS\u0130KOLOJ\u0130 VE \u0130NSAN B\u0130L\u0130MLER\u0130 \u0130LE \u0130LG\u0130L\u0130 E\u011e\u0130T\u0130M KURSLARI, SEM\u0130NERLER, KONGRELER, \u00c7ALI\u015eTAYLAR, KONFERANSLARI DESTEKLEMEK VE D\u00dcZENLEMEK;<\/li><li>D\u0130\u011eER MESLEKLERDE PS\u0130KOLOJ\u0130K B\u0130LG\u0130Y\u0130 GEL\u0130\u015eT\u0130RMEK, MULT\u0130D\u0130S\u0130PL\u0130NL\u0130L\u0130\u011e\u0130 KOLAYLA\u015eTIRMAK<\/li><li>AVRUPA PROJELER\u0130N\u0130 Y\u00d6NETMEK VE UYGULAMAK<\/li><\/ol><p>\u00a0<\/p><p>2019 YILINDA IIAPHS&#8217;\u0130N 1000&#8217;DEN FAZLA \u00c7ALI\u015eANI VARDI VE \u00d6ZELL\u0130KLE ALANLARDA \u00c7ALI\u015eTI<\/p><p>1. UYGULAMALI PS\u0130KOLOJ\u0130N\u0130N ORGAN\u0130ZASYONU VE UYGULAMA E\u011e\u0130T\u0130M KURSLARI: TOrino, M\u0130LANO, PADUA VE ROMA&#8217;DA UYGULANAN IIAPHS A\u015eA\u011eIDAK\u0130 DERSLER: S\u00d6ZS\u00dcZ<\/p><p>\u0130LET\u0130\u015e\u0130M VE YALAN TESP\u0130T\u0130. IAPHS, &#8220;DE\u011e\u0130\u015eT\u0130RMEK \u0130\u00c7\u0130N Z\u0130HN NASIL KULLANILIR&#8221; VE &#8220;\u0130KNA&#8221; G\u0130B\u0130 UYGULAMALI PS\u0130KOLOJ\u0130Y\u0130 A\u00c7IKLAMAYI AMA\u00c7LAYAN \u00dcCRETS\u0130Z KURSLARA DA \u0130L\u0130\u015eK\u0130ND\u0130R.<\/p><p>2. ULUSLARARASI PS\u0130KOLOJ\u0130 KONFERANSLARININ D\u00dcZENLENMES\u0130 VE UYGULANMASI<\/p><p>3. DERNEK 14 AB PROJES\u0130 ERASMUS+ KA1 VE KA2&#8217;YE KATILMI\u015e, E\u011e\u0130T\u0130M, E\u011e\u0130T\u0130MLER, YAYGINLA\u015eTIRMA PLANLARININ \u00dcRET\u0130M\u0130, E-\u00d6\u011eRENME PLATFORMLARI VE SOSYAL MEDYA KAMPANYALARININ \u00dcRET\u0130M\u0130 ALANLARINDA B\u0130LG\u0130LER\u0130N\u0130 ARTTIRMI\u015eTIR. GE\u00c7M\u0130\u015e PROJELER, PS\u0130KOLOJ\u0130 \u0130LE \u0130LG\u0130L\u0130 GEN\u0130\u015e B\u0130R \u00c7E\u015e\u0130TL\u0130 Y\u00d6NLER \u00dcZER\u0130NDE UYGULANMI\u015eTIR: \u0130\u015e VE \u00d6RG\u00dcTSEL PS\u0130KOLOJ\u0130.<\/p><p>KL\u0130N\u0130K PS\u0130KOLOJ\u0130, TUR\u0130ZM PS\u0130KOLOJ\u0130S\u0130, ENGELL\u0130L\u0130K PS\u0130KOLOJ\u0130S\u0130, PS\u0130KOMETR\u0130. IAPHS, GEN\u00c7LERDE ET\u0130K L\u0130DERL\u0130\u011e\u0130 GEL\u0130\u015eT\u0130RMEK \u0130\u00c7\u0130N TASARLANAN \u201cET\u0130K GEN\u00c7 L\u0130DERLER\u201d ADLI TAMAMLAYICI B\u0130R PROJEN\u0130N ORTA\u011eIDIR.<\/p><p>IIAPHS, PS\u0130KOLOJ\u0130 VE SOSYAL B\u0130L\u0130MLER: SOSYAL PS\u0130KOLOJ\u0130 ALANLARINDA UZMANLARI \u0130\u00c7ER\u0130R. PS\u0130KOMETR\u0130, CEZA PS\u0130KOLOJ\u0130S\u0130. PAZARLAMA PS\u0130KOLOJ\u0130S\u0130. ADL\u0130 PS\u0130KOLOJ\u0130, K\u00dcLT\u00dcREL PS\u0130KOLOJ\u0130.<\/p><p>A\u011eIMIZDA B\u0130R\u00c7OK AB \u00dcLKES\u0130NDEN PROFESYONELLER YER ALMAKTADIR. ORTAKLARIN GEN\u0130\u015e \u00c7O\u011eUNLU\u011eU \u00d6\u011eRENC\u0130LERD\u0130R, BU \u00d6ZELL\u0130KLER\u0130N DO\u011eRU YAYGINLA\u015eTIRMA PLANINI UYGULAMADA B\u0130ZE KOLAYLA\u015eTIRACA\u011eINA \u0130NANIYORUZ. AYRICA IIAPHS UZMANLARI, TOPLAM 1 M\u0130LYON G\u00d6RSELLE\u015eT\u0130RME\/YIL SONUCU VE B\u00dcLTENDE 40000 ABONE \u0130LE WEB S\u0130TES\u0130N\u0130 \u0130\u00c7EREN \u0130NTERNET YAYIN STRATEJ\u0130LER\u0130 YOLUYLA \u0130LET\u0130\u015e\u0130M A\u011eLARINI ONLINE PAYLA\u015eMAYA TAMAMEN HAZIRDIR.<\/p>\t\t\t\t\t\t\t\t<\/div>\n\t\t\t\t<\/div>\n\t\t\t\t\t<\/div>\n\t\t<\/div>\n\t\t\t\t\t<\/div>\n\t\t<\/section>\n\t\t\t\t<\/div>\n\t\t","protected":false},"excerpt":{"rendered":"<p>N\u00dcFUS SA\u011eLI\u011eI B\u0130L\u0130MLER\u0130 \u0130\u00c7\u0130N D\u0130S\u0130PL\u0130NLERARASI DERNEK (IAPHS) \/ \u0130TALYA ULUSLARARASI UYGULAMALI PS\u0130KOLOJ\u0130 VE \u0130NSAN B\u0130L\u0130MLER\u0130 ENST\u0130T\u00dcS\u00dc, \u0130TALYA&#8217;DA BULUNAN B\u0130R K\u00dcLT\u00dcREL VE B\u0130L\u0130MSEL DERNEKT\u0130R. HEDEFLER\u0130 PS\u0130KOLOJ\u0130 ALANINDA B\u0130L\u0130MSEL ARA\u015eTIRMALARI DESTEKLEMEK, AYRICA KAMU VE \u00d6ZEL, ULUSAL VE ULUSLARARASI B\u0130L\u0130MSEL KURUM VE KURULU\u015eLARLA \u0130\u015eB\u0130RL\u0130\u011e\u0130 \u0130\u00c7\u0130NDE OLMAK VER\u0130LER\u0130 TOPLAMAK VE DER\u0130NLEND\u0130RMEK, PS\u0130KOLOJ\u0130K M\u00dcDAHALEY\u0130 YAPILANDIRMAK VE UYGULAMAK VE UYGULAMALI PS\u0130KOLOJ\u0130 [&hellip;]<\/p>\n","protected":false},"author":1,"featured_media":0,"parent":0,"menu_order":0,"comment_status":"closed","ping_status":"closed","template":"","meta":{"inline_featured_image":false,"footnotes":""},"class_list":["post-2248","page","type-page","status-publish","hentry"],"_links":{"self":[{"href":"https:\/\/www.helemeu.org\/tr\/wp-json\/wp\/v2\/pages\/2248","targetHints":{"allow":["GET"]}}],"collection":[{"href":"https:\/\/www.helemeu.org\/tr\/wp-json\/wp\/v2\/pages"}],"about":[{"href":"https:\/\/www.helemeu.org\/tr\/wp-json\/wp\/v2\/types\/page"}],"author":[{"embeddable":true,"href":"https:\/\/www.helemeu.org\/tr\/wp-json\/wp\/v2\/users\/1"}],"replies":[{"embeddable":true,"href":"https:\/\/www.helemeu.org\/tr\/wp-json\/wp\/v2\/comments?post=2248"}],"version-history":[{"count":0,"href":"https:\/\/www.helemeu.org\/tr\/wp-json\/wp\/v2\/pages\/2248\/revisions"}],"wp:attachment":[{"href":"https:\/\/www.helemeu.org\/tr\/wp-json\/wp\/v2\/media?parent=2248"}],"curies":[{"name":"wp","href":"https:\/\/api.w.org\/{rel}","templated":true}]}}