{"id":2284,"date":"2023-01-13T12:08:57","date_gmt":"2023-01-13T12:08:57","guid":{"rendered":"https:\/\/www.helemeu.org\/the-university-of-murcia-umu\/"},"modified":"2023-10-12T07:37:02","modified_gmt":"2023-10-12T07:37:02","slug":"murcia-universitesi","status":"publish","type":"page","link":"https:\/\/www.helemeu.org\/tr\/murcia-universitesi\/","title":{"rendered":"Murcia \u00dcniversitesi"},"content":{"rendered":"\t\t<div data-elementor-type=\"wp-page\" data-elementor-id=\"2284\" class=\"elementor elementor-2284 elementor-465\" data-elementor-post-type=\"page\">\n\t\t\t\t\t\t<section class=\"elementor-section elementor-top-section elementor-element elementor-element-71f3c80c elementor-section-boxed elementor-section-height-default elementor-section-height-default\" data-id=\"71f3c80c\" data-element_type=\"section\" data-e-type=\"section\" data-settings=\"{&quot;background_background&quot;:&quot;classic&quot;}\">\n\t\t\t\t\t\t<div class=\"elementor-container elementor-column-gap-default\">\n\t\t\t\t\t<div class=\"elementor-column elementor-col-100 elementor-top-column elementor-element elementor-element-2392e48c\" data-id=\"2392e48c\" data-element_type=\"column\" data-e-type=\"column\">\n\t\t\t<div class=\"elementor-widget-wrap elementor-element-populated\">\n\t\t\t\t\t\t<div class=\"elementor-element elementor-element-c7ad37e elementor-widget elementor-widget-heading\" data-id=\"c7ad37e\" data-element_type=\"widget\" data-e-type=\"widget\" data-widget_type=\"heading.default\">\n\t\t\t\t<div class=\"elementor-widget-container\">\n\t\t\t\t\t<h2 class=\"elementor-heading-title elementor-size-default\">Murcia \u00dcniversitesi<\/h2>\t\t\t\t<\/div>\n\t\t\t\t<\/div>\n\t\t\t\t\t<\/div>\n\t\t<\/div>\n\t\t\t\t\t<\/div>\n\t\t<\/section>\n\t\t\t\t<section class=\"elementor-section elementor-top-section elementor-element elementor-element-1236f8c elementor-section-boxed elementor-section-height-default elementor-section-height-default\" data-id=\"1236f8c\" data-element_type=\"section\" data-e-type=\"section\">\n\t\t\t\t\t\t<div class=\"elementor-container elementor-column-gap-default\">\n\t\t\t\t\t<div class=\"elementor-column elementor-col-100 elementor-top-column elementor-element elementor-element-96c8842\" data-id=\"96c8842\" data-element_type=\"column\" data-e-type=\"column\">\n\t\t\t<div class=\"elementor-widget-wrap elementor-element-populated\">\n\t\t\t\t\t\t<div class=\"elementor-element elementor-element-14c13bf elementor-widget elementor-widget-image\" data-id=\"14c13bf\" data-element_type=\"widget\" data-e-type=\"widget\" data-widget_type=\"image.default\">\n\t\t\t\t<div class=\"elementor-widget-container\">\n\t\t\t\t\t\t\t\t\t\t\t\t\t\t\t<img fetchpriority=\"high\" decoding=\"async\" width=\"300\" height=\"300\" src=\"https:\/\/www.helemeu.org\/wp-content\/uploads\/2023\/01\/murcia-logo.png\" class=\"attachment-full size-full wp-image-158\" alt=\"\" srcset=\"https:\/\/www.helemeu.org\/wp-content\/uploads\/2023\/01\/murcia-logo.png 300w, https:\/\/www.helemeu.org\/wp-content\/uploads\/2023\/01\/murcia-logo-150x150.png 150w\" sizes=\"(max-width: 300px) 100vw, 300px\" \/>\t\t\t\t\t\t\t\t\t\t\t\t\t\t\t<\/div>\n\t\t\t\t<\/div>\n\t\t\t\t<div class=\"elementor-element elementor-element-af08d8c elementor-widget elementor-widget-text-editor\" data-id=\"af08d8c\" data-element_type=\"widget\" data-e-type=\"widget\" data-widget_type=\"text-editor.default\">\n\t\t\t\t<div class=\"elementor-widget-container\">\n\t\t\t\t\t\t\t\t\t<p>Murcia \u00dcniversitesi (UMU), y\u00fcz y\u0131l\u0131 a\u015fk\u0131n bir ge\u00e7mi\u015fe sahip uluslararas\u0131 bir kurumdur, ancak k\u00f6kenleri 12. y\u00fczy\u0131la kadar uzanmaktad\u0131r. Bug\u00fcn 30.000&#8217;den fazla \u00f6\u011frenciye (2.000&#8217;i yurtd\u0131\u015f\u0131ndan), 3.000 ara\u015ft\u0131rmac\u0131 ve \u00f6\u011fretim g\u00f6revlisine ve 1.200 ki\u015filik bir idari g\u00fcce ev sahipli\u011fi yapmaktad\u0131r. UMU, g\u00fcneydo\u011fu \u0130spanya&#8217;daki Y\u00fcksek \u00d6\u011frenim i\u00e7in bir referanst\u0131r. Ayn\u0131 zamanda Campus de Excelencia Internacional Mare Nostrum (CMN) sayesinde Akdeniz Havzas\u0131&#8217;ndaki toplumun itici g\u00fcc\u00fcd\u00fcr.<\/p><p>AKADEM\u0130K TEKL\u0130F. UMU, G\u00fczel Sanatlar ve Be\u015feri Bilimler, M\u00fchendislik, Sa\u011fl\u0131k Bilimleri, Bilimler, Sosyal Bilimler ve Hukuk alanlar\u0131nda 72 y\u00fcksek lisans derecesi ve 36 doktora derecesi olmak \u00fczere be\u015fi \u00e7ift diploma olmak \u00fczere 60 derece yeterlilik sunan her \u015fey dahil bir devlet \u00fcniversitesidir. UMU&#8217;nun 5 kamp\u00fcste 21 \u00fcniversite merkezi bulunmaktad\u0131r. Ayr\u0131ca Universidad Internacional del Mar (UNIMAR) \u00e7e\u015fitli bilgi alanlar\u0131nda yakla\u015f\u0131k y\u00fcz yaz kursu sunmaktad\u0131r.<\/p><p>UMU&#8217;DA ARA\u015eTIRMA. Murcia \u00dcniversitesi akademik m\u00fckemmelli\u011fe y\u00f6neliktir ve 350 ara\u015ft\u0131rma grubu, 4 ara\u015ft\u0131rma merkezi ve kurumu, Uluslararas\u0131 Ara\u015ft\u0131rma Ofisi projeleri OPERUM ve ulusal ve uluslararas\u0131 end\u00fcstri ile yak\u0131n i\u015fbirli\u011fi ile ara\u015ft\u0131rma d\u00fcnyas\u0131n\u0131n \u00f6nemli bir oyuncusudur. UMU, kalitesi en \u00f6nemli sertifikalarla denenmi\u015f ve test edilmi\u015f olmakla birlikte uluslararas\u0131 tan\u0131n\u0131rl\u0131\u011fa sahiptir: \u00f6rne\u011fin, E\u011fitim Fak\u00fcltesi, Avrupa&#8217;da ECA Uluslararas\u0131la\u015fmada Kalite Sertifikas\u0131&#8217;na (2016) sahip olan t\u00fcr\u00fcn\u00fcn tek \u00f6rne\u011fidir; ve Bilgisayar Bilimleri, Biyoloji ve Veteriner Bilimleri ulusal ve uluslararas\u0131 akreditasyonlara sahiptir. Di\u011fer yerlerde, Uluslararas\u0131 Ofisimiz Kalite Y\u00f6netim Sistemleri i\u00e7in EFQM m\u00fchr\u00fcn\u00fc ta\u015f\u0131maktad\u0131r.<\/p><p>ULUSLARARASILA\u015eMA. UMU d\u00fcnya \u00e7ap\u0131nda 900&#8217;\u00fcn \u00fczerinde \u00fcniversiteyle anla\u015fmalar imzalam\u0131\u015ft\u0131r. 20 y\u0131l\u0131 a\u015fk\u0131n deneyimiyle hem Uluslararas\u0131 Ofis hem de Ara\u015ft\u0131rma Ofisi OPERUM olduk\u00e7a aktiftir ve Avrupa ve uluslararas\u0131 i\u015fbirli\u011fi ve ara\u015ft\u0131rma projelerine ev sahipli\u011fi yapma ve ara\u015ft\u0131rma m\u00fckemmelli\u011fini te\u015fvik etme konusunda geni\u015f deneyime sahiptir. Her y\u0131l 2.000 ki\u015fi hareketlilik programlar\u0131m\u0131za kat\u0131l\u0131yor ve bu da UMU&#8217;yu uluslararas\u0131la\u015fmada b\u00f6lgesel lider ve Akdeniz b\u00f6lgesinde \u00f6nemli bir oyuncu haline getiriyor. UMU, Erasmus+ Program\u0131 ve Latin Amerika, Kuzey Amerika, Afrika ve Asya&#8217;daki \u00fcniversitelerle yap\u0131lan \u00f6zel anla\u015fmalar ve programlar sayesinde 50&#8217;den fazla milletten \u00f6\u011frenciye ev sahipli\u011fi yapmaktad\u0131r. \u00dcniversitemizde \u0130ngilizce olarak 4 lisans dersi (Hukuk, \u0130\u015fletme Y\u00f6netimi ve \u0130dare, \u0130lkokul E\u011fitimi ve \u0130ngilizce \u00c7al\u0131\u015fmalar\u0131) ve 3 y\u00fcksek lisans program\u0131 (Biyoloji ve Memeli \u00dcreme Teknolojisi, Yeni Bilgisayar Teknolojileri ve Fizik) sunulmaktad\u0131r.<\/p><p>D\u0130J\u0130TAL \u00dcN\u0130VERS\u0130TE. UMU, Dijital D\u00f6n\u00fc\u015f\u00fcm Plan\u0131m\u0131z\u0131n da ortaya koydu\u011fu gibi, \u00e7ok \u00e7e\u015fitli dijital hizmetler sunan ve dijital bir \u00fcniversite olma yolunda iyi tan\u0131mlanm\u0131\u015f stratejiler sunan e-idarenin uygulanmas\u0131nda \u0130spanyol \u00dcniversite Sisteminde \u00f6nc\u00fc bir \u00fcniversite ve liderdir.<\/p><p>\u0130\u015e P\u0130YASASI \u0130LE BA\u011eLANTI. UMU \u00f6\u011frencileri, sunulan staj programlar\u0131 arac\u0131l\u0131\u011f\u0131yla akademik e\u011fitimlerini s\u00fcrd\u00fcrmeye ve mesleki becerilerini geli\u015ftirmeye devam ediyor. Giri\u015fimcilik ofisi &#8220;UMUemprende&#8221;, bilimsel veya teknolojik ara\u015ft\u0131rma ve bilgi sonu\u00e7lar\u0131n\u0131n (yan \u00fcr\u00fcnler) uygulanmas\u0131na dayal\u0131 \u015firketlerin kurulmas\u0131n\u0131n yan\u0131 s\u0131ra, \u00dcniversitenin toplumla ba\u011flant\u0131s\u0131n\u0131 destekleyen yenilik\u00e7i projelerin geli\u015ftirilmesini desteklemektedir.<\/p><p>\u00c7E\u015e\u0130TL\u0130L\u0130KLERE D\u0130KKAT ED\u0130N. UMU, \u0130spanya&#8217;da engelli \u00f6\u011frenci say\u0131s\u0131n\u0131n en fazla oldu\u011fu ikinci \u00fcniversitedir. \u00dcniversite, \u00c7e\u015fitlilik ve G\u00f6n\u00fcll\u00fc Hizmeti arac\u0131l\u0131\u011f\u0131yla, \u0130spanyol H\u00fck\u00fcmeti, ONCE ve Fundaci\u00f3n REPSOL taraf\u0131ndan finanse edilen &#8216;Kapsay\u0131c\u0131 Kamp\u00fcs&#8217; Program\u0131na kat\u0131lmaktad\u0131r ve bu alandaki ana \u00f6d\u00fcl olan En \u0130yi Kamu Sekt\u00f6r\u00fc Kurulu\u015fu Telef\u00f3nica Yetenek \u00d6d\u00fclleri olarak tan\u0131nmaktad\u0131r. Engelli ki\u015filerin eri\u015filebilirli\u011fi ve entegrasyonu.<\/p><p>S\u00dcRD\u00dcR\u00dcLEB\u0130L\u0130R KALKINMA. UMU, 17 BM S\u00fcrd\u00fcr\u00fclebilir Kalk\u0131nma Hedefi hakk\u0131nda fark\u0131ndal\u0131k yaratmaya ve te\u015fvik etmeye y\u00f6nelik bir proje olan \u201cODSesiones\u201d giri\u015fimi arac\u0131l\u0131\u011f\u0131yla ve tasarrufu te\u015fvik etmek, azaltmak i\u00e7in yenilenebilir enerjilerin geli\u015ftirilmesinde yeni teknolojiler i\u00e7eren \u201cKamp\u00fcs Sostenible\u201d arac\u0131l\u0131\u011f\u0131yla s\u00fcrd\u00fcr\u00fclebilir kalk\u0131nmaya g\u00fc\u00e7l\u00fc bir \u015fekilde kendini adam\u0131\u015ft\u0131r. Emisyonlar\u0131 art\u0131r\u0131n, daha verimli olun ve \u00e7evreyi daha iyi koruyun.<\/p><p>MURCIA, B\u0130R \u00d6\u011eRENC\u0130 \u015eEHR\u0130. \u0130spanya&#8217;n\u0131n g\u00fcney do\u011fusunda yer alan Murcia \u015fehri, \u0130spanya&#8217;n\u0131n yedinci b\u00fcy\u00fck \u015fehridir. Ya\u015fam maliyeti pahal\u0131 de\u011fildir ve \u015fehrin k\u00fclt\u00fcr ve turizm alan\u0131nda sunabilece\u011fi \u00e7ok \u015fey vard\u0131r. UMU&#8217;nun yerel ve b\u00f6lgesel toplulukta g\u00fc\u00e7l\u00fc bir varl\u0131\u011f\u0131 vard\u0131r ve yaln\u0131zca ara\u015ft\u0131rma ve \u00f6\u011fretimde de\u011fil ayn\u0131 zamanda toplumun kendisinde de \u00e7ok \u00f6nemli bir rol oynar ve her \u00f6\u011fretim ve ara\u015ft\u0131rma faaliyeti i\u00e7in temel bir sosyal motor ve stratejik bir k\u00f6pr\u00fc g\u00f6revi g\u00f6r\u00fcr. Akdeniz k\u0131y\u0131lar\u0131nda yap\u0131lacak her t\u00fcrl\u00fc yat\u0131r\u0131m\u0131n yan\u0131 s\u0131ra.<\/p>\t\t\t\t\t\t\t\t<\/div>\n\t\t\t\t<\/div>\n\t\t\t\t\t<\/div>\n\t\t<\/div>\n\t\t\t\t\t<\/div>\n\t\t<\/section>\n\t\t\t\t<\/div>\n\t\t","protected":false},"excerpt":{"rendered":"<p>Murcia \u00dcniversitesi Murcia \u00dcniversitesi (UMU), y\u00fcz y\u0131l\u0131 a\u015fk\u0131n bir ge\u00e7mi\u015fe sahip uluslararas\u0131 bir kurumdur, ancak k\u00f6kenleri 12. y\u00fczy\u0131la kadar uzanmaktad\u0131r. Bug\u00fcn 30.000&#8217;den fazla \u00f6\u011frenciye (2.000&#8217;i yurtd\u0131\u015f\u0131ndan), 3.000 ara\u015ft\u0131rmac\u0131 ve \u00f6\u011fretim g\u00f6revlisine ve 1.200 ki\u015filik bir idari g\u00fcce ev sahipli\u011fi yapmaktad\u0131r. UMU, g\u00fcneydo\u011fu \u0130spanya&#8217;daki Y\u00fcksek \u00d6\u011frenim i\u00e7in bir referanst\u0131r. Ayn\u0131 zamanda Campus de Excelencia Internacional Mare [&hellip;]<\/p>\n","protected":false},"author":1,"featured_media":0,"parent":0,"menu_order":0,"comment_status":"closed","ping_status":"closed","template":"","meta":{"inline_featured_image":false,"footnotes":""},"class_list":["post-2284","page","type-page","status-publish","hentry"],"_links":{"self":[{"href":"https:\/\/www.helemeu.org\/tr\/wp-json\/wp\/v2\/pages\/2284","targetHints":{"allow":["GET"]}}],"collection":[{"href":"https:\/\/www.helemeu.org\/tr\/wp-json\/wp\/v2\/pages"}],"about":[{"href":"https:\/\/www.helemeu.org\/tr\/wp-json\/wp\/v2\/types\/page"}],"author":[{"embeddable":true,"href":"https:\/\/www.helemeu.org\/tr\/wp-json\/wp\/v2\/users\/1"}],"replies":[{"embeddable":true,"href":"https:\/\/www.helemeu.org\/tr\/wp-json\/wp\/v2\/comments?post=2284"}],"version-history":[{"count":0,"href":"https:\/\/www.helemeu.org\/tr\/wp-json\/wp\/v2\/pages\/2284\/revisions"}],"wp:attachment":[{"href":"https:\/\/www.helemeu.org\/tr\/wp-json\/wp\/v2\/media?parent=2284"}],"curies":[{"name":"wp","href":"https:\/\/api.w.org\/{rel}","templated":true}]}}