{"id":2300,"date":"2023-01-13T12:10:57","date_gmt":"2023-01-13T12:10:57","guid":{"rendered":"https:\/\/www.helemeu.org\/the-university-of-health-sciences\/"},"modified":"2023-10-12T07:41:27","modified_gmt":"2023-10-12T07:41:27","slug":"saglik-bilimleri-universitesi","status":"publish","type":"page","link":"https:\/\/www.helemeu.org\/tr\/saglik-bilimleri-universitesi\/","title":{"rendered":"Sa\u011fl\u0131k Bilimleri \u00dcniversitesi"},"content":{"rendered":"\t\t<div data-elementor-type=\"wp-page\" data-elementor-id=\"2300\" class=\"elementor elementor-2300 elementor-470\" data-elementor-post-type=\"page\">\n\t\t\t\t\t\t<section class=\"elementor-section elementor-top-section elementor-element elementor-element-46778ff6 elementor-section-boxed elementor-section-height-default elementor-section-height-default\" data-id=\"46778ff6\" data-element_type=\"section\" data-e-type=\"section\" data-settings=\"{&quot;background_background&quot;:&quot;classic&quot;}\">\n\t\t\t\t\t\t<div class=\"elementor-container elementor-column-gap-default\">\n\t\t\t\t\t<div class=\"elementor-column elementor-col-100 elementor-top-column elementor-element elementor-element-3c2581dc\" data-id=\"3c2581dc\" data-element_type=\"column\" data-e-type=\"column\">\n\t\t\t<div class=\"elementor-widget-wrap elementor-element-populated\">\n\t\t\t\t\t\t<div class=\"elementor-element elementor-element-6a4430fe elementor-widget elementor-widget-heading\" data-id=\"6a4430fe\" data-element_type=\"widget\" data-e-type=\"widget\" data-widget_type=\"heading.default\">\n\t\t\t\t<div class=\"elementor-widget-container\">\n\t\t\t\t\t<h2 class=\"elementor-heading-title elementor-size-default\">Sa\u011fl\u0131k Bilimleri \u00dcniversitesi<\/h2>\t\t\t\t<\/div>\n\t\t\t\t<\/div>\n\t\t\t\t\t<\/div>\n\t\t<\/div>\n\t\t\t\t\t<\/div>\n\t\t<\/section>\n\t\t\t\t<section class=\"elementor-section elementor-top-section elementor-element elementor-element-89be79f elementor-section-boxed elementor-section-height-default elementor-section-height-default\" data-id=\"89be79f\" data-element_type=\"section\" data-e-type=\"section\">\n\t\t\t\t\t\t<div class=\"elementor-container elementor-column-gap-default\">\n\t\t\t\t\t<div class=\"elementor-column elementor-col-100 elementor-top-column elementor-element elementor-element-52cd776\" data-id=\"52cd776\" data-element_type=\"column\" data-e-type=\"column\">\n\t\t\t<div class=\"elementor-widget-wrap elementor-element-populated\">\n\t\t\t\t\t\t<div class=\"elementor-element elementor-element-29002ef elementor-widget elementor-widget-image\" data-id=\"29002ef\" data-element_type=\"widget\" data-e-type=\"widget\" data-widget_type=\"image.default\">\n\t\t\t\t<div class=\"elementor-widget-container\">\n\t\t\t\t\t\t\t\t\t\t\t\t\t\t\t\t<a href=\"https:\/\/www.uhs.edu.tr\/\" target=\"_blank\">\n\t\t\t\t\t\t\t<img fetchpriority=\"high\" decoding=\"async\" width=\"300\" height=\"300\" src=\"https:\/\/www.helemeu.org\/wp-content\/uploads\/2023\/01\/saglik-bilimleri-logo-en.png\" class=\"attachment-full size-full wp-image-476\" alt=\"\" srcset=\"https:\/\/www.helemeu.org\/wp-content\/uploads\/2023\/01\/saglik-bilimleri-logo-en.png 300w, https:\/\/www.helemeu.org\/wp-content\/uploads\/2023\/01\/saglik-bilimleri-logo-en-150x150.png 150w\" sizes=\"(max-width: 300px) 100vw, 300px\" \/>\t\t\t\t\t\t\t\t<\/a>\n\t\t\t\t\t\t\t\t\t\t\t\t\t\t\t<\/div>\n\t\t\t\t<\/div>\n\t\t\t\t<div class=\"elementor-element elementor-element-097a426 elementor-widget elementor-widget-text-editor\" data-id=\"097a426\" data-element_type=\"widget\" data-e-type=\"widget\" data-widget_type=\"text-editor.default\">\n\t\t\t\t<div class=\"elementor-widget-container\">\n\t\t\t\t\t\t\t\t\t<p>Sa\u011fl\u0131k Bilimleri \u00dcniversitesi (UoHS), 15 Nisan 2015 tarihinde T\u00fcrkiye&#8217;de sa\u011fl\u0131k temal\u0131 kurulan ilk ve tek devlet \u00fcniversitesidir. Ayr\u0131ca 58 ba\u011fl\u0131 hastanesi ile t\u00fcm sa\u011fl\u0131k alanlar\u0131nda uygulama bulmak kolayd\u0131r. Bu avantajla \u00fcniversitenin stratejisinde geli\u015fmekte olan \u00fclkelere her t\u00fcrl\u00fc sa\u011fl\u0131k deste\u011fini sa\u011flama misyonunu ger\u00e7ekle\u015ftirmektir. Sa\u011fl\u0131k Bilimleri \u00dcniversitesi d\u00fcnyada kar\u015f\u0131l\u0131kl\u0131 yarar sa\u011flayan \u00e7al\u0131\u015fmalar y\u00fcr\u00fctmeye \u00e7al\u0131\u015fmaktad\u0131r. Bu kat\u0131l\u0131mlar yeteneklere, i\u015fbirliklerine, fikirlere, tesislere ve\/veya finansmana eri\u015fim sa\u011flar. Personelimizin ve \u00f6\u011frencilerimizin d\u00fcnyay\u0131 anlama, k\u00fcresel rekabet etme ve sa\u011fl\u0131k alan\u0131nda k\u00fcresel lider olma konusunda daha iyi haz\u0131rlanmalar\u0131na olanak tan\u0131r. \u00dcniversitemiz, \u00e7al\u0131\u015fmak istedikleri i\u015fbirlik\u00e7ileri, eri\u015fmek istedikleri laboratuvar olanaklar\u0131n\u0131, cazip bulduklar\u0131 ara\u015ft\u0131rma ve e\u011fitim olanaklar\u0131n\u0131 bulmaya \u00e7al\u0131\u015fmaktad\u0131r. Uluslararas\u0131 kat\u0131l\u0131m sa\u011flayarak, d\u00fcnya \u00e7ap\u0131ndaki \u00e7abalar\u0131n ilerlemesini izleyebilir, kendi uzmanl\u0131\u011f\u0131m\u0131z\u0131 geni\u015fletirken ayn\u0131 zamanda ba\u015fkalar\u0131ndan \u00f6\u011frenebilir, \u00f6\u011frenciler ve \u00f6\u011fretim \u00fcyeleri i\u00e7in k\u00fcresel a\u011f f\u0131rsatlar\u0131 sa\u011flayabiliriz. Ayr\u0131ca \u00f6\u011fretim \u00fcyelerimizin ve \u00f6\u011frencilerimizin k\u00fcresel \u015firketlerle ve d\u00fcnya \u00e7ap\u0131ndaki ortaklar\u0131m\u0131zla ba\u011flant\u0131 kurmas\u0131n\u0131 sa\u011fl\u0131yoruz. Ara\u015ft\u0131rma ve e\u011fitime k\u00fcresel \u00e7apta entegre olmak, bilim ve teknolojiye, bilgi yaratmaya ve uygulamalara de\u011fer veren bir ortakla anla\u015fmalar yapmak bizim i\u00e7in \u00f6nemlidir.<\/p><p>\u00dcniversite e\u011fitimi iki \u015fehirde verilmektedir; \u0130stanbul ve Ankara. \u0130stanbulda; T\u0131p Fak\u00fcltesi, Di\u015f Hekimli\u011fi Fak\u00fcltesi, Eczac\u0131l\u0131k Fak\u00fcltesi, Hem\u015firelik Fak\u00fcltesi, Sa\u011fl\u0131k Bilimleri Fak\u00fcltesi, Ya\u015fam Bilimleri Fak\u00fcltesi ve Sa\u011fl\u0131k Bilimleri Enstit\u00fcs\u00fc. Ankara&#8217;daki G\u00fclhane K\u00fclliyesi; G\u00fclhane T\u0131p Fak\u00fcltesi, G\u00fclhane Eczac\u0131l\u0131k Fak\u00fcltesi, G\u00fclhane T\u0131p Fak\u00fcltesi, G\u00fclhane Sa\u011fl\u0131k Bilimleri Fak\u00fcltesi, G\u00fclhane Sa\u011fl\u0131k Bilimleri Y\u00fcksekokulu, G\u00fclhane Sa\u011fl\u0131k Bilimleri Enstit\u00fcs\u00fc ve Savunma Sa\u011fl\u0131k Bilimleri Enstit\u00fcs\u00fc. G\u00fclhane K\u00fclliyesi 2016 y\u0131l\u0131nda Sa\u011fl\u0131k Bilimleri \u00dcniversitesi&#8217;ne devredildi.<\/p><p>Sa\u011fl\u0131k Bilimleri \u00dcniversitesi yeni kurulmu\u015f bir \u00fcniversite olup T\u00fcrkiye&#8217;de kurulan tek sa\u011fl\u0131k temal\u0131 \u00fcniversitedir. 58 hastaneyle olan ba\u011flant\u0131s\u0131 Sa\u011fl\u0131k Bilimleri \u00dcniversitesi&#8217;ni g\u00fc\u00e7l\u00fc ve halk sa\u011fl\u0131\u011f\u0131 politikas\u0131nda aktif k\u0131lmaktad\u0131r. 58 ba\u011fl\u0131 hastanemiz ile \u00fclke genelinde t\u00fcm sa\u011fl\u0131k alanlar\u0131nda uygulama bulmak kolayd\u0131r. Bu avantajla \u00fcniversitenin stratejisinde geli\u015fmekte olan \u00fclkelere her t\u00fcrl\u00fc sa\u011fl\u0131k deste\u011fini sa\u011flama misyonunu ger\u00e7ekle\u015ftirmektir. Ayr\u0131ca \u00fcniversitenin geli\u015fimi ve onaylanmas\u0131 i\u00e7in uluslararas\u0131 i\u015fbirli\u011fi \u00f6zel ilgi alan\u0131d\u0131r. Sa\u011fl\u0131k Bilimleri \u00dcniversitesi Stratejik Y\u00f6nergeleri&#8217;nde de uluslararas\u0131 i\u015fbirli\u011finin geli\u015ftirilmesinin \u00dcniversitenin \u00f6nceliklerinden biri oldu\u011fu belirtilmektedir. \u00dcniversite yak\u0131n zamanda uluslararas\u0131 \u00f6\u011frenci say\u0131s\u0131n\u0131 art\u0131rmaya y\u00f6nelik kurumsal bir hedef de dahil olmak \u00fczere i\u00e7selle\u015ftirme konusunda \u00e7e\u015fitli performanslar geli\u015ftirdi.<\/p><p>Halk Sa\u011fl\u0131\u011f\u0131 Anabilim Dal\u0131, G\u00fclhane T\u0131p Fak\u00fcltesi 2016 y\u0131l\u0131nda kurulmu\u015f gibi g\u00f6r\u00fcn\u00fcyor. Ancak G\u00fclhane T\u0131p Fak\u00fcltesi daha \u00f6nce 1898 y\u0131l\u0131ndan itibaren askeri t\u0131p akademisi (G\u00fclhane Askeri T\u0131p Akademisi) olarak hizmet veriyordu ve 2016 y\u0131l\u0131nda askeri t\u0131p fak\u00fcltesi kapat\u0131larak G\u00fclhane T\u0131p Fak\u00fcltesi olarak yeniden adland\u0131r\u0131ld\u0131. . \u00c7\u00fcnk\u00fc halk sa\u011fl\u0131\u011f\u0131 departman\u0131n\u0131n halk sa\u011fl\u0131\u011f\u0131 alanlar\u0131nda g\u00fc\u00e7l\u00fc bir deneyimi ve k\u00f6kleri vard\u0131r. \u015eu anda akademik personel say\u0131s\u0131 17&#8217;dir. \u015eu anda t\u0131p fak\u00fcltesinden 300 doktor mezun oluyor. Ayr\u0131ca Eczac\u0131l\u0131k, Diyetetik, Hem\u015firelik Y\u00fcksek Okulu b\u00f6l\u00fcmleri taraf\u0131ndan ders verilmektedir. B\u00f6l\u00fcmde lisans\u00fcst\u00fc e\u011fitim yap\u0131lmaktad\u0131r.<\/p><p>Sa\u011fl\u0131k Bilimleri \u00dcniversitesi G\u00fclhane Di\u015f Hekimli\u011fi Fak\u00fcltesi kuruldu\u011fu g\u00fcnden bu yana bilimsel alanda \u00f6nc\u00fc ve referans fak\u00fclte olma yolunda ilerlemektedir. \u015eu anda akademik personel say\u0131s\u0131 58&#8217;dir. G\u00fclhane Yerle\u015fkesi&#8217;ndeki di\u015f\u00e7ilik binas\u0131 ilk kez 1946 y\u0131l\u0131nda G\u00fclhane Askeri T\u0131p Akademisi&#8217;nin Di\u015f Hekimli\u011fi Enstit\u00fcs\u00fc olarak hizmete a\u00e7\u0131lm\u0131\u015ft\u0131r. 17 Kas\u0131m 1983 tarihli GATA Kanunu ile Sa\u011fl\u0131k Bilimleri Enstit\u00fcs\u00fc kurulmu\u015f ve Di\u015f Hekimli\u011fi Enstit\u00fcs\u00fcn\u00fcn bu birimin Di\u015f Bilimleri Merkezi olarak akademik d\u00fczeni yeniden d\u00fczenlenmi\u015ftir. G\u00fclhane Askeri T\u0131p Akademisi&#8217;nin Sa\u011fl\u0131k Bakanl\u0131\u011f\u0131&#8217;na devredilmesinin ard\u0131ndan 2017 \u015eubat ay\u0131nda G\u00fclhane \u00dcniversitesi Di\u015f Hekimli\u011fi Fak\u00fcltesi kuruldu. 2017-2018 E\u011fitim-\u00d6\u011fretim Y\u0131l\u0131nda ilk lisans \u00f6\u011frencileri e\u011fitime ba\u015flad\u0131.<\/p><p>Proje koordinat\u00f6r\u00fc H\u00fclya \u015eirin, Sa\u011fl\u0131k Bilimleri \u00dcniversitesi G\u00fclhane T\u0131p Fak\u00fcltesi Halk Sa\u011fl\u0131\u011f\u0131 Anabilim Dal\u0131&#8217;nda t\u0131p doktoru, halk sa\u011fl\u0131\u011f\u0131 uzman\u0131 ve yard\u0131mc\u0131 do\u00e7enttir. T\u0131p, eczac\u0131l\u0131k, sa\u011fl\u0131k bilimleri ve ebelik fak\u00fcltelerinde lisans ve mezuniyet sonras\u0131 dersler vermektedir. \u0130lgi alanlar\u0131 g\u00f6\u00e7men sa\u011fl\u0131\u011f\u0131, toplum ruh sa\u011fl\u0131\u011f\u0131, sa\u011fl\u0131k e\u011fitimi, sa\u011fl\u0131k okuryazarl\u0131\u011f\u0131, sa\u011fl\u0131\u011f\u0131n geli\u015ftirilmesi ve ileti\u015fim becerileridir. 2013-2019 y\u0131llar\u0131 aras\u0131nda T\u00fcrkiye Halk Sa\u011fl\u0131\u011f\u0131 Kurumu Ba\u015fkan Dan\u0131\u015fman\u0131 ve Sa\u011fl\u0131k Bakanl\u0131\u011f\u0131&#8217;nda Halk Sa\u011fl\u0131\u011f\u0131 Genel M\u00fcd\u00fcr\u00fc olarak g\u00f6rev yapt\u0131. Bu y\u0131llarda halk sa\u011fl\u0131\u011f\u0131 alan\u0131nda (sa\u011fl\u0131k e\u011fitimi, yenido\u011fan taramas\u0131, birinci basamak sa\u011fl\u0131k hizmetleri, politika, g\u00f6\u00e7men sa\u011fl\u0131\u011f\u0131 vb.). Ayr\u0131ca Sa\u011fl\u0131k Bakanl\u0131\u011f\u0131&#8217;nda daire ba\u015fkan\u0131 ile birlikte sa\u011fl\u0131k alan\u0131nda insan kaynaklar\u0131 y\u00f6netiminde \u00e7al\u0131\u015fm\u0131\u015f ve T\u00fcrkiye&#8217;de hekim e\u011fitimi ve halk sa\u011fl\u0131\u011f\u0131 konular\u0131ndaki politikalar konusunda b\u00fcy\u00fck deneyim kazanm\u0131\u015ft\u0131r.<\/p><p>Derya Camur, Sa\u011fl\u0131k Bilimleri \u00dcniversitesi G\u00fclhane T\u0131p Fak\u00fcltesi Halk Sa\u011fl\u0131\u011f\u0131 Anabilim Dal\u0131&#8217;nda t\u0131p doktoru, halk sa\u011fl\u0131\u011f\u0131 uzman\u0131 ve yard\u0131mc\u0131 do\u00e7enttir. Sa\u011fl\u0131k Bakanl\u0131\u011f\u0131 \u00c7evre Sa\u011fl\u0131\u011f\u0131 Daire Ba\u015fkanl\u0131\u011f\u0131&#8217;nda \u00e7al\u0131\u015fm\u0131\u015f, \u00e7evre sa\u011fl\u0131\u011f\u0131 ve \u00e7ok sekt\u00f6rl\u00fc sa\u011fl\u0131k sorumlulu\u011fu konusunda bir\u00e7ok proje y\u00fcr\u00fctm\u00fc\u015ft\u00fcr.<\/p><p>Metin Hasde t\u0131p doktoru, halk sa\u011fl\u0131\u011f\u0131 uzman\u0131 ve Sa\u011fl\u0131k Bilimleri \u00dcniversitesi G\u00fclhane T\u0131p Fak\u00fcltesi Halk Sa\u011fl\u0131\u011f\u0131 Anabilim Dal\u0131 k\u0131demli profes\u00f6r\u00fcd\u00fcr. \u0130\u015f sa\u011fl\u0131\u011f\u0131 ve g\u00fcvenli\u011fiyle ilgileniyor. Bir\u00e7ok projeyi y\u00fcr\u00fctme konusunda b\u00fcy\u00fck bir deneyime sahiptir. (\u00f6zellikle sa\u011fl\u0131\u011f\u0131n te\u015fviki ve geli\u015ftirilmesi, halk sa\u011fl\u0131\u011f\u0131 e\u011fitimi vb.). Halk Sa\u011fl\u0131\u011f\u0131 b\u00f6l\u00fcm\u00fcn\u00fcn y\u00f6neticisidir.<\/p>\t\t\t\t\t\t\t\t<\/div>\n\t\t\t\t<\/div>\n\t\t\t\t\t<\/div>\n\t\t<\/div>\n\t\t\t\t\t<\/div>\n\t\t<\/section>\n\t\t\t\t<\/div>\n\t\t","protected":false},"excerpt":{"rendered":"<p>Sa\u011fl\u0131k Bilimleri \u00dcniversitesi Sa\u011fl\u0131k Bilimleri \u00dcniversitesi (UoHS), 15 Nisan 2015 tarihinde T\u00fcrkiye&#8217;de sa\u011fl\u0131k temal\u0131 kurulan ilk ve tek devlet \u00fcniversitesidir. Ayr\u0131ca 58 ba\u011fl\u0131 hastanesi ile t\u00fcm sa\u011fl\u0131k alanlar\u0131nda uygulama bulmak kolayd\u0131r. Bu avantajla \u00fcniversitenin stratejisinde geli\u015fmekte olan \u00fclkelere her t\u00fcrl\u00fc sa\u011fl\u0131k deste\u011fini sa\u011flama misyonunu ger\u00e7ekle\u015ftirmektir. Sa\u011fl\u0131k Bilimleri \u00dcniversitesi d\u00fcnyada kar\u015f\u0131l\u0131kl\u0131 yarar sa\u011flayan \u00e7al\u0131\u015fmalar y\u00fcr\u00fctmeye \u00e7al\u0131\u015fmaktad\u0131r. [&hellip;]<\/p>\n","protected":false},"author":1,"featured_media":0,"parent":0,"menu_order":0,"comment_status":"closed","ping_status":"closed","template":"","meta":{"inline_featured_image":false,"footnotes":""},"class_list":["post-2300","page","type-page","status-publish","hentry"],"_links":{"self":[{"href":"https:\/\/www.helemeu.org\/tr\/wp-json\/wp\/v2\/pages\/2300","targetHints":{"allow":["GET"]}}],"collection":[{"href":"https:\/\/www.helemeu.org\/tr\/wp-json\/wp\/v2\/pages"}],"about":[{"href":"https:\/\/www.helemeu.org\/tr\/wp-json\/wp\/v2\/types\/page"}],"author":[{"embeddable":true,"href":"https:\/\/www.helemeu.org\/tr\/wp-json\/wp\/v2\/users\/1"}],"replies":[{"embeddable":true,"href":"https:\/\/www.helemeu.org\/tr\/wp-json\/wp\/v2\/comments?post=2300"}],"version-history":[{"count":0,"href":"https:\/\/www.helemeu.org\/tr\/wp-json\/wp\/v2\/pages\/2300\/revisions"}],"wp:attachment":[{"href":"https:\/\/www.helemeu.org\/tr\/wp-json\/wp\/v2\/media?parent=2300"}],"curies":[{"name":"wp","href":"https:\/\/api.w.org\/{rel}","templated":true}]}}