{"id":2319,"date":"2023-01-13T12:16:29","date_gmt":"2023-01-13T12:16:29","guid":{"rendered":"https:\/\/www.helemeu.org\/lokman-hekim-university\/"},"modified":"2023-10-12T07:46:16","modified_gmt":"2023-10-12T07:46:16","slug":"lokman-hekim-universitesi","status":"publish","type":"page","link":"https:\/\/www.helemeu.org\/tr\/lokman-hekim-universitesi\/","title":{"rendered":"Lokman Hekim \u00dcniversitesi"},"content":{"rendered":"\t\t<div data-elementor-type=\"wp-page\" data-elementor-id=\"2319\" class=\"elementor elementor-2319 elementor-483\" data-elementor-post-type=\"page\">\n\t\t\t\t\t\t<section class=\"elementor-section elementor-top-section elementor-element elementor-element-76bfa9b elementor-section-boxed elementor-section-height-default elementor-section-height-default\" data-id=\"76bfa9b\" data-element_type=\"section\" data-e-type=\"section\" data-settings=\"{&quot;background_background&quot;:&quot;classic&quot;}\">\n\t\t\t\t\t\t<div class=\"elementor-container elementor-column-gap-default\">\n\t\t\t\t\t<div class=\"elementor-column elementor-col-100 elementor-top-column elementor-element elementor-element-20d9e47f\" data-id=\"20d9e47f\" data-element_type=\"column\" data-e-type=\"column\">\n\t\t\t<div class=\"elementor-widget-wrap elementor-element-populated\">\n\t\t\t\t\t\t<div class=\"elementor-element elementor-element-3b3b29ee elementor-widget elementor-widget-heading\" data-id=\"3b3b29ee\" data-element_type=\"widget\" data-e-type=\"widget\" data-widget_type=\"heading.default\">\n\t\t\t\t<div class=\"elementor-widget-container\">\n\t\t\t\t\t<h2 class=\"elementor-heading-title elementor-size-default\">Lokman Hekim \u00dcniversitesi<\/h2>\t\t\t\t<\/div>\n\t\t\t\t<\/div>\n\t\t\t\t\t<\/div>\n\t\t<\/div>\n\t\t\t\t\t<\/div>\n\t\t<\/section>\n\t\t\t\t<section class=\"elementor-section elementor-top-section elementor-element elementor-element-da4a35d elementor-section-boxed elementor-section-height-default elementor-section-height-default\" data-id=\"da4a35d\" data-element_type=\"section\" data-e-type=\"section\">\n\t\t\t\t\t\t<div class=\"elementor-container elementor-column-gap-default\">\n\t\t\t\t\t<div class=\"elementor-column elementor-col-100 elementor-top-column elementor-element elementor-element-934669e\" data-id=\"934669e\" data-element_type=\"column\" data-e-type=\"column\">\n\t\t\t<div class=\"elementor-widget-wrap elementor-element-populated\">\n\t\t\t\t\t\t<div class=\"elementor-element elementor-element-625959c elementor-widget elementor-widget-image\" data-id=\"625959c\" data-element_type=\"widget\" data-e-type=\"widget\" data-widget_type=\"image.default\">\n\t\t\t\t<div class=\"elementor-widget-container\">\n\t\t\t\t\t\t\t\t\t\t\t\t\t\t\t<img fetchpriority=\"high\" decoding=\"async\" width=\"300\" height=\"300\" src=\"https:\/\/www.helemeu.org\/wp-content\/uploads\/2023\/01\/lokman-hekim-logo.png\" class=\"attachment-full size-full wp-image-152\" alt=\"\" srcset=\"https:\/\/www.helemeu.org\/wp-content\/uploads\/2023\/01\/lokman-hekim-logo.png 300w, https:\/\/www.helemeu.org\/wp-content\/uploads\/2023\/01\/lokman-hekim-logo-150x150.png 150w\" sizes=\"(max-width: 300px) 100vw, 300px\" \/>\t\t\t\t\t\t\t\t\t\t\t\t\t\t\t<\/div>\n\t\t\t\t<\/div>\n\t\t\t\t<div class=\"elementor-element elementor-element-73bfb46 elementor-widget elementor-widget-text-editor\" data-id=\"73bfb46\" data-element_type=\"widget\" data-e-type=\"widget\" data-widget_type=\"text-editor.default\">\n\t\t\t\t<div class=\"elementor-widget-container\">\n\t\t\t\t\t\t\t\t\t<p>Lokman Hekim \u00dcniversitesi 2018-2019 e\u011fitim-\u00f6\u011fretim y\u0131l\u0131nda akademik faaliyetlerine ba\u015flam\u0131\u015ft\u0131r. \u00dcniversitemiz T\u0131p Fak\u00fcltesi, Di\u015f Hekimli\u011fi Fak\u00fcltesi, Eczac\u0131l\u0131k Fak\u00fcltesi, Sa\u011fl\u0131k Bilimleri Fak\u00fcltesi, Spor Bilimleri Fak\u00fcltesi ve Sa\u011fl\u0131k Hizmetleri Meslek Y\u00fcksekokulu olmak \u00fczere 5 fak\u00fcltede 11 lisans program\u0131nda 2377 \u00f6\u011frenci ve 11 \u00f6n lisans program\u0131nda e\u011fitim ve \u00f6\u011fretime devam etmektedir. 1 Okuldaki programlar. Ayr\u0131ca Sa\u011fl\u0131k Bilimleri Enstit\u00fcm\u00fcz 18 Tezli Y\u00fcksek Lisans, 1 Tezsiz Y\u00fcksek Lisans ve 9 Doktora Program\u0131yla e\u011fitimine devam etmektedir. \u00dcniversitemiz Uygulama ve Ara\u015ft\u0131rma Merkezi b\u00fcnyesinde 13 adet Uygulama ve Ara\u015ft\u0131rma Merkezi bulunmaktad\u0131r.<\/p><p>\u00dcniversitemiz, Sa\u011fl\u0131k Hizmetleri Meslek Y\u00fcksekokulu \u0130lk ve Acil Yard\u0131m Teknisyeni ve Anestezi Teknisyeni programlar\u0131nda 12 A\u011fustos 2020 tarihinde ilk mezunlar\u0131n\u0131 vermi\u015ftir.<\/p><p>\u00dcniversitemiz, sa\u011fl\u0131k e\u011fitiminde \u00f6nc\u00fc ve ara\u015ft\u0131rma-geli\u015ftirme odakl\u0131 kurum k\u00fclt\u00fcr\u00fcyle; T\u00fcm d\u00fcnyada potansiyelini hayata ge\u00e7irebilecek yetkinli\u011fe sahip, \u00e7a\u011f\u0131n bilgi ve teknolojilerine hakim, bilimsel bilginin \u0131\u015f\u0131\u011f\u0131nda \u00fcreten, yerel b\u00f6lgesel kalk\u0131nmaya katk\u0131 sa\u011flayacak giri\u015fimlerde bulunan bireyler yeti\u015ftirmek misyonumuzdur. Bireysel ve toplumsal d\u00fczeyde sa\u011fl\u0131kl\u0131 ya\u015fam\u0131 g\u00f6zeten, geli\u015ftiren, etik de\u011ferlere ba\u011fl\u0131, \u00fclke ekonomisine \u00f6nem veren bir kurumdur.<\/p><p>Lokman Hekim Sa\u011fl\u0131k Grubu&#8217;nun \u00e7eyrek asra yakla\u015fan sa\u011fl\u0131k hizmetleri deneyimi, g\u00fc\u00e7l\u00fc ve multidisipliner akademik kadromuz ve Vak\u0131f \u00fcniversiteleri aras\u0131nda \u00fcniversite hastanesi olan az say\u0131daki \u00fcniversiteden biri olmam\u0131z, \u00f6\u011frencilerimize zengin uygulama yapma \u015fans\u0131 vermektedir. , ara\u015ft\u0131rma ve staj, e\u011fitimimizin en g\u00fc\u00e7l\u00fc y\u00f6nlerinden birini olu\u015fturmaktad\u0131r.<\/p><p>\u00dcniversite kamp\u00fcs\u00fcm\u00fcz T\u00fcrkiye&#8217;nin kalbi Ankara&#8217;da bulunmaktad\u0131r.<\/p>\t\t\t\t\t\t\t\t<\/div>\n\t\t\t\t<\/div>\n\t\t\t\t\t<\/div>\n\t\t<\/div>\n\t\t\t\t\t<\/div>\n\t\t<\/section>\n\t\t\t\t<\/div>\n\t\t","protected":false},"excerpt":{"rendered":"<p>Lokman Hekim \u00dcniversitesi Lokman Hekim \u00dcniversitesi 2018-2019 e\u011fitim-\u00f6\u011fretim y\u0131l\u0131nda akademik faaliyetlerine ba\u015flam\u0131\u015ft\u0131r. \u00dcniversitemiz T\u0131p Fak\u00fcltesi, Di\u015f Hekimli\u011fi Fak\u00fcltesi, Eczac\u0131l\u0131k Fak\u00fcltesi, Sa\u011fl\u0131k Bilimleri Fak\u00fcltesi, Spor Bilimleri Fak\u00fcltesi ve Sa\u011fl\u0131k Hizmetleri Meslek Y\u00fcksekokulu olmak \u00fczere 5 fak\u00fcltede 11 lisans program\u0131nda 2377 \u00f6\u011frenci ve 11 \u00f6n lisans program\u0131nda e\u011fitim ve \u00f6\u011fretime devam etmektedir. 1 Okuldaki programlar. Ayr\u0131ca Sa\u011fl\u0131k [&hellip;]<\/p>\n","protected":false},"author":1,"featured_media":0,"parent":0,"menu_order":0,"comment_status":"closed","ping_status":"closed","template":"","meta":{"inline_featured_image":false,"footnotes":""},"class_list":["post-2319","page","type-page","status-publish","hentry"],"_links":{"self":[{"href":"https:\/\/www.helemeu.org\/tr\/wp-json\/wp\/v2\/pages\/2319","targetHints":{"allow":["GET"]}}],"collection":[{"href":"https:\/\/www.helemeu.org\/tr\/wp-json\/wp\/v2\/pages"}],"about":[{"href":"https:\/\/www.helemeu.org\/tr\/wp-json\/wp\/v2\/types\/page"}],"author":[{"embeddable":true,"href":"https:\/\/www.helemeu.org\/tr\/wp-json\/wp\/v2\/users\/1"}],"replies":[{"embeddable":true,"href":"https:\/\/www.helemeu.org\/tr\/wp-json\/wp\/v2\/comments?post=2319"}],"version-history":[{"count":0,"href":"https:\/\/www.helemeu.org\/tr\/wp-json\/wp\/v2\/pages\/2319\/revisions"}],"wp:attachment":[{"href":"https:\/\/www.helemeu.org\/tr\/wp-json\/wp\/v2\/media?parent=2319"}],"curies":[{"name":"wp","href":"https:\/\/api.w.org\/{rel}","templated":true}]}}