{"id":2760,"date":"2023-01-13T11:41:23","date_gmt":"2023-01-13T11:41:23","guid":{"rendered":"https:\/\/www.helemeu.org\/o3-guideline-for-trainers\/"},"modified":"2023-11-30T15:53:49","modified_gmt":"2023-11-30T15:53:49","slug":"o3-egitmenler-icin-kilavuz","status":"publish","type":"page","link":"https:\/\/www.helemeu.org\/tr\/o3-egitmenler-icin-kilavuz\/","title":{"rendered":"O3-E\u011e\u0130TMENLER \u0130\u00c7\u0130N KILAVUZ"},"content":{"rendered":"\t\t<div data-elementor-type=\"wp-page\" data-elementor-id=\"2760\" class=\"elementor elementor-2760 elementor-384\" data-elementor-post-type=\"page\">\n\t\t\t\t\t\t<section class=\"elementor-section elementor-top-section elementor-element elementor-element-6ff4dec6 elementor-section-boxed elementor-section-height-default elementor-section-height-default\" data-id=\"6ff4dec6\" data-element_type=\"section\" data-e-type=\"section\" data-settings=\"{&quot;background_background&quot;:&quot;classic&quot;}\">\n\t\t\t\t\t\t<div class=\"elementor-container elementor-column-gap-default\">\n\t\t\t\t\t<div class=\"elementor-column elementor-col-100 elementor-top-column elementor-element elementor-element-1798b85e\" data-id=\"1798b85e\" data-element_type=\"column\" data-e-type=\"column\">\n\t\t\t<div class=\"elementor-widget-wrap elementor-element-populated\">\n\t\t\t\t\t\t<div class=\"elementor-element elementor-element-65c84670 elementor-widget elementor-widget-heading\" data-id=\"65c84670\" data-element_type=\"widget\" data-e-type=\"widget\" data-widget_type=\"heading.default\">\n\t\t\t\t<div class=\"elementor-widget-container\">\n\t\t\t\t\t<h2 class=\"elementor-heading-title elementor-size-default\">O3-E\u011e\u0130TMENLER \u0130\u00c7\u0130N KILAVUZ<\/h2>\t\t\t\t<\/div>\n\t\t\t\t<\/div>\n\t\t\t\t\t<\/div>\n\t\t<\/div>\n\t\t\t\t\t<\/div>\n\t\t<\/section>\n\t\t\t\t<section class=\"elementor-section elementor-top-section elementor-element elementor-element-15343b67 elementor-section-boxed elementor-section-height-default elementor-section-height-default\" data-id=\"15343b67\" data-element_type=\"section\" data-e-type=\"section\">\n\t\t\t\t\t\t<div class=\"elementor-container elementor-column-gap-default\">\n\t\t\t\t\t<div class=\"elementor-column elementor-col-50 elementor-top-column elementor-element elementor-element-68e87b49\" data-id=\"68e87b49\" data-element_type=\"column\" data-e-type=\"column\" data-settings=\"{&quot;background_background&quot;:&quot;classic&quot;}\">\n\t\t\t<div class=\"elementor-widget-wrap elementor-element-populated\">\n\t\t\t\t\t<div class=\"elementor-background-overlay\"><\/div>\n\t\t\t\t\t\t<div class=\"elementor-element elementor-element-36cd8aea elementor-widget elementor-widget-heading\" data-id=\"36cd8aea\" data-element_type=\"widget\" data-e-type=\"widget\" data-widget_type=\"heading.default\">\n\t\t\t\t<div class=\"elementor-widget-container\">\n\t\t\t\t\t<h2 class=\"elementor-heading-title elementor-size-default\">Avrupa Genelinde Sa\u011fl\u0131k Okuryazarl\u0131\u011f\u0131 E\u011fitiminin Yenilik\u00e7i Y\u00f6ntemlerle T\u0131p M\u00fcfredat\u0131na Entegrasyonu ve Geli\u015ftirilmesi<\/h2>\t\t\t\t<\/div>\n\t\t\t\t<\/div>\n\t\t\t\t<div class=\"elementor-element elementor-element-7c359783 elementor-widget elementor-widget-heading\" data-id=\"7c359783\" data-element_type=\"widget\" data-e-type=\"widget\" data-widget_type=\"heading.default\">\n\t\t\t\t<div class=\"elementor-widget-container\">\n\t\t\t\t\t<h4 class=\"elementor-heading-title elementor-size-default\">SA\u011eLIK OKURYAZARLI\u011eI E\u011e\u0130TMENLER\u0130 E\u011e\u0130T\u0130M\u0130<\/h4>\t\t\t\t<\/div>\n\t\t\t\t<\/div>\n\t\t\t\t<div class=\"elementor-element elementor-element-7b95a82f elementor-align-center elementor-widget elementor-widget-button\" data-id=\"7b95a82f\" data-element_type=\"widget\" data-e-type=\"widget\" data-widget_type=\"button.default\">\n\t\t\t\t<div class=\"elementor-widget-container\">\n\t\t\t\t\t\t\t\t\t<div class=\"elementor-button-wrapper\">\n\t\t\t\t\t<a class=\"elementor-button elementor-button-link elementor-size-md\" href=\"https:\/\/www.helemeu.org\/wp-content\/uploads\/2023\/11\/saglik-okuryazarligi-egitimcilerinin-egitimi.pdf\" target=\"_blank\">\n\t\t\t\t\t\t<span class=\"elementor-button-content-wrapper\">\n\t\t\t\t\t\t<span class=\"elementor-button-icon\">\n\t\t\t\t<i aria-hidden=\"true\" class=\"fas fa-download\"><\/i>\t\t\t<\/span>\n\t\t\t\t\t\t\t\t\t<span class=\"elementor-button-text\">\u0130ndir<\/span>\n\t\t\t\t\t<\/span>\n\t\t\t\t\t<\/a>\n\t\t\t\t<\/div>\n\t\t\t\t\t\t\t\t<\/div>\n\t\t\t\t<\/div>\n\t\t\t\t\t<\/div>\n\t\t<\/div>\n\t\t\t\t<div class=\"elementor-column elementor-col-50 elementor-top-column elementor-element elementor-element-3d2acb1b\" data-id=\"3d2acb1b\" data-element_type=\"column\" data-e-type=\"column\">\n\t\t\t<div class=\"elementor-widget-wrap elementor-element-populated\">\n\t\t\t\t\t\t<div class=\"elementor-element elementor-element-4dacc59c elementor-widget elementor-widget-image\" data-id=\"4dacc59c\" data-element_type=\"widget\" data-e-type=\"widget\" data-widget_type=\"image.default\">\n\t\t\t\t<div class=\"elementor-widget-container\">\n\t\t\t\t\t\t\t\t\t\t\t\t\t\t\t\t<a href=\"https:\/\/www.helemeu.org\/wp-content\/uploads\/2023\/11\/saglik-okuryazarligi-egitimcilerinin-egitimi.pdf\" target=\"_blank\">\n\t\t\t\t\t\t\t<img fetchpriority=\"high\" decoding=\"async\" width=\"1000\" height=\"1350\" src=\"https:\/\/www.helemeu.org\/wp-content\/uploads\/2023\/11\/saglik-okuryazarligi-egitimcilerinin-egitimi-resim.jpg\" class=\"attachment-full size-full wp-image-3562\" alt=\"\" srcset=\"https:\/\/www.helemeu.org\/wp-content\/uploads\/2023\/11\/saglik-okuryazarligi-egitimcilerinin-egitimi-resim.jpg 1000w, https:\/\/www.helemeu.org\/wp-content\/uploads\/2023\/11\/saglik-okuryazarligi-egitimcilerinin-egitimi-resim-222x300.jpg 222w, https:\/\/www.helemeu.org\/wp-content\/uploads\/2023\/11\/saglik-okuryazarligi-egitimcilerinin-egitimi-resim-759x1024.jpg 759w, https:\/\/www.helemeu.org\/wp-content\/uploads\/2023\/11\/saglik-okuryazarligi-egitimcilerinin-egitimi-resim-768x1037.jpg 768w\" sizes=\"(max-width: 1000px) 100vw, 1000px\" \/>\t\t\t\t\t\t\t\t<\/a>\n\t\t\t\t\t\t\t\t\t\t\t\t\t\t\t<\/div>\n\t\t\t\t<\/div>\n\t\t\t\t\t<\/div>\n\t\t<\/div>\n\t\t\t\t\t<\/div>\n\t\t<\/section>\n\t\t\t\t<\/div>\n\t\t","protected":false},"excerpt":{"rendered":"<p>O3-E\u011e\u0130TMENLER \u0130\u00c7\u0130N KILAVUZ Avrupa Genelinde Sa\u011fl\u0131k Okuryazarl\u0131\u011f\u0131 E\u011fitiminin Yenilik\u00e7i Y\u00f6ntemlerle T\u0131p M\u00fcfredat\u0131na Entegrasyonu ve Geli\u015ftirilmesi SA\u011eLIK OKURYAZARLI\u011eI E\u011e\u0130TMENLER\u0130 E\u011e\u0130T\u0130M\u0130 \u0130ndir<\/p>\n","protected":false},"author":1,"featured_media":0,"parent":0,"menu_order":0,"comment_status":"closed","ping_status":"closed","template":"","meta":{"inline_featured_image":false,"footnotes":""},"class_list":["post-2760","page","type-page","status-publish","hentry"],"_links":{"self":[{"href":"https:\/\/www.helemeu.org\/tr\/wp-json\/wp\/v2\/pages\/2760","targetHints":{"allow":["GET"]}}],"collection":[{"href":"https:\/\/www.helemeu.org\/tr\/wp-json\/wp\/v2\/pages"}],"about":[{"href":"https:\/\/www.helemeu.org\/tr\/wp-json\/wp\/v2\/types\/page"}],"author":[{"embeddable":true,"href":"https:\/\/www.helemeu.org\/tr\/wp-json\/wp\/v2\/users\/1"}],"replies":[{"embeddable":true,"href":"https:\/\/www.helemeu.org\/tr\/wp-json\/wp\/v2\/comments?post=2760"}],"version-history":[{"count":6,"href":"https:\/\/www.helemeu.org\/tr\/wp-json\/wp\/v2\/pages\/2760\/revisions"}],"predecessor-version":[{"id":3568,"href":"https:\/\/www.helemeu.org\/tr\/wp-json\/wp\/v2\/pages\/2760\/revisions\/3568"}],"wp:attachment":[{"href":"https:\/\/www.helemeu.org\/tr\/wp-json\/wp\/v2\/media?parent=2760"}],"curies":[{"name":"wp","href":"https:\/\/api.w.org\/{rel}","templated":true}]}}