{"id":2799,"date":"2023-01-13T11:46:34","date_gmt":"2023-01-13T11:46:34","guid":{"rendered":"https:\/\/www.helemeu.org\/o6-assesment-evaluation-publication\/"},"modified":"2023-12-01T09:18:10","modified_gmt":"2023-12-01T09:18:10","slug":"o6-olcme-ve-degerlendirme-yayini","status":"publish","type":"page","link":"https:\/\/www.helemeu.org\/tr\/o6-olcme-ve-degerlendirme-yayini\/","title":{"rendered":"O6-\u00d6L\u00c7ME VE DE\u011eERLEND\u0130RME YAYINI"},"content":{"rendered":"\t\t<div data-elementor-type=\"wp-page\" data-elementor-id=\"2799\" class=\"elementor elementor-2799 elementor-402\" data-elementor-post-type=\"page\">\n\t\t\t\t\t\t<section class=\"elementor-section elementor-top-section elementor-element elementor-element-62d453c0 elementor-section-boxed elementor-section-height-default elementor-section-height-default\" data-id=\"62d453c0\" data-element_type=\"section\" data-e-type=\"section\" data-settings=\"{&quot;background_background&quot;:&quot;classic&quot;}\">\n\t\t\t\t\t\t<div class=\"elementor-container elementor-column-gap-default\">\n\t\t\t\t\t<div class=\"elementor-column elementor-col-100 elementor-top-column elementor-element elementor-element-7b4975c\" data-id=\"7b4975c\" data-element_type=\"column\" data-e-type=\"column\">\n\t\t\t<div class=\"elementor-widget-wrap elementor-element-populated\">\n\t\t\t\t\t\t<div class=\"elementor-element elementor-element-18f56661 elementor-widget elementor-widget-heading\" data-id=\"18f56661\" data-element_type=\"widget\" data-e-type=\"widget\" data-widget_type=\"heading.default\">\n\t\t\t\t<div class=\"elementor-widget-container\">\n\t\t\t\t\t<h2 class=\"elementor-heading-title elementor-size-default\">O6-\u00d6L\u00c7ME VE DE\u011eERLEND\u0130RME YAYINI<\/h2>\t\t\t\t<\/div>\n\t\t\t\t<\/div>\n\t\t\t\t\t<\/div>\n\t\t<\/div>\n\t\t\t\t\t<\/div>\n\t\t<\/section>\n\t\t\t\t<section class=\"elementor-section elementor-top-section elementor-element elementor-element-919f4ef elementor-section-boxed elementor-section-height-default elementor-section-height-default\" data-id=\"919f4ef\" data-element_type=\"section\" data-e-type=\"section\">\n\t\t\t\t\t\t<div class=\"elementor-container elementor-column-gap-default\">\n\t\t\t\t\t<div class=\"elementor-column elementor-col-100 elementor-top-column elementor-element elementor-element-0982eaa\" data-id=\"0982eaa\" data-element_type=\"column\" data-e-type=\"column\">\n\t\t\t<div class=\"elementor-widget-wrap elementor-element-populated\">\n\t\t\t\t\t\t<div class=\"elementor-element elementor-element-4ff9d1d elementor-widget elementor-widget-heading\" data-id=\"4ff9d1d\" data-element_type=\"widget\" data-e-type=\"widget\" data-widget_type=\"heading.default\">\n\t\t\t\t<div class=\"elementor-widget-container\">\n\t\t\t\t\t<h2 class=\"elementor-heading-title elementor-size-default\">Proje \u00c7\u0131kt\u0131lar\u0131ndan \u00dcretilen Makale, Bildiri ve Di\u011fer Yay\u0131nlar<\/h2>\t\t\t\t<\/div>\n\t\t\t\t<\/div>\n\t\t\t\t\t<\/div>\n\t\t<\/div>\n\t\t\t\t\t<\/div>\n\t\t<\/section>\n\t\t\t\t<section class=\"elementor-section elementor-top-section elementor-element elementor-element-8557e49 elementor-section-content-middle elementor-section-boxed elementor-section-height-default elementor-section-height-default\" data-id=\"8557e49\" data-element_type=\"section\" data-e-type=\"section\">\n\t\t\t\t\t\t<div class=\"elementor-container elementor-column-gap-default\">\n\t\t\t\t\t<div class=\"elementor-column elementor-col-50 elementor-top-column elementor-element elementor-element-8a98ee5\" data-id=\"8a98ee5\" data-element_type=\"column\" data-e-type=\"column\">\n\t\t\t<div class=\"elementor-widget-wrap elementor-element-populated\">\n\t\t\t\t\t\t<div class=\"elementor-element elementor-element-58e77ca elementor-widget elementor-widget-image\" data-id=\"58e77ca\" data-element_type=\"widget\" data-e-type=\"widget\" data-widget_type=\"image.default\">\n\t\t\t\t<div class=\"elementor-widget-container\">\n\t\t\t\t\t\t\t\t\t\t\t\t\t\t\t\t<a href=\"https:\/\/www.helemeu.org\/wp-content\/uploads\/2023\/10\/o6-article.pdf\" target=\"_blank\">\n\t\t\t\t\t\t\t<img fetchpriority=\"high\" decoding=\"async\" width=\"800\" height=\"644\" src=\"https:\/\/www.helemeu.org\/wp-content\/uploads\/2023\/11\/06-images.jpg\" class=\"attachment-large size-large wp-image-3615\" alt=\"\" srcset=\"https:\/\/www.helemeu.org\/wp-content\/uploads\/2023\/11\/06-images.jpg 896w, https:\/\/www.helemeu.org\/wp-content\/uploads\/2023\/11\/06-images-300x241.jpg 300w, https:\/\/www.helemeu.org\/wp-content\/uploads\/2023\/11\/06-images-768x618.jpg 768w\" sizes=\"(max-width: 800px) 100vw, 800px\" \/>\t\t\t\t\t\t\t\t<\/a>\n\t\t\t\t\t\t\t\t\t\t\t\t\t\t\t<\/div>\n\t\t\t\t<\/div>\n\t\t\t\t\t<\/div>\n\t\t<\/div>\n\t\t\t\t<div class=\"elementor-column elementor-col-50 elementor-top-column elementor-element elementor-element-d817ae1\" data-id=\"d817ae1\" data-element_type=\"column\" data-e-type=\"column\">\n\t\t\t<div class=\"elementor-widget-wrap elementor-element-populated\">\n\t\t\t\t\t\t<div class=\"elementor-element elementor-element-b48fbe6 elementor-align-start elementor-icon-list--layout-traditional elementor-list-item-link-full_width elementor-widget elementor-widget-icon-list\" data-id=\"b48fbe6\" data-element_type=\"widget\" data-e-type=\"widget\" data-widget_type=\"icon-list.default\">\n\t\t\t\t<div class=\"elementor-widget-container\">\n\t\t\t\t\t\t\t<ul class=\"elementor-icon-list-items\">\n\t\t\t\t\t\t\t<li class=\"elementor-icon-list-item\">\n\t\t\t\t\t\t\t\t\t\t\t<a href=\"https:\/\/www.helemeu.org\/wp-content\/uploads\/2023\/10\/o6-article.pdf\">\n\n\t\t\t\t\t\t\t\t\t\t\t\t<span class=\"elementor-icon-list-icon\">\n\t\t\t\t\t\t\t<i aria-hidden=\"true\" class=\"far fa-file-pdf\"><\/i>\t\t\t\t\t\t<\/span>\n\t\t\t\t\t\t\t\t\t\t<span class=\"elementor-icon-list-text\">Avrupa\u2019da T\u0131p M\u00fcfredat\u0131nda Yenilik\u00e7i Y\u00f6ntemlerle Sa\u011fl\u0131k Okuryazarl\u0131\u011f\u0131 E\u011fitiminin Geli\u015ftirilmesi ve Entegrasyonu<\/span>\n\t\t\t\t\t\t\t\t\t\t\t<\/a>\n\t\t\t\t\t\t\t\t\t<\/li>\n\t\t\t\t\t\t\t\t<li class=\"elementor-icon-list-item\">\n\t\t\t\t\t\t\t\t\t\t\t<a href=\"https:\/\/www.helemeu.org\/wp-content\/uploads\/2023\/12\/helem-eu-egitim-degerlendirme-raporu.pdf\">\n\n\t\t\t\t\t\t\t\t\t\t\t\t<span class=\"elementor-icon-list-icon\">\n\t\t\t\t\t\t\t<i aria-hidden=\"true\" class=\"far fa-file-pdf\"><\/i>\t\t\t\t\t\t<\/span>\n\t\t\t\t\t\t\t\t\t\t<span class=\"elementor-icon-list-text\">E\u011fitim Program\u0131 De\u011ferlendirme Raporu<\/span>\n\t\t\t\t\t\t\t\t\t\t\t<\/a>\n\t\t\t\t\t\t\t\t\t<\/li>\n\t\t\t\t\t\t\t\t<li class=\"elementor-icon-list-item\">\n\t\t\t\t\t\t\t\t\t\t\t<a href=\"https:\/\/www.helemeu.org\/wp-content\/uploads\/2023\/11\/1-proje-verilerinden-klinik-ogrencilerin-saglik-okuryazarligi-duzeyi-analizi.pdf\">\n\n\t\t\t\t\t\t\t\t\t\t\t\t<span class=\"elementor-icon-list-icon\">\n\t\t\t\t\t\t\t<i aria-hidden=\"true\" class=\"far fa-file-pdf\"><\/i>\t\t\t\t\t\t<\/span>\n\t\t\t\t\t\t\t\t\t\t<span class=\"elementor-icon-list-text\">\u00dc\u00e7 T\u0131p Fak\u00fcltesinin Klinik D\u00f6nem \u00d6\u011frencilerinin Sa\u011fl\u0131k Okuryazarl\u0131\u011f\u0131 ile ilgili Fark\u0131ndal\u0131k ve Becerilerinin De\u011ferlendirilmesi<\/span>\n\t\t\t\t\t\t\t\t\t\t\t<\/a>\n\t\t\t\t\t\t\t\t\t<\/li>\n\t\t\t\t\t\t\t\t<li class=\"elementor-icon-list-item\">\n\t\t\t\t\t\t\t\t\t\t\t<a href=\"https:\/\/www.helemeu.org\/wp-content\/uploads\/2023\/11\/2-proje-verilerinden-klinik-oncesi-ogrencilerin-soy-duzeyi.pdf\">\n\n\t\t\t\t\t\t\t\t\t\t\t\t<span class=\"elementor-icon-list-icon\">\n\t\t\t\t\t\t\t<i aria-hidden=\"true\" class=\"far fa-file-pdf\"><\/i>\t\t\t\t\t\t<\/span>\n\t\t\t\t\t\t\t\t\t\t<span class=\"elementor-icon-list-text\">\u00dc\u00e7 T\u0131p Fak\u00fcltesi Klinik \u00d6ncesi D\u00f6nem \u00d6\u011frencilerinin Sa\u011fl\u0131k Okuryazarl\u0131k D\u00fczeyi ve \u0130li\u015fkili Fakt\u00f6rler<\/span>\n\t\t\t\t\t\t\t\t\t\t\t<\/a>\n\t\t\t\t\t\t\t\t\t<\/li>\n\t\t\t\t\t\t\t\t<li class=\"elementor-icon-list-item\">\n\t\t\t\t\t\t\t\t\t\t\t<a href=\"https:\/\/www.helemeu.org\/wp-content\/uploads\/2023\/11\/3-proje-verilerinden-nitel-bir-analiz.pdf\">\n\n\t\t\t\t\t\t\t\t\t\t\t\t<span class=\"elementor-icon-list-icon\">\n\t\t\t\t\t\t\t<i aria-hidden=\"true\" class=\"far fa-file-pdf\"><\/i>\t\t\t\t\t\t<\/span>\n\t\t\t\t\t\t\t\t\t\t<span class=\"elementor-icon-list-text\">Bir T\u0131p Fak\u00fcltesinin \u00d6\u011fretim \u00dcyeleri G\u00f6z\u00fcnden Sa\u011fl\u0131k Okuryazarl\u0131\u011f\u0131 ile Etkile\u015fimi Olan Fakt\u00f6rler: Nitel Bir Analiz<\/span>\n\t\t\t\t\t\t\t\t\t\t\t<\/a>\n\t\t\t\t\t\t\t\t\t<\/li>\n\t\t\t\t\t\t\t\t<li class=\"elementor-icon-list-item\">\n\t\t\t\t\t\t\t\t\t\t\t<a href=\"https:\/\/www.helemeu.org\/wp-content\/uploads\/2023\/11\/saglik-okuryazarligi-covid-19-pandemisinde-her-zamankinden-daha-onemli.pdf\">\n\n\t\t\t\t\t\t\t\t\t\t\t\t<span class=\"elementor-icon-list-icon\">\n\t\t\t\t\t\t\t<i aria-hidden=\"true\" class=\"far fa-file-pdf\"><\/i>\t\t\t\t\t\t<\/span>\n\t\t\t\t\t\t\t\t\t\t<span class=\"elementor-icon-list-text\">Sa\u011fl\u0131k Okuryazarl\u0131\u011f\u0131: COVID-19 Pandemisinde Her Zamankinden Daha \u00d6nemli<\/span>\n\t\t\t\t\t\t\t\t\t\t\t<\/a>\n\t\t\t\t\t\t\t\t\t<\/li>\n\t\t\t\t\t\t\t\t<li class=\"elementor-icon-list-item\">\n\t\t\t\t\t\t\t\t\t\t\t<a href=\"https:\/\/www.helemeu.org\/wp-content\/uploads\/2023\/11\/the-relationship-between-health-literacy-level-and-media-used-as-a-source-of-health-related-information.pdf\">\n\n\t\t\t\t\t\t\t\t\t\t\t\t<span class=\"elementor-icon-list-icon\">\n\t\t\t\t\t\t\t<i aria-hidden=\"true\" class=\"far fa-file-pdf\"><\/i>\t\t\t\t\t\t<\/span>\n\t\t\t\t\t\t\t\t\t\t<span class=\"elementor-icon-list-text\">Sa\u011fl\u0131k Okuryazarl\u0131\u011f\u0131 D\u00fczeyi ile Sa\u011fl\u0131kla \u0130lgili Bilgi Kayna\u011f\u0131 Olarak Kullan\u0131lan Medya Aras\u0131ndaki \u0130li\u015fki<\/span>\n\t\t\t\t\t\t\t\t\t\t\t<\/a>\n\t\t\t\t\t\t\t\t\t<\/li>\n\t\t\t\t\t\t<\/ul>\n\t\t\t\t\t\t<\/div>\n\t\t\t\t<\/div>\n\t\t\t\t\t<\/div>\n\t\t<\/div>\n\t\t\t\t\t<\/div>\n\t\t<\/section>\n\t\t\t\t<\/div>\n\t\t","protected":false},"excerpt":{"rendered":"<p>O6-\u00d6L\u00c7ME VE DE\u011eERLEND\u0130RME YAYINI Proje \u00c7\u0131kt\u0131lar\u0131ndan \u00dcretilen Makale, Bildiri ve Di\u011fer Yay\u0131nlar Avrupa\u2019da T\u0131p M\u00fcfredat\u0131nda Yenilik\u00e7i Y\u00f6ntemlerle Sa\u011fl\u0131k Okuryazarl\u0131\u011f\u0131 E\u011fitiminin Geli\u015ftirilmesi ve Entegrasyonu E\u011fitim Program\u0131 De\u011ferlendirme Raporu \u00dc\u00e7 T\u0131p Fak\u00fcltesinin Klinik D\u00f6nem \u00d6\u011frencilerinin Sa\u011fl\u0131k Okuryazarl\u0131\u011f\u0131 ile ilgili Fark\u0131ndal\u0131k ve Becerilerinin De\u011ferlendirilmesi \u00dc\u00e7 T\u0131p Fak\u00fcltesi Klinik \u00d6ncesi D\u00f6nem \u00d6\u011frencilerinin Sa\u011fl\u0131k Okuryazarl\u0131k D\u00fczeyi ve \u0130li\u015fkili Fakt\u00f6rler Bir [&hellip;]<\/p>\n","protected":false},"author":1,"featured_media":0,"parent":0,"menu_order":0,"comment_status":"closed","ping_status":"closed","template":"","meta":{"inline_featured_image":false,"footnotes":""},"class_list":["post-2799","page","type-page","status-publish","hentry"],"_links":{"self":[{"href":"https:\/\/www.helemeu.org\/tr\/wp-json\/wp\/v2\/pages\/2799","targetHints":{"allow":["GET"]}}],"collection":[{"href":"https:\/\/www.helemeu.org\/tr\/wp-json\/wp\/v2\/pages"}],"about":[{"href":"https:\/\/www.helemeu.org\/tr\/wp-json\/wp\/v2\/types\/page"}],"author":[{"embeddable":true,"href":"https:\/\/www.helemeu.org\/tr\/wp-json\/wp\/v2\/users\/1"}],"replies":[{"embeddable":true,"href":"https:\/\/www.helemeu.org\/tr\/wp-json\/wp\/v2\/comments?post=2799"}],"version-history":[{"count":15,"href":"https:\/\/www.helemeu.org\/tr\/wp-json\/wp\/v2\/pages\/2799\/revisions"}],"predecessor-version":[{"id":3739,"href":"https:\/\/www.helemeu.org\/tr\/wp-json\/wp\/v2\/pages\/2799\/revisions\/3739"}],"wp:attachment":[{"href":"https:\/\/www.helemeu.org\/tr\/wp-json\/wp\/v2\/media?parent=2799"}],"curies":[{"name":"wp","href":"https:\/\/api.w.org\/{rel}","templated":true}]}}