{"id":3661,"date":"2023-11-30T17:29:10","date_gmt":"2023-11-30T17:29:10","guid":{"rendered":"https:\/\/www.helemeu.org\/resources-and-links-to-be-used-in-e-learning-platform-presentations\/"},"modified":"2023-11-30T18:48:13","modified_gmt":"2023-11-30T18:48:13","slug":"e-learning-platform-sunumlari-icindeki-kullanilacak-kaynak-ve-linkler","status":"publish","type":"page","link":"https:\/\/www.helemeu.org\/tr\/e-learning-platform-sunumlari-icindeki-kullanilacak-kaynak-ve-linkler\/","title":{"rendered":"E-learning Platform sunumlar\u0131 i\u00e7indeki kullan\u0131lacak kaynak ve linkler"},"content":{"rendered":"\t\t<div data-elementor-type=\"wp-page\" data-elementor-id=\"3661\" class=\"elementor elementor-3661 elementor-3628\" data-elementor-post-type=\"page\">\n\t\t\t\t<div class=\"elementor-element elementor-element-fe85520 e-flex e-con-boxed e-con e-parent\" data-id=\"fe85520\" data-element_type=\"container\" data-e-type=\"container\" data-settings=\"{&quot;background_background&quot;:&quot;classic&quot;}\">\n\t\t\t\t\t<div class=\"e-con-inner\">\n\t\t\t\t<div class=\"elementor-element elementor-element-1dbb484 elementor-widget elementor-widget-heading\" data-id=\"1dbb484\" data-element_type=\"widget\" data-e-type=\"widget\" data-widget_type=\"heading.default\">\n\t\t\t\t<div class=\"elementor-widget-container\">\n\t\t\t\t\t<h3 class=\"elementor-heading-title elementor-size-default\">E-learning Platform sunumlar\u0131 i\u00e7indeki kullan\u0131lacak kaynak ve linkler<\/h3>\t\t\t\t<\/div>\n\t\t\t\t<\/div>\n\t\t\t\t\t<\/div>\n\t\t\t\t<\/div>\n\t\t<div class=\"elementor-element elementor-element-7768a36 modullinkleri e-flex e-con-boxed e-con e-parent\" data-id=\"7768a36\" data-element_type=\"container\" data-e-type=\"container\">\n\t\t\t\t\t<div class=\"e-con-inner\">\n\t\t\t\t<div class=\"elementor-element elementor-element-a9f06ed elementor-widget elementor-widget-text-editor\" data-id=\"a9f06ed\" data-element_type=\"widget\" data-e-type=\"widget\" data-widget_type=\"text-editor.default\">\n\t\t\t\t<div class=\"elementor-widget-container\">\n\t\t\t\t\t\t\t\t\t<p><strong>Mod\u00fcl 3<\/strong><\/p><ol><li style=\"font-weight: 400;\" aria-level=\"1\"><a href=\"https:\/\/www.youtube.com\/watch?v=cGtTZ_vxjyA\" target=\"_blank\" rel=\"noopener\"><span style=\"font-weight: 400;\">https:\/\/www.youtube.com\/watch?v=cGtTZ_vxjyA<\/span><\/a><span style=\"font-weight: 400;\">\u00a0<\/span><\/li><li style=\"font-weight: 400;\" aria-level=\"1\"><a href=\"https:\/\/player.slideplayer.com\/32\/10100000\/#\" target=\"_blank\" rel=\"noopener\"><span style=\"font-weight: 400;\">https:\/\/player.slideplayer.com\/32\/10100000\/#<\/span><\/a><\/li><\/ol><hr \/><p><strong>Mod\u00fcl 5<\/strong><\/p><ol><li style=\"font-weight: 400;\" aria-level=\"1\"><span style=\"font-weight: 400;\">Use simple language. <\/span><a href=\"https:\/\/www.healthliteracyplace.org.uk\/toolkit\/techniques\/use-simple-language\/\" target=\"_blank\" rel=\"noopener\"><span style=\"font-weight: 400;\">https:\/\/www.healthliteracyplace.org.uk\/toolkit\/techniques\/use-simple-language\/<\/span><\/a><\/li><li style=\"font-weight: 400;\" aria-level=\"1\"><span style=\"font-weight: 400;\">This is bad enough.\u00a0 <\/span><a href=\"https:\/\/www.youtube.com\/watch?v=R3tJ-MXqPmk\" target=\"_blank\" rel=\"noopener\"><span style=\"font-weight: 400;\">https:\/\/www.youtube.com\/watch?v=R3tJ-MXqPmk<\/span><\/a><\/li><li style=\"font-weight: 400;\" aria-level=\"1\"><span style=\"font-weight: 400;\">AHRQ Health Literacy Universal Precautions Toolkit<\/span><a href=\"https:\/\/www.ahrq.gov\/sites\/default\/files\/publications\/files\/healthlittoolkit2_4.pdf\" target=\"_blank\" rel=\"noopener\"><span style=\"font-weight: 400;\"> https:\/\/www.ahrq.gov\/sites\/default\/files\/publications\/files\/healthlittoolkit2_4.pdf<\/span><\/a><\/li><li style=\"font-weight: 400;\" aria-level=\"1\"><span style=\"font-weight: 400;\">Online Teach-back Interactive Learning Module<\/span><a href=\"http:\/\/www.teachbacktraining.org\/interactive-teach-back-learning-module\" target=\"_blank\" rel=\"noopener\"><span style=\"font-weight: 400;\"> http:\/\/www.teachbacktraining.org\/interactive-teach-back-learning-module<\/span><\/a><\/li><li style=\"font-weight: 400;\" aria-level=\"1\"><span style=\"font-weight: 400;\">Brown Bag Medicine Review Toolkit available here. <\/span><a href=\"https:\/\/www.ahrq.gov\/professionals\/quality-patient-safety\/quality-resources\/tools\/literacy-toolkit\/healthlittoolkit2-tool8.html\" target=\"_blank\" rel=\"noopener\"><span style=\"font-weight: 400;\">https:\/\/www.ahrq.gov\/professionals\/quality-patient-safety\/quality-resources\/tools\/literacy-toolkit\/healthlittoolkit2-tool8.html<\/span><\/a><\/li><li style=\"font-weight: 400;\" aria-level=\"1\"><span style=\"font-weight: 400;\">Teach Back Method) Information and tool available here: <\/span><a href=\"https:\/\/www.ahrq.gov\/professionals\/quality-patient-safety\/quality-%20resources\/tools\/literacy-toolkit\/healthlittoolkit2-tool5.html\" target=\"_blank\" rel=\"noopener\"><span style=\"font-weight: 400;\">https:\/\/www.ahrq.gov\/professionals\/quality-patient-safety\/quality- resources\/tools\/literacy-toolkit\/healthlittoolkit2-tool5.html<\/span><\/a><\/li><li style=\"font-weight: 400;\" aria-level=\"1\"><span style=\"font-weight: 400;\">Simply put; a guide for creating easy-to-understand materials<\/span><a href=\"https:\/\/stacks.cdc.gov\/view\/cdc\/11938\/\" target=\"_blank\" rel=\"noopener\"><span style=\"font-weight: 400;\"> https:\/\/stacks.cdc.gov\/view\/cdc\/11938\/<\/span><\/a><\/li><\/ol><hr \/><p><strong>Mod\u00fcl 6<\/strong><\/p><ol><li style=\"font-weight: 400;\" aria-level=\"1\"><a href=\"https:\/\/www.youtube.com\/watch?v=8QSqXKtx3zg\"><span style=\"font-weight: 400;\">https:\/\/www.youtube.com\/watch?v=8QSqXKtx3zg<\/span><\/a><\/li><li style=\"font-weight: 400;\" aria-level=\"1\"><a href=\"https:\/\/www.youtube.com\/watch?v=ZB-jmlA3veo\" target=\"_blank\" rel=\"noopener\"><span style=\"font-weight: 400;\">https:\/\/www.youtube.com\/watch?v=ZB-jmlA3veo<\/span><\/a><\/li><li style=\"font-weight: 400;\" aria-level=\"1\"><a href=\"https:\/\/www.youtube.com\/watch?v=uwsV09K4n0s\" target=\"_blank\" rel=\"noopener\"><span style=\"font-weight: 400;\">https:\/\/www.youtube.com\/watch?v=uwsV09K4n0s<\/span><\/a><span style=\"font-weight: 400;\">\u00a0<\/span><\/li><\/ol><hr \/><p><strong>Mod\u00fcl 7<\/strong><\/p><ol><li style=\"font-weight: 400;\" aria-level=\"1\"><a href=\"https:\/\/doi.org\/10.1016\/S0002-9343(02)01473-0\" target=\"_blank\" rel=\"noopener\"><span style=\"font-weight: 400;\">https:\/\/doi.org\/10.1016\/S0002-9343(02)01473-0<\/span><\/a><\/li><li style=\"font-weight: 400;\" aria-level=\"1\"><a href=\"https:\/\/www.jmir.org\/2009\/1\/e11\/\" target=\"_blank\" rel=\"noopener\"><span style=\"font-weight: 400;\">https:\/\/www.jmir.org\/2009\/1\/e11\/<\/span><\/a><\/li><li style=\"font-weight: 400;\" aria-level=\"1\"><a href=\"https:\/\/www.who.int\/health-topics\/infodemic\" target=\"_blank\" rel=\"noopener\"><span style=\"font-weight: 400;\">https:\/\/www.who.int\/health-topics\/infodemic#tab=tab_1<\/span><\/a><\/li><li style=\"font-weight: 400;\" aria-level=\"1\"><span style=\"font-weight: 400;\">Chiolero A. J Epidemiol Community Health 2022;0:1\u20133. <\/span><a href=\"http:\/\/dx.doi.org\/10.1136\/jech-2021-216584\" target=\"_blank\" rel=\"noopener\"><span style=\"font-weight: 400;\">http:\/\/dx.doi.org\/10.1136\/jech-2021-216584<\/span><\/a><\/li><li style=\"font-weight: 400;\" aria-level=\"1\"><span style=\"font-weight: 400;\">Van der Linden, Nature Medicine 28: 460-467, 2022. <\/span><a href=\"https:\/\/doi.org\/10.1038\/s41591-022-01713-6\" target=\"_blank\" rel=\"noopener\"><span style=\"font-weight: 400;\">https:\/\/doi.org\/10.1038\/s41591-022-01713-6<\/span><\/a><\/li><li style=\"font-weight: 400;\" aria-level=\"1\"><a href=\"https:\/\/www.pnas.org\/doi\/10.1073\/pnas.1805871115\" target=\"_blank\" rel=\"noopener\"><span style=\"font-weight: 400;\">https:\/\/www.pnas.org\/doi\/10.1073\/pnas.1805871115#fig01<\/span><\/a><span style=\"font-weight: 400;\">, 2019<\/span><\/li><li style=\"font-weight: 400;\" aria-level=\"1\"><a href=\"https:\/\/www.pnas.org\/doi\/pdf\/10.1073\/pnas.1912444117\" target=\"_blank\" rel=\"noopener\"><span style=\"font-weight: 400;\">https:\/\/www.pnas.org\/doi\/pdf\/10.1073\/pnas.1912444117<\/span><\/a><\/li><li style=\"font-weight: 400;\" aria-level=\"1\"><a href=\"https:\/\/journals.lww.com\/academicmedicine\/Abstract\/9000\/The_Stanford_Global_Health_Media_Fellowship_.96373.aspx?s=03\" target=\"_blank\" rel=\"noopener\"><span style=\"font-weight: 400;\">https:\/\/journals.lww.com\/academicmedicine\/Abstract\/9000\/The_Stanford_Global_Health_Media_Fellowship_.96373.aspx?s=03<\/span><\/a><\/li><\/ol><hr \/><p><strong>Mod\u00fcl 8<\/strong><\/p><ol><li style=\"font-weight: 400;\" aria-level=\"1\"><a href=\"https:\/\/www.ontsi.es\/sites\/ontsi\/files\/2022-02\/usotecnologiahogares_2022_1.pdf\" target=\"_blank\" rel=\"noopener\"><span style=\"font-weight: 400;\">https:\/\/www.ontsi.es\/sites\/ontsi\/files\/2022-02\/usotecnologiahogares_2022_1.pdf<\/span><\/a><\/li><li style=\"font-weight: 400;\" aria-level=\"1\"><a href=\"http:\/\/scielo.isciii.es\/scielo.php?script=sci_arttext&amp;pid=S1135-57272018000100418&amp;lng=es&amp;tlng=es.\" target=\"_blank\" rel=\"noopener\"><span style=\"font-weight: 400;\">Revista Espa\u00f1ola de Salud P\u00fablica, 92, e201808022.http:\/\/scielo.isciii.es\/scielo.php?script=sci_arttext&amp;pid=S1135-57272018000100418&amp;lng=es&amp;tlng=es.<\/span><\/a><\/li><li style=\"font-weight: 400;\" aria-level=\"1\"><a href=\"https:\/\/dal.ca.libguides.com\/c.php?g=257155\" target=\"_blank\" rel=\"noopener\"><span style=\"font-weight: 400;\">https:\/\/dal.ca.libguides.com\/c.php?g=257155<\/span><\/a><\/li><li style=\"font-weight: 400;\" aria-level=\"1\"><a href=\"http:\/\/www.mentalhealth.com\/p.html\" target=\"_blank\" rel=\"noopener\"><span style=\"font-weight: 400;\">http:\/\/www.mentalhealth.com\/p.html<\/span><\/a><\/li><li style=\"font-weight: 400;\" aria-level=\"1\"><a href=\"http:\/\/www.inciid.org\/\" target=\"_blank\" rel=\"noopener\"><span style=\"font-weight: 400;\">http:\/\/www.inciid.org\/<\/span><\/a><\/li><li style=\"font-weight: 400;\" aria-level=\"1\"><a href=\"http:\/\/www.cancer.net\/cancer-types\/breast-cancer\/treatment\" target=\"_blank\" rel=\"noopener\"><span style=\"font-weight: 400;\">http:\/\/www.cancer.net\/cancer-types\/breast-cancer\/treatment<\/span><\/a><\/li><li style=\"font-weight: 400;\" aria-level=\"1\"><a href=\"http:\/\/www.lef.org\/magazine\/mag99\/oct99-report1.html\" target=\"_blank\" rel=\"noopener\"><span style=\"font-weight: 400;\">http:\/\/www.lef.org\/magazine\/mag99\/oct99-report1.html<\/span><\/a><\/li><li style=\"font-weight: 400;\" aria-level=\"1\"><a href=\"http:\/\/www.paulingtherapy.com\/\" target=\"_blank\" rel=\"noopener\"><span style=\"font-weight: 400;\">http:\/\/www.paulingtherapy.com\/<\/span><\/a><\/li><li style=\"font-weight: 400;\" aria-level=\"1\"><a href=\"http:\/\/www.mayohealth.org\/\" target=\"_blank\" rel=\"noopener\"><span style=\"font-weight: 400;\">http:\/\/www.mayohealth.org\/<\/span><\/a><\/li><li style=\"font-weight: 400;\" aria-level=\"1\"><a href=\"http:\/\/www.cvs.com\/\" target=\"_blank\" rel=\"noopener\"><span style=\"font-weight: 400;\">http:\/\/www.cvs.com\/<\/span><\/a><\/li><li style=\"font-weight: 400;\" aria-level=\"1\"><a href=\"http:\/\/www.healthfinder.gov\/findservices\/\" target=\"_blank\" rel=\"noopener\"><span style=\"font-weight: 400;\">http:\/\/www.healthfinder.gov\/findservices\/<\/span><\/a><\/li><li style=\"font-weight: 400;\" aria-level=\"1\"><a href=\"http:\/\/www.healthfinder.gov\/findservices\/\" target=\"_blank\" rel=\"noopener\"><span style=\"font-weight: 400;\">http:\/\/www.healthfinder.gov\/findservices\/<\/span><\/a><\/li><li style=\"font-weight: 400;\" aria-level=\"1\"><a href=\"http:\/\/www.nlm.nih.gov\/medlineplus\/\" target=\"_blank\" rel=\"noopener\"><span style=\"font-weight: 400;\">http:\/\/www.nlm.nih.gov\/medlineplus\/<\/span><\/a><\/li><li style=\"font-weight: 400;\" aria-level=\"1\"><a href=\"https:\/\/www.canada.ca\/en\/health-canada.html\" target=\"_blank\" rel=\"noopener\"><span style=\"font-weight: 400;\">https:\/\/www.canada.ca\/en\/health-canada.html<\/span><\/a><\/li><li style=\"font-weight: 400;\" aria-level=\"1\"><a href=\"https:\/\/www.ncbi.nlm.nih.gov\/pmc\/articles\/PMC8486420\/\" target=\"_blank\" rel=\"noopener\"><span style=\"font-weight: 400;\">NAM Perspect.<\/span><\/a><span style=\"font-weight: 400;\">\u00a02021; 2021: 10.31478\/202107a. <\/span><a href=\"https:\/\/doi.org\/10.31478%2F202107a\" target=\"_blank\" rel=\"noopener\"><span style=\"font-weight: 400;\">https:\/\/doi.org\/10.31478%2F202107a<\/span><\/a><\/li><li style=\"font-weight: 400;\" aria-level=\"1\"><span style=\"font-weight: 400;\">\u00a0<\/span><a href=\"https:\/\/hapgood.us\/2019\/06\/19\/sift-the-four-moves\/\" target=\"_blank\" rel=\"noopener\"><span style=\"font-weight: 400;\">https:\/\/hapgood.us\/2019\/06\/19\/sift-the-four-moves\/<\/span><\/a><span style=\"font-weight: 400;\">.<\/span><\/li><li style=\"font-weight: 400;\" aria-level=\"1\"><a href=\"https:\/\/medlineplus.gov\/evaluatinghealthinformation.html\" target=\"_blank\" rel=\"noopener\"><span style=\"font-weight: 400;\">https:\/\/medlineplus.gov\/evaluatinghealthinformation.html<\/span><\/a><\/li><li style=\"font-weight: 400;\" aria-level=\"1\"><span style=\"font-weight: 400;\">Kington R. et al. 2021. Identifying Credible Sources of Health Information in Social Media: Principles and Attributes.\u00a0NAM Perspectives.\u00a0Discussion Paper, National Academy of Medicine, Washington, DC.<\/span><a href=\"https:\/\/doi.org\/10.31478\/202107a\" target=\"_blank\" rel=\"noopener\"><span style=\"font-weight: 400;\">https:\/\/doi.org\/10.31478\/202107a<\/span><\/a><\/li><li style=\"font-weight: 400;\" aria-level=\"1\"><a href=\"https:\/\/www.cebma.org\/wp-content\/uploads\/Evidence-Based-Practice-The-Basic-Principles-vs-Dec-2015.pdf\" target=\"_blank\" rel=\"noopener\"><span style=\"font-weight: 400;\">https:\/\/www.cebma.org\/wp-content\/uploads\/Evidence-Based-Practice-The-Basic-Principles-vs-Dec-2015.pdf<\/span><\/a><\/li><li style=\"font-weight: 400;\" aria-level=\"1\"><span style=\"font-weight: 400;\">Andrew D Oxman et al. BMJ Open 2020;10:e036348<\/span><\/li><\/ol><hr \/><p><strong>Mod\u00fcl 9<\/strong><\/p><ol><li style=\"font-weight: 400;\" aria-level=\"1\"><span style=\"font-weight: 400;\">WHO, <a href=\"https:\/\/www.who.int\/about\/governance\/constitution\" target=\"_blank\" rel=\"noopener\">https:\/\/www.who.int\/about\/governance\/constitution<\/a>, 2023, Tulchinsky and Varavikova, The New Public Health, 2014:48.<\/span><\/li><li style=\"font-weight: 400;\" aria-level=\"1\"><span style=\"font-weight: 400;\">Pelikan JM at all. Health literacy as a determinant, mediator and\/or moderator of health: empirical models using the European Health Literacy Survey Data Set. Glob. Health Prom. 2018:5:55\u201366ll\u00a0<\/span><\/li><li style=\"font-weight: 400;\" aria-level=\"1\"><span style=\"font-weight: 400;\">Okan et all, International Handbook of Health Literacy,2019: xxii<\/span><\/li><li style=\"font-weight: 400;\" aria-level=\"1\"><i><span style=\"font-weight: 400;\">Br\u00f6der and Carvalho, <\/span><\/i><span style=\"font-weight: 400;\">Health literacy of children and adolescents: Conceptual approaches<\/span><\/li><li style=\"font-weight: 400;\" aria-level=\"1\"><span style=\"font-weight: 400;\">and developmental considerations. In <\/span><i><span style=\"font-weight: 400;\">International Handbook of Health Literacy (eds: Okan et all,). 2019: 39-52<\/span><\/i><\/li><li style=\"font-weight: 400;\" aria-level=\"1\"><i><span style=\"font-weight: 400;\">Wharf Higgins, J., Begoray, D. and MacDonald, M. (2009) \u2018A social ecologicalconceptual framework for understanding adolescent health literacy in the healtheducation classroom\u2019, American Journal of Community Psychology, 44, 3-4, 350-62.<\/span><\/i><\/li><li style=\"font-weight: 400;\" aria-level=\"1\"><span style=\"font-weight: 400;\">Svendsen et all. Associations of health literacy with socioeconomix position, health behavir, and health status: a large national population-based survey among Danish adults. BMC Public Health. 2020;20:565.\u00a0<\/span><\/li><li style=\"font-weight: 400;\" aria-level=\"1\"><span style=\"font-weight: 400;\">Kutner M at all. The health literacy of America\u2019s adults: Results from the 2003 National Assessment of Adult Literacy (NCES 2006-483). Washington, DC: National Center for Education Statistics, United States Department of Education. 2016.<\/span><\/li><li style=\"font-weight: 400;\" aria-level=\"1\"><span style=\"font-weight: 400;\">Lindsay C et all.\u00a0 Aging and Functional Health Literacy: A Systematic Review and Meta-Analysis, The Journals of Gerontology: May 2016; 71 (3):445\u2013457, <\/span><a href=\"https:\/\/doi.org\/10.1093\/geronb\/gbu161\" target=\"_blank\" rel=\"noopener\"><span style=\"font-weight: 400;\">https:\/\/doi.org\/10.1093\/geronb\/gbu161<\/span><\/a><\/li><li style=\"font-weight: 400;\" aria-level=\"1\"><span style=\"font-weight: 400;\">Chakraverty D et all.Gender differences of health literacy in persons with a migration background: a systematic review and meta-analysis. BMJ Open2022;12:<\/span><\/li><li style=\"font-weight: 400;\" aria-level=\"1\"><span style=\"font-weight: 400;\">Corrarino J. Health Literacy and Women&#8217;s Health: Challenges and Opportunities.\u00a0 <\/span><a href=\"https:\/\/onlinelibrary.wiley.com\/journal\/15422011\" target=\"_blank\" rel=\"noopener\"><span style=\"font-weight: 400;\">Journal of Midwifery &amp; Women&#8217;s Health<\/span><\/a><span style=\"font-weight: 400;\">. 2013 (<\/span><a href=\"https:\/\/onlinelibrary.wiley.com\/toc\/15422011\/2013\/58\/3\" target=\"_blank\" rel=\"noopener\"><span style=\"font-weight: 400;\">58):,3<\/span><\/a><span style=\"font-weight: 400;\">\u00a0:257-264<\/span><\/li><li style=\"font-weight: 400;\" aria-level=\"1\"><span style=\"font-weight: 400;\">Nutbeam D and Lloyd.JE. Understanding and Responding to Health Literacy as a Social Determinant of Health. Annual Review of Public Health. 2021; 42:159-173<\/span><\/li><li style=\"font-weight: 400;\" aria-level=\"1\"><span style=\"font-weight: 400;\">\u00d6zdemir AH et all.\u00a0 Health Literacy Among Adults: A Study From Turkey. Health Education Research 2010;25;3: 464-477.<\/span><\/li><li style=\"font-weight: 400;\" aria-level=\"1\"><span style=\"font-weight: 400;\">Bay\u0131k Temel A and \u00c7imen Z. Kronik hastal\u0131\u011f\u0131 olan ya\u015fl\u0131 bireylerde sa\u011fl\u0131k okuryazarl\u0131\u011f\u0131, sa\u011fl\u0131k alg\u0131s\u0131 ve ili\u015fkili fakt\u00f6rler . Ege \u00dcniversitesi Hem\u015firelik Fak\u00fcltesi Dergisi . 2017;33(3): 105-125 .<\/span><\/li><li style=\"font-weight: 400;\" aria-level=\"1\"><span style=\"font-weight: 400;\">Bittlingmayer UH and Sahrai D. Sorensen K. Health literacy for all? Inclusion as a serious challenge for health literacy: The case of disability. In International Handbook of Health Literacy (eds: Okan et all,). 2019:689-704<\/span><\/li><li style=\"font-weight: 400;\" aria-level=\"1\"><span style=\"font-weight: 400;\">S\u00f8rensen K at all. Health literacy in Europe: comparative results of the European healthliteracy survey (HLS-EU). <\/span><i><span style=\"font-weight: 400;\">European journal of public health<\/span><\/i><span style=\"font-weight: 400;\">, 2015;<\/span><i><span style=\"font-weight: 400;\">25<\/span><\/i><span style=\"font-weight: 400;\">(6):1053\u20131058. <\/span><a href=\"https:\/\/doi.org\/10.1093\/eurpub\/ckv043\" target=\"_blank\" rel=\"noopener\"><span style=\"font-weight: 400;\">https:\/\/doi.org\/10.1093\/eurpub\/ckv043<\/span><\/a><\/li><li style=\"font-weight: 400;\" aria-level=\"1\"><span style=\"font-weight: 400;\">Levy H and Janke A. Health Literacy and Access to Care. Journal of health communication, 2016; 21 Suppl 1(Suppl), 43\u201350. <\/span><a href=\"https:\/\/doi.org\/10.1080\/10810730.2015.1131776\" target=\"_blank\" rel=\"noopener\"><span style=\"font-weight: 400;\">https:\/\/doi.org\/10.1080\/10810730.2015.1131776<\/span><\/a><\/li><li style=\"font-weight: 400;\" aria-level=\"1\"><span style=\"font-weight: 400;\">Eronen J et all. Health literacy supports active aging. Preventive Medicine. 2021;143:106330. <a href=\"https:\/\/doi.org\/https:\/\/doi.org\/10.1016\/j.ypmed.2020.106330\" target=\"_blank\" rel=\"noopener\">https:\/\/doi.org\/https:\/\/doi.org\/10.1016\/j.ypmed.2020.106330<\/a>\u00a0<\/span><\/li><li style=\"font-weight: 400;\" aria-level=\"1\"><span style=\"font-weight: 400;\">Vamos S et all. Health literacy policies: National examples from Canada. In International Handbook of Health Literacy (eds: Okan et all,). 2019: 435-552.<\/span><\/li><\/ol><hr \/><p><strong>Mod\u00fcl 11<\/strong><\/p><ol><li style=\"font-weight: 400;\" aria-level=\"1\"><span style=\"font-weight: 400;\">Harden, R. M. A Practical Guide for Medical Teachers. (J. A. Dent &amp; R. Harden, Eds.) (Fourth). London: Elsevier, 2013.<\/span><\/li><li style=\"font-weight: 400;\" aria-level=\"1\"><span style=\"font-weight: 400;\">Harden, RM, Laidlaw, JM. Skills For A Medical Teacher: An Introduction to Teaching and Learning in Medicine (Second Edition), Elsevier, 2017.<\/span><\/li><li style=\"font-weight: 400;\" aria-level=\"1\"><span style=\"font-weight: 400;\">Kern, E. D., Thomas, P. A., Howard, D. M., &amp; Bass, E. B. (1998). Curriculum Development For Medical Education A Six Step Approach. London: The John Hopkins University Press.<\/span><\/li><li style=\"font-weight: 400;\" aria-level=\"1\"><span style=\"font-weight: 400;\">Posner, J. G. (2005a). Analyzing The Curriculum (3rd ed.). McGraw-Hill.\u00a0<\/span><\/li><li style=\"font-weight: 400;\" aria-level=\"1\"><span style=\"font-weight: 400;\">Senol Y. T\u0131p E\u011fitiminde Program Geli\u015ftirme. Turkiye Klinikleri J Med Educ-Special Topics 2017;2(1):1-8.<\/span><\/li><\/ol><hr \/><p><strong>Mod\u00fcl 12<\/strong><\/p><ol><li style=\"font-weight: 400;\" aria-level=\"1\"><span style=\"font-weight: 400;\">Harden, R. M. A Practical Guide for Medical Teachers. (J. A. Dent &amp; R. Harden, Eds.) (Fourth). London: Elsevier, 2013.<\/span><\/li><li style=\"font-weight: 400;\" aria-level=\"1\"><span style=\"font-weight: 400;\">Harden, RM, Laidlaw, JM. Skills For A Medical Teacher: An Introduction to Teaching and Learning in Medicine (Second Edition), Elsevier, 2017.<\/span><\/li><li style=\"font-weight: 400;\" aria-level=\"1\"><span style=\"font-weight: 400;\">Kern, E. D., Thomas, P. A., Howard, D. M., &amp; Bass, E. B. (1998). Curriculum Development For Medical Education A Six Step Approach. London: The John Hopkins University Press.<\/span><\/li><li style=\"font-weight: 400;\" aria-level=\"1\"><span style=\"font-weight: 400;\">Posner, J. G. (2005a). Analyzing The Curriculum (3rd ed.). McGraw-Hill.\u00a0<\/span><\/li><li style=\"font-weight: 400;\" aria-level=\"1\"><span style=\"font-weight: 400;\">Senol Y. T\u0131p E\u011fitiminde Program Geli\u015ftirme. Turkiye Klinikleri J Med Educ-Special Topics 2017;2(1):1-8.<\/span><\/li><li style=\"font-weight: 400;\" aria-level=\"1\"><a href=\"https:\/\/www.who.int\/activities\/improving-health-literacy\" target=\"_blank\" rel=\"noopener\"><span style=\"font-weight: 400;\">https:\/\/www.who.int\/activities\/improving-health-literacy<\/span><\/a><span style=\"font-weight: 400;\"> Eri\u015fim Tarihi: 02.03.2022<\/span><\/li><\/ol>\t\t\t\t\t\t\t\t<\/div>\n\t\t\t\t<\/div>\n\t\t\t\t\t<\/div>\n\t\t\t\t<\/div>\n\t\t\t\t<\/div>\n\t\t","protected":false},"excerpt":{"rendered":"<p>E-learning Platform sunumlar\u0131 i\u00e7indeki kullan\u0131lacak kaynak ve linkler Mod\u00fcl 3 https:\/\/www.youtube.com\/watch?v=cGtTZ_vxjyA\u00a0 https:\/\/player.slideplayer.com\/32\/10100000\/# Mod\u00fcl 5 Use simple language. https:\/\/www.healthliteracyplace.org.uk\/toolkit\/techniques\/use-simple-language\/ This is bad enough.\u00a0 https:\/\/www.youtube.com\/watch?v=R3tJ-MXqPmk AHRQ Health Literacy Universal Precautions Toolkit https:\/\/www.ahrq.gov\/sites\/default\/files\/publications\/files\/healthlittoolkit2_4.pdf Online Teach-back Interactive Learning Module http:\/\/www.teachbacktraining.org\/interactive-teach-back-learning-module Brown Bag Medicine Review Toolkit available here. https:\/\/www.ahrq.gov\/professionals\/quality-patient-safety\/quality-resources\/tools\/literacy-toolkit\/healthlittoolkit2-tool8.html Teach Back Method) Information and tool available here: https:\/\/www.ahrq.gov\/professionals\/quality-patient-safety\/quality- resources\/tools\/literacy-toolkit\/healthlittoolkit2-tool5.html Simply [&hellip;]<\/p>\n","protected":false},"author":1,"featured_media":0,"parent":0,"menu_order":0,"comment_status":"closed","ping_status":"closed","template":"","meta":{"inline_featured_image":false,"footnotes":""},"class_list":["post-3661","page","type-page","status-publish","hentry"],"_links":{"self":[{"href":"https:\/\/www.helemeu.org\/tr\/wp-json\/wp\/v2\/pages\/3661","targetHints":{"allow":["GET"]}}],"collection":[{"href":"https:\/\/www.helemeu.org\/tr\/wp-json\/wp\/v2\/pages"}],"about":[{"href":"https:\/\/www.helemeu.org\/tr\/wp-json\/wp\/v2\/types\/page"}],"author":[{"embeddable":true,"href":"https:\/\/www.helemeu.org\/tr\/wp-json\/wp\/v2\/users\/1"}],"replies":[{"embeddable":true,"href":"https:\/\/www.helemeu.org\/tr\/wp-json\/wp\/v2\/comments?post=3661"}],"version-history":[{"count":8,"href":"https:\/\/www.helemeu.org\/tr\/wp-json\/wp\/v2\/pages\/3661\/revisions"}],"predecessor-version":[{"id":3697,"href":"https:\/\/www.helemeu.org\/tr\/wp-json\/wp\/v2\/pages\/3661\/revisions\/3697"}],"wp:attachment":[{"href":"https:\/\/www.helemeu.org\/tr\/wp-json\/wp\/v2\/media?parent=3661"}],"curies":[{"name":"wp","href":"https:\/\/api.w.org\/{rel}","templated":true}]}}