{"id":858,"date":"2023-01-13T11:42:46","date_gmt":"2023-01-13T11:42:46","guid":{"rendered":"https:\/\/www.helemeu.org\/o4-educational-programme-curriculum-development\/"},"modified":"2023-12-01T15:24:37","modified_gmt":"2023-12-01T15:24:37","slug":"o4-egitim-programi-mufredat-gelistirme","status":"publish","type":"page","link":"https:\/\/www.helemeu.org\/tr\/o4-egitim-programi-mufredat-gelistirme\/","title":{"rendered":"O4-E\u011e\u0130T\u0130M PROGRAMI- M\u00dcFREDAT GEL\u0130\u015eT\u0130RME"},"content":{"rendered":"\t\t<div data-elementor-type=\"wp-page\" data-elementor-id=\"858\" class=\"elementor elementor-858 elementor-390\" data-elementor-post-type=\"page\">\n\t\t\t\t\t\t<section class=\"elementor-section elementor-top-section elementor-element elementor-element-2787e93f elementor-section-boxed elementor-section-height-default elementor-section-height-default\" data-id=\"2787e93f\" data-element_type=\"section\" data-e-type=\"section\" data-settings=\"{&quot;background_background&quot;:&quot;classic&quot;}\">\n\t\t\t\t\t\t<div class=\"elementor-container elementor-column-gap-default\">\n\t\t\t\t\t<div class=\"elementor-column elementor-col-100 elementor-top-column elementor-element elementor-element-70e159eb\" data-id=\"70e159eb\" data-element_type=\"column\" data-e-type=\"column\">\n\t\t\t<div class=\"elementor-widget-wrap elementor-element-populated\">\n\t\t\t\t\t\t<div class=\"elementor-element elementor-element-a0570ef elementor-widget elementor-widget-heading\" data-id=\"a0570ef\" data-element_type=\"widget\" data-e-type=\"widget\" data-widget_type=\"heading.default\">\n\t\t\t\t<div class=\"elementor-widget-container\">\n\t\t\t\t\t<h2 class=\"elementor-heading-title elementor-size-default\">O4-E\u011e\u0130T\u0130M PROGRAMI- M\u00dcFREDAT GEL\u0130\u015eT\u0130RME<\/h2>\t\t\t\t<\/div>\n\t\t\t\t<\/div>\n\t\t\t\t\t<\/div>\n\t\t<\/div>\n\t\t\t\t\t<\/div>\n\t\t<\/section>\n\t\t\t\t<section class=\"elementor-section elementor-top-section elementor-element elementor-element-c61191f elementor-section-boxed elementor-section-height-default elementor-section-height-default\" data-id=\"c61191f\" data-element_type=\"section\" data-e-type=\"section\">\n\t\t\t\t\t\t<div class=\"elementor-container elementor-column-gap-default\">\n\t\t\t\t\t<div class=\"elementor-column elementor-col-50 elementor-top-column elementor-element elementor-element-69d67f2\" data-id=\"69d67f2\" data-element_type=\"column\" data-e-type=\"column\" data-settings=\"{&quot;background_background&quot;:&quot;classic&quot;}\">\n\t\t\t<div class=\"elementor-widget-wrap elementor-element-populated\">\n\t\t\t\t\t<div class=\"elementor-background-overlay\"><\/div>\n\t\t\t\t\t\t<div class=\"elementor-element elementor-element-b708e0c elementor-widget elementor-widget-heading\" data-id=\"b708e0c\" data-element_type=\"widget\" data-e-type=\"widget\" data-widget_type=\"heading.default\">\n\t\t\t\t<div class=\"elementor-widget-container\">\n\t\t\t\t\t<h2 class=\"elementor-heading-title elementor-size-default\">TIP \u00d6\u011eRENC\u0130LER\u0130 \u0130\u00c7\u0130N SA\u011eLIK OKURYAZARLI\u011eI E\u011e\u0130T\u0130M PROGRAMI<\/h2>\t\t\t\t<\/div>\n\t\t\t\t<\/div>\n\t\t\t\t<div class=\"elementor-element elementor-element-1e46212 elementor-widget elementor-widget-heading\" data-id=\"1e46212\" data-element_type=\"widget\" data-e-type=\"widget\" data-widget_type=\"heading.default\">\n\t\t\t\t<div class=\"elementor-widget-container\">\n\t\t\t\t\t<h4 class=\"elementor-heading-title elementor-size-default\">O4-E\u011e\u0130T\u0130M PROGRAMI- M\u00dcFREDAT GEL\u0130\u015eT\u0130RME<\/h4>\t\t\t\t<\/div>\n\t\t\t\t<\/div>\n\t\t\t\t<div class=\"elementor-element elementor-element-34bd5cc elementor-align-center elementor-widget elementor-widget-button\" data-id=\"34bd5cc\" data-element_type=\"widget\" data-e-type=\"widget\" data-widget_type=\"button.default\">\n\t\t\t\t<div class=\"elementor-widget-container\">\n\t\t\t\t\t\t\t\t\t<div class=\"elementor-button-wrapper\">\n\t\t\t\t\t<a class=\"elementor-button elementor-button-link elementor-size-md\" href=\"https:\/\/www.helemeu.org\/wp-content\/uploads\/2023\/12\/o4-egitim-programi-mufredat-gelistirme.pdf\" target=\"_blank\">\n\t\t\t\t\t\t<span class=\"elementor-button-content-wrapper\">\n\t\t\t\t\t\t<span class=\"elementor-button-icon\">\n\t\t\t\t<i aria-hidden=\"true\" class=\"fas fa-download\"><\/i>\t\t\t<\/span>\n\t\t\t\t\t\t\t\t\t<span class=\"elementor-button-text\">\u0130ndir<\/span>\n\t\t\t\t\t<\/span>\n\t\t\t\t\t<\/a>\n\t\t\t\t<\/div>\n\t\t\t\t\t\t\t\t<\/div>\n\t\t\t\t<\/div>\n\t\t\t\t\t<\/div>\n\t\t<\/div>\n\t\t\t\t<div class=\"elementor-column elementor-col-50 elementor-top-column elementor-element elementor-element-e964eed\" data-id=\"e964eed\" data-element_type=\"column\" data-e-type=\"column\">\n\t\t\t<div class=\"elementor-widget-wrap elementor-element-populated\">\n\t\t\t\t\t\t<div class=\"elementor-element elementor-element-10ba253 elementor-widget elementor-widget-image\" data-id=\"10ba253\" data-element_type=\"widget\" data-e-type=\"widget\" data-widget_type=\"image.default\">\n\t\t\t\t<div class=\"elementor-widget-container\">\n\t\t\t\t\t\t\t\t\t\t\t\t\t\t\t\t<a href=\"https:\/\/www.helemeu.org\/wp-content\/uploads\/2023\/12\/o4-egitim-programi-mufredat-gelistirme.pdf\" target=\"_blank\">\n\t\t\t\t\t\t\t<img fetchpriority=\"high\" decoding=\"async\" width=\"728\" height=\"1024\" src=\"https:\/\/www.helemeu.org\/wp-content\/uploads\/2023\/01\/o4-egitim-programi-mufredat-gelistirme-image-728x1024.jpg\" class=\"attachment-large size-large wp-image-869\" alt=\"\" srcset=\"https:\/\/www.helemeu.org\/wp-content\/uploads\/2023\/01\/o4-egitim-programi-mufredat-gelistirme-image-728x1024.jpg 728w, https:\/\/www.helemeu.org\/wp-content\/uploads\/2023\/01\/o4-egitim-programi-mufredat-gelistirme-image-213x300.jpg 213w, https:\/\/www.helemeu.org\/wp-content\/uploads\/2023\/01\/o4-egitim-programi-mufredat-gelistirme-image-768x1081.jpg 768w, https:\/\/www.helemeu.org\/wp-content\/uploads\/2023\/01\/o4-egitim-programi-mufredat-gelistirme-image.jpg 1000w\" sizes=\"(max-width: 728px) 100vw, 728px\" \/>\t\t\t\t\t\t\t\t<\/a>\n\t\t\t\t\t\t\t\t\t\t\t\t\t\t\t<\/div>\n\t\t\t\t<\/div>\n\t\t\t\t\t<\/div>\n\t\t<\/div>\n\t\t\t\t\t<\/div>\n\t\t<\/section>\n\t\t\t\t<\/div>\n\t\t","protected":false},"excerpt":{"rendered":"<p>O4-E\u011e\u0130T\u0130M PROGRAMI- M\u00dcFREDAT GEL\u0130\u015eT\u0130RME TIP \u00d6\u011eRENC\u0130LER\u0130 \u0130\u00c7\u0130N SA\u011eLIK OKURYAZARLI\u011eI E\u011e\u0130T\u0130M PROGRAMI O4-E\u011e\u0130T\u0130M PROGRAMI- M\u00dcFREDAT GEL\u0130\u015eT\u0130RME \u0130ndir<\/p>\n","protected":false},"author":1,"featured_media":0,"parent":0,"menu_order":0,"comment_status":"closed","ping_status":"closed","template":"","meta":{"inline_featured_image":false,"footnotes":""},"class_list":["post-858","page","type-page","status-publish","hentry"],"_links":{"self":[{"href":"https:\/\/www.helemeu.org\/tr\/wp-json\/wp\/v2\/pages\/858","targetHints":{"allow":["GET"]}}],"collection":[{"href":"https:\/\/www.helemeu.org\/tr\/wp-json\/wp\/v2\/pages"}],"about":[{"href":"https:\/\/www.helemeu.org\/tr\/wp-json\/wp\/v2\/types\/page"}],"author":[{"embeddable":true,"href":"https:\/\/www.helemeu.org\/tr\/wp-json\/wp\/v2\/users\/1"}],"replies":[{"embeddable":true,"href":"https:\/\/www.helemeu.org\/tr\/wp-json\/wp\/v2\/comments?post=858"}],"version-history":[{"count":3,"href":"https:\/\/www.helemeu.org\/tr\/wp-json\/wp\/v2\/pages\/858\/revisions"}],"predecessor-version":[{"id":3753,"href":"https:\/\/www.helemeu.org\/tr\/wp-json\/wp\/v2\/pages\/858\/revisions\/3753"}],"wp:attachment":[{"href":"https:\/\/www.helemeu.org\/tr\/wp-json\/wp\/v2\/media?parent=858"}],"curies":[{"name":"wp","href":"https:\/\/api.w.org\/{rel}","templated":true}]}}