{"id":908,"date":"2023-01-13T11:39:50","date_gmt":"2023-01-13T11:39:50","guid":{"rendered":"https:\/\/www.helemeu.org\/o2-creating-a-database-of-the-students-health-literacy-approach-levels\/"},"modified":"2023-10-12T09:17:52","modified_gmt":"2023-10-12T09:17:52","slug":"o2-ogrencilerin-saglik-okuryazarligi-yaklasim-duzeylerine-iliskin-veri-tabani-olusturulmasi","status":"publish","type":"page","link":"https:\/\/www.helemeu.org\/tr\/o2-ogrencilerin-saglik-okuryazarligi-yaklasim-duzeylerine-iliskin-veri-tabani-olusturulmasi\/","title":{"rendered":"O2-\u00d6\u011eRENC\u0130LER\u0130N SA\u011eLIK OKURYAZARLI\u011eI YAKLA\u015eIM D\u00dcZEYLER\u0130NE \u0130L\u0130\u015eK\u0130N VER\u0130 TABANI OLU\u015eTURULMASI"},"content":{"rendered":"\t\t<div data-elementor-type=\"wp-page\" data-elementor-id=\"908\" class=\"elementor elementor-908 elementor-378\" data-elementor-post-type=\"page\">\n\t\t\t\t\t\t<section class=\"elementor-section elementor-top-section elementor-element elementor-element-4612b653 elementor-section-boxed elementor-section-height-default elementor-section-height-default\" data-id=\"4612b653\" data-element_type=\"section\" data-e-type=\"section\" data-settings=\"{&quot;background_background&quot;:&quot;classic&quot;}\">\n\t\t\t\t\t\t<div class=\"elementor-container elementor-column-gap-default\">\n\t\t\t\t\t<div class=\"elementor-column elementor-col-100 elementor-top-column elementor-element elementor-element-a69fa18\" data-id=\"a69fa18\" data-element_type=\"column\" data-e-type=\"column\">\n\t\t\t<div class=\"elementor-widget-wrap elementor-element-populated\">\n\t\t\t\t\t\t<div class=\"elementor-element elementor-element-f81d84f elementor-widget elementor-widget-heading\" data-id=\"f81d84f\" data-element_type=\"widget\" data-e-type=\"widget\" data-widget_type=\"heading.default\">\n\t\t\t\t<div class=\"elementor-widget-container\">\n\t\t\t\t\t<h2 class=\"elementor-heading-title elementor-size-default\">O2-\u00d6\u011eRENC\u0130LER\u0130N SA\u011eLIK OKURYAZARLI\u011eI YAKLA\u015eIM D\u00dcZEYLER\u0130NE \u0130L\u0130\u015eK\u0130N VER\u0130 TABANI OLU\u015eTURULMASI<\/h2>\t\t\t\t<\/div>\n\t\t\t\t<\/div>\n\t\t\t\t\t<\/div>\n\t\t<\/div>\n\t\t\t\t\t<\/div>\n\t\t<\/section>\n\t\t\t\t<section class=\"elementor-section elementor-top-section elementor-element elementor-element-48c7079b elementor-section-boxed elementor-section-height-default elementor-section-height-default\" data-id=\"48c7079b\" data-element_type=\"section\" data-e-type=\"section\">\n\t\t\t\t\t\t<div class=\"elementor-container elementor-column-gap-default\">\n\t\t\t\t\t<div class=\"elementor-column elementor-col-50 elementor-top-column elementor-element elementor-element-54a0d543\" data-id=\"54a0d543\" data-element_type=\"column\" data-e-type=\"column\" data-settings=\"{&quot;background_background&quot;:&quot;classic&quot;}\">\n\t\t\t<div class=\"elementor-widget-wrap elementor-element-populated\">\n\t\t\t\t\t<div class=\"elementor-background-overlay\"><\/div>\n\t\t\t\t\t\t<div class=\"elementor-element elementor-element-3e6ba4d7 elementor-widget elementor-widget-heading\" data-id=\"3e6ba4d7\" data-element_type=\"widget\" data-e-type=\"widget\" data-widget_type=\"heading.default\">\n\t\t\t\t<div class=\"elementor-widget-container\">\n\t\t\t\t\t<h2 class=\"elementor-heading-title elementor-size-default\">AVRUPA GENEL\u0130NDE TIP M\u00dcFREDATINA YEN\u0130L\u0130K\u00c7\u0130 Y\u00d6NTEMLERLE SA\u011eLIK OKURYAZARLI\u011eI E\u011e\u0130T\u0130M\u0130N\u0130N GEL\u0130\u015eT\u0130R\u0130LMES\u0130 VE ENTEGRASYONU (HELEM-EU) PROJES\u0130<\/h2>\t\t\t\t<\/div>\n\t\t\t\t<\/div>\n\t\t\t\t<div class=\"elementor-element elementor-element-23ed48c8 elementor-widget elementor-widget-heading\" data-id=\"23ed48c8\" data-element_type=\"widget\" data-e-type=\"widget\" data-widget_type=\"heading.default\">\n\t\t\t\t<div class=\"elementor-widget-container\">\n\t\t\t\t\t<h4 class=\"elementor-heading-title elementor-size-default\">O2-\u00d6\u011eRENC\u0130LER\u0130N SA\u011eLIK OKURYAZARLI\u011eI YAKLA\u015eIM D\u00dcZEYLER\u0130NE \u0130L\u0130\u015eK\u0130N VER\u0130 TABANI OLU\u015eTURULMASI<\/h4>\t\t\t\t<\/div>\n\t\t\t\t<\/div>\n\t\t\t\t<div class=\"elementor-element elementor-element-5c86e448 elementor-align-center elementor-widget elementor-widget-button\" data-id=\"5c86e448\" data-element_type=\"widget\" data-e-type=\"widget\" data-widget_type=\"button.default\">\n\t\t\t\t<div class=\"elementor-widget-container\">\n\t\t\t\t\t\t\t\t\t<div class=\"elementor-button-wrapper\">\n\t\t\t\t\t<a class=\"elementor-button elementor-button-link elementor-size-md\" href=\"https:\/\/www.helemeu.org\/wp-content\/uploads\/2023\/01\/o2-raporu-tip-fakultesi-ogrencisi-mezunlar-ve-egitimcilerin-saglik-okuryazarligi-yaklasimi-pdf.pdf\" target=\"_blank\">\n\t\t\t\t\t\t<span class=\"elementor-button-content-wrapper\">\n\t\t\t\t\t\t<span class=\"elementor-button-icon\">\n\t\t\t\t<i aria-hidden=\"true\" class=\"fas fa-download\"><\/i>\t\t\t<\/span>\n\t\t\t\t\t\t\t\t\t<span class=\"elementor-button-text\">\u0130ndir<\/span>\n\t\t\t\t\t<\/span>\n\t\t\t\t\t<\/a>\n\t\t\t\t<\/div>\n\t\t\t\t\t\t\t\t<\/div>\n\t\t\t\t<\/div>\n\t\t\t\t\t<\/div>\n\t\t<\/div>\n\t\t\t\t<div class=\"elementor-column elementor-col-50 elementor-top-column elementor-element elementor-element-44b22c2b\" data-id=\"44b22c2b\" data-element_type=\"column\" data-e-type=\"column\">\n\t\t\t<div class=\"elementor-widget-wrap elementor-element-populated\">\n\t\t\t\t\t\t<div class=\"elementor-element elementor-element-5f77030c elementor-widget elementor-widget-image\" data-id=\"5f77030c\" data-element_type=\"widget\" data-e-type=\"widget\" data-widget_type=\"image.default\">\n\t\t\t\t<div class=\"elementor-widget-container\">\n\t\t\t\t\t\t\t\t\t\t\t\t\t\t\t\t<a href=\"https:\/\/www.helemeu.org\/wp-content\/uploads\/2023\/01\/o2-raporu-tip-fakultesi-ogrencisi-mezunlar-ve-egitimcilerin-saglik-okuryazarligi-yaklasimi-pdf.pdf\" target=\"_blank\">\n\t\t\t\t\t\t\t<img fetchpriority=\"high\" decoding=\"async\" width=\"772\" height=\"1024\" src=\"https:\/\/www.helemeu.org\/wp-content\/uploads\/2023\/01\/o2-raporu-tip-fakultesi-ogrencisi-mezunlar-ve-egitimcilerin-saglik-okuryazarligi-yaklasimi-image-772x1024.jpg\" class=\"attachment-large size-large wp-image-933\" alt=\"\" srcset=\"https:\/\/www.helemeu.org\/wp-content\/uploads\/2023\/01\/o2-raporu-tip-fakultesi-ogrencisi-mezunlar-ve-egitimcilerin-saglik-okuryazarligi-yaklasimi-image-772x1024.jpg 772w, https:\/\/www.helemeu.org\/wp-content\/uploads\/2023\/01\/o2-raporu-tip-fakultesi-ogrencisi-mezunlar-ve-egitimcilerin-saglik-okuryazarligi-yaklasimi-image-226x300.jpg 226w, https:\/\/www.helemeu.org\/wp-content\/uploads\/2023\/01\/o2-raporu-tip-fakultesi-ogrencisi-mezunlar-ve-egitimcilerin-saglik-okuryazarligi-yaklasimi-image-768x1019.jpg 768w, https:\/\/www.helemeu.org\/wp-content\/uploads\/2023\/01\/o2-raporu-tip-fakultesi-ogrencisi-mezunlar-ve-egitimcilerin-saglik-okuryazarligi-yaklasimi-image.jpg 1000w\" sizes=\"(max-width: 772px) 100vw, 772px\" \/>\t\t\t\t\t\t\t\t<\/a>\n\t\t\t\t\t\t\t\t\t\t\t\t\t\t\t<\/div>\n\t\t\t\t<\/div>\n\t\t\t\t\t<\/div>\n\t\t<\/div>\n\t\t\t\t\t<\/div>\n\t\t<\/section>\n\t\t\t\t<\/div>\n\t\t","protected":false},"excerpt":{"rendered":"<p>O2-\u00d6\u011eRENC\u0130LER\u0130N SA\u011eLIK OKURYAZARLI\u011eI YAKLA\u015eIM D\u00dcZEYLER\u0130NE \u0130L\u0130\u015eK\u0130N VER\u0130 TABANI OLU\u015eTURULMASI AVRUPA GENEL\u0130NDE TIP M\u00dcFREDATINA YEN\u0130L\u0130K\u00c7\u0130 Y\u00d6NTEMLERLE SA\u011eLIK OKURYAZARLI\u011eI E\u011e\u0130T\u0130M\u0130N\u0130N GEL\u0130\u015eT\u0130R\u0130LMES\u0130 VE ENTEGRASYONU (HELEM-EU) PROJES\u0130 O2-\u00d6\u011eRENC\u0130LER\u0130N SA\u011eLIK OKURYAZARLI\u011eI YAKLA\u015eIM D\u00dcZEYLER\u0130NE \u0130L\u0130\u015eK\u0130N VER\u0130 TABANI OLU\u015eTURULMASI \u0130ndir<\/p>\n","protected":false},"author":1,"featured_media":0,"parent":0,"menu_order":0,"comment_status":"closed","ping_status":"closed","template":"","meta":{"inline_featured_image":false,"footnotes":""},"class_list":["post-908","page","type-page","status-publish","hentry"],"_links":{"self":[{"href":"https:\/\/www.helemeu.org\/tr\/wp-json\/wp\/v2\/pages\/908","targetHints":{"allow":["GET"]}}],"collection":[{"href":"https:\/\/www.helemeu.org\/tr\/wp-json\/wp\/v2\/pages"}],"about":[{"href":"https:\/\/www.helemeu.org\/tr\/wp-json\/wp\/v2\/types\/page"}],"author":[{"embeddable":true,"href":"https:\/\/www.helemeu.org\/tr\/wp-json\/wp\/v2\/users\/1"}],"replies":[{"embeddable":true,"href":"https:\/\/www.helemeu.org\/tr\/wp-json\/wp\/v2\/comments?post=908"}],"version-history":[{"count":0,"href":"https:\/\/www.helemeu.org\/tr\/wp-json\/wp\/v2\/pages\/908\/revisions"}],"wp:attachment":[{"href":"https:\/\/www.helemeu.org\/tr\/wp-json\/wp\/v2\/media?parent=908"}],"curies":[{"name":"wp","href":"https:\/\/api.w.org\/{rel}","templated":true}]}}